{"id":2903,"date":"2026-02-03T15:29:08","date_gmt":"2026-02-03T14:29:08","guid":{"rendered":"https:\/\/vera-nature.hypergroup.tn\/?post_type=product&#038;p=2903"},"modified":"2026-02-04T10:53:47","modified_gmt":"2026-02-04T09:53:47","slug":"eau-de-moringa","status":"publish","type":"product","link":"https:\/\/www.vera-nature.com\/en\/product\/eau-de-moringa\/","title":{"rendered":"Eau de Moringa"},"content":{"rendered":"<p>L\u2019Eau de Moringa est un soin naturel reconnu pour ses vertus r\u00e9gulatrices et revitalisantes. Elle est traditionnellement utilis\u00e9e pour soutenir l\u2019\u00e9quilibre de la glyc\u00e9mie et de la tension, tout en apportant \u00e9nergie et vitalit\u00e9. L\u2019Eau de Moringa est un soin naturel aux propri\u00e9t\u00e9s tonifiantes et \u00e9quilibrantes. Elle est appr\u00e9ci\u00e9e pour son r\u00f4le traditionnel dans le soutien de la glyc\u00e9mie et de la pression art\u00e9rielle. Utilis\u00e9e r\u00e9guli\u00e8rement, elle aide \u00e0 renforcer le corps et \u00e0 maintenir une sensation de vitalit\u00e9. C\u2019est un soin naturel id\u00e9al pour accompagner le quotidien tout en favorisant l\u2019\u00e9quilibre et la sant\u00e9 g\u00e9n\u00e9rale.<\/p>","protected":false},"excerpt":{"rendered":"<p>250 ml<\/p>\n<p>L\u2019Eau de Moringa est un soin naturel aux propri\u00e9t\u00e9s tonifiantes et \u00e9quilibrantes. Elle est appr\u00e9ci\u00e9e pour son r\u00f4le traditionnel dans le soutien de la glyc\u00e9mie et de la pression art\u00e9rielle. Utilis\u00e9e r\u00e9guli\u00e8rement, elle aide \u00e0 renforcer le corps et \u00e0 maintenir une sensation de vitalit\u00e9. C\u2019est un soin naturel id\u00e9al pour accompagner le quotidien tout en favorisant l\u2019\u00e9quilibre et la sant\u00e9 g\u00e9n\u00e9rale.<\/p>","protected":false},"featured_media":2912,"template":"","meta":[],"product_brand":[],"product_cat":[60],"product_tag":[],"class_list":{"0":"post-2903","1":"product","2":"type-product","3":"status-publish","4":"has-post-thumbnail","6":"product_cat-eaux-de-plantes-naturelles","8":"first","9":"instock","10":"shipping-taxable","11":"purchasable","12":"product-type-simple"},"yoast_head":"<!-- This site is optimized with the Yoast SEO plugin v27.0 - https:\/\/yoast.com\/product\/yoast-seo-wordpress\/ -->\n<title>Eau de Moringa - Vera nature<\/title>\n<meta name=\"robots\" content=\"index, follow, max-snippet:-1, max-image-preview:large, max-video-preview:-1\" \/>\n<link rel=\"canonical\" href=\"https:\/\/www.vera-nature.com\/en\/product\/eau-de-moringa\/\" \/>\n<meta property=\"og:locale\" content=\"en_GB\" \/>\n<meta property=\"og:type\" content=\"article\" \/>\n<meta property=\"og:title\" content=\"Eau de Moringa - Vera nature\" \/>\n<meta property=\"og:description\" content=\"250 ml  L\u2019Eau de Moringa est un soin naturel aux propri\u00e9t\u00e9s tonifiantes et \u00e9quilibrantes. Elle est appr\u00e9ci\u00e9e pour son r\u00f4le traditionnel dans le soutien de la glyc\u00e9mie et de la pression art\u00e9rielle. Utilis\u00e9e r\u00e9guli\u00e8rement, elle aide \u00e0 renforcer le corps et \u00e0 maintenir une sensation de vitalit\u00e9. C\u2019est un soin naturel id\u00e9al pour accompagner le quotidien tout en favorisant l\u2019\u00e9quilibre et la sant\u00e9 g\u00e9n\u00e9rale.\" \/>\n<meta property=\"og:url\" content=\"https:\/\/www.vera-nature.com\/en\/product\/eau-de-moringa\/\" \/>\n<meta property=\"og:site_name\" content=\"Vera nature\" \/>\n<meta property=\"article:modified_time\" content=\"2026-02-04T09:53:47+00:00\" \/>\n<meta property=\"og:image\" content=\"https:\/\/www.vera-nature.com\/wp-content\/uploads\/2026\/02\/moringa-copie-1.webp\" \/>\n\t<meta property=\"og:image:width\" content=\"560\" \/>\n\t<meta property=\"og:image:height\" content=\"570\" \/>\n\t<meta property=\"og:image:type\" content=\"image\/webp\" \/>\n<meta name=\"twitter:card\" content=\"summary_large_image\" \/>\n<meta name=\"twitter:label1\" content=\"Estimated reading time\" \/>\n\t<meta name=\"twitter:data1\" content=\"1 minute\" \/>\n<script type=\"application\/ld+json\" class=\"yoast-schema-graph\">{\"@context\":\"https:\/\/schema.org\",\"@graph\":[{\"@type\":\"WebPage\",\"@id\":\"https:\/\/www.vera-nature.com\/product\/eau-de-moringa\/\",\"url\":\"https:\/\/www.vera-nature.com\/product\/eau-de-moringa\/\",\"name\":\"Eau de Moringa - Vera nature\",\"isPartOf\":{\"@id\":\"https:\/\/www.vera-nature.com\/#website\"},\"primaryImageOfPage\":{\"@id\":\"https:\/\/www.vera-nature.com\/product\/eau-de-moringa\/#primaryimage\"},\"image\":{\"@id\":\"https:\/\/www.vera-nature.com\/product\/eau-de-moringa\/#primaryimage\"},\"thumbnailUrl\":\"https:\/\/www.vera-nature.com\/wp-content\/uploads\/2026\/02\/moringa-copie-1.webp\",\"datePublished\":\"2026-02-03T14:29:08+00:00\",\"dateModified\":\"2026-02-04T09:53:47+00:00\",\"breadcrumb\":{\"@id\":\"https:\/\/www.vera-nature.com\/product\/eau-de-moringa\/#breadcrumb\"},\"inLanguage\":\"en-GB\",\"potentialAction\":[{\"@type\":\"ReadAction\",\"target\":[\"https:\/\/www.vera-nature.com\/product\/eau-de-moringa\/\"]}]},{\"@type\":\"ImageObject\",\"inLanguage\":\"en-GB\",\"@id\":\"https:\/\/www.vera-nature.com\/product\/eau-de-moringa\/#primaryimage\",\"url\":\"https:\/\/www.vera-nature.com\/wp-content\/uploads\/2026\/02\/moringa-copie-1.webp\",\"contentUrl\":\"https:\/\/www.vera-nature.com\/wp-content\/uploads\/2026\/02\/moringa-copie-1.webp\",\"width\":560,\"height\":570},{\"@type\":\"BreadcrumbList\",\"@id\":\"https:\/\/www.vera-nature.com\/product\/eau-de-moringa\/#breadcrumb\",\"itemListElement\":[{\"@type\":\"ListItem\",\"position\":1,\"name\":\"Accueil\",\"item\":\"https:\/\/www.vera-nature.com\/\"},{\"@type\":\"ListItem\",\"position\":2,\"name\":\"Nos produits\",\"item\":\"https:\/\/www.vera-nature.com\/nos-produits\/\"},{\"@type\":\"ListItem\",\"position\":3,\"name\":\"Eau de Moringa\"}]},{\"@type\":\"WebSite\",\"@id\":\"https:\/\/www.vera-nature.com\/#website\",\"url\":\"https:\/\/www.vera-nature.com\/\",\"name\":\"Vera nature\",\"description\":\"\",\"publisher\":{\"@id\":\"https:\/\/www.vera-nature.com\/#organization\"},\"potentialAction\":[{\"@type\":\"SearchAction\",\"target\":{\"@type\":\"EntryPoint\",\"urlTemplate\":\"https:\/\/www.vera-nature.com\/?s={search_term_string}\"},\"query-input\":{\"@type\":\"PropertyValueSpecification\",\"valueRequired\":true,\"valueName\":\"search_term_string\"}}],\"inLanguage\":\"en-GB\"},{\"@type\":\"Organization\",\"@id\":\"https:\/\/www.vera-nature.com\/#organization\",\"name\":\"Vera nature\",\"url\":\"https:\/\/www.vera-nature.com\/\",\"logo\":{\"@type\":\"ImageObject\",\"inLanguage\":\"en-GB\",\"@id\":\"https:\/\/www.vera-nature.com\/#\/schema\/logo\/image\/\",\"url\":\"https:\/\/www.vera-nature.com\/wp-content\/uploads\/2023\/02\/logo_vernature.png\",\"contentUrl\":\"https:\/\/www.vera-nature.com\/wp-content\/uploads\/2023\/02\/logo_vernature.png\",\"width\":235,\"height\":88,\"caption\":\"Vera nature\"},\"image\":{\"@id\":\"https:\/\/www.vera-nature.com\/#\/schema\/logo\/image\/\"}}]}<\/script>\n<!-- \/ Yoast SEO plugin. -->","yoast_head_json":{"title":"Eau de Moringa - Vera nature","robots":{"index":"index","follow":"follow","max-snippet":"max-snippet:-1","max-image-preview":"max-image-preview:large","max-video-preview":"max-video-preview:-1"},"canonical":"https:\/\/www.vera-nature.com\/en\/product\/eau-de-moringa\/","og_locale":"en_GB","og_type":"article","og_title":"Eau de Moringa - Vera nature","og_description":"250 ml  L\u2019Eau de Moringa est un soin naturel aux propri\u00e9t\u00e9s tonifiantes et \u00e9quilibrantes. Elle est appr\u00e9ci\u00e9e pour son r\u00f4le traditionnel dans le soutien de la glyc\u00e9mie et de la pression art\u00e9rielle. Utilis\u00e9e r\u00e9guli\u00e8rement, elle aide \u00e0 renforcer le corps et \u00e0 maintenir une sensation de vitalit\u00e9. C\u2019est un soin naturel id\u00e9al pour accompagner le quotidien tout en favorisant l\u2019\u00e9quilibre et la sant\u00e9 g\u00e9n\u00e9rale.","og_url":"https:\/\/www.vera-nature.com\/en\/product\/eau-de-moringa\/","og_site_name":"Vera nature","article_modified_time":"2026-02-04T09:53:47+00:00","og_image":[{"width":560,"height":570,"url":"https:\/\/www.vera-nature.com\/wp-content\/uploads\/2026\/02\/moringa-copie-1.webp","type":"image\/webp"}],"twitter_card":"summary_large_image","twitter_misc":{"Estimated reading time":"1 minute"},"schema":{"@context":"https:\/\/schema.org","@graph":[{"@type":"WebPage","@id":"https:\/\/www.vera-nature.com\/product\/eau-de-moringa\/","url":"https:\/\/www.vera-nature.com\/product\/eau-de-moringa\/","name":"Eau de Moringa - Vera nature","isPartOf":{"@id":"https:\/\/www.vera-nature.com\/#website"},"primaryImageOfPage":{"@id":"https:\/\/www.vera-nature.com\/product\/eau-de-moringa\/#primaryimage"},"image":{"@id":"https:\/\/www.vera-nature.com\/product\/eau-de-moringa\/#primaryimage"},"thumbnailUrl":"https:\/\/www.vera-nature.com\/wp-content\/uploads\/2026\/02\/moringa-copie-1.webp","datePublished":"2026-02-03T14:29:08+00:00","dateModified":"2026-02-04T09:53:47+00:00","breadcrumb":{"@id":"https:\/\/www.vera-nature.com\/product\/eau-de-moringa\/#breadcrumb"},"inLanguage":"en-GB","potentialAction":[{"@type":"ReadAction","target":["https:\/\/www.vera-nature.com\/product\/eau-de-moringa\/"]}]},{"@type":"ImageObject","inLanguage":"en-GB","@id":"https:\/\/www.vera-nature.com\/product\/eau-de-moringa\/#primaryimage","url":"https:\/\/www.vera-nature.com\/wp-content\/uploads\/2026\/02\/moringa-copie-1.webp","contentUrl":"https:\/\/www.vera-nature.com\/wp-content\/uploads\/2026\/02\/moringa-copie-1.webp","width":560,"height":570},{"@type":"BreadcrumbList","@id":"https:\/\/www.vera-nature.com\/product\/eau-de-moringa\/#breadcrumb","itemListElement":[{"@type":"ListItem","position":1,"name":"Accueil","item":"https:\/\/www.vera-nature.com\/"},{"@type":"ListItem","position":2,"name":"Nos produits","item":"https:\/\/www.vera-nature.com\/nos-produits\/"},{"@type":"ListItem","position":3,"name":"Eau de Moringa"}]},{"@type":"WebSite","@id":"https:\/\/www.vera-nature.com\/#website","url":"https:\/\/www.vera-nature.com\/","name":"Vera nature","description":"","publisher":{"@id":"https:\/\/www.vera-nature.com\/#organization"},"potentialAction":[{"@type":"SearchAction","target":{"@type":"EntryPoint","urlTemplate":"https:\/\/www.vera-nature.com\/?s={search_term_string}"},"query-input":{"@type":"PropertyValueSpecification","valueRequired":true,"valueName":"search_term_string"}}],"inLanguage":"en-GB"},{"@type":"Organization","@id":"https:\/\/www.vera-nature.com\/#organization","name":"Vera nature","url":"https:\/\/www.vera-nature.com\/","logo":{"@type":"ImageObject","inLanguage":"en-GB","@id":"https:\/\/www.vera-nature.com\/#\/schema\/logo\/image\/","url":"https:\/\/www.vera-nature.com\/wp-content\/uploads\/2023\/02\/logo_vernature.png","contentUrl":"https:\/\/www.vera-nature.com\/wp-content\/uploads\/2023\/02\/logo_vernature.png","width":235,"height":88,"caption":"Vera nature"},"image":{"@id":"https:\/\/www.vera-nature.com\/#\/schema\/logo\/image\/"}}]}},"_links":{"self":[{"href":"https:\/\/www.vera-nature.com\/en\/wp-json\/wp\/v2\/product\/2903","targetHints":{"allow":["GET"]}}],"collection":[{"href":"https:\/\/www.vera-nature.com\/en\/wp-json\/wp\/v2\/product"}],"about":[{"href":"https:\/\/www.vera-nature.com\/en\/wp-json\/wp\/v2\/types\/product"}],"wp:featuredmedia":[{"embeddable":true,"href":"https:\/\/www.vera-nature.com\/en\/wp-json\/wp\/v2\/media\/2912"}],"wp:attachment":[{"href":"https:\/\/www.vera-nature.com\/en\/wp-json\/wp\/v2\/media?parent=2903"}],"wp:term":[{"taxonomy":"product_brand","embeddable":true,"href":"https:\/\/www.vera-nature.com\/en\/wp-json\/wp\/v2\/product_brand?post=2903"},{"taxonomy":"product_cat","embeddable":true,"href":"https:\/\/www.vera-nature.com\/en\/wp-json\/wp\/v2\/product_cat?post=2903"},{"taxonomy":"product_tag","embeddable":true,"href":"https:\/\/www.vera-nature.com\/en\/wp-json\/wp\/v2\/product_tag?post=2903"}],"curies":[{"name":"wp","href":"https:\/\/api.w.org\/{rel}","templated":true}]}}