{"id":2907,"date":"2026-02-03T15:37:47","date_gmt":"2026-02-03T14:37:47","guid":{"rendered":"https:\/\/vera-nature.hypergroup.tn\/?post_type=product&#038;p=2907"},"modified":"2026-02-04T10:49:57","modified_gmt":"2026-02-04T09:49:57","slug":"eau-de-fleur-doranger","status":"publish","type":"product","link":"https:\/\/www.vera-nature.com\/en\/product\/eau-de-fleur-doranger\/","title":{"rendered":"Eau de Fleur d&rsquo;Oranger"},"content":{"rendered":"<p>L\u2019Eau de Fleur d\u2019Oranger est un soin naturel reconnu pour ses vertus calmantes et relaxantes. Elle aide \u00e0 apaiser l\u2019esprit et \u00e0 d\u00e9tendre le corps. Utilis\u00e9e r\u00e9guli\u00e8rement, elle procure une sensation de s\u00e9r\u00e9nit\u00e9 et d\u2019\u00e9quilibre. C\u2019est un soin naturel id\u00e9al pour accompagner le quotidien et offrir un moment de douceur.<\/p>","protected":false},"excerpt":{"rendered":"<p>250 ml<\/p>\n<p>L\u2019Eau de Fleur d\u2019Oranger est un soin naturel aux propri\u00e9t\u00e9s apaisantes et rafra\u00eechissantes. Elle favorise la d\u00e9tente et apporte une sensation de douceur et de bien-\u00eatre.<\/p>","protected":false},"featured_media":2915,"template":"","meta":[],"product_brand":[],"product_cat":[60],"product_tag":[],"class_list":{"0":"post-2907","1":"product","2":"type-product","3":"status-publish","4":"has-post-thumbnail","6":"product_cat-eaux-de-plantes-naturelles","8":"first","9":"instock","10":"shipping-taxable","11":"purchasable","12":"product-type-simple"},"yoast_head":"<!-- This site is optimized with the Yoast SEO plugin v27.0 - https:\/\/yoast.com\/product\/yoast-seo-wordpress\/ -->\n<title>Eau de Fleur d&#039;Oranger - Vera nature<\/title>\n<meta name=\"robots\" content=\"index, follow, max-snippet:-1, max-image-preview:large, max-video-preview:-1\" \/>\n<link rel=\"canonical\" href=\"https:\/\/www.vera-nature.com\/en\/product\/eau-de-fleur-doranger\/\" \/>\n<meta property=\"og:locale\" content=\"en_GB\" \/>\n<meta property=\"og:type\" content=\"article\" \/>\n<meta property=\"og:title\" content=\"Eau de Fleur d&#039;Oranger - Vera nature\" \/>\n<meta property=\"og:description\" content=\"250 ml  L\u2019Eau de Fleur d\u2019Oranger est un soin naturel aux propri\u00e9t\u00e9s apaisantes et rafra\u00eechissantes. Elle favorise la d\u00e9tente et apporte une sensation de douceur et de bien-\u00eatre.\" \/>\n<meta property=\"og:url\" content=\"https:\/\/www.vera-nature.com\/en\/product\/eau-de-fleur-doranger\/\" \/>\n<meta property=\"og:site_name\" content=\"Vera nature\" \/>\n<meta property=\"article:modified_time\" content=\"2026-02-04T09:49:57+00:00\" \/>\n<meta property=\"og:image\" content=\"https:\/\/www.vera-nature.com\/wp-content\/uploads\/2026\/02\/fleur-doranger-copie.webp\" \/>\n\t<meta property=\"og:image:width\" content=\"560\" \/>\n\t<meta property=\"og:image:height\" content=\"570\" \/>\n\t<meta property=\"og:image:type\" content=\"image\/webp\" \/>\n<meta name=\"twitter:card\" content=\"summary_large_image\" \/>\n<script type=\"application\/ld+json\" class=\"yoast-schema-graph\">{\"@context\":\"https:\/\/schema.org\",\"@graph\":[{\"@type\":\"WebPage\",\"@id\":\"https:\/\/www.vera-nature.com\/product\/eau-de-fleur-doranger\/\",\"url\":\"https:\/\/www.vera-nature.com\/product\/eau-de-fleur-doranger\/\",\"name\":\"Eau de Fleur d'Oranger - Vera nature\",\"isPartOf\":{\"@id\":\"https:\/\/www.vera-nature.com\/#website\"},\"primaryImageOfPage\":{\"@id\":\"https:\/\/www.vera-nature.com\/product\/eau-de-fleur-doranger\/#primaryimage\"},\"image\":{\"@id\":\"https:\/\/www.vera-nature.com\/product\/eau-de-fleur-doranger\/#primaryimage\"},\"thumbnailUrl\":\"https:\/\/www.vera-nature.com\/wp-content\/uploads\/2026\/02\/fleur-doranger-copie.webp\",\"datePublished\":\"2026-02-03T14:37:47+00:00\",\"dateModified\":\"2026-02-04T09:49:57+00:00\",\"breadcrumb\":{\"@id\":\"https:\/\/www.vera-nature.com\/product\/eau-de-fleur-doranger\/#breadcrumb\"},\"inLanguage\":\"en-GB\",\"potentialAction\":[{\"@type\":\"ReadAction\",\"target\":[\"https:\/\/www.vera-nature.com\/product\/eau-de-fleur-doranger\/\"]}]},{\"@type\":\"ImageObject\",\"inLanguage\":\"en-GB\",\"@id\":\"https:\/\/www.vera-nature.com\/product\/eau-de-fleur-doranger\/#primaryimage\",\"url\":\"https:\/\/www.vera-nature.com\/wp-content\/uploads\/2026\/02\/fleur-doranger-copie.webp\",\"contentUrl\":\"https:\/\/www.vera-nature.com\/wp-content\/uploads\/2026\/02\/fleur-doranger-copie.webp\",\"width\":560,\"height\":570},{\"@type\":\"BreadcrumbList\",\"@id\":\"https:\/\/www.vera-nature.com\/product\/eau-de-fleur-doranger\/#breadcrumb\",\"itemListElement\":[{\"@type\":\"ListItem\",\"position\":1,\"name\":\"Accueil\",\"item\":\"https:\/\/www.vera-nature.com\/\"},{\"@type\":\"ListItem\",\"position\":2,\"name\":\"Nos produits\",\"item\":\"https:\/\/www.vera-nature.com\/nos-produits\/\"},{\"@type\":\"ListItem\",\"position\":3,\"name\":\"Eau de Fleur d&rsquo;Oranger\"}]},{\"@type\":\"WebSite\",\"@id\":\"https:\/\/www.vera-nature.com\/#website\",\"url\":\"https:\/\/www.vera-nature.com\/\",\"name\":\"Vera nature\",\"description\":\"\",\"publisher\":{\"@id\":\"https:\/\/www.vera-nature.com\/#organization\"},\"potentialAction\":[{\"@type\":\"SearchAction\",\"target\":{\"@type\":\"EntryPoint\",\"urlTemplate\":\"https:\/\/www.vera-nature.com\/?s={search_term_string}\"},\"query-input\":{\"@type\":\"PropertyValueSpecification\",\"valueRequired\":true,\"valueName\":\"search_term_string\"}}],\"inLanguage\":\"en-GB\"},{\"@type\":\"Organization\",\"@id\":\"https:\/\/www.vera-nature.com\/#organization\",\"name\":\"Vera nature\",\"url\":\"https:\/\/www.vera-nature.com\/\",\"logo\":{\"@type\":\"ImageObject\",\"inLanguage\":\"en-GB\",\"@id\":\"https:\/\/www.vera-nature.com\/#\/schema\/logo\/image\/\",\"url\":\"https:\/\/www.vera-nature.com\/wp-content\/uploads\/2023\/02\/logo_vernature.png\",\"contentUrl\":\"https:\/\/www.vera-nature.com\/wp-content\/uploads\/2023\/02\/logo_vernature.png\",\"width\":235,\"height\":88,\"caption\":\"Vera nature\"},\"image\":{\"@id\":\"https:\/\/www.vera-nature.com\/#\/schema\/logo\/image\/\"}}]}<\/script>\n<!-- \/ Yoast SEO plugin. -->","yoast_head_json":{"title":"Eau de Fleur d'Oranger - Vera nature","robots":{"index":"index","follow":"follow","max-snippet":"max-snippet:-1","max-image-preview":"max-image-preview:large","max-video-preview":"max-video-preview:-1"},"canonical":"https:\/\/www.vera-nature.com\/en\/product\/eau-de-fleur-doranger\/","og_locale":"en_GB","og_type":"article","og_title":"Eau de Fleur d'Oranger - Vera nature","og_description":"250 ml  L\u2019Eau de Fleur d\u2019Oranger est un soin naturel aux propri\u00e9t\u00e9s apaisantes et rafra\u00eechissantes. Elle favorise la d\u00e9tente et apporte une sensation de douceur et de bien-\u00eatre.","og_url":"https:\/\/www.vera-nature.com\/en\/product\/eau-de-fleur-doranger\/","og_site_name":"Vera nature","article_modified_time":"2026-02-04T09:49:57+00:00","og_image":[{"width":560,"height":570,"url":"https:\/\/www.vera-nature.com\/wp-content\/uploads\/2026\/02\/fleur-doranger-copie.webp","type":"image\/webp"}],"twitter_card":"summary_large_image","schema":{"@context":"https:\/\/schema.org","@graph":[{"@type":"WebPage","@id":"https:\/\/www.vera-nature.com\/product\/eau-de-fleur-doranger\/","url":"https:\/\/www.vera-nature.com\/product\/eau-de-fleur-doranger\/","name":"Eau de Fleur d'Oranger - Vera nature","isPartOf":{"@id":"https:\/\/www.vera-nature.com\/#website"},"primaryImageOfPage":{"@id":"https:\/\/www.vera-nature.com\/product\/eau-de-fleur-doranger\/#primaryimage"},"image":{"@id":"https:\/\/www.vera-nature.com\/product\/eau-de-fleur-doranger\/#primaryimage"},"thumbnailUrl":"https:\/\/www.vera-nature.com\/wp-content\/uploads\/2026\/02\/fleur-doranger-copie.webp","datePublished":"2026-02-03T14:37:47+00:00","dateModified":"2026-02-04T09:49:57+00:00","breadcrumb":{"@id":"https:\/\/www.vera-nature.com\/product\/eau-de-fleur-doranger\/#breadcrumb"},"inLanguage":"en-GB","potentialAction":[{"@type":"ReadAction","target":["https:\/\/www.vera-nature.com\/product\/eau-de-fleur-doranger\/"]}]},{"@type":"ImageObject","inLanguage":"en-GB","@id":"https:\/\/www.vera-nature.com\/product\/eau-de-fleur-doranger\/#primaryimage","url":"https:\/\/www.vera-nature.com\/wp-content\/uploads\/2026\/02\/fleur-doranger-copie.webp","contentUrl":"https:\/\/www.vera-nature.com\/wp-content\/uploads\/2026\/02\/fleur-doranger-copie.webp","width":560,"height":570},{"@type":"BreadcrumbList","@id":"https:\/\/www.vera-nature.com\/product\/eau-de-fleur-doranger\/#breadcrumb","itemListElement":[{"@type":"ListItem","position":1,"name":"Accueil","item":"https:\/\/www.vera-nature.com\/"},{"@type":"ListItem","position":2,"name":"Nos produits","item":"https:\/\/www.vera-nature.com\/nos-produits\/"},{"@type":"ListItem","position":3,"name":"Eau de Fleur d&rsquo;Oranger"}]},{"@type":"WebSite","@id":"https:\/\/www.vera-nature.com\/#website","url":"https:\/\/www.vera-nature.com\/","name":"Vera nature","description":"","publisher":{"@id":"https:\/\/www.vera-nature.com\/#organization"},"potentialAction":[{"@type":"SearchAction","target":{"@type":"EntryPoint","urlTemplate":"https:\/\/www.vera-nature.com\/?s={search_term_string}"},"query-input":{"@type":"PropertyValueSpecification","valueRequired":true,"valueName":"search_term_string"}}],"inLanguage":"en-GB"},{"@type":"Organization","@id":"https:\/\/www.vera-nature.com\/#organization","name":"Vera nature","url":"https:\/\/www.vera-nature.com\/","logo":{"@type":"ImageObject","inLanguage":"en-GB","@id":"https:\/\/www.vera-nature.com\/#\/schema\/logo\/image\/","url":"https:\/\/www.vera-nature.com\/wp-content\/uploads\/2023\/02\/logo_vernature.png","contentUrl":"https:\/\/www.vera-nature.com\/wp-content\/uploads\/2023\/02\/logo_vernature.png","width":235,"height":88,"caption":"Vera nature"},"image":{"@id":"https:\/\/www.vera-nature.com\/#\/schema\/logo\/image\/"}}]}},"_links":{"self":[{"href":"https:\/\/www.vera-nature.com\/en\/wp-json\/wp\/v2\/product\/2907","targetHints":{"allow":["GET"]}}],"collection":[{"href":"https:\/\/www.vera-nature.com\/en\/wp-json\/wp\/v2\/product"}],"about":[{"href":"https:\/\/www.vera-nature.com\/en\/wp-json\/wp\/v2\/types\/product"}],"wp:featuredmedia":[{"embeddable":true,"href":"https:\/\/www.vera-nature.com\/en\/wp-json\/wp\/v2\/media\/2915"}],"wp:attachment":[{"href":"https:\/\/www.vera-nature.com\/en\/wp-json\/wp\/v2\/media?parent=2907"}],"wp:term":[{"taxonomy":"product_brand","embeddable":true,"href":"https:\/\/www.vera-nature.com\/en\/wp-json\/wp\/v2\/product_brand?post=2907"},{"taxonomy":"product_cat","embeddable":true,"href":"https:\/\/www.vera-nature.com\/en\/wp-json\/wp\/v2\/product_cat?post=2907"},{"taxonomy":"product_tag","embeddable":true,"href":"https:\/\/www.vera-nature.com\/en\/wp-json\/wp\/v2\/product_tag?post=2907"}],"curies":[{"name":"wp","href":"https:\/\/api.w.org\/{rel}","templated":true}]}}