{"id":3118,"date":"2026-02-04T11:53:09","date_gmt":"2026-02-04T10:53:09","guid":{"rendered":"https:\/\/vera-nature.hypergroup.tn\/?post_type=product&#038;p=3118"},"modified":"2026-02-04T11:53:09","modified_gmt":"2026-02-04T10:53:09","slug":"huile-figue-de-barbarie","status":"publish","type":"product","link":"https:\/\/www.vera-nature.com\/en\/product\/huile-figue-de-barbarie\/","title":{"rendered":"Huile Figue de Barbarie"},"content":{"rendered":"<p>L\u2019huile de figue de barbarie est extraite de mani\u00e8re artisanale pour pr\u00e9server ses composants naturels et actifs. Elle est reconnue pour ses propri\u00e9t\u00e9s antioxydantes, anti-inflammatoires et r\u00e9g\u00e9n\u00e9rantes, contribuant au bien-\u00eatre global de l\u2019organisme. Sa richesse en vitamine E, acides gras essentiels (om\u00e9ga-6) et st\u00e9rols v\u00e9g\u00e9taux soutient la sant\u00e9 cardiovasculaire, immunitaire et m\u00e9tabolique. Elle peut \u00eatre utilis\u00e9e dans le cadre d\u2019une alimentation saine ou d\u2019un programme de soins naturels pour renforcer l\u2019organisme et prot\u00e9ger les cellules du stress oxydatif.<\/p>","protected":false},"excerpt":{"rendered":"<p>30 ml<\/p>\n<p>Cette huile de figue de barbarie, fabriqu\u00e9e artisanalement, est utilis\u00e9e pour soutenir la sant\u00e9 g\u00e9n\u00e9rale gr\u00e2ce \u00e0 ses propri\u00e9t\u00e9s antioxydantes et anti-inflammatoires. Elle est particuli\u00e8rement riche en vitamine E, acides gras essentiels et st\u00e9rols v\u00e9g\u00e9taux, b\u00e9n\u00e9fiques pour le c\u0153ur, le syst\u00e8me immunitaire et la r\u00e9gulation m\u00e9tabolique.<\/p>","protected":false},"featured_media":3123,"template":"","meta":[],"product_brand":[],"product_cat":[57,56],"product_tag":[],"class_list":{"0":"post-3118","1":"product","2":"type-product","3":"status-publish","4":"has-post-thumbnail","6":"product_cat-huiles-kounouz","7":"product_cat-huiles-vegetales-huiles-presses-a-froid","9":"first","10":"instock","11":"shipping-taxable","12":"purchasable","13":"product-type-simple"},"yoast_head":"<!-- This site is optimized with the Yoast SEO plugin v27.0 - https:\/\/yoast.com\/product\/yoast-seo-wordpress\/ -->\n<title>Huile Figue de Barbarie - Vera nature<\/title>\n<meta name=\"robots\" content=\"index, follow, max-snippet:-1, max-image-preview:large, max-video-preview:-1\" \/>\n<link rel=\"canonical\" href=\"https:\/\/www.vera-nature.com\/en\/product\/huile-figue-de-barbarie\/\" \/>\n<meta property=\"og:locale\" content=\"en_GB\" \/>\n<meta property=\"og:type\" content=\"article\" \/>\n<meta property=\"og:title\" content=\"Huile Figue de Barbarie - Vera nature\" \/>\n<meta property=\"og:description\" content=\"30 ml  Cette huile de figue de barbarie, fabriqu\u00e9e artisanalement, est utilis\u00e9e pour soutenir la sant\u00e9 g\u00e9n\u00e9rale gr\u00e2ce \u00e0 ses propri\u00e9t\u00e9s antioxydantes et anti-inflammatoires. Elle est particuli\u00e8rement riche en vitamine E, acides gras essentiels et st\u00e9rols v\u00e9g\u00e9taux, b\u00e9n\u00e9fiques pour le c\u0153ur, le syst\u00e8me immunitaire et la r\u00e9gulation m\u00e9tabolique.\" \/>\n<meta property=\"og:url\" content=\"https:\/\/www.vera-nature.com\/en\/product\/huile-figue-de-barbarie\/\" \/>\n<meta property=\"og:site_name\" content=\"Vera nature\" \/>\n<meta property=\"og:image\" content=\"https:\/\/www.vera-nature.com\/wp-content\/uploads\/2026\/02\/figue-de-barbarie-copie.jpg\" \/>\n\t<meta property=\"og:image:width\" content=\"560\" \/>\n\t<meta property=\"og:image:height\" content=\"570\" \/>\n\t<meta property=\"og:image:type\" content=\"image\/jpeg\" \/>\n<meta name=\"twitter:card\" content=\"summary_large_image\" \/>\n<script type=\"application\/ld+json\" class=\"yoast-schema-graph\">{\"@context\":\"https:\/\/schema.org\",\"@graph\":[{\"@type\":\"WebPage\",\"@id\":\"https:\/\/www.vera-nature.com\/product\/huile-figue-de-barbarie\/\",\"url\":\"https:\/\/www.vera-nature.com\/product\/huile-figue-de-barbarie\/\",\"name\":\"Huile Figue de Barbarie - Vera nature\",\"isPartOf\":{\"@id\":\"https:\/\/www.vera-nature.com\/#website\"},\"primaryImageOfPage\":{\"@id\":\"https:\/\/www.vera-nature.com\/product\/huile-figue-de-barbarie\/#primaryimage\"},\"image\":{\"@id\":\"https:\/\/www.vera-nature.com\/product\/huile-figue-de-barbarie\/#primaryimage\"},\"thumbnailUrl\":\"https:\/\/www.vera-nature.com\/wp-content\/uploads\/2026\/02\/figue-de-barbarie-copie.jpg\",\"datePublished\":\"2026-02-04T10:53:09+00:00\",\"breadcrumb\":{\"@id\":\"https:\/\/www.vera-nature.com\/product\/huile-figue-de-barbarie\/#breadcrumb\"},\"inLanguage\":\"en-GB\",\"potentialAction\":[{\"@type\":\"ReadAction\",\"target\":[\"https:\/\/www.vera-nature.com\/product\/huile-figue-de-barbarie\/\"]}]},{\"@type\":\"ImageObject\",\"inLanguage\":\"en-GB\",\"@id\":\"https:\/\/www.vera-nature.com\/product\/huile-figue-de-barbarie\/#primaryimage\",\"url\":\"https:\/\/www.vera-nature.com\/wp-content\/uploads\/2026\/02\/figue-de-barbarie-copie.jpg\",\"contentUrl\":\"https:\/\/www.vera-nature.com\/wp-content\/uploads\/2026\/02\/figue-de-barbarie-copie.jpg\",\"width\":560,\"height\":570,\"caption\":\"Figue de Barbarie\"},{\"@type\":\"BreadcrumbList\",\"@id\":\"https:\/\/www.vera-nature.com\/product\/huile-figue-de-barbarie\/#breadcrumb\",\"itemListElement\":[{\"@type\":\"ListItem\",\"position\":1,\"name\":\"Accueil\",\"item\":\"https:\/\/www.vera-nature.com\/\"},{\"@type\":\"ListItem\",\"position\":2,\"name\":\"Nos produits\",\"item\":\"https:\/\/www.vera-nature.com\/nos-produits\/\"},{\"@type\":\"ListItem\",\"position\":3,\"name\":\"Huile Figue de Barbarie\"}]},{\"@type\":\"WebSite\",\"@id\":\"https:\/\/www.vera-nature.com\/#website\",\"url\":\"https:\/\/www.vera-nature.com\/\",\"name\":\"Vera nature\",\"description\":\"\",\"publisher\":{\"@id\":\"https:\/\/www.vera-nature.com\/#organization\"},\"potentialAction\":[{\"@type\":\"SearchAction\",\"target\":{\"@type\":\"EntryPoint\",\"urlTemplate\":\"https:\/\/www.vera-nature.com\/?s={search_term_string}\"},\"query-input\":{\"@type\":\"PropertyValueSpecification\",\"valueRequired\":true,\"valueName\":\"search_term_string\"}}],\"inLanguage\":\"en-GB\"},{\"@type\":\"Organization\",\"@id\":\"https:\/\/www.vera-nature.com\/#organization\",\"name\":\"Vera nature\",\"url\":\"https:\/\/www.vera-nature.com\/\",\"logo\":{\"@type\":\"ImageObject\",\"inLanguage\":\"en-GB\",\"@id\":\"https:\/\/www.vera-nature.com\/#\/schema\/logo\/image\/\",\"url\":\"https:\/\/www.vera-nature.com\/wp-content\/uploads\/2023\/02\/logo_vernature.png\",\"contentUrl\":\"https:\/\/www.vera-nature.com\/wp-content\/uploads\/2023\/02\/logo_vernature.png\",\"width\":235,\"height\":88,\"caption\":\"Vera nature\"},\"image\":{\"@id\":\"https:\/\/www.vera-nature.com\/#\/schema\/logo\/image\/\"}}]}<\/script>\n<!-- \/ Yoast SEO plugin. -->","yoast_head_json":{"title":"Huile Figue de Barbarie - Vera nature","robots":{"index":"index","follow":"follow","max-snippet":"max-snippet:-1","max-image-preview":"max-image-preview:large","max-video-preview":"max-video-preview:-1"},"canonical":"https:\/\/www.vera-nature.com\/en\/product\/huile-figue-de-barbarie\/","og_locale":"en_GB","og_type":"article","og_title":"Huile Figue de Barbarie - Vera nature","og_description":"30 ml  Cette huile de figue de barbarie, fabriqu\u00e9e artisanalement, est utilis\u00e9e pour soutenir la sant\u00e9 g\u00e9n\u00e9rale gr\u00e2ce \u00e0 ses propri\u00e9t\u00e9s antioxydantes et anti-inflammatoires. Elle est particuli\u00e8rement riche en vitamine E, acides gras essentiels et st\u00e9rols v\u00e9g\u00e9taux, b\u00e9n\u00e9fiques pour le c\u0153ur, le syst\u00e8me immunitaire et la r\u00e9gulation m\u00e9tabolique.","og_url":"https:\/\/www.vera-nature.com\/en\/product\/huile-figue-de-barbarie\/","og_site_name":"Vera nature","og_image":[{"width":560,"height":570,"url":"https:\/\/www.vera-nature.com\/wp-content\/uploads\/2026\/02\/figue-de-barbarie-copie.jpg","type":"image\/jpeg"}],"twitter_card":"summary_large_image","schema":{"@context":"https:\/\/schema.org","@graph":[{"@type":"WebPage","@id":"https:\/\/www.vera-nature.com\/product\/huile-figue-de-barbarie\/","url":"https:\/\/www.vera-nature.com\/product\/huile-figue-de-barbarie\/","name":"Huile Figue de Barbarie - Vera nature","isPartOf":{"@id":"https:\/\/www.vera-nature.com\/#website"},"primaryImageOfPage":{"@id":"https:\/\/www.vera-nature.com\/product\/huile-figue-de-barbarie\/#primaryimage"},"image":{"@id":"https:\/\/www.vera-nature.com\/product\/huile-figue-de-barbarie\/#primaryimage"},"thumbnailUrl":"https:\/\/www.vera-nature.com\/wp-content\/uploads\/2026\/02\/figue-de-barbarie-copie.jpg","datePublished":"2026-02-04T10:53:09+00:00","breadcrumb":{"@id":"https:\/\/www.vera-nature.com\/product\/huile-figue-de-barbarie\/#breadcrumb"},"inLanguage":"en-GB","potentialAction":[{"@type":"ReadAction","target":["https:\/\/www.vera-nature.com\/product\/huile-figue-de-barbarie\/"]}]},{"@type":"ImageObject","inLanguage":"en-GB","@id":"https:\/\/www.vera-nature.com\/product\/huile-figue-de-barbarie\/#primaryimage","url":"https:\/\/www.vera-nature.com\/wp-content\/uploads\/2026\/02\/figue-de-barbarie-copie.jpg","contentUrl":"https:\/\/www.vera-nature.com\/wp-content\/uploads\/2026\/02\/figue-de-barbarie-copie.jpg","width":560,"height":570,"caption":"Figue de Barbarie"},{"@type":"BreadcrumbList","@id":"https:\/\/www.vera-nature.com\/product\/huile-figue-de-barbarie\/#breadcrumb","itemListElement":[{"@type":"ListItem","position":1,"name":"Accueil","item":"https:\/\/www.vera-nature.com\/"},{"@type":"ListItem","position":2,"name":"Nos produits","item":"https:\/\/www.vera-nature.com\/nos-produits\/"},{"@type":"ListItem","position":3,"name":"Huile Figue de Barbarie"}]},{"@type":"WebSite","@id":"https:\/\/www.vera-nature.com\/#website","url":"https:\/\/www.vera-nature.com\/","name":"Vera nature","description":"","publisher":{"@id":"https:\/\/www.vera-nature.com\/#organization"},"potentialAction":[{"@type":"SearchAction","target":{"@type":"EntryPoint","urlTemplate":"https:\/\/www.vera-nature.com\/?s={search_term_string}"},"query-input":{"@type":"PropertyValueSpecification","valueRequired":true,"valueName":"search_term_string"}}],"inLanguage":"en-GB"},{"@type":"Organization","@id":"https:\/\/www.vera-nature.com\/#organization","name":"Vera nature","url":"https:\/\/www.vera-nature.com\/","logo":{"@type":"ImageObject","inLanguage":"en-GB","@id":"https:\/\/www.vera-nature.com\/#\/schema\/logo\/image\/","url":"https:\/\/www.vera-nature.com\/wp-content\/uploads\/2023\/02\/logo_vernature.png","contentUrl":"https:\/\/www.vera-nature.com\/wp-content\/uploads\/2023\/02\/logo_vernature.png","width":235,"height":88,"caption":"Vera nature"},"image":{"@id":"https:\/\/www.vera-nature.com\/#\/schema\/logo\/image\/"}}]}},"_links":{"self":[{"href":"https:\/\/www.vera-nature.com\/en\/wp-json\/wp\/v2\/product\/3118","targetHints":{"allow":["GET"]}}],"collection":[{"href":"https:\/\/www.vera-nature.com\/en\/wp-json\/wp\/v2\/product"}],"about":[{"href":"https:\/\/www.vera-nature.com\/en\/wp-json\/wp\/v2\/types\/product"}],"wp:featuredmedia":[{"embeddable":true,"href":"https:\/\/www.vera-nature.com\/en\/wp-json\/wp\/v2\/media\/3123"}],"wp:attachment":[{"href":"https:\/\/www.vera-nature.com\/en\/wp-json\/wp\/v2\/media?parent=3118"}],"wp:term":[{"taxonomy":"product_brand","embeddable":true,"href":"https:\/\/www.vera-nature.com\/en\/wp-json\/wp\/v2\/product_brand?post=3118"},{"taxonomy":"product_cat","embeddable":true,"href":"https:\/\/www.vera-nature.com\/en\/wp-json\/wp\/v2\/product_cat?post=3118"},{"taxonomy":"product_tag","embeddable":true,"href":"https:\/\/www.vera-nature.com\/en\/wp-json\/wp\/v2\/product_tag?post=3118"}],"curies":[{"name":"wp","href":"https:\/\/api.w.org\/{rel}","templated":true}]}}