{"id":3124,"date":"2026-02-04T11:58:05","date_gmt":"2026-02-04T10:58:05","guid":{"rendered":"https:\/\/vera-nature.hypergroup.tn\/?post_type=product&#038;p=3124"},"modified":"2026-02-04T11:58:05","modified_gmt":"2026-02-04T10:58:05","slug":"huile-de-graines-de-moringa","status":"publish","type":"product","link":"https:\/\/www.vera-nature.com\/en\/product\/huile-de-graines-de-moringa\/","title":{"rendered":"Huile de graines de Moringa"},"content":{"rendered":"<p>L\u2019huile de graines de Moringa est obtenue par extraction traditionnelle afin de pr\u00e9server ses composants actifs. Elle est reconnue pour ses effets antioxydants, anti-inflammatoires et r\u00e9g\u00e9n\u00e9rants, contribuant au bien-\u00eatre global de l\u2019organisme. Sa richesse en vitamine E, acides gras essentiels (om\u00e9ga-9 et om\u00e9ga-6) et polyph\u00e9nols soutient la sant\u00e9 cardiovasculaire, immunitaire et m\u00e9tabolique. Elle peut \u00eatre int\u00e9gr\u00e9e dans une alimentation saine ou un programme de soins naturels pour prot\u00e9ger les cellules et renforcer l\u2019organisme contre le stress oxydatif.<\/p>","protected":false},"excerpt":{"rendered":"<p data-start=\"155\" data-end=\"492\">30 ml<\/p>\n<p data-start=\"155\" data-end=\"492\">L\u2019huile de graines de Moringa, extraite de mani\u00e8re artisanale, est utilis\u00e9e pour soutenir la sant\u00e9 g\u00e9n\u00e9rale gr\u00e2ce \u00e0 ses propri\u00e9t\u00e9s antioxydantes et anti-inflammatoires. Elle est riche en vitamine E, acides gras essentiels et antioxydants naturels, b\u00e9n\u00e9fiques pour le c\u0153ur, le syst\u00e8me immunitaire et le m\u00e9tabolisme.<\/p>\n<p data-start=\"494\" data-end=\"1076\">","protected":false},"featured_media":3131,"template":"","meta":[],"product_brand":[],"product_cat":[57,56],"product_tag":[],"class_list":{"0":"post-3124","1":"product","2":"type-product","3":"status-publish","4":"has-post-thumbnail","6":"product_cat-huiles-kounouz","7":"product_cat-huiles-vegetales-huiles-presses-a-froid","9":"first","10":"instock","11":"shipping-taxable","12":"purchasable","13":"product-type-simple"},"yoast_head":"<!-- This site is optimized with the Yoast SEO plugin v27.0 - https:\/\/yoast.com\/product\/yoast-seo-wordpress\/ -->\n<title>Huile de graines de Moringa - Vera nature<\/title>\n<meta name=\"robots\" content=\"index, follow, max-snippet:-1, max-image-preview:large, max-video-preview:-1\" \/>\n<link rel=\"canonical\" href=\"https:\/\/www.vera-nature.com\/en\/product\/huile-de-graines-de-moringa\/\" \/>\n<meta property=\"og:locale\" content=\"en_GB\" \/>\n<meta property=\"og:type\" content=\"article\" \/>\n<meta property=\"og:title\" content=\"Huile de graines de Moringa - Vera nature\" \/>\n<meta property=\"og:description\" content=\"30 ml L\u2019huile de graines de Moringa, extraite de mani\u00e8re artisanale, est utilis\u00e9e pour soutenir la sant\u00e9 g\u00e9n\u00e9rale gr\u00e2ce \u00e0 ses propri\u00e9t\u00e9s antioxydantes et anti-inflammatoires. Elle est riche en vitamine E, acides gras essentiels et antioxydants naturels, b\u00e9n\u00e9fiques pour le c\u0153ur, le syst\u00e8me immunitaire et le m\u00e9tabolisme.\" \/>\n<meta property=\"og:url\" content=\"https:\/\/www.vera-nature.com\/en\/product\/huile-de-graines-de-moringa\/\" \/>\n<meta property=\"og:site_name\" content=\"Vera nature\" \/>\n<meta property=\"og:image\" content=\"https:\/\/www.vera-nature.com\/wp-content\/uploads\/2026\/02\/huile-de-moringa-copie.webp\" \/>\n\t<meta property=\"og:image:width\" content=\"560\" \/>\n\t<meta property=\"og:image:height\" content=\"570\" \/>\n\t<meta property=\"og:image:type\" content=\"image\/webp\" \/>\n<meta name=\"twitter:card\" content=\"summary_large_image\" \/>\n<script type=\"application\/ld+json\" class=\"yoast-schema-graph\">{\"@context\":\"https:\/\/schema.org\",\"@graph\":[{\"@type\":\"WebPage\",\"@id\":\"https:\/\/www.vera-nature.com\/product\/huile-de-graines-de-moringa\/\",\"url\":\"https:\/\/www.vera-nature.com\/product\/huile-de-graines-de-moringa\/\",\"name\":\"Huile de graines de Moringa - Vera nature\",\"isPartOf\":{\"@id\":\"https:\/\/www.vera-nature.com\/#website\"},\"primaryImageOfPage\":{\"@id\":\"https:\/\/www.vera-nature.com\/product\/huile-de-graines-de-moringa\/#primaryimage\"},\"image\":{\"@id\":\"https:\/\/www.vera-nature.com\/product\/huile-de-graines-de-moringa\/#primaryimage\"},\"thumbnailUrl\":\"https:\/\/www.vera-nature.com\/wp-content\/uploads\/2026\/02\/huile-de-moringa-copie.webp\",\"datePublished\":\"2026-02-04T10:58:05+00:00\",\"breadcrumb\":{\"@id\":\"https:\/\/www.vera-nature.com\/product\/huile-de-graines-de-moringa\/#breadcrumb\"},\"inLanguage\":\"en-GB\",\"potentialAction\":[{\"@type\":\"ReadAction\",\"target\":[\"https:\/\/www.vera-nature.com\/product\/huile-de-graines-de-moringa\/\"]}]},{\"@type\":\"ImageObject\",\"inLanguage\":\"en-GB\",\"@id\":\"https:\/\/www.vera-nature.com\/product\/huile-de-graines-de-moringa\/#primaryimage\",\"url\":\"https:\/\/www.vera-nature.com\/wp-content\/uploads\/2026\/02\/huile-de-moringa-copie.webp\",\"contentUrl\":\"https:\/\/www.vera-nature.com\/wp-content\/uploads\/2026\/02\/huile-de-moringa-copie.webp\",\"width\":560,\"height\":570,\"caption\":\"huile de Moringa\"},{\"@type\":\"BreadcrumbList\",\"@id\":\"https:\/\/www.vera-nature.com\/product\/huile-de-graines-de-moringa\/#breadcrumb\",\"itemListElement\":[{\"@type\":\"ListItem\",\"position\":1,\"name\":\"Accueil\",\"item\":\"https:\/\/www.vera-nature.com\/\"},{\"@type\":\"ListItem\",\"position\":2,\"name\":\"Nos produits\",\"item\":\"https:\/\/www.vera-nature.com\/nos-produits\/\"},{\"@type\":\"ListItem\",\"position\":3,\"name\":\"Huile de graines de Moringa\"}]},{\"@type\":\"WebSite\",\"@id\":\"https:\/\/www.vera-nature.com\/#website\",\"url\":\"https:\/\/www.vera-nature.com\/\",\"name\":\"Vera nature\",\"description\":\"\",\"publisher\":{\"@id\":\"https:\/\/www.vera-nature.com\/#organization\"},\"potentialAction\":[{\"@type\":\"SearchAction\",\"target\":{\"@type\":\"EntryPoint\",\"urlTemplate\":\"https:\/\/www.vera-nature.com\/?s={search_term_string}\"},\"query-input\":{\"@type\":\"PropertyValueSpecification\",\"valueRequired\":true,\"valueName\":\"search_term_string\"}}],\"inLanguage\":\"en-GB\"},{\"@type\":\"Organization\",\"@id\":\"https:\/\/www.vera-nature.com\/#organization\",\"name\":\"Vera nature\",\"url\":\"https:\/\/www.vera-nature.com\/\",\"logo\":{\"@type\":\"ImageObject\",\"inLanguage\":\"en-GB\",\"@id\":\"https:\/\/www.vera-nature.com\/#\/schema\/logo\/image\/\",\"url\":\"https:\/\/www.vera-nature.com\/wp-content\/uploads\/2023\/02\/logo_vernature.png\",\"contentUrl\":\"https:\/\/www.vera-nature.com\/wp-content\/uploads\/2023\/02\/logo_vernature.png\",\"width\":235,\"height\":88,\"caption\":\"Vera nature\"},\"image\":{\"@id\":\"https:\/\/www.vera-nature.com\/#\/schema\/logo\/image\/\"}}]}<\/script>\n<!-- \/ Yoast SEO plugin. -->","yoast_head_json":{"title":"Huile de graines de Moringa - Vera nature","robots":{"index":"index","follow":"follow","max-snippet":"max-snippet:-1","max-image-preview":"max-image-preview:large","max-video-preview":"max-video-preview:-1"},"canonical":"https:\/\/www.vera-nature.com\/en\/product\/huile-de-graines-de-moringa\/","og_locale":"en_GB","og_type":"article","og_title":"Huile de graines de Moringa - Vera nature","og_description":"30 ml L\u2019huile de graines de Moringa, extraite de mani\u00e8re artisanale, est utilis\u00e9e pour soutenir la sant\u00e9 g\u00e9n\u00e9rale gr\u00e2ce \u00e0 ses propri\u00e9t\u00e9s antioxydantes et anti-inflammatoires. Elle est riche en vitamine E, acides gras essentiels et antioxydants naturels, b\u00e9n\u00e9fiques pour le c\u0153ur, le syst\u00e8me immunitaire et le m\u00e9tabolisme.","og_url":"https:\/\/www.vera-nature.com\/en\/product\/huile-de-graines-de-moringa\/","og_site_name":"Vera nature","og_image":[{"width":560,"height":570,"url":"https:\/\/www.vera-nature.com\/wp-content\/uploads\/2026\/02\/huile-de-moringa-copie.webp","type":"image\/webp"}],"twitter_card":"summary_large_image","schema":{"@context":"https:\/\/schema.org","@graph":[{"@type":"WebPage","@id":"https:\/\/www.vera-nature.com\/product\/huile-de-graines-de-moringa\/","url":"https:\/\/www.vera-nature.com\/product\/huile-de-graines-de-moringa\/","name":"Huile de graines de Moringa - Vera nature","isPartOf":{"@id":"https:\/\/www.vera-nature.com\/#website"},"primaryImageOfPage":{"@id":"https:\/\/www.vera-nature.com\/product\/huile-de-graines-de-moringa\/#primaryimage"},"image":{"@id":"https:\/\/www.vera-nature.com\/product\/huile-de-graines-de-moringa\/#primaryimage"},"thumbnailUrl":"https:\/\/www.vera-nature.com\/wp-content\/uploads\/2026\/02\/huile-de-moringa-copie.webp","datePublished":"2026-02-04T10:58:05+00:00","breadcrumb":{"@id":"https:\/\/www.vera-nature.com\/product\/huile-de-graines-de-moringa\/#breadcrumb"},"inLanguage":"en-GB","potentialAction":[{"@type":"ReadAction","target":["https:\/\/www.vera-nature.com\/product\/huile-de-graines-de-moringa\/"]}]},{"@type":"ImageObject","inLanguage":"en-GB","@id":"https:\/\/www.vera-nature.com\/product\/huile-de-graines-de-moringa\/#primaryimage","url":"https:\/\/www.vera-nature.com\/wp-content\/uploads\/2026\/02\/huile-de-moringa-copie.webp","contentUrl":"https:\/\/www.vera-nature.com\/wp-content\/uploads\/2026\/02\/huile-de-moringa-copie.webp","width":560,"height":570,"caption":"huile de Moringa"},{"@type":"BreadcrumbList","@id":"https:\/\/www.vera-nature.com\/product\/huile-de-graines-de-moringa\/#breadcrumb","itemListElement":[{"@type":"ListItem","position":1,"name":"Accueil","item":"https:\/\/www.vera-nature.com\/"},{"@type":"ListItem","position":2,"name":"Nos produits","item":"https:\/\/www.vera-nature.com\/nos-produits\/"},{"@type":"ListItem","position":3,"name":"Huile de graines de Moringa"}]},{"@type":"WebSite","@id":"https:\/\/www.vera-nature.com\/#website","url":"https:\/\/www.vera-nature.com\/","name":"Vera nature","description":"","publisher":{"@id":"https:\/\/www.vera-nature.com\/#organization"},"potentialAction":[{"@type":"SearchAction","target":{"@type":"EntryPoint","urlTemplate":"https:\/\/www.vera-nature.com\/?s={search_term_string}"},"query-input":{"@type":"PropertyValueSpecification","valueRequired":true,"valueName":"search_term_string"}}],"inLanguage":"en-GB"},{"@type":"Organization","@id":"https:\/\/www.vera-nature.com\/#organization","name":"Vera nature","url":"https:\/\/www.vera-nature.com\/","logo":{"@type":"ImageObject","inLanguage":"en-GB","@id":"https:\/\/www.vera-nature.com\/#\/schema\/logo\/image\/","url":"https:\/\/www.vera-nature.com\/wp-content\/uploads\/2023\/02\/logo_vernature.png","contentUrl":"https:\/\/www.vera-nature.com\/wp-content\/uploads\/2023\/02\/logo_vernature.png","width":235,"height":88,"caption":"Vera nature"},"image":{"@id":"https:\/\/www.vera-nature.com\/#\/schema\/logo\/image\/"}}]}},"_links":{"self":[{"href":"https:\/\/www.vera-nature.com\/en\/wp-json\/wp\/v2\/product\/3124","targetHints":{"allow":["GET"]}}],"collection":[{"href":"https:\/\/www.vera-nature.com\/en\/wp-json\/wp\/v2\/product"}],"about":[{"href":"https:\/\/www.vera-nature.com\/en\/wp-json\/wp\/v2\/types\/product"}],"wp:featuredmedia":[{"embeddable":true,"href":"https:\/\/www.vera-nature.com\/en\/wp-json\/wp\/v2\/media\/3131"}],"wp:attachment":[{"href":"https:\/\/www.vera-nature.com\/en\/wp-json\/wp\/v2\/media?parent=3124"}],"wp:term":[{"taxonomy":"product_brand","embeddable":true,"href":"https:\/\/www.vera-nature.com\/en\/wp-json\/wp\/v2\/product_brand?post=3124"},{"taxonomy":"product_cat","embeddable":true,"href":"https:\/\/www.vera-nature.com\/en\/wp-json\/wp\/v2\/product_cat?post=3124"},{"taxonomy":"product_tag","embeddable":true,"href":"https:\/\/www.vera-nature.com\/en\/wp-json\/wp\/v2\/product_tag?post=3124"}],"curies":[{"name":"wp","href":"https:\/\/api.w.org\/{rel}","templated":true}]}}