{"id":3132,"date":"2026-02-04T12:07:56","date_gmt":"2026-02-04T11:07:56","guid":{"rendered":"https:\/\/vera-nature.hypergroup.tn\/?post_type=product&#038;p=3132"},"modified":"2026-02-12T11:03:32","modified_gmt":"2026-02-12T10:03:32","slug":"huile-foie-de-morue","status":"publish","type":"product","link":"https:\/\/www.vera-nature.com\/en\/product\/huile-foie-de-morue\/","title":{"rendered":"Huile Foie de Morue"},"content":{"rendered":"<p>L\u2019huile de foie de morue est extraite et purifi\u00e9e selon des proc\u00e9d\u00e9s traditionnels pour pr\u00e9server ses nutriments essentiels. Elle est reconnue pour ses effets b\u00e9n\u00e9fiques sur le syst\u00e8me immunitaire, la sant\u00e9 osseuse et cardiovasculaire, ainsi que pour ses propri\u00e9t\u00e9s anti-inflammatoires. Sa richesse en vitamines A et D, combin\u00e9e aux acides gras om\u00e9ga\u20113 (EPA et DHA), contribue au maintien de la sant\u00e9 globale de l\u2019organisme. Elle peut \u00eatre int\u00e9gr\u00e9e dans une alimentation ou un programme de suppl\u00e9mentation pour soutenir la vitalit\u00e9, la protection cellulaire et le fonctionnement optimal du corps.<\/p>","protected":false},"excerpt":{"rendered":"<p>30 ml<\/p>\n<p>L\u2019huile de foie de morue, obtenue de mani\u00e8re traditionnelle et purifi\u00e9e, est utilis\u00e9e pour soutenir la sant\u00e9 g\u00e9n\u00e9rale gr\u00e2ce \u00e0 ses propri\u00e9t\u00e9s nutritives et anti-inflammatoires. Elle est particuli\u00e8rement riche en vitamines A et D, ainsi qu\u2019en acides gras om\u00e9ga\u20113, essentiels pour le syst\u00e8me immunitaire, les os et la sant\u00e9 cardiovasculaire.<\/p>","protected":false},"featured_media":3623,"template":"","meta":[],"product_brand":[],"product_cat":[57,56],"product_tag":[],"class_list":{"0":"post-3132","1":"product","2":"type-product","3":"status-publish","4":"has-post-thumbnail","6":"product_cat-huiles-kounouz","7":"product_cat-huiles-vegetales-huiles-presses-a-froid","9":"first","10":"instock","11":"shipping-taxable","12":"purchasable","13":"product-type-simple"},"yoast_head":"<!-- This site is optimized with the Yoast SEO plugin v27.0 - https:\/\/yoast.com\/product\/yoast-seo-wordpress\/ -->\n<title>Huile Foie de Morue - Vera nature<\/title>\n<meta name=\"robots\" content=\"index, follow, max-snippet:-1, max-image-preview:large, max-video-preview:-1\" \/>\n<link rel=\"canonical\" href=\"https:\/\/www.vera-nature.com\/en\/product\/huile-foie-de-morue\/\" \/>\n<meta property=\"og:locale\" content=\"en_GB\" \/>\n<meta property=\"og:type\" content=\"article\" \/>\n<meta property=\"og:title\" content=\"Huile Foie de Morue - Vera nature\" \/>\n<meta property=\"og:description\" content=\"30 ml  L\u2019huile de foie de morue, obtenue de mani\u00e8re traditionnelle et purifi\u00e9e, est utilis\u00e9e pour soutenir la sant\u00e9 g\u00e9n\u00e9rale gr\u00e2ce \u00e0 ses propri\u00e9t\u00e9s nutritives et anti-inflammatoires. Elle est particuli\u00e8rement riche en vitamines A et D, ainsi qu\u2019en acides gras om\u00e9ga\u20113, essentiels pour le syst\u00e8me immunitaire, les os et la sant\u00e9 cardiovasculaire.\" \/>\n<meta property=\"og:url\" content=\"https:\/\/www.vera-nature.com\/en\/product\/huile-foie-de-morue\/\" \/>\n<meta property=\"og:site_name\" content=\"Vera nature\" \/>\n<meta property=\"article:modified_time\" content=\"2026-02-12T10:03:32+00:00\" \/>\n<meta property=\"og:image\" content=\"https:\/\/www.vera-nature.com\/wp-content\/uploads\/2026\/02\/Foie-de-morue-copie.webp\" \/>\n\t<meta property=\"og:image:width\" content=\"560\" \/>\n\t<meta property=\"og:image:height\" content=\"570\" \/>\n\t<meta property=\"og:image:type\" content=\"image\/webp\" \/>\n<meta name=\"twitter:card\" content=\"summary_large_image\" \/>\n<meta name=\"twitter:label1\" content=\"Estimated reading time\" \/>\n\t<meta name=\"twitter:data1\" content=\"1 minute\" \/>\n<script type=\"application\/ld+json\" class=\"yoast-schema-graph\">{\"@context\":\"https:\/\/schema.org\",\"@graph\":[{\"@type\":\"WebPage\",\"@id\":\"https:\/\/www.vera-nature.com\/product\/huile-foie-de-morue\/\",\"url\":\"https:\/\/www.vera-nature.com\/product\/huile-foie-de-morue\/\",\"name\":\"Huile Foie de Morue - Vera nature\",\"isPartOf\":{\"@id\":\"https:\/\/www.vera-nature.com\/#website\"},\"primaryImageOfPage\":{\"@id\":\"https:\/\/www.vera-nature.com\/product\/huile-foie-de-morue\/#primaryimage\"},\"image\":{\"@id\":\"https:\/\/www.vera-nature.com\/product\/huile-foie-de-morue\/#primaryimage\"},\"thumbnailUrl\":\"https:\/\/www.vera-nature.com\/wp-content\/uploads\/2026\/02\/Foie-de-morue-copie.webp\",\"datePublished\":\"2026-02-04T11:07:56+00:00\",\"dateModified\":\"2026-02-12T10:03:32+00:00\",\"breadcrumb\":{\"@id\":\"https:\/\/www.vera-nature.com\/product\/huile-foie-de-morue\/#breadcrumb\"},\"inLanguage\":\"en-GB\",\"potentialAction\":[{\"@type\":\"ReadAction\",\"target\":[\"https:\/\/www.vera-nature.com\/product\/huile-foie-de-morue\/\"]}]},{\"@type\":\"ImageObject\",\"inLanguage\":\"en-GB\",\"@id\":\"https:\/\/www.vera-nature.com\/product\/huile-foie-de-morue\/#primaryimage\",\"url\":\"https:\/\/www.vera-nature.com\/wp-content\/uploads\/2026\/02\/Foie-de-morue-copie.webp\",\"contentUrl\":\"https:\/\/www.vera-nature.com\/wp-content\/uploads\/2026\/02\/Foie-de-morue-copie.webp\",\"width\":560,\"height\":570},{\"@type\":\"BreadcrumbList\",\"@id\":\"https:\/\/www.vera-nature.com\/product\/huile-foie-de-morue\/#breadcrumb\",\"itemListElement\":[{\"@type\":\"ListItem\",\"position\":1,\"name\":\"Accueil\",\"item\":\"https:\/\/www.vera-nature.com\/\"},{\"@type\":\"ListItem\",\"position\":2,\"name\":\"Nos produits\",\"item\":\"https:\/\/www.vera-nature.com\/nos-produits\/\"},{\"@type\":\"ListItem\",\"position\":3,\"name\":\"Huile Foie de Morue\"}]},{\"@type\":\"WebSite\",\"@id\":\"https:\/\/www.vera-nature.com\/#website\",\"url\":\"https:\/\/www.vera-nature.com\/\",\"name\":\"Vera nature\",\"description\":\"\",\"publisher\":{\"@id\":\"https:\/\/www.vera-nature.com\/#organization\"},\"potentialAction\":[{\"@type\":\"SearchAction\",\"target\":{\"@type\":\"EntryPoint\",\"urlTemplate\":\"https:\/\/www.vera-nature.com\/?s={search_term_string}\"},\"query-input\":{\"@type\":\"PropertyValueSpecification\",\"valueRequired\":true,\"valueName\":\"search_term_string\"}}],\"inLanguage\":\"en-GB\"},{\"@type\":\"Organization\",\"@id\":\"https:\/\/www.vera-nature.com\/#organization\",\"name\":\"Vera nature\",\"url\":\"https:\/\/www.vera-nature.com\/\",\"logo\":{\"@type\":\"ImageObject\",\"inLanguage\":\"en-GB\",\"@id\":\"https:\/\/www.vera-nature.com\/#\/schema\/logo\/image\/\",\"url\":\"https:\/\/www.vera-nature.com\/wp-content\/uploads\/2023\/02\/logo_vernature.png\",\"contentUrl\":\"https:\/\/www.vera-nature.com\/wp-content\/uploads\/2023\/02\/logo_vernature.png\",\"width\":235,\"height\":88,\"caption\":\"Vera nature\"},\"image\":{\"@id\":\"https:\/\/www.vera-nature.com\/#\/schema\/logo\/image\/\"}}]}<\/script>\n<!-- \/ Yoast SEO plugin. -->","yoast_head_json":{"title":"Huile Foie de Morue - Vera nature","robots":{"index":"index","follow":"follow","max-snippet":"max-snippet:-1","max-image-preview":"max-image-preview:large","max-video-preview":"max-video-preview:-1"},"canonical":"https:\/\/www.vera-nature.com\/en\/product\/huile-foie-de-morue\/","og_locale":"en_GB","og_type":"article","og_title":"Huile Foie de Morue - Vera nature","og_description":"30 ml  L\u2019huile de foie de morue, obtenue de mani\u00e8re traditionnelle et purifi\u00e9e, est utilis\u00e9e pour soutenir la sant\u00e9 g\u00e9n\u00e9rale gr\u00e2ce \u00e0 ses propri\u00e9t\u00e9s nutritives et anti-inflammatoires. Elle est particuli\u00e8rement riche en vitamines A et D, ainsi qu\u2019en acides gras om\u00e9ga\u20113, essentiels pour le syst\u00e8me immunitaire, les os et la sant\u00e9 cardiovasculaire.","og_url":"https:\/\/www.vera-nature.com\/en\/product\/huile-foie-de-morue\/","og_site_name":"Vera nature","article_modified_time":"2026-02-12T10:03:32+00:00","og_image":[{"width":560,"height":570,"url":"https:\/\/www.vera-nature.com\/wp-content\/uploads\/2026\/02\/Foie-de-morue-copie.webp","type":"image\/webp"}],"twitter_card":"summary_large_image","twitter_misc":{"Estimated reading time":"1 minute"},"schema":{"@context":"https:\/\/schema.org","@graph":[{"@type":"WebPage","@id":"https:\/\/www.vera-nature.com\/product\/huile-foie-de-morue\/","url":"https:\/\/www.vera-nature.com\/product\/huile-foie-de-morue\/","name":"Huile Foie de Morue - Vera nature","isPartOf":{"@id":"https:\/\/www.vera-nature.com\/#website"},"primaryImageOfPage":{"@id":"https:\/\/www.vera-nature.com\/product\/huile-foie-de-morue\/#primaryimage"},"image":{"@id":"https:\/\/www.vera-nature.com\/product\/huile-foie-de-morue\/#primaryimage"},"thumbnailUrl":"https:\/\/www.vera-nature.com\/wp-content\/uploads\/2026\/02\/Foie-de-morue-copie.webp","datePublished":"2026-02-04T11:07:56+00:00","dateModified":"2026-02-12T10:03:32+00:00","breadcrumb":{"@id":"https:\/\/www.vera-nature.com\/product\/huile-foie-de-morue\/#breadcrumb"},"inLanguage":"en-GB","potentialAction":[{"@type":"ReadAction","target":["https:\/\/www.vera-nature.com\/product\/huile-foie-de-morue\/"]}]},{"@type":"ImageObject","inLanguage":"en-GB","@id":"https:\/\/www.vera-nature.com\/product\/huile-foie-de-morue\/#primaryimage","url":"https:\/\/www.vera-nature.com\/wp-content\/uploads\/2026\/02\/Foie-de-morue-copie.webp","contentUrl":"https:\/\/www.vera-nature.com\/wp-content\/uploads\/2026\/02\/Foie-de-morue-copie.webp","width":560,"height":570},{"@type":"BreadcrumbList","@id":"https:\/\/www.vera-nature.com\/product\/huile-foie-de-morue\/#breadcrumb","itemListElement":[{"@type":"ListItem","position":1,"name":"Accueil","item":"https:\/\/www.vera-nature.com\/"},{"@type":"ListItem","position":2,"name":"Nos produits","item":"https:\/\/www.vera-nature.com\/nos-produits\/"},{"@type":"ListItem","position":3,"name":"Huile Foie de Morue"}]},{"@type":"WebSite","@id":"https:\/\/www.vera-nature.com\/#website","url":"https:\/\/www.vera-nature.com\/","name":"Vera nature","description":"","publisher":{"@id":"https:\/\/www.vera-nature.com\/#organization"},"potentialAction":[{"@type":"SearchAction","target":{"@type":"EntryPoint","urlTemplate":"https:\/\/www.vera-nature.com\/?s={search_term_string}"},"query-input":{"@type":"PropertyValueSpecification","valueRequired":true,"valueName":"search_term_string"}}],"inLanguage":"en-GB"},{"@type":"Organization","@id":"https:\/\/www.vera-nature.com\/#organization","name":"Vera nature","url":"https:\/\/www.vera-nature.com\/","logo":{"@type":"ImageObject","inLanguage":"en-GB","@id":"https:\/\/www.vera-nature.com\/#\/schema\/logo\/image\/","url":"https:\/\/www.vera-nature.com\/wp-content\/uploads\/2023\/02\/logo_vernature.png","contentUrl":"https:\/\/www.vera-nature.com\/wp-content\/uploads\/2023\/02\/logo_vernature.png","width":235,"height":88,"caption":"Vera nature"},"image":{"@id":"https:\/\/www.vera-nature.com\/#\/schema\/logo\/image\/"}}]}},"_links":{"self":[{"href":"https:\/\/www.vera-nature.com\/en\/wp-json\/wp\/v2\/product\/3132","targetHints":{"allow":["GET"]}}],"collection":[{"href":"https:\/\/www.vera-nature.com\/en\/wp-json\/wp\/v2\/product"}],"about":[{"href":"https:\/\/www.vera-nature.com\/en\/wp-json\/wp\/v2\/types\/product"}],"wp:featuredmedia":[{"embeddable":true,"href":"https:\/\/www.vera-nature.com\/en\/wp-json\/wp\/v2\/media\/3623"}],"wp:attachment":[{"href":"https:\/\/www.vera-nature.com\/en\/wp-json\/wp\/v2\/media?parent=3132"}],"wp:term":[{"taxonomy":"product_brand","embeddable":true,"href":"https:\/\/www.vera-nature.com\/en\/wp-json\/wp\/v2\/product_brand?post=3132"},{"taxonomy":"product_cat","embeddable":true,"href":"https:\/\/www.vera-nature.com\/en\/wp-json\/wp\/v2\/product_cat?post=3132"},{"taxonomy":"product_tag","embeddable":true,"href":"https:\/\/www.vera-nature.com\/en\/wp-json\/wp\/v2\/product_tag?post=3132"}],"curies":[{"name":"wp","href":"https:\/\/api.w.org\/{rel}","templated":true}]}}