{"id":3227,"date":"2026-02-04T13:30:59","date_gmt":"2026-02-04T12:30:59","guid":{"rendered":"https:\/\/vera-nature.hypergroup.tn\/?post_type=product&#038;p=3227"},"modified":"2026-02-04T13:30:59","modified_gmt":"2026-02-04T12:30:59","slug":"lotion-naturelle-anti-poux","status":"publish","type":"product","link":"https:\/\/www.vera-nature.com\/en\/product\/lotion-naturelle-anti-poux\/","title":{"rendered":"Lotion Naturelle Anti Poux"},"content":{"rendered":"<p>Cette lotion anti-poux est pr\u00e9par\u00e9e artisanalement selon un savoir-faire traditionnel pour pr\u00e9server ses ingr\u00e9dients naturels actifs. Elle agit efficacement contre les poux et les lentes tout en respectant le cuir chevelu. Sa formule naturelle hydrate et prot\u00e8ge les cheveux, r\u00e9duisant les irritations et les d\u00e9mangeaisons. Utilis\u00e9e r\u00e9guli\u00e8rement, elle assure une chevelure saine et prot\u00e9g\u00e9e des parasites de mani\u00e8re douce et s\u00e9curis\u00e9e.<\/p>","protected":false},"excerpt":{"rendered":"<p>200 ml<\/p>\n<p>Cette lotion naturelle anti-poux, fabriqu\u00e9e selon un proc\u00e9d\u00e9 traditionnel, prot\u00e8ge le cuir chevelu tout en \u00e9liminant les parasites. Elle est douce, sans produits chimiques agressifs, et respecte la sant\u00e9 des cheveux et de la peau.<\/p>","protected":false},"featured_media":3228,"template":"","meta":[],"product_brand":[],"product_cat":[66,65],"product_tag":[],"class_list":{"0":"post-3227","1":"product","2":"type-product","3":"status-publish","4":"has-post-thumbnail","6":"product_cat-soins-cheveux-naturels","7":"product_cat-soins-naturels-traditionnels-corps","9":"first","10":"instock","11":"shipping-taxable","12":"purchasable","13":"product-type-simple"},"yoast_head":"<!-- This site is optimized with the Yoast SEO plugin v27.0 - https:\/\/yoast.com\/product\/yoast-seo-wordpress\/ -->\n<title>Lotion Naturelle Anti Poux - Vera nature<\/title>\n<meta name=\"robots\" content=\"index, follow, max-snippet:-1, max-image-preview:large, max-video-preview:-1\" \/>\n<link rel=\"canonical\" href=\"https:\/\/www.vera-nature.com\/en\/product\/lotion-naturelle-anti-poux\/\" \/>\n<meta property=\"og:locale\" content=\"en_GB\" \/>\n<meta property=\"og:type\" content=\"article\" \/>\n<meta property=\"og:title\" content=\"Lotion Naturelle Anti Poux - Vera nature\" \/>\n<meta property=\"og:description\" content=\"200 ml  Cette lotion naturelle anti-poux, fabriqu\u00e9e selon un proc\u00e9d\u00e9 traditionnel, prot\u00e8ge le cuir chevelu tout en \u00e9liminant les parasites. Elle est douce, sans produits chimiques agressifs, et respecte la sant\u00e9 des cheveux et de la peau.\" \/>\n<meta property=\"og:url\" content=\"https:\/\/www.vera-nature.com\/en\/product\/lotion-naturelle-anti-poux\/\" \/>\n<meta property=\"og:site_name\" content=\"Vera nature\" \/>\n<meta property=\"og:image\" content=\"https:\/\/www.vera-nature.com\/wp-content\/uploads\/2026\/02\/lotion-anti-poux-copie.webp\" \/>\n\t<meta property=\"og:image:width\" content=\"560\" \/>\n\t<meta property=\"og:image:height\" content=\"570\" \/>\n\t<meta property=\"og:image:type\" content=\"image\/webp\" \/>\n<meta name=\"twitter:card\" content=\"summary_large_image\" \/>\n<script type=\"application\/ld+json\" class=\"yoast-schema-graph\">{\"@context\":\"https:\/\/schema.org\",\"@graph\":[{\"@type\":\"WebPage\",\"@id\":\"https:\/\/www.vera-nature.com\/product\/lotion-naturelle-anti-poux\/\",\"url\":\"https:\/\/www.vera-nature.com\/product\/lotion-naturelle-anti-poux\/\",\"name\":\"Lotion Naturelle Anti Poux - Vera nature\",\"isPartOf\":{\"@id\":\"https:\/\/www.vera-nature.com\/#website\"},\"primaryImageOfPage\":{\"@id\":\"https:\/\/www.vera-nature.com\/product\/lotion-naturelle-anti-poux\/#primaryimage\"},\"image\":{\"@id\":\"https:\/\/www.vera-nature.com\/product\/lotion-naturelle-anti-poux\/#primaryimage\"},\"thumbnailUrl\":\"https:\/\/www.vera-nature.com\/wp-content\/uploads\/2026\/02\/lotion-anti-poux-copie.webp\",\"datePublished\":\"2026-02-04T12:30:59+00:00\",\"breadcrumb\":{\"@id\":\"https:\/\/www.vera-nature.com\/product\/lotion-naturelle-anti-poux\/#breadcrumb\"},\"inLanguage\":\"en-GB\",\"potentialAction\":[{\"@type\":\"ReadAction\",\"target\":[\"https:\/\/www.vera-nature.com\/product\/lotion-naturelle-anti-poux\/\"]}]},{\"@type\":\"ImageObject\",\"inLanguage\":\"en-GB\",\"@id\":\"https:\/\/www.vera-nature.com\/product\/lotion-naturelle-anti-poux\/#primaryimage\",\"url\":\"https:\/\/www.vera-nature.com\/wp-content\/uploads\/2026\/02\/lotion-anti-poux-copie.webp\",\"contentUrl\":\"https:\/\/www.vera-nature.com\/wp-content\/uploads\/2026\/02\/lotion-anti-poux-copie.webp\",\"width\":560,\"height\":570,\"caption\":\"anti poux\"},{\"@type\":\"BreadcrumbList\",\"@id\":\"https:\/\/www.vera-nature.com\/product\/lotion-naturelle-anti-poux\/#breadcrumb\",\"itemListElement\":[{\"@type\":\"ListItem\",\"position\":1,\"name\":\"Accueil\",\"item\":\"https:\/\/www.vera-nature.com\/\"},{\"@type\":\"ListItem\",\"position\":2,\"name\":\"Nos produits\",\"item\":\"https:\/\/www.vera-nature.com\/nos-produits\/\"},{\"@type\":\"ListItem\",\"position\":3,\"name\":\"Lotion Naturelle Anti Poux\"}]},{\"@type\":\"WebSite\",\"@id\":\"https:\/\/www.vera-nature.com\/#website\",\"url\":\"https:\/\/www.vera-nature.com\/\",\"name\":\"Vera nature\",\"description\":\"\",\"publisher\":{\"@id\":\"https:\/\/www.vera-nature.com\/#organization\"},\"potentialAction\":[{\"@type\":\"SearchAction\",\"target\":{\"@type\":\"EntryPoint\",\"urlTemplate\":\"https:\/\/www.vera-nature.com\/?s={search_term_string}\"},\"query-input\":{\"@type\":\"PropertyValueSpecification\",\"valueRequired\":true,\"valueName\":\"search_term_string\"}}],\"inLanguage\":\"en-GB\"},{\"@type\":\"Organization\",\"@id\":\"https:\/\/www.vera-nature.com\/#organization\",\"name\":\"Vera nature\",\"url\":\"https:\/\/www.vera-nature.com\/\",\"logo\":{\"@type\":\"ImageObject\",\"inLanguage\":\"en-GB\",\"@id\":\"https:\/\/www.vera-nature.com\/#\/schema\/logo\/image\/\",\"url\":\"https:\/\/www.vera-nature.com\/wp-content\/uploads\/2023\/02\/logo_vernature.png\",\"contentUrl\":\"https:\/\/www.vera-nature.com\/wp-content\/uploads\/2023\/02\/logo_vernature.png\",\"width\":235,\"height\":88,\"caption\":\"Vera nature\"},\"image\":{\"@id\":\"https:\/\/www.vera-nature.com\/#\/schema\/logo\/image\/\"}}]}<\/script>\n<!-- \/ Yoast SEO plugin. -->","yoast_head_json":{"title":"Lotion Naturelle Anti Poux - Vera nature","robots":{"index":"index","follow":"follow","max-snippet":"max-snippet:-1","max-image-preview":"max-image-preview:large","max-video-preview":"max-video-preview:-1"},"canonical":"https:\/\/www.vera-nature.com\/en\/product\/lotion-naturelle-anti-poux\/","og_locale":"en_GB","og_type":"article","og_title":"Lotion Naturelle Anti Poux - Vera nature","og_description":"200 ml  Cette lotion naturelle anti-poux, fabriqu\u00e9e selon un proc\u00e9d\u00e9 traditionnel, prot\u00e8ge le cuir chevelu tout en \u00e9liminant les parasites. Elle est douce, sans produits chimiques agressifs, et respecte la sant\u00e9 des cheveux et de la peau.","og_url":"https:\/\/www.vera-nature.com\/en\/product\/lotion-naturelle-anti-poux\/","og_site_name":"Vera nature","og_image":[{"width":560,"height":570,"url":"https:\/\/www.vera-nature.com\/wp-content\/uploads\/2026\/02\/lotion-anti-poux-copie.webp","type":"image\/webp"}],"twitter_card":"summary_large_image","schema":{"@context":"https:\/\/schema.org","@graph":[{"@type":"WebPage","@id":"https:\/\/www.vera-nature.com\/product\/lotion-naturelle-anti-poux\/","url":"https:\/\/www.vera-nature.com\/product\/lotion-naturelle-anti-poux\/","name":"Lotion Naturelle Anti Poux - Vera nature","isPartOf":{"@id":"https:\/\/www.vera-nature.com\/#website"},"primaryImageOfPage":{"@id":"https:\/\/www.vera-nature.com\/product\/lotion-naturelle-anti-poux\/#primaryimage"},"image":{"@id":"https:\/\/www.vera-nature.com\/product\/lotion-naturelle-anti-poux\/#primaryimage"},"thumbnailUrl":"https:\/\/www.vera-nature.com\/wp-content\/uploads\/2026\/02\/lotion-anti-poux-copie.webp","datePublished":"2026-02-04T12:30:59+00:00","breadcrumb":{"@id":"https:\/\/www.vera-nature.com\/product\/lotion-naturelle-anti-poux\/#breadcrumb"},"inLanguage":"en-GB","potentialAction":[{"@type":"ReadAction","target":["https:\/\/www.vera-nature.com\/product\/lotion-naturelle-anti-poux\/"]}]},{"@type":"ImageObject","inLanguage":"en-GB","@id":"https:\/\/www.vera-nature.com\/product\/lotion-naturelle-anti-poux\/#primaryimage","url":"https:\/\/www.vera-nature.com\/wp-content\/uploads\/2026\/02\/lotion-anti-poux-copie.webp","contentUrl":"https:\/\/www.vera-nature.com\/wp-content\/uploads\/2026\/02\/lotion-anti-poux-copie.webp","width":560,"height":570,"caption":"anti poux"},{"@type":"BreadcrumbList","@id":"https:\/\/www.vera-nature.com\/product\/lotion-naturelle-anti-poux\/#breadcrumb","itemListElement":[{"@type":"ListItem","position":1,"name":"Accueil","item":"https:\/\/www.vera-nature.com\/"},{"@type":"ListItem","position":2,"name":"Nos produits","item":"https:\/\/www.vera-nature.com\/nos-produits\/"},{"@type":"ListItem","position":3,"name":"Lotion Naturelle Anti Poux"}]},{"@type":"WebSite","@id":"https:\/\/www.vera-nature.com\/#website","url":"https:\/\/www.vera-nature.com\/","name":"Vera nature","description":"","publisher":{"@id":"https:\/\/www.vera-nature.com\/#organization"},"potentialAction":[{"@type":"SearchAction","target":{"@type":"EntryPoint","urlTemplate":"https:\/\/www.vera-nature.com\/?s={search_term_string}"},"query-input":{"@type":"PropertyValueSpecification","valueRequired":true,"valueName":"search_term_string"}}],"inLanguage":"en-GB"},{"@type":"Organization","@id":"https:\/\/www.vera-nature.com\/#organization","name":"Vera nature","url":"https:\/\/www.vera-nature.com\/","logo":{"@type":"ImageObject","inLanguage":"en-GB","@id":"https:\/\/www.vera-nature.com\/#\/schema\/logo\/image\/","url":"https:\/\/www.vera-nature.com\/wp-content\/uploads\/2023\/02\/logo_vernature.png","contentUrl":"https:\/\/www.vera-nature.com\/wp-content\/uploads\/2023\/02\/logo_vernature.png","width":235,"height":88,"caption":"Vera nature"},"image":{"@id":"https:\/\/www.vera-nature.com\/#\/schema\/logo\/image\/"}}]}},"_links":{"self":[{"href":"https:\/\/www.vera-nature.com\/en\/wp-json\/wp\/v2\/product\/3227","targetHints":{"allow":["GET"]}}],"collection":[{"href":"https:\/\/www.vera-nature.com\/en\/wp-json\/wp\/v2\/product"}],"about":[{"href":"https:\/\/www.vera-nature.com\/en\/wp-json\/wp\/v2\/types\/product"}],"wp:featuredmedia":[{"embeddable":true,"href":"https:\/\/www.vera-nature.com\/en\/wp-json\/wp\/v2\/media\/3228"}],"wp:attachment":[{"href":"https:\/\/www.vera-nature.com\/en\/wp-json\/wp\/v2\/media?parent=3227"}],"wp:term":[{"taxonomy":"product_brand","embeddable":true,"href":"https:\/\/www.vera-nature.com\/en\/wp-json\/wp\/v2\/product_brand?post=3227"},{"taxonomy":"product_cat","embeddable":true,"href":"https:\/\/www.vera-nature.com\/en\/wp-json\/wp\/v2\/product_cat?post=3227"},{"taxonomy":"product_tag","embeddable":true,"href":"https:\/\/www.vera-nature.com\/en\/wp-json\/wp\/v2\/product_tag?post=3227"}],"curies":[{"name":"wp","href":"https:\/\/api.w.org\/{rel}","templated":true}]}}