{"id":3229,"date":"2026-02-04T13:42:15","date_gmt":"2026-02-04T12:42:15","guid":{"rendered":"https:\/\/www.vera-nature.com\/?post_type=product&#038;p=3229"},"modified":"2026-02-04T13:47:08","modified_gmt":"2026-02-04T12:47:08","slug":"prise-de-poids-royale-plus","status":"publish","type":"product","link":"https:\/\/www.vera-nature.com\/en\/product\/prise-de-poids-royale-plus\/","title":{"rendered":"Prise de poids Royale plus"},"content":{"rendered":"<p>Prise de Poids Royale Plus est fabriqu\u00e9e selon un savoir-faire traditionnel afin de pr\u00e9server toutes les propri\u00e9t\u00e9s de la gel\u00e9e royale et des fruits secs. Elle est con\u00e7ue pour stimuler l\u2019app\u00e9tit et favoriser une prise de poids progressive et \u00e9quilibr\u00e9e. Sa formule naturelle, riche en prot\u00e9ines, vitamines et min\u00e9raux, contribue \u00e0 renforcer la vitalit\u00e9, le tonus et le m\u00e9tabolisme g\u00e9n\u00e9ral. Utilis\u00e9e r\u00e9guli\u00e8rement, elle soutient le bien-\u00eatre g\u00e9n\u00e9ral et aide \u00e0 maintenir une masse corporelle saine de fa\u00e7on naturelle.<\/p>","protected":false},"excerpt":{"rendered":"<p>400 g<\/p>\n<p>Prise de Poids Royale Plus, pr\u00e9par\u00e9e de mani\u00e8re artisanale, associe la gel\u00e9e royale et les fruits secs pour favoriser une prise de poids saine et naturelle. Elle soutient l\u2019app\u00e9tit, la vitalit\u00e9 et le m\u00e9tabolisme gr\u00e2ce \u00e0 ses nutriments riches et \u00e9quilibr\u00e9s.<\/p>","protected":false},"featured_media":3230,"template":"","meta":[],"product_brand":[],"product_cat":[64,53],"product_tag":[],"class_list":{"0":"post-3229","1":"product","2":"type-product","3":"status-publish","4":"has-post-thumbnail","6":"product_cat-bsisa","7":"product_cat-produits-alimentaires-naturels","9":"first","10":"instock","11":"shipping-taxable","12":"purchasable","13":"product-type-simple"},"yoast_head":"<!-- This site is optimized with the Yoast SEO plugin v27.0 - https:\/\/yoast.com\/product\/yoast-seo-wordpress\/ -->\n<title>Prise de poids Royale plus - Vera nature<\/title>\n<meta name=\"robots\" content=\"index, follow, max-snippet:-1, max-image-preview:large, max-video-preview:-1\" \/>\n<link rel=\"canonical\" href=\"https:\/\/www.vera-nature.com\/en\/product\/prise-de-poids-royale-plus\/\" \/>\n<meta property=\"og:locale\" content=\"en_GB\" \/>\n<meta property=\"og:type\" content=\"article\" \/>\n<meta property=\"og:title\" content=\"Prise de poids Royale plus - Vera nature\" \/>\n<meta property=\"og:description\" content=\"400 g  Prise de Poids Royale Plus, pr\u00e9par\u00e9e de mani\u00e8re artisanale, associe la gel\u00e9e royale et les fruits secs pour favoriser une prise de poids saine et naturelle. Elle soutient l\u2019app\u00e9tit, la vitalit\u00e9 et le m\u00e9tabolisme gr\u00e2ce \u00e0 ses nutriments riches et \u00e9quilibr\u00e9s.\" \/>\n<meta property=\"og:url\" content=\"https:\/\/www.vera-nature.com\/en\/product\/prise-de-poids-royale-plus\/\" \/>\n<meta property=\"og:site_name\" content=\"Vera nature\" \/>\n<meta property=\"article:modified_time\" content=\"2026-02-04T12:47:08+00:00\" \/>\n<meta property=\"og:image\" content=\"https:\/\/www.vera-nature.com\/wp-content\/uploads\/2026\/02\/prise-de-poids-royale-copie.webp\" \/>\n\t<meta property=\"og:image:width\" content=\"560\" \/>\n\t<meta property=\"og:image:height\" content=\"570\" \/>\n\t<meta property=\"og:image:type\" content=\"image\/webp\" \/>\n<meta name=\"twitter:card\" content=\"summary_large_image\" \/>\n<script type=\"application\/ld+json\" class=\"yoast-schema-graph\">{\"@context\":\"https:\/\/schema.org\",\"@graph\":[{\"@type\":\"WebPage\",\"@id\":\"https:\/\/www.vera-nature.com\/product\/prise-de-poids-royale-plus\/\",\"url\":\"https:\/\/www.vera-nature.com\/product\/prise-de-poids-royale-plus\/\",\"name\":\"Prise de poids Royale plus - Vera nature\",\"isPartOf\":{\"@id\":\"https:\/\/www.vera-nature.com\/#website\"},\"primaryImageOfPage\":{\"@id\":\"https:\/\/www.vera-nature.com\/product\/prise-de-poids-royale-plus\/#primaryimage\"},\"image\":{\"@id\":\"https:\/\/www.vera-nature.com\/product\/prise-de-poids-royale-plus\/#primaryimage\"},\"thumbnailUrl\":\"https:\/\/www.vera-nature.com\/wp-content\/uploads\/2026\/02\/prise-de-poids-royale-copie.webp\",\"datePublished\":\"2026-02-04T12:42:15+00:00\",\"dateModified\":\"2026-02-04T12:47:08+00:00\",\"breadcrumb\":{\"@id\":\"https:\/\/www.vera-nature.com\/product\/prise-de-poids-royale-plus\/#breadcrumb\"},\"inLanguage\":\"en-GB\",\"potentialAction\":[{\"@type\":\"ReadAction\",\"target\":[\"https:\/\/www.vera-nature.com\/product\/prise-de-poids-royale-plus\/\"]}]},{\"@type\":\"ImageObject\",\"inLanguage\":\"en-GB\",\"@id\":\"https:\/\/www.vera-nature.com\/product\/prise-de-poids-royale-plus\/#primaryimage\",\"url\":\"https:\/\/www.vera-nature.com\/wp-content\/uploads\/2026\/02\/prise-de-poids-royale-copie.webp\",\"contentUrl\":\"https:\/\/www.vera-nature.com\/wp-content\/uploads\/2026\/02\/prise-de-poids-royale-copie.webp\",\"width\":560,\"height\":570,\"caption\":\"prise de poids royale plus\"},{\"@type\":\"BreadcrumbList\",\"@id\":\"https:\/\/www.vera-nature.com\/product\/prise-de-poids-royale-plus\/#breadcrumb\",\"itemListElement\":[{\"@type\":\"ListItem\",\"position\":1,\"name\":\"Accueil\",\"item\":\"https:\/\/www.vera-nature.com\/\"},{\"@type\":\"ListItem\",\"position\":2,\"name\":\"Nos produits\",\"item\":\"https:\/\/www.vera-nature.com\/nos-produits\/\"},{\"@type\":\"ListItem\",\"position\":3,\"name\":\"Prise de poids Royale plus\"}]},{\"@type\":\"WebSite\",\"@id\":\"https:\/\/www.vera-nature.com\/#website\",\"url\":\"https:\/\/www.vera-nature.com\/\",\"name\":\"Vera nature\",\"description\":\"\",\"publisher\":{\"@id\":\"https:\/\/www.vera-nature.com\/#organization\"},\"potentialAction\":[{\"@type\":\"SearchAction\",\"target\":{\"@type\":\"EntryPoint\",\"urlTemplate\":\"https:\/\/www.vera-nature.com\/?s={search_term_string}\"},\"query-input\":{\"@type\":\"PropertyValueSpecification\",\"valueRequired\":true,\"valueName\":\"search_term_string\"}}],\"inLanguage\":\"en-GB\"},{\"@type\":\"Organization\",\"@id\":\"https:\/\/www.vera-nature.com\/#organization\",\"name\":\"Vera nature\",\"url\":\"https:\/\/www.vera-nature.com\/\",\"logo\":{\"@type\":\"ImageObject\",\"inLanguage\":\"en-GB\",\"@id\":\"https:\/\/www.vera-nature.com\/#\/schema\/logo\/image\/\",\"url\":\"https:\/\/www.vera-nature.com\/wp-content\/uploads\/2023\/02\/logo_vernature.png\",\"contentUrl\":\"https:\/\/www.vera-nature.com\/wp-content\/uploads\/2023\/02\/logo_vernature.png\",\"width\":235,\"height\":88,\"caption\":\"Vera nature\"},\"image\":{\"@id\":\"https:\/\/www.vera-nature.com\/#\/schema\/logo\/image\/\"}}]}<\/script>\n<!-- \/ Yoast SEO plugin. -->","yoast_head_json":{"title":"Prise de poids Royale plus - Vera nature","robots":{"index":"index","follow":"follow","max-snippet":"max-snippet:-1","max-image-preview":"max-image-preview:large","max-video-preview":"max-video-preview:-1"},"canonical":"https:\/\/www.vera-nature.com\/en\/product\/prise-de-poids-royale-plus\/","og_locale":"en_GB","og_type":"article","og_title":"Prise de poids Royale plus - Vera nature","og_description":"400 g  Prise de Poids Royale Plus, pr\u00e9par\u00e9e de mani\u00e8re artisanale, associe la gel\u00e9e royale et les fruits secs pour favoriser une prise de poids saine et naturelle. Elle soutient l\u2019app\u00e9tit, la vitalit\u00e9 et le m\u00e9tabolisme gr\u00e2ce \u00e0 ses nutriments riches et \u00e9quilibr\u00e9s.","og_url":"https:\/\/www.vera-nature.com\/en\/product\/prise-de-poids-royale-plus\/","og_site_name":"Vera nature","article_modified_time":"2026-02-04T12:47:08+00:00","og_image":[{"width":560,"height":570,"url":"https:\/\/www.vera-nature.com\/wp-content\/uploads\/2026\/02\/prise-de-poids-royale-copie.webp","type":"image\/webp"}],"twitter_card":"summary_large_image","schema":{"@context":"https:\/\/schema.org","@graph":[{"@type":"WebPage","@id":"https:\/\/www.vera-nature.com\/product\/prise-de-poids-royale-plus\/","url":"https:\/\/www.vera-nature.com\/product\/prise-de-poids-royale-plus\/","name":"Prise de poids Royale plus - Vera nature","isPartOf":{"@id":"https:\/\/www.vera-nature.com\/#website"},"primaryImageOfPage":{"@id":"https:\/\/www.vera-nature.com\/product\/prise-de-poids-royale-plus\/#primaryimage"},"image":{"@id":"https:\/\/www.vera-nature.com\/product\/prise-de-poids-royale-plus\/#primaryimage"},"thumbnailUrl":"https:\/\/www.vera-nature.com\/wp-content\/uploads\/2026\/02\/prise-de-poids-royale-copie.webp","datePublished":"2026-02-04T12:42:15+00:00","dateModified":"2026-02-04T12:47:08+00:00","breadcrumb":{"@id":"https:\/\/www.vera-nature.com\/product\/prise-de-poids-royale-plus\/#breadcrumb"},"inLanguage":"en-GB","potentialAction":[{"@type":"ReadAction","target":["https:\/\/www.vera-nature.com\/product\/prise-de-poids-royale-plus\/"]}]},{"@type":"ImageObject","inLanguage":"en-GB","@id":"https:\/\/www.vera-nature.com\/product\/prise-de-poids-royale-plus\/#primaryimage","url":"https:\/\/www.vera-nature.com\/wp-content\/uploads\/2026\/02\/prise-de-poids-royale-copie.webp","contentUrl":"https:\/\/www.vera-nature.com\/wp-content\/uploads\/2026\/02\/prise-de-poids-royale-copie.webp","width":560,"height":570,"caption":"prise de poids royale plus"},{"@type":"BreadcrumbList","@id":"https:\/\/www.vera-nature.com\/product\/prise-de-poids-royale-plus\/#breadcrumb","itemListElement":[{"@type":"ListItem","position":1,"name":"Accueil","item":"https:\/\/www.vera-nature.com\/"},{"@type":"ListItem","position":2,"name":"Nos produits","item":"https:\/\/www.vera-nature.com\/nos-produits\/"},{"@type":"ListItem","position":3,"name":"Prise de poids Royale plus"}]},{"@type":"WebSite","@id":"https:\/\/www.vera-nature.com\/#website","url":"https:\/\/www.vera-nature.com\/","name":"Vera nature","description":"","publisher":{"@id":"https:\/\/www.vera-nature.com\/#organization"},"potentialAction":[{"@type":"SearchAction","target":{"@type":"EntryPoint","urlTemplate":"https:\/\/www.vera-nature.com\/?s={search_term_string}"},"query-input":{"@type":"PropertyValueSpecification","valueRequired":true,"valueName":"search_term_string"}}],"inLanguage":"en-GB"},{"@type":"Organization","@id":"https:\/\/www.vera-nature.com\/#organization","name":"Vera nature","url":"https:\/\/www.vera-nature.com\/","logo":{"@type":"ImageObject","inLanguage":"en-GB","@id":"https:\/\/www.vera-nature.com\/#\/schema\/logo\/image\/","url":"https:\/\/www.vera-nature.com\/wp-content\/uploads\/2023\/02\/logo_vernature.png","contentUrl":"https:\/\/www.vera-nature.com\/wp-content\/uploads\/2023\/02\/logo_vernature.png","width":235,"height":88,"caption":"Vera nature"},"image":{"@id":"https:\/\/www.vera-nature.com\/#\/schema\/logo\/image\/"}}]}},"_links":{"self":[{"href":"https:\/\/www.vera-nature.com\/en\/wp-json\/wp\/v2\/product\/3229","targetHints":{"allow":["GET"]}}],"collection":[{"href":"https:\/\/www.vera-nature.com\/en\/wp-json\/wp\/v2\/product"}],"about":[{"href":"https:\/\/www.vera-nature.com\/en\/wp-json\/wp\/v2\/types\/product"}],"wp:featuredmedia":[{"embeddable":true,"href":"https:\/\/www.vera-nature.com\/en\/wp-json\/wp\/v2\/media\/3230"}],"wp:attachment":[{"href":"https:\/\/www.vera-nature.com\/en\/wp-json\/wp\/v2\/media?parent=3229"}],"wp:term":[{"taxonomy":"product_brand","embeddable":true,"href":"https:\/\/www.vera-nature.com\/en\/wp-json\/wp\/v2\/product_brand?post=3229"},{"taxonomy":"product_cat","embeddable":true,"href":"https:\/\/www.vera-nature.com\/en\/wp-json\/wp\/v2\/product_cat?post=3229"},{"taxonomy":"product_tag","embeddable":true,"href":"https:\/\/www.vera-nature.com\/en\/wp-json\/wp\/v2\/product_tag?post=3229"}],"curies":[{"name":"wp","href":"https:\/\/api.w.org\/{rel}","templated":true}]}}