{"id":3248,"date":"2026-02-04T14:32:03","date_gmt":"2026-02-04T13:32:03","guid":{"rendered":"https:\/\/vera-nature.hypergroup.tn\/?post_type=product&#038;p=3248"},"modified":"2026-02-12T11:40:39","modified_gmt":"2026-02-12T10:40:39","slug":"eau-florale-lavande","status":"publish","type":"product","link":"https:\/\/www.vera-nature.com\/en\/product\/eau-florale-lavande\/","title":{"rendered":"Eau florale Lavande"},"content":{"rendered":"<p>L\u2019eau de lavande est obtenue artisanalement \u00e0 partir de fleurs de lavande soigneusement s\u00e9lectionn\u00e9es selon des m\u00e9thodes traditionnelles. Elle est utilis\u00e9e pour ses effets calmants, relaxants et l\u00e9g\u00e8rement antiseptiques. Elle peut \u00eatre appliqu\u00e9e sur la peau, utilis\u00e9e en inhalation ou en vaporisation pour favoriser la relaxation et le sommeil. Son parfum naturel procure une sensation de bien-\u00eatre et participe \u00e0 l\u2019\u00e9quilibre \u00e9motionnel et physique de l\u2019organisme.<\/p>","protected":false},"excerpt":{"rendered":"<p>250 ml<\/p>\n<p>L\u2019eau de lavande, pr\u00e9par\u00e9e selon un savoir-faire traditionnel, est reconnue pour ses propri\u00e9t\u00e9s apaisantes et relaxantes. Elle contribue au bien-\u00eatre g\u00e9n\u00e9ral, aide \u00e0 r\u00e9duire le stress et favorise la d\u00e9tente du corps et de l\u2019esprit.<\/p>","protected":false},"featured_media":3635,"template":"","meta":[],"product_brand":[],"product_cat":[61,59],"product_tag":[],"class_list":{"0":"post-3248","1":"product","2":"type-product","3":"status-publish","4":"has-post-thumbnail","6":"product_cat-eaux-de-fleurs-naturelles","7":"product_cat-eaux-de-plantes-et-de-fleurs-naturelles","9":"first","10":"instock","11":"shipping-taxable","12":"purchasable","13":"product-type-simple"},"yoast_head":"<!-- This site is optimized with the Yoast SEO plugin v27.0 - https:\/\/yoast.com\/product\/yoast-seo-wordpress\/ -->\n<title>Eau florale Lavande - Vera nature<\/title>\n<meta name=\"robots\" content=\"index, follow, max-snippet:-1, max-image-preview:large, max-video-preview:-1\" \/>\n<link rel=\"canonical\" href=\"https:\/\/www.vera-nature.com\/en\/product\/eau-florale-lavande\/\" \/>\n<meta property=\"og:locale\" content=\"en_GB\" \/>\n<meta property=\"og:type\" content=\"article\" \/>\n<meta property=\"og:title\" content=\"Eau florale Lavande - Vera nature\" \/>\n<meta property=\"og:description\" content=\"250 ml  L\u2019eau de lavande, pr\u00e9par\u00e9e selon un savoir-faire traditionnel, est reconnue pour ses propri\u00e9t\u00e9s apaisantes et relaxantes. Elle contribue au bien-\u00eatre g\u00e9n\u00e9ral, aide \u00e0 r\u00e9duire le stress et favorise la d\u00e9tente du corps et de l\u2019esprit.\" \/>\n<meta property=\"og:url\" content=\"https:\/\/www.vera-nature.com\/en\/product\/eau-florale-lavande\/\" \/>\n<meta property=\"og:site_name\" content=\"Vera nature\" \/>\n<meta property=\"article:modified_time\" content=\"2026-02-12T10:40:39+00:00\" \/>\n<meta property=\"og:image\" content=\"https:\/\/www.vera-nature.com\/wp-content\/uploads\/2026\/02\/lavandecopie.webp\" \/>\n\t<meta property=\"og:image:width\" content=\"560\" \/>\n\t<meta property=\"og:image:height\" content=\"570\" \/>\n\t<meta property=\"og:image:type\" content=\"image\/webp\" \/>\n<meta name=\"twitter:card\" content=\"summary_large_image\" \/>\n<script type=\"application\/ld+json\" class=\"yoast-schema-graph\">{\"@context\":\"https:\/\/schema.org\",\"@graph\":[{\"@type\":\"WebPage\",\"@id\":\"https:\/\/www.vera-nature.com\/product\/eau-florale-lavande\/\",\"url\":\"https:\/\/www.vera-nature.com\/product\/eau-florale-lavande\/\",\"name\":\"Eau florale Lavande - Vera nature\",\"isPartOf\":{\"@id\":\"https:\/\/www.vera-nature.com\/#website\"},\"primaryImageOfPage\":{\"@id\":\"https:\/\/www.vera-nature.com\/product\/eau-florale-lavande\/#primaryimage\"},\"image\":{\"@id\":\"https:\/\/www.vera-nature.com\/product\/eau-florale-lavande\/#primaryimage\"},\"thumbnailUrl\":\"https:\/\/www.vera-nature.com\/wp-content\/uploads\/2026\/02\/lavandecopie.webp\",\"datePublished\":\"2026-02-04T13:32:03+00:00\",\"dateModified\":\"2026-02-12T10:40:39+00:00\",\"breadcrumb\":{\"@id\":\"https:\/\/www.vera-nature.com\/product\/eau-florale-lavande\/#breadcrumb\"},\"inLanguage\":\"en-GB\",\"potentialAction\":[{\"@type\":\"ReadAction\",\"target\":[\"https:\/\/www.vera-nature.com\/product\/eau-florale-lavande\/\"]}]},{\"@type\":\"ImageObject\",\"inLanguage\":\"en-GB\",\"@id\":\"https:\/\/www.vera-nature.com\/product\/eau-florale-lavande\/#primaryimage\",\"url\":\"https:\/\/www.vera-nature.com\/wp-content\/uploads\/2026\/02\/lavandecopie.webp\",\"contentUrl\":\"https:\/\/www.vera-nature.com\/wp-content\/uploads\/2026\/02\/lavandecopie.webp\",\"width\":560,\"height\":570},{\"@type\":\"BreadcrumbList\",\"@id\":\"https:\/\/www.vera-nature.com\/product\/eau-florale-lavande\/#breadcrumb\",\"itemListElement\":[{\"@type\":\"ListItem\",\"position\":1,\"name\":\"Accueil\",\"item\":\"https:\/\/www.vera-nature.com\/\"},{\"@type\":\"ListItem\",\"position\":2,\"name\":\"Nos produits\",\"item\":\"https:\/\/www.vera-nature.com\/nos-produits\/\"},{\"@type\":\"ListItem\",\"position\":3,\"name\":\"Eau florale Lavande\"}]},{\"@type\":\"WebSite\",\"@id\":\"https:\/\/www.vera-nature.com\/#website\",\"url\":\"https:\/\/www.vera-nature.com\/\",\"name\":\"Vera nature\",\"description\":\"\",\"publisher\":{\"@id\":\"https:\/\/www.vera-nature.com\/#organization\"},\"potentialAction\":[{\"@type\":\"SearchAction\",\"target\":{\"@type\":\"EntryPoint\",\"urlTemplate\":\"https:\/\/www.vera-nature.com\/?s={search_term_string}\"},\"query-input\":{\"@type\":\"PropertyValueSpecification\",\"valueRequired\":true,\"valueName\":\"search_term_string\"}}],\"inLanguage\":\"en-GB\"},{\"@type\":\"Organization\",\"@id\":\"https:\/\/www.vera-nature.com\/#organization\",\"name\":\"Vera nature\",\"url\":\"https:\/\/www.vera-nature.com\/\",\"logo\":{\"@type\":\"ImageObject\",\"inLanguage\":\"en-GB\",\"@id\":\"https:\/\/www.vera-nature.com\/#\/schema\/logo\/image\/\",\"url\":\"https:\/\/www.vera-nature.com\/wp-content\/uploads\/2023\/02\/logo_vernature.png\",\"contentUrl\":\"https:\/\/www.vera-nature.com\/wp-content\/uploads\/2023\/02\/logo_vernature.png\",\"width\":235,\"height\":88,\"caption\":\"Vera nature\"},\"image\":{\"@id\":\"https:\/\/www.vera-nature.com\/#\/schema\/logo\/image\/\"}}]}<\/script>\n<!-- \/ Yoast SEO plugin. -->","yoast_head_json":{"title":"Eau florale Lavande - Vera nature","robots":{"index":"index","follow":"follow","max-snippet":"max-snippet:-1","max-image-preview":"max-image-preview:large","max-video-preview":"max-video-preview:-1"},"canonical":"https:\/\/www.vera-nature.com\/en\/product\/eau-florale-lavande\/","og_locale":"en_GB","og_type":"article","og_title":"Eau florale Lavande - Vera nature","og_description":"250 ml  L\u2019eau de lavande, pr\u00e9par\u00e9e selon un savoir-faire traditionnel, est reconnue pour ses propri\u00e9t\u00e9s apaisantes et relaxantes. Elle contribue au bien-\u00eatre g\u00e9n\u00e9ral, aide \u00e0 r\u00e9duire le stress et favorise la d\u00e9tente du corps et de l\u2019esprit.","og_url":"https:\/\/www.vera-nature.com\/en\/product\/eau-florale-lavande\/","og_site_name":"Vera nature","article_modified_time":"2026-02-12T10:40:39+00:00","og_image":[{"width":560,"height":570,"url":"https:\/\/www.vera-nature.com\/wp-content\/uploads\/2026\/02\/lavandecopie.webp","type":"image\/webp"}],"twitter_card":"summary_large_image","schema":{"@context":"https:\/\/schema.org","@graph":[{"@type":"WebPage","@id":"https:\/\/www.vera-nature.com\/product\/eau-florale-lavande\/","url":"https:\/\/www.vera-nature.com\/product\/eau-florale-lavande\/","name":"Eau florale Lavande - Vera nature","isPartOf":{"@id":"https:\/\/www.vera-nature.com\/#website"},"primaryImageOfPage":{"@id":"https:\/\/www.vera-nature.com\/product\/eau-florale-lavande\/#primaryimage"},"image":{"@id":"https:\/\/www.vera-nature.com\/product\/eau-florale-lavande\/#primaryimage"},"thumbnailUrl":"https:\/\/www.vera-nature.com\/wp-content\/uploads\/2026\/02\/lavandecopie.webp","datePublished":"2026-02-04T13:32:03+00:00","dateModified":"2026-02-12T10:40:39+00:00","breadcrumb":{"@id":"https:\/\/www.vera-nature.com\/product\/eau-florale-lavande\/#breadcrumb"},"inLanguage":"en-GB","potentialAction":[{"@type":"ReadAction","target":["https:\/\/www.vera-nature.com\/product\/eau-florale-lavande\/"]}]},{"@type":"ImageObject","inLanguage":"en-GB","@id":"https:\/\/www.vera-nature.com\/product\/eau-florale-lavande\/#primaryimage","url":"https:\/\/www.vera-nature.com\/wp-content\/uploads\/2026\/02\/lavandecopie.webp","contentUrl":"https:\/\/www.vera-nature.com\/wp-content\/uploads\/2026\/02\/lavandecopie.webp","width":560,"height":570},{"@type":"BreadcrumbList","@id":"https:\/\/www.vera-nature.com\/product\/eau-florale-lavande\/#breadcrumb","itemListElement":[{"@type":"ListItem","position":1,"name":"Accueil","item":"https:\/\/www.vera-nature.com\/"},{"@type":"ListItem","position":2,"name":"Nos produits","item":"https:\/\/www.vera-nature.com\/nos-produits\/"},{"@type":"ListItem","position":3,"name":"Eau florale Lavande"}]},{"@type":"WebSite","@id":"https:\/\/www.vera-nature.com\/#website","url":"https:\/\/www.vera-nature.com\/","name":"Vera nature","description":"","publisher":{"@id":"https:\/\/www.vera-nature.com\/#organization"},"potentialAction":[{"@type":"SearchAction","target":{"@type":"EntryPoint","urlTemplate":"https:\/\/www.vera-nature.com\/?s={search_term_string}"},"query-input":{"@type":"PropertyValueSpecification","valueRequired":true,"valueName":"search_term_string"}}],"inLanguage":"en-GB"},{"@type":"Organization","@id":"https:\/\/www.vera-nature.com\/#organization","name":"Vera nature","url":"https:\/\/www.vera-nature.com\/","logo":{"@type":"ImageObject","inLanguage":"en-GB","@id":"https:\/\/www.vera-nature.com\/#\/schema\/logo\/image\/","url":"https:\/\/www.vera-nature.com\/wp-content\/uploads\/2023\/02\/logo_vernature.png","contentUrl":"https:\/\/www.vera-nature.com\/wp-content\/uploads\/2023\/02\/logo_vernature.png","width":235,"height":88,"caption":"Vera nature"},"image":{"@id":"https:\/\/www.vera-nature.com\/#\/schema\/logo\/image\/"}}]}},"_links":{"self":[{"href":"https:\/\/www.vera-nature.com\/en\/wp-json\/wp\/v2\/product\/3248","targetHints":{"allow":["GET"]}}],"collection":[{"href":"https:\/\/www.vera-nature.com\/en\/wp-json\/wp\/v2\/product"}],"about":[{"href":"https:\/\/www.vera-nature.com\/en\/wp-json\/wp\/v2\/types\/product"}],"wp:featuredmedia":[{"embeddable":true,"href":"https:\/\/www.vera-nature.com\/en\/wp-json\/wp\/v2\/media\/3635"}],"wp:attachment":[{"href":"https:\/\/www.vera-nature.com\/en\/wp-json\/wp\/v2\/media?parent=3248"}],"wp:term":[{"taxonomy":"product_brand","embeddable":true,"href":"https:\/\/www.vera-nature.com\/en\/wp-json\/wp\/v2\/product_brand?post=3248"},{"taxonomy":"product_cat","embeddable":true,"href":"https:\/\/www.vera-nature.com\/en\/wp-json\/wp\/v2\/product_cat?post=3248"},{"taxonomy":"product_tag","embeddable":true,"href":"https:\/\/www.vera-nature.com\/en\/wp-json\/wp\/v2\/product_tag?post=3248"}],"curies":[{"name":"wp","href":"https:\/\/api.w.org\/{rel}","templated":true}]}}