{"id":3260,"date":"2026-02-04T14:45:45","date_gmt":"2026-02-04T13:45:45","guid":{"rendered":"https:\/\/vera-nature.hypergroup.tn\/?post_type=product&#038;p=3260"},"modified":"2026-02-10T13:25:49","modified_gmt":"2026-02-10T12:25:49","slug":"the-digestif-rapide","status":"publish","type":"product","link":"https:\/\/www.vera-nature.com\/en\/product\/the-digestif-rapide\/","title":{"rendered":"Th\u00e9 Digestif Rapide"},"content":{"rendered":"<p>La tisane digestive au karkad\u00e9 est \u00e9labor\u00e9e artisanalement pour pr\u00e9server toutes ses propri\u00e9t\u00e9s naturelles et actives. Elle favorise le transit intestinal et soutient le bon fonctionnement du syst\u00e8me digestif. Sa richesse en antioxydants et compos\u00e9s naturels contribue \u00e0 la protection des cellules et au bien-\u00eatre g\u00e9n\u00e9ral. Consomm\u00e9e r\u00e9guli\u00e8rement, elle aide \u00e0 maintenir un confort digestif optimal et \u00e0 renforcer l\u2019\u00e9quilibre naturel de l\u2019organisme.<\/p>","protected":false},"excerpt":{"rendered":"<p>50 g<\/p>\n<p>Cette tisane digestive \u00e0 base de karkad\u00e9, pr\u00e9par\u00e9e selon un savoir-faire traditionnel, est id\u00e9ale pour faciliter le transit et soutenir la digestion. Elle est riche en antioxydants naturels et contribue au bien-\u00eatre g\u00e9n\u00e9ral de l\u2019organisme.<\/p>","protected":false},"featured_media":3574,"template":"","meta":[],"product_brand":[],"product_cat":[52,55],"product_tag":[],"class_list":{"0":"post-3260","1":"product","2":"type-product","3":"status-publish","4":"has-post-thumbnail","6":"product_cat-pates-et-poudres-de-fruits-secs-et-dherbes-naturelles","7":"product_cat-tisanes-thes-dherbes-naturelles","9":"first","10":"instock","11":"shipping-taxable","12":"purchasable","13":"product-type-simple"},"yoast_head":"<!-- This site is optimized with the Yoast SEO plugin v27.0 - https:\/\/yoast.com\/product\/yoast-seo-wordpress\/ -->\n<title>Th\u00e9 Digestif Rapide - Vera nature<\/title>\n<meta name=\"robots\" content=\"index, follow, max-snippet:-1, max-image-preview:large, max-video-preview:-1\" \/>\n<link rel=\"canonical\" href=\"https:\/\/www.vera-nature.com\/en\/product\/the-digestif-rapide\/\" \/>\n<meta property=\"og:locale\" content=\"en_GB\" \/>\n<meta property=\"og:type\" content=\"article\" \/>\n<meta property=\"og:title\" content=\"Th\u00e9 Digestif Rapide - Vera nature\" \/>\n<meta property=\"og:description\" content=\"50 g  Cette tisane digestive \u00e0 base de karkad\u00e9, pr\u00e9par\u00e9e selon un savoir-faire traditionnel, est id\u00e9ale pour faciliter le transit et soutenir la digestion. Elle est riche en antioxydants naturels et contribue au bien-\u00eatre g\u00e9n\u00e9ral de l\u2019organisme.\" \/>\n<meta property=\"og:url\" content=\"https:\/\/www.vera-nature.com\/en\/product\/the-digestif-rapide\/\" \/>\n<meta property=\"og:site_name\" content=\"Vera nature\" \/>\n<meta property=\"article:modified_time\" content=\"2026-02-10T12:25:49+00:00\" \/>\n<meta property=\"og:image\" content=\"https:\/\/www.vera-nature.com\/wp-content\/uploads\/2026\/02\/the-digestif-copie.webp\" \/>\n\t<meta property=\"og:image:width\" content=\"560\" \/>\n\t<meta property=\"og:image:height\" content=\"570\" \/>\n\t<meta property=\"og:image:type\" content=\"image\/webp\" \/>\n<meta name=\"twitter:card\" content=\"summary_large_image\" \/>\n<script type=\"application\/ld+json\" class=\"yoast-schema-graph\">{\"@context\":\"https:\/\/schema.org\",\"@graph\":[{\"@type\":\"WebPage\",\"@id\":\"https:\/\/www.vera-nature.com\/product\/the-digestif-rapide\/\",\"url\":\"https:\/\/www.vera-nature.com\/product\/the-digestif-rapide\/\",\"name\":\"Th\u00e9 Digestif Rapide - Vera nature\",\"isPartOf\":{\"@id\":\"https:\/\/www.vera-nature.com\/#website\"},\"primaryImageOfPage\":{\"@id\":\"https:\/\/www.vera-nature.com\/product\/the-digestif-rapide\/#primaryimage\"},\"image\":{\"@id\":\"https:\/\/www.vera-nature.com\/product\/the-digestif-rapide\/#primaryimage\"},\"thumbnailUrl\":\"https:\/\/www.vera-nature.com\/wp-content\/uploads\/2026\/02\/the-digestif-copie.webp\",\"datePublished\":\"2026-02-04T13:45:45+00:00\",\"dateModified\":\"2026-02-10T12:25:49+00:00\",\"breadcrumb\":{\"@id\":\"https:\/\/www.vera-nature.com\/product\/the-digestif-rapide\/#breadcrumb\"},\"inLanguage\":\"en-GB\",\"potentialAction\":[{\"@type\":\"ReadAction\",\"target\":[\"https:\/\/www.vera-nature.com\/product\/the-digestif-rapide\/\"]}]},{\"@type\":\"ImageObject\",\"inLanguage\":\"en-GB\",\"@id\":\"https:\/\/www.vera-nature.com\/product\/the-digestif-rapide\/#primaryimage\",\"url\":\"https:\/\/www.vera-nature.com\/wp-content\/uploads\/2026\/02\/the-digestif-copie.webp\",\"contentUrl\":\"https:\/\/www.vera-nature.com\/wp-content\/uploads\/2026\/02\/the-digestif-copie.webp\",\"width\":560,\"height\":570,\"caption\":\"th\u00e9 digestif rapide\"},{\"@type\":\"BreadcrumbList\",\"@id\":\"https:\/\/www.vera-nature.com\/product\/the-digestif-rapide\/#breadcrumb\",\"itemListElement\":[{\"@type\":\"ListItem\",\"position\":1,\"name\":\"Accueil\",\"item\":\"https:\/\/www.vera-nature.com\/\"},{\"@type\":\"ListItem\",\"position\":2,\"name\":\"Nos produits\",\"item\":\"https:\/\/www.vera-nature.com\/nos-produits\/\"},{\"@type\":\"ListItem\",\"position\":3,\"name\":\"Th\u00e9 Digestif Rapide\"}]},{\"@type\":\"WebSite\",\"@id\":\"https:\/\/www.vera-nature.com\/#website\",\"url\":\"https:\/\/www.vera-nature.com\/\",\"name\":\"Vera nature\",\"description\":\"\",\"publisher\":{\"@id\":\"https:\/\/www.vera-nature.com\/#organization\"},\"potentialAction\":[{\"@type\":\"SearchAction\",\"target\":{\"@type\":\"EntryPoint\",\"urlTemplate\":\"https:\/\/www.vera-nature.com\/?s={search_term_string}\"},\"query-input\":{\"@type\":\"PropertyValueSpecification\",\"valueRequired\":true,\"valueName\":\"search_term_string\"}}],\"inLanguage\":\"en-GB\"},{\"@type\":\"Organization\",\"@id\":\"https:\/\/www.vera-nature.com\/#organization\",\"name\":\"Vera nature\",\"url\":\"https:\/\/www.vera-nature.com\/\",\"logo\":{\"@type\":\"ImageObject\",\"inLanguage\":\"en-GB\",\"@id\":\"https:\/\/www.vera-nature.com\/#\/schema\/logo\/image\/\",\"url\":\"https:\/\/www.vera-nature.com\/wp-content\/uploads\/2023\/02\/logo_vernature.png\",\"contentUrl\":\"https:\/\/www.vera-nature.com\/wp-content\/uploads\/2023\/02\/logo_vernature.png\",\"width\":235,\"height\":88,\"caption\":\"Vera nature\"},\"image\":{\"@id\":\"https:\/\/www.vera-nature.com\/#\/schema\/logo\/image\/\"}}]}<\/script>\n<!-- \/ Yoast SEO plugin. -->","yoast_head_json":{"title":"Th\u00e9 Digestif Rapide - Vera nature","robots":{"index":"index","follow":"follow","max-snippet":"max-snippet:-1","max-image-preview":"max-image-preview:large","max-video-preview":"max-video-preview:-1"},"canonical":"https:\/\/www.vera-nature.com\/en\/product\/the-digestif-rapide\/","og_locale":"en_GB","og_type":"article","og_title":"Th\u00e9 Digestif Rapide - Vera nature","og_description":"50 g  Cette tisane digestive \u00e0 base de karkad\u00e9, pr\u00e9par\u00e9e selon un savoir-faire traditionnel, est id\u00e9ale pour faciliter le transit et soutenir la digestion. Elle est riche en antioxydants naturels et contribue au bien-\u00eatre g\u00e9n\u00e9ral de l\u2019organisme.","og_url":"https:\/\/www.vera-nature.com\/en\/product\/the-digestif-rapide\/","og_site_name":"Vera nature","article_modified_time":"2026-02-10T12:25:49+00:00","og_image":[{"width":560,"height":570,"url":"https:\/\/www.vera-nature.com\/wp-content\/uploads\/2026\/02\/the-digestif-copie.webp","type":"image\/webp"}],"twitter_card":"summary_large_image","schema":{"@context":"https:\/\/schema.org","@graph":[{"@type":"WebPage","@id":"https:\/\/www.vera-nature.com\/product\/the-digestif-rapide\/","url":"https:\/\/www.vera-nature.com\/product\/the-digestif-rapide\/","name":"Th\u00e9 Digestif Rapide - Vera nature","isPartOf":{"@id":"https:\/\/www.vera-nature.com\/#website"},"primaryImageOfPage":{"@id":"https:\/\/www.vera-nature.com\/product\/the-digestif-rapide\/#primaryimage"},"image":{"@id":"https:\/\/www.vera-nature.com\/product\/the-digestif-rapide\/#primaryimage"},"thumbnailUrl":"https:\/\/www.vera-nature.com\/wp-content\/uploads\/2026\/02\/the-digestif-copie.webp","datePublished":"2026-02-04T13:45:45+00:00","dateModified":"2026-02-10T12:25:49+00:00","breadcrumb":{"@id":"https:\/\/www.vera-nature.com\/product\/the-digestif-rapide\/#breadcrumb"},"inLanguage":"en-GB","potentialAction":[{"@type":"ReadAction","target":["https:\/\/www.vera-nature.com\/product\/the-digestif-rapide\/"]}]},{"@type":"ImageObject","inLanguage":"en-GB","@id":"https:\/\/www.vera-nature.com\/product\/the-digestif-rapide\/#primaryimage","url":"https:\/\/www.vera-nature.com\/wp-content\/uploads\/2026\/02\/the-digestif-copie.webp","contentUrl":"https:\/\/www.vera-nature.com\/wp-content\/uploads\/2026\/02\/the-digestif-copie.webp","width":560,"height":570,"caption":"th\u00e9 digestif rapide"},{"@type":"BreadcrumbList","@id":"https:\/\/www.vera-nature.com\/product\/the-digestif-rapide\/#breadcrumb","itemListElement":[{"@type":"ListItem","position":1,"name":"Accueil","item":"https:\/\/www.vera-nature.com\/"},{"@type":"ListItem","position":2,"name":"Nos produits","item":"https:\/\/www.vera-nature.com\/nos-produits\/"},{"@type":"ListItem","position":3,"name":"Th\u00e9 Digestif Rapide"}]},{"@type":"WebSite","@id":"https:\/\/www.vera-nature.com\/#website","url":"https:\/\/www.vera-nature.com\/","name":"Vera nature","description":"","publisher":{"@id":"https:\/\/www.vera-nature.com\/#organization"},"potentialAction":[{"@type":"SearchAction","target":{"@type":"EntryPoint","urlTemplate":"https:\/\/www.vera-nature.com\/?s={search_term_string}"},"query-input":{"@type":"PropertyValueSpecification","valueRequired":true,"valueName":"search_term_string"}}],"inLanguage":"en-GB"},{"@type":"Organization","@id":"https:\/\/www.vera-nature.com\/#organization","name":"Vera nature","url":"https:\/\/www.vera-nature.com\/","logo":{"@type":"ImageObject","inLanguage":"en-GB","@id":"https:\/\/www.vera-nature.com\/#\/schema\/logo\/image\/","url":"https:\/\/www.vera-nature.com\/wp-content\/uploads\/2023\/02\/logo_vernature.png","contentUrl":"https:\/\/www.vera-nature.com\/wp-content\/uploads\/2023\/02\/logo_vernature.png","width":235,"height":88,"caption":"Vera nature"},"image":{"@id":"https:\/\/www.vera-nature.com\/#\/schema\/logo\/image\/"}}]}},"_links":{"self":[{"href":"https:\/\/www.vera-nature.com\/en\/wp-json\/wp\/v2\/product\/3260","targetHints":{"allow":["GET"]}}],"collection":[{"href":"https:\/\/www.vera-nature.com\/en\/wp-json\/wp\/v2\/product"}],"about":[{"href":"https:\/\/www.vera-nature.com\/en\/wp-json\/wp\/v2\/types\/product"}],"wp:featuredmedia":[{"embeddable":true,"href":"https:\/\/www.vera-nature.com\/en\/wp-json\/wp\/v2\/media\/3574"}],"wp:attachment":[{"href":"https:\/\/www.vera-nature.com\/en\/wp-json\/wp\/v2\/media?parent=3260"}],"wp:term":[{"taxonomy":"product_brand","embeddable":true,"href":"https:\/\/www.vera-nature.com\/en\/wp-json\/wp\/v2\/product_brand?post=3260"},{"taxonomy":"product_cat","embeddable":true,"href":"https:\/\/www.vera-nature.com\/en\/wp-json\/wp\/v2\/product_cat?post=3260"},{"taxonomy":"product_tag","embeddable":true,"href":"https:\/\/www.vera-nature.com\/en\/wp-json\/wp\/v2\/product_tag?post=3260"}],"curies":[{"name":"wp","href":"https:\/\/api.w.org\/{rel}","templated":true}]}}