{"id":3265,"date":"2026-02-04T14:51:08","date_gmt":"2026-02-04T13:51:08","guid":{"rendered":"https:\/\/vera-nature.hypergroup.tn\/?post_type=product&#038;p=3265"},"modified":"2026-02-10T13:14:13","modified_gmt":"2026-02-10T12:14:13","slug":"sucre-de-datte","status":"publish","type":"product","link":"https:\/\/www.vera-nature.com\/en\/product\/sucre-de-datte\/","title":{"rendered":"Sucre de DATTE"},"content":{"rendered":"<p>Le sucre de datte est fabriqu\u00e9 artisanalement \u00e0 partir de dattes soigneusement s\u00e9lectionn\u00e9es, sans additifs ni produits chimiques, pour pr\u00e9server toutes ses propri\u00e9t\u00e9s naturelles. Il constitue une source naturelle de glucides, riche en fibres, potassium et magn\u00e9sium. Sa consommation apporte de l\u2019\u00e9nergie de mani\u00e8re saine et contribue \u00e0 un m\u00e9tabolisme \u00e9quilibr\u00e9. Utilis\u00e9 r\u00e9guli\u00e8rement dans une alimentation saine, il soutient le bien-\u00eatre g\u00e9n\u00e9ral et apporte un \u00e9dulcorant 100% naturel, s\u00fbr et nutritif.<\/p>","protected":false},"excerpt":{"rendered":"<p data-start=\"108\" data-end=\"344\">250 g<\/p>\n<p data-start=\"346\" data-end=\"862\">Le sucre de datte, 100% naturel et pr\u00e9par\u00e9 selon un proc\u00e9d\u00e9 traditionnel, est un \u00e9dulcorant sain et nutritif. Il apporte de l\u2019\u00e9nergie tout en soutenant le m\u00e9tabolisme et le bien-\u00eatre g\u00e9n\u00e9ral de l\u2019organisme.<\/p>","protected":false},"featured_media":3571,"template":"","meta":[],"product_brand":[],"product_cat":[52,53],"product_tag":[],"class_list":{"0":"post-3265","1":"product","2":"type-product","3":"status-publish","4":"has-post-thumbnail","6":"product_cat-pates-et-poudres-de-fruits-secs-et-dherbes-naturelles","7":"product_cat-produits-alimentaires-naturels","9":"first","10":"instock","11":"shipping-taxable","12":"purchasable","13":"product-type-simple"},"yoast_head":"<!-- This site is optimized with the Yoast SEO plugin v27.0 - https:\/\/yoast.com\/product\/yoast-seo-wordpress\/ -->\n<title>Sucre de DATTE - Vera nature<\/title>\n<meta name=\"robots\" content=\"index, follow, max-snippet:-1, max-image-preview:large, max-video-preview:-1\" \/>\n<link rel=\"canonical\" href=\"https:\/\/www.vera-nature.com\/en\/product\/sucre-de-datte\/\" \/>\n<meta property=\"og:locale\" content=\"en_GB\" \/>\n<meta property=\"og:type\" content=\"article\" \/>\n<meta property=\"og:title\" content=\"Sucre de DATTE - Vera nature\" \/>\n<meta property=\"og:description\" content=\"250 g Le sucre de datte, 100% naturel et pr\u00e9par\u00e9 selon un proc\u00e9d\u00e9 traditionnel, est un \u00e9dulcorant sain et nutritif. Il apporte de l\u2019\u00e9nergie tout en soutenant le m\u00e9tabolisme et le bien-\u00eatre g\u00e9n\u00e9ral de l\u2019organisme.\" \/>\n<meta property=\"og:url\" content=\"https:\/\/www.vera-nature.com\/en\/product\/sucre-de-datte\/\" \/>\n<meta property=\"og:site_name\" content=\"Vera nature\" \/>\n<meta property=\"article:modified_time\" content=\"2026-02-10T12:14:13+00:00\" \/>\n<meta property=\"og:image\" content=\"https:\/\/www.vera-nature.com\/wp-content\/uploads\/2026\/02\/sucre-de-datte-copie.webp\" \/>\n\t<meta property=\"og:image:width\" content=\"560\" \/>\n\t<meta property=\"og:image:height\" content=\"570\" \/>\n\t<meta property=\"og:image:type\" content=\"image\/webp\" \/>\n<meta name=\"twitter:card\" content=\"summary_large_image\" \/>\n<script type=\"application\/ld+json\" class=\"yoast-schema-graph\">{\"@context\":\"https:\/\/schema.org\",\"@graph\":[{\"@type\":\"WebPage\",\"@id\":\"https:\/\/www.vera-nature.com\/product\/sucre-de-datte\/\",\"url\":\"https:\/\/www.vera-nature.com\/product\/sucre-de-datte\/\",\"name\":\"Sucre de DATTE - Vera nature\",\"isPartOf\":{\"@id\":\"https:\/\/www.vera-nature.com\/#website\"},\"primaryImageOfPage\":{\"@id\":\"https:\/\/www.vera-nature.com\/product\/sucre-de-datte\/#primaryimage\"},\"image\":{\"@id\":\"https:\/\/www.vera-nature.com\/product\/sucre-de-datte\/#primaryimage\"},\"thumbnailUrl\":\"https:\/\/www.vera-nature.com\/wp-content\/uploads\/2026\/02\/sucre-de-datte-copie.webp\",\"datePublished\":\"2026-02-04T13:51:08+00:00\",\"dateModified\":\"2026-02-10T12:14:13+00:00\",\"breadcrumb\":{\"@id\":\"https:\/\/www.vera-nature.com\/product\/sucre-de-datte\/#breadcrumb\"},\"inLanguage\":\"en-GB\",\"potentialAction\":[{\"@type\":\"ReadAction\",\"target\":[\"https:\/\/www.vera-nature.com\/product\/sucre-de-datte\/\"]}]},{\"@type\":\"ImageObject\",\"inLanguage\":\"en-GB\",\"@id\":\"https:\/\/www.vera-nature.com\/product\/sucre-de-datte\/#primaryimage\",\"url\":\"https:\/\/www.vera-nature.com\/wp-content\/uploads\/2026\/02\/sucre-de-datte-copie.webp\",\"contentUrl\":\"https:\/\/www.vera-nature.com\/wp-content\/uploads\/2026\/02\/sucre-de-datte-copie.webp\",\"width\":560,\"height\":570,\"caption\":\"sucre de datte\"},{\"@type\":\"BreadcrumbList\",\"@id\":\"https:\/\/www.vera-nature.com\/product\/sucre-de-datte\/#breadcrumb\",\"itemListElement\":[{\"@type\":\"ListItem\",\"position\":1,\"name\":\"Accueil\",\"item\":\"https:\/\/www.vera-nature.com\/\"},{\"@type\":\"ListItem\",\"position\":2,\"name\":\"Nos produits\",\"item\":\"https:\/\/www.vera-nature.com\/nos-produits\/\"},{\"@type\":\"ListItem\",\"position\":3,\"name\":\"Sucre de DATTE\"}]},{\"@type\":\"WebSite\",\"@id\":\"https:\/\/www.vera-nature.com\/#website\",\"url\":\"https:\/\/www.vera-nature.com\/\",\"name\":\"Vera nature\",\"description\":\"\",\"publisher\":{\"@id\":\"https:\/\/www.vera-nature.com\/#organization\"},\"potentialAction\":[{\"@type\":\"SearchAction\",\"target\":{\"@type\":\"EntryPoint\",\"urlTemplate\":\"https:\/\/www.vera-nature.com\/?s={search_term_string}\"},\"query-input\":{\"@type\":\"PropertyValueSpecification\",\"valueRequired\":true,\"valueName\":\"search_term_string\"}}],\"inLanguage\":\"en-GB\"},{\"@type\":\"Organization\",\"@id\":\"https:\/\/www.vera-nature.com\/#organization\",\"name\":\"Vera nature\",\"url\":\"https:\/\/www.vera-nature.com\/\",\"logo\":{\"@type\":\"ImageObject\",\"inLanguage\":\"en-GB\",\"@id\":\"https:\/\/www.vera-nature.com\/#\/schema\/logo\/image\/\",\"url\":\"https:\/\/www.vera-nature.com\/wp-content\/uploads\/2023\/02\/logo_vernature.png\",\"contentUrl\":\"https:\/\/www.vera-nature.com\/wp-content\/uploads\/2023\/02\/logo_vernature.png\",\"width\":235,\"height\":88,\"caption\":\"Vera nature\"},\"image\":{\"@id\":\"https:\/\/www.vera-nature.com\/#\/schema\/logo\/image\/\"}}]}<\/script>\n<!-- \/ Yoast SEO plugin. -->","yoast_head_json":{"title":"Sucre de DATTE - Vera nature","robots":{"index":"index","follow":"follow","max-snippet":"max-snippet:-1","max-image-preview":"max-image-preview:large","max-video-preview":"max-video-preview:-1"},"canonical":"https:\/\/www.vera-nature.com\/en\/product\/sucre-de-datte\/","og_locale":"en_GB","og_type":"article","og_title":"Sucre de DATTE - Vera nature","og_description":"250 g Le sucre de datte, 100% naturel et pr\u00e9par\u00e9 selon un proc\u00e9d\u00e9 traditionnel, est un \u00e9dulcorant sain et nutritif. Il apporte de l\u2019\u00e9nergie tout en soutenant le m\u00e9tabolisme et le bien-\u00eatre g\u00e9n\u00e9ral de l\u2019organisme.","og_url":"https:\/\/www.vera-nature.com\/en\/product\/sucre-de-datte\/","og_site_name":"Vera nature","article_modified_time":"2026-02-10T12:14:13+00:00","og_image":[{"width":560,"height":570,"url":"https:\/\/www.vera-nature.com\/wp-content\/uploads\/2026\/02\/sucre-de-datte-copie.webp","type":"image\/webp"}],"twitter_card":"summary_large_image","schema":{"@context":"https:\/\/schema.org","@graph":[{"@type":"WebPage","@id":"https:\/\/www.vera-nature.com\/product\/sucre-de-datte\/","url":"https:\/\/www.vera-nature.com\/product\/sucre-de-datte\/","name":"Sucre de DATTE - Vera nature","isPartOf":{"@id":"https:\/\/www.vera-nature.com\/#website"},"primaryImageOfPage":{"@id":"https:\/\/www.vera-nature.com\/product\/sucre-de-datte\/#primaryimage"},"image":{"@id":"https:\/\/www.vera-nature.com\/product\/sucre-de-datte\/#primaryimage"},"thumbnailUrl":"https:\/\/www.vera-nature.com\/wp-content\/uploads\/2026\/02\/sucre-de-datte-copie.webp","datePublished":"2026-02-04T13:51:08+00:00","dateModified":"2026-02-10T12:14:13+00:00","breadcrumb":{"@id":"https:\/\/www.vera-nature.com\/product\/sucre-de-datte\/#breadcrumb"},"inLanguage":"en-GB","potentialAction":[{"@type":"ReadAction","target":["https:\/\/www.vera-nature.com\/product\/sucre-de-datte\/"]}]},{"@type":"ImageObject","inLanguage":"en-GB","@id":"https:\/\/www.vera-nature.com\/product\/sucre-de-datte\/#primaryimage","url":"https:\/\/www.vera-nature.com\/wp-content\/uploads\/2026\/02\/sucre-de-datte-copie.webp","contentUrl":"https:\/\/www.vera-nature.com\/wp-content\/uploads\/2026\/02\/sucre-de-datte-copie.webp","width":560,"height":570,"caption":"sucre de datte"},{"@type":"BreadcrumbList","@id":"https:\/\/www.vera-nature.com\/product\/sucre-de-datte\/#breadcrumb","itemListElement":[{"@type":"ListItem","position":1,"name":"Accueil","item":"https:\/\/www.vera-nature.com\/"},{"@type":"ListItem","position":2,"name":"Nos produits","item":"https:\/\/www.vera-nature.com\/nos-produits\/"},{"@type":"ListItem","position":3,"name":"Sucre de DATTE"}]},{"@type":"WebSite","@id":"https:\/\/www.vera-nature.com\/#website","url":"https:\/\/www.vera-nature.com\/","name":"Vera nature","description":"","publisher":{"@id":"https:\/\/www.vera-nature.com\/#organization"},"potentialAction":[{"@type":"SearchAction","target":{"@type":"EntryPoint","urlTemplate":"https:\/\/www.vera-nature.com\/?s={search_term_string}"},"query-input":{"@type":"PropertyValueSpecification","valueRequired":true,"valueName":"search_term_string"}}],"inLanguage":"en-GB"},{"@type":"Organization","@id":"https:\/\/www.vera-nature.com\/#organization","name":"Vera nature","url":"https:\/\/www.vera-nature.com\/","logo":{"@type":"ImageObject","inLanguage":"en-GB","@id":"https:\/\/www.vera-nature.com\/#\/schema\/logo\/image\/","url":"https:\/\/www.vera-nature.com\/wp-content\/uploads\/2023\/02\/logo_vernature.png","contentUrl":"https:\/\/www.vera-nature.com\/wp-content\/uploads\/2023\/02\/logo_vernature.png","width":235,"height":88,"caption":"Vera nature"},"image":{"@id":"https:\/\/www.vera-nature.com\/#\/schema\/logo\/image\/"}}]}},"_links":{"self":[{"href":"https:\/\/www.vera-nature.com\/en\/wp-json\/wp\/v2\/product\/3265","targetHints":{"allow":["GET"]}}],"collection":[{"href":"https:\/\/www.vera-nature.com\/en\/wp-json\/wp\/v2\/product"}],"about":[{"href":"https:\/\/www.vera-nature.com\/en\/wp-json\/wp\/v2\/types\/product"}],"wp:featuredmedia":[{"embeddable":true,"href":"https:\/\/www.vera-nature.com\/en\/wp-json\/wp\/v2\/media\/3571"}],"wp:attachment":[{"href":"https:\/\/www.vera-nature.com\/en\/wp-json\/wp\/v2\/media?parent=3265"}],"wp:term":[{"taxonomy":"product_brand","embeddable":true,"href":"https:\/\/www.vera-nature.com\/en\/wp-json\/wp\/v2\/product_brand?post=3265"},{"taxonomy":"product_cat","embeddable":true,"href":"https:\/\/www.vera-nature.com\/en\/wp-json\/wp\/v2\/product_cat?post=3265"},{"taxonomy":"product_tag","embeddable":true,"href":"https:\/\/www.vera-nature.com\/en\/wp-json\/wp\/v2\/product_tag?post=3265"}],"curies":[{"name":"wp","href":"https:\/\/api.w.org\/{rel}","templated":true}]}}