{"id":3267,"date":"2026-02-04T14:53:27","date_gmt":"2026-02-04T13:53:27","guid":{"rendered":"https:\/\/vera-nature.hypergroup.tn\/?post_type=product&#038;p=3267"},"modified":"2026-02-10T13:09:19","modified_gmt":"2026-02-10T12:09:19","slug":"sucre-de-caroube","status":"publish","type":"product","link":"https:\/\/www.vera-nature.com\/en\/product\/sucre-de-caroube\/","title":{"rendered":"Sucre de CAROUBE"},"content":{"rendered":"<p>Le sucre de caroube est fabriqu\u00e9 artisanalement \u00e0 partir de gousses de caroube soigneusement s\u00e9lectionn\u00e9es, sans additifs ni produits chimiques, pour pr\u00e9server toutes ses propri\u00e9t\u00e9s naturelles. Il constitue une source naturelle de glucides, riche en fibres, min\u00e9raux et antioxydants. Sa consommation apporte de l\u2019\u00e9nergie de mani\u00e8re saine et contribue \u00e0 un m\u00e9tabolisme \u00e9quilibr\u00e9. Utilis\u00e9 r\u00e9guli\u00e8rement dans une alimentation saine, il soutient le bien-\u00eatre g\u00e9n\u00e9ral et apporte un \u00e9dulcorant 100% naturel, s\u00fbr et nutritif.<\/p>","protected":false},"excerpt":{"rendered":"<p>250 g<\/p>\n<p>Le sucre de caroube, 100% naturel et pr\u00e9par\u00e9 selon un proc\u00e9d\u00e9 traditionnel, est un \u00e9dulcorant sain et nutritif. Il apporte de l\u2019\u00e9nergie tout en soutenant le m\u00e9tabolisme et le bien-\u00eatre g\u00e9n\u00e9ral de l\u2019organisme.<\/p>","protected":false},"featured_media":3570,"template":"","meta":[],"product_brand":[],"product_cat":[52,53],"product_tag":[],"class_list":{"0":"post-3267","1":"product","2":"type-product","3":"status-publish","4":"has-post-thumbnail","6":"product_cat-pates-et-poudres-de-fruits-secs-et-dherbes-naturelles","7":"product_cat-produits-alimentaires-naturels","9":"first","10":"instock","11":"shipping-taxable","12":"purchasable","13":"product-type-simple"},"yoast_head":"<!-- This site is optimized with the Yoast SEO plugin v27.0 - https:\/\/yoast.com\/product\/yoast-seo-wordpress\/ -->\n<title>Sucre de CAROUBE - Vera nature<\/title>\n<meta name=\"robots\" content=\"index, follow, max-snippet:-1, max-image-preview:large, max-video-preview:-1\" \/>\n<link rel=\"canonical\" href=\"https:\/\/www.vera-nature.com\/en\/product\/sucre-de-caroube\/\" \/>\n<meta property=\"og:locale\" content=\"en_GB\" \/>\n<meta property=\"og:type\" content=\"article\" \/>\n<meta property=\"og:title\" content=\"Sucre de CAROUBE - Vera nature\" \/>\n<meta property=\"og:description\" content=\"250 g  Le sucre de caroube, 100% naturel et pr\u00e9par\u00e9 selon un proc\u00e9d\u00e9 traditionnel, est un \u00e9dulcorant sain et nutritif. Il apporte de l\u2019\u00e9nergie tout en soutenant le m\u00e9tabolisme et le bien-\u00eatre g\u00e9n\u00e9ral de l\u2019organisme.\" \/>\n<meta property=\"og:url\" content=\"https:\/\/www.vera-nature.com\/en\/product\/sucre-de-caroube\/\" \/>\n<meta property=\"og:site_name\" content=\"Vera nature\" \/>\n<meta property=\"article:modified_time\" content=\"2026-02-10T12:09:19+00:00\" \/>\n<meta property=\"og:image\" content=\"https:\/\/www.vera-nature.com\/wp-content\/uploads\/2026\/02\/sucre-caroube-copie.webp\" \/>\n\t<meta property=\"og:image:width\" content=\"560\" \/>\n\t<meta property=\"og:image:height\" content=\"570\" \/>\n\t<meta property=\"og:image:type\" content=\"image\/webp\" \/>\n<meta name=\"twitter:card\" content=\"summary_large_image\" \/>\n<script type=\"application\/ld+json\" class=\"yoast-schema-graph\">{\"@context\":\"https:\/\/schema.org\",\"@graph\":[{\"@type\":\"WebPage\",\"@id\":\"https:\/\/www.vera-nature.com\/product\/sucre-de-caroube\/\",\"url\":\"https:\/\/www.vera-nature.com\/product\/sucre-de-caroube\/\",\"name\":\"Sucre de CAROUBE - Vera nature\",\"isPartOf\":{\"@id\":\"https:\/\/www.vera-nature.com\/#website\"},\"primaryImageOfPage\":{\"@id\":\"https:\/\/www.vera-nature.com\/product\/sucre-de-caroube\/#primaryimage\"},\"image\":{\"@id\":\"https:\/\/www.vera-nature.com\/product\/sucre-de-caroube\/#primaryimage\"},\"thumbnailUrl\":\"https:\/\/www.vera-nature.com\/wp-content\/uploads\/2026\/02\/sucre-caroube-copie.webp\",\"datePublished\":\"2026-02-04T13:53:27+00:00\",\"dateModified\":\"2026-02-10T12:09:19+00:00\",\"breadcrumb\":{\"@id\":\"https:\/\/www.vera-nature.com\/product\/sucre-de-caroube\/#breadcrumb\"},\"inLanguage\":\"en-GB\",\"potentialAction\":[{\"@type\":\"ReadAction\",\"target\":[\"https:\/\/www.vera-nature.com\/product\/sucre-de-caroube\/\"]}]},{\"@type\":\"ImageObject\",\"inLanguage\":\"en-GB\",\"@id\":\"https:\/\/www.vera-nature.com\/product\/sucre-de-caroube\/#primaryimage\",\"url\":\"https:\/\/www.vera-nature.com\/wp-content\/uploads\/2026\/02\/sucre-caroube-copie.webp\",\"contentUrl\":\"https:\/\/www.vera-nature.com\/wp-content\/uploads\/2026\/02\/sucre-caroube-copie.webp\",\"width\":560,\"height\":570,\"caption\":\"sucre de caroube\"},{\"@type\":\"BreadcrumbList\",\"@id\":\"https:\/\/www.vera-nature.com\/product\/sucre-de-caroube\/#breadcrumb\",\"itemListElement\":[{\"@type\":\"ListItem\",\"position\":1,\"name\":\"Accueil\",\"item\":\"https:\/\/www.vera-nature.com\/\"},{\"@type\":\"ListItem\",\"position\":2,\"name\":\"Nos produits\",\"item\":\"https:\/\/www.vera-nature.com\/nos-produits\/\"},{\"@type\":\"ListItem\",\"position\":3,\"name\":\"Sucre de CAROUBE\"}]},{\"@type\":\"WebSite\",\"@id\":\"https:\/\/www.vera-nature.com\/#website\",\"url\":\"https:\/\/www.vera-nature.com\/\",\"name\":\"Vera nature\",\"description\":\"\",\"publisher\":{\"@id\":\"https:\/\/www.vera-nature.com\/#organization\"},\"potentialAction\":[{\"@type\":\"SearchAction\",\"target\":{\"@type\":\"EntryPoint\",\"urlTemplate\":\"https:\/\/www.vera-nature.com\/?s={search_term_string}\"},\"query-input\":{\"@type\":\"PropertyValueSpecification\",\"valueRequired\":true,\"valueName\":\"search_term_string\"}}],\"inLanguage\":\"en-GB\"},{\"@type\":\"Organization\",\"@id\":\"https:\/\/www.vera-nature.com\/#organization\",\"name\":\"Vera nature\",\"url\":\"https:\/\/www.vera-nature.com\/\",\"logo\":{\"@type\":\"ImageObject\",\"inLanguage\":\"en-GB\",\"@id\":\"https:\/\/www.vera-nature.com\/#\/schema\/logo\/image\/\",\"url\":\"https:\/\/www.vera-nature.com\/wp-content\/uploads\/2023\/02\/logo_vernature.png\",\"contentUrl\":\"https:\/\/www.vera-nature.com\/wp-content\/uploads\/2023\/02\/logo_vernature.png\",\"width\":235,\"height\":88,\"caption\":\"Vera nature\"},\"image\":{\"@id\":\"https:\/\/www.vera-nature.com\/#\/schema\/logo\/image\/\"}}]}<\/script>\n<!-- \/ Yoast SEO plugin. -->","yoast_head_json":{"title":"Sucre de CAROUBE - Vera nature","robots":{"index":"index","follow":"follow","max-snippet":"max-snippet:-1","max-image-preview":"max-image-preview:large","max-video-preview":"max-video-preview:-1"},"canonical":"https:\/\/www.vera-nature.com\/en\/product\/sucre-de-caroube\/","og_locale":"en_GB","og_type":"article","og_title":"Sucre de CAROUBE - Vera nature","og_description":"250 g  Le sucre de caroube, 100% naturel et pr\u00e9par\u00e9 selon un proc\u00e9d\u00e9 traditionnel, est un \u00e9dulcorant sain et nutritif. Il apporte de l\u2019\u00e9nergie tout en soutenant le m\u00e9tabolisme et le bien-\u00eatre g\u00e9n\u00e9ral de l\u2019organisme.","og_url":"https:\/\/www.vera-nature.com\/en\/product\/sucre-de-caroube\/","og_site_name":"Vera nature","article_modified_time":"2026-02-10T12:09:19+00:00","og_image":[{"width":560,"height":570,"url":"https:\/\/www.vera-nature.com\/wp-content\/uploads\/2026\/02\/sucre-caroube-copie.webp","type":"image\/webp"}],"twitter_card":"summary_large_image","schema":{"@context":"https:\/\/schema.org","@graph":[{"@type":"WebPage","@id":"https:\/\/www.vera-nature.com\/product\/sucre-de-caroube\/","url":"https:\/\/www.vera-nature.com\/product\/sucre-de-caroube\/","name":"Sucre de CAROUBE - Vera nature","isPartOf":{"@id":"https:\/\/www.vera-nature.com\/#website"},"primaryImageOfPage":{"@id":"https:\/\/www.vera-nature.com\/product\/sucre-de-caroube\/#primaryimage"},"image":{"@id":"https:\/\/www.vera-nature.com\/product\/sucre-de-caroube\/#primaryimage"},"thumbnailUrl":"https:\/\/www.vera-nature.com\/wp-content\/uploads\/2026\/02\/sucre-caroube-copie.webp","datePublished":"2026-02-04T13:53:27+00:00","dateModified":"2026-02-10T12:09:19+00:00","breadcrumb":{"@id":"https:\/\/www.vera-nature.com\/product\/sucre-de-caroube\/#breadcrumb"},"inLanguage":"en-GB","potentialAction":[{"@type":"ReadAction","target":["https:\/\/www.vera-nature.com\/product\/sucre-de-caroube\/"]}]},{"@type":"ImageObject","inLanguage":"en-GB","@id":"https:\/\/www.vera-nature.com\/product\/sucre-de-caroube\/#primaryimage","url":"https:\/\/www.vera-nature.com\/wp-content\/uploads\/2026\/02\/sucre-caroube-copie.webp","contentUrl":"https:\/\/www.vera-nature.com\/wp-content\/uploads\/2026\/02\/sucre-caroube-copie.webp","width":560,"height":570,"caption":"sucre de caroube"},{"@type":"BreadcrumbList","@id":"https:\/\/www.vera-nature.com\/product\/sucre-de-caroube\/#breadcrumb","itemListElement":[{"@type":"ListItem","position":1,"name":"Accueil","item":"https:\/\/www.vera-nature.com\/"},{"@type":"ListItem","position":2,"name":"Nos produits","item":"https:\/\/www.vera-nature.com\/nos-produits\/"},{"@type":"ListItem","position":3,"name":"Sucre de CAROUBE"}]},{"@type":"WebSite","@id":"https:\/\/www.vera-nature.com\/#website","url":"https:\/\/www.vera-nature.com\/","name":"Vera nature","description":"","publisher":{"@id":"https:\/\/www.vera-nature.com\/#organization"},"potentialAction":[{"@type":"SearchAction","target":{"@type":"EntryPoint","urlTemplate":"https:\/\/www.vera-nature.com\/?s={search_term_string}"},"query-input":{"@type":"PropertyValueSpecification","valueRequired":true,"valueName":"search_term_string"}}],"inLanguage":"en-GB"},{"@type":"Organization","@id":"https:\/\/www.vera-nature.com\/#organization","name":"Vera nature","url":"https:\/\/www.vera-nature.com\/","logo":{"@type":"ImageObject","inLanguage":"en-GB","@id":"https:\/\/www.vera-nature.com\/#\/schema\/logo\/image\/","url":"https:\/\/www.vera-nature.com\/wp-content\/uploads\/2023\/02\/logo_vernature.png","contentUrl":"https:\/\/www.vera-nature.com\/wp-content\/uploads\/2023\/02\/logo_vernature.png","width":235,"height":88,"caption":"Vera nature"},"image":{"@id":"https:\/\/www.vera-nature.com\/#\/schema\/logo\/image\/"}}]}},"_links":{"self":[{"href":"https:\/\/www.vera-nature.com\/en\/wp-json\/wp\/v2\/product\/3267","targetHints":{"allow":["GET"]}}],"collection":[{"href":"https:\/\/www.vera-nature.com\/en\/wp-json\/wp\/v2\/product"}],"about":[{"href":"https:\/\/www.vera-nature.com\/en\/wp-json\/wp\/v2\/types\/product"}],"wp:featuredmedia":[{"embeddable":true,"href":"https:\/\/www.vera-nature.com\/en\/wp-json\/wp\/v2\/media\/3570"}],"wp:attachment":[{"href":"https:\/\/www.vera-nature.com\/en\/wp-json\/wp\/v2\/media?parent=3267"}],"wp:term":[{"taxonomy":"product_brand","embeddable":true,"href":"https:\/\/www.vera-nature.com\/en\/wp-json\/wp\/v2\/product_brand?post=3267"},{"taxonomy":"product_cat","embeddable":true,"href":"https:\/\/www.vera-nature.com\/en\/wp-json\/wp\/v2\/product_cat?post=3267"},{"taxonomy":"product_tag","embeddable":true,"href":"https:\/\/www.vera-nature.com\/en\/wp-json\/wp\/v2\/product_tag?post=3267"}],"curies":[{"name":"wp","href":"https:\/\/api.w.org\/{rel}","templated":true}]}}