{"id":3269,"date":"2026-02-04T15:09:34","date_gmt":"2026-02-04T14:09:34","guid":{"rendered":"https:\/\/vera-nature.hypergroup.tn\/?post_type=product&#038;p=3269"},"modified":"2026-02-12T12:16:30","modified_gmt":"2026-02-12T11:16:30","slug":"tahini-au-sesame","status":"publish","type":"product","link":"https:\/\/www.vera-nature.com\/en\/product\/tahini-au-sesame\/","title":{"rendered":"Tahini au S\u00e9same"},"content":{"rendered":"<p>Le tahini au s\u00e9same est fabriqu\u00e9 artisanalement \u00e0 partir de graines de s\u00e9same soigneusement s\u00e9lectionn\u00e9es et press\u00e9es \u00e0 froid, pour pr\u00e9server tous leurs nutriments. Il est <strong data-start=\"662\" data-end=\"682\">sans sucre blanc<\/strong>, sucr\u00e9 naturellement avec un peu de sucre de datte, et riche en acides gras essentiels, calcium, magn\u00e9sium, vitamine E et prot\u00e9ines v\u00e9g\u00e9tales. Sa consommation r\u00e9guli\u00e8re soutient le m\u00e9tabolisme, la sant\u00e9 cardiovasculaire, osseuse et contribue \u00e0 l\u2019\u00e9nergie quotidienne. Utilis\u00e9 comme compl\u00e9ment alimentaire ou dans la cuisine, il apporte un produit <strong data-start=\"1029\" data-end=\"1063\">100% naturel, sain et nutritif<\/strong>, parfait pour le bien-\u00eatre g\u00e9n\u00e9ral.<\/p>","protected":false},"excerpt":{"rendered":"<p>250 g<\/p>\n<p>Le tahini au s\u00e9same, 100% naturel et pr\u00e9par\u00e9 de mani\u00e8re traditionnelle, est une p\u00e2te nutritive et saine, <strong data-start=\"284\" data-end=\"304\">sans sucre blanc<\/strong> et l\u00e9g\u00e8rement sucr\u00e9e au sucre de datte. Il est riche en acides gras essentiels, prot\u00e9ines et min\u00e9raux, contribuant \u00e0 la sant\u00e9 du c\u0153ur, des os et au m\u00e9tabolisme.<\/p>","protected":false},"featured_media":3642,"template":"","meta":[],"product_brand":[],"product_cat":[64],"product_tag":[],"class_list":{"0":"post-3269","1":"product","2":"type-product","3":"status-publish","4":"has-post-thumbnail","6":"product_cat-bsisa","8":"first","9":"instock","10":"shipping-taxable","11":"purchasable","12":"product-type-simple"},"yoast_head":"<!-- This site is optimized with the Yoast SEO plugin v27.0 - https:\/\/yoast.com\/product\/yoast-seo-wordpress\/ -->\n<title>Tahini au S\u00e9same - Vera nature<\/title>\n<meta name=\"robots\" content=\"index, follow, max-snippet:-1, max-image-preview:large, max-video-preview:-1\" \/>\n<link rel=\"canonical\" href=\"https:\/\/www.vera-nature.com\/en\/product\/tahini-au-sesame\/\" \/>\n<meta property=\"og:locale\" content=\"en_GB\" \/>\n<meta property=\"og:type\" content=\"article\" \/>\n<meta property=\"og:title\" content=\"Tahini au S\u00e9same - Vera nature\" \/>\n<meta property=\"og:description\" content=\"250 g  Le tahini au s\u00e9same, 100% naturel et pr\u00e9par\u00e9 de mani\u00e8re traditionnelle, est une p\u00e2te nutritive et saine, sans sucre blanc et l\u00e9g\u00e8rement sucr\u00e9e au sucre de datte. Il est riche en acides gras essentiels, prot\u00e9ines et min\u00e9raux, contribuant \u00e0 la sant\u00e9 du c\u0153ur, des os et au m\u00e9tabolisme.\" \/>\n<meta property=\"og:url\" content=\"https:\/\/www.vera-nature.com\/en\/product\/tahini-au-sesame\/\" \/>\n<meta property=\"og:site_name\" content=\"Vera nature\" \/>\n<meta property=\"article:modified_time\" content=\"2026-02-12T11:16:30+00:00\" \/>\n<meta property=\"og:image\" content=\"https:\/\/www.vera-nature.com\/wp-content\/uploads\/2026\/02\/sesame-tartine-copie.webp\" \/>\n\t<meta property=\"og:image:width\" content=\"560\" \/>\n\t<meta property=\"og:image:height\" content=\"570\" \/>\n\t<meta property=\"og:image:type\" content=\"image\/webp\" \/>\n<meta name=\"twitter:card\" content=\"summary_large_image\" \/>\n<meta name=\"twitter:label1\" content=\"Estimated reading time\" \/>\n\t<meta name=\"twitter:data1\" content=\"1 minute\" \/>\n<script type=\"application\/ld+json\" class=\"yoast-schema-graph\">{\"@context\":\"https:\/\/schema.org\",\"@graph\":[{\"@type\":\"WebPage\",\"@id\":\"https:\/\/www.vera-nature.com\/product\/tahini-au-sesame\/\",\"url\":\"https:\/\/www.vera-nature.com\/product\/tahini-au-sesame\/\",\"name\":\"Tahini au S\u00e9same - Vera nature\",\"isPartOf\":{\"@id\":\"https:\/\/www.vera-nature.com\/#website\"},\"primaryImageOfPage\":{\"@id\":\"https:\/\/www.vera-nature.com\/product\/tahini-au-sesame\/#primaryimage\"},\"image\":{\"@id\":\"https:\/\/www.vera-nature.com\/product\/tahini-au-sesame\/#primaryimage\"},\"thumbnailUrl\":\"https:\/\/www.vera-nature.com\/wp-content\/uploads\/2026\/02\/sesame-tartine-copie.webp\",\"datePublished\":\"2026-02-04T14:09:34+00:00\",\"dateModified\":\"2026-02-12T11:16:30+00:00\",\"breadcrumb\":{\"@id\":\"https:\/\/www.vera-nature.com\/product\/tahini-au-sesame\/#breadcrumb\"},\"inLanguage\":\"en-GB\",\"potentialAction\":[{\"@type\":\"ReadAction\",\"target\":[\"https:\/\/www.vera-nature.com\/product\/tahini-au-sesame\/\"]}]},{\"@type\":\"ImageObject\",\"inLanguage\":\"en-GB\",\"@id\":\"https:\/\/www.vera-nature.com\/product\/tahini-au-sesame\/#primaryimage\",\"url\":\"https:\/\/www.vera-nature.com\/wp-content\/uploads\/2026\/02\/sesame-tartine-copie.webp\",\"contentUrl\":\"https:\/\/www.vera-nature.com\/wp-content\/uploads\/2026\/02\/sesame-tartine-copie.webp\",\"width\":560,\"height\":570},{\"@type\":\"BreadcrumbList\",\"@id\":\"https:\/\/www.vera-nature.com\/product\/tahini-au-sesame\/#breadcrumb\",\"itemListElement\":[{\"@type\":\"ListItem\",\"position\":1,\"name\":\"Accueil\",\"item\":\"https:\/\/www.vera-nature.com\/\"},{\"@type\":\"ListItem\",\"position\":2,\"name\":\"Nos produits\",\"item\":\"https:\/\/www.vera-nature.com\/nos-produits\/\"},{\"@type\":\"ListItem\",\"position\":3,\"name\":\"Tahini au S\u00e9same\"}]},{\"@type\":\"WebSite\",\"@id\":\"https:\/\/www.vera-nature.com\/#website\",\"url\":\"https:\/\/www.vera-nature.com\/\",\"name\":\"Vera nature\",\"description\":\"\",\"publisher\":{\"@id\":\"https:\/\/www.vera-nature.com\/#organization\"},\"potentialAction\":[{\"@type\":\"SearchAction\",\"target\":{\"@type\":\"EntryPoint\",\"urlTemplate\":\"https:\/\/www.vera-nature.com\/?s={search_term_string}\"},\"query-input\":{\"@type\":\"PropertyValueSpecification\",\"valueRequired\":true,\"valueName\":\"search_term_string\"}}],\"inLanguage\":\"en-GB\"},{\"@type\":\"Organization\",\"@id\":\"https:\/\/www.vera-nature.com\/#organization\",\"name\":\"Vera nature\",\"url\":\"https:\/\/www.vera-nature.com\/\",\"logo\":{\"@type\":\"ImageObject\",\"inLanguage\":\"en-GB\",\"@id\":\"https:\/\/www.vera-nature.com\/#\/schema\/logo\/image\/\",\"url\":\"https:\/\/www.vera-nature.com\/wp-content\/uploads\/2023\/02\/logo_vernature.png\",\"contentUrl\":\"https:\/\/www.vera-nature.com\/wp-content\/uploads\/2023\/02\/logo_vernature.png\",\"width\":235,\"height\":88,\"caption\":\"Vera nature\"},\"image\":{\"@id\":\"https:\/\/www.vera-nature.com\/#\/schema\/logo\/image\/\"}}]}<\/script>\n<!-- \/ Yoast SEO plugin. -->","yoast_head_json":{"title":"Tahini au S\u00e9same - Vera nature","robots":{"index":"index","follow":"follow","max-snippet":"max-snippet:-1","max-image-preview":"max-image-preview:large","max-video-preview":"max-video-preview:-1"},"canonical":"https:\/\/www.vera-nature.com\/en\/product\/tahini-au-sesame\/","og_locale":"en_GB","og_type":"article","og_title":"Tahini au S\u00e9same - Vera nature","og_description":"250 g  Le tahini au s\u00e9same, 100% naturel et pr\u00e9par\u00e9 de mani\u00e8re traditionnelle, est une p\u00e2te nutritive et saine, sans sucre blanc et l\u00e9g\u00e8rement sucr\u00e9e au sucre de datte. Il est riche en acides gras essentiels, prot\u00e9ines et min\u00e9raux, contribuant \u00e0 la sant\u00e9 du c\u0153ur, des os et au m\u00e9tabolisme.","og_url":"https:\/\/www.vera-nature.com\/en\/product\/tahini-au-sesame\/","og_site_name":"Vera nature","article_modified_time":"2026-02-12T11:16:30+00:00","og_image":[{"width":560,"height":570,"url":"https:\/\/www.vera-nature.com\/wp-content\/uploads\/2026\/02\/sesame-tartine-copie.webp","type":"image\/webp"}],"twitter_card":"summary_large_image","twitter_misc":{"Estimated reading time":"1 minute"},"schema":{"@context":"https:\/\/schema.org","@graph":[{"@type":"WebPage","@id":"https:\/\/www.vera-nature.com\/product\/tahini-au-sesame\/","url":"https:\/\/www.vera-nature.com\/product\/tahini-au-sesame\/","name":"Tahini au S\u00e9same - Vera nature","isPartOf":{"@id":"https:\/\/www.vera-nature.com\/#website"},"primaryImageOfPage":{"@id":"https:\/\/www.vera-nature.com\/product\/tahini-au-sesame\/#primaryimage"},"image":{"@id":"https:\/\/www.vera-nature.com\/product\/tahini-au-sesame\/#primaryimage"},"thumbnailUrl":"https:\/\/www.vera-nature.com\/wp-content\/uploads\/2026\/02\/sesame-tartine-copie.webp","datePublished":"2026-02-04T14:09:34+00:00","dateModified":"2026-02-12T11:16:30+00:00","breadcrumb":{"@id":"https:\/\/www.vera-nature.com\/product\/tahini-au-sesame\/#breadcrumb"},"inLanguage":"en-GB","potentialAction":[{"@type":"ReadAction","target":["https:\/\/www.vera-nature.com\/product\/tahini-au-sesame\/"]}]},{"@type":"ImageObject","inLanguage":"en-GB","@id":"https:\/\/www.vera-nature.com\/product\/tahini-au-sesame\/#primaryimage","url":"https:\/\/www.vera-nature.com\/wp-content\/uploads\/2026\/02\/sesame-tartine-copie.webp","contentUrl":"https:\/\/www.vera-nature.com\/wp-content\/uploads\/2026\/02\/sesame-tartine-copie.webp","width":560,"height":570},{"@type":"BreadcrumbList","@id":"https:\/\/www.vera-nature.com\/product\/tahini-au-sesame\/#breadcrumb","itemListElement":[{"@type":"ListItem","position":1,"name":"Accueil","item":"https:\/\/www.vera-nature.com\/"},{"@type":"ListItem","position":2,"name":"Nos produits","item":"https:\/\/www.vera-nature.com\/nos-produits\/"},{"@type":"ListItem","position":3,"name":"Tahini au S\u00e9same"}]},{"@type":"WebSite","@id":"https:\/\/www.vera-nature.com\/#website","url":"https:\/\/www.vera-nature.com\/","name":"Vera nature","description":"","publisher":{"@id":"https:\/\/www.vera-nature.com\/#organization"},"potentialAction":[{"@type":"SearchAction","target":{"@type":"EntryPoint","urlTemplate":"https:\/\/www.vera-nature.com\/?s={search_term_string}"},"query-input":{"@type":"PropertyValueSpecification","valueRequired":true,"valueName":"search_term_string"}}],"inLanguage":"en-GB"},{"@type":"Organization","@id":"https:\/\/www.vera-nature.com\/#organization","name":"Vera nature","url":"https:\/\/www.vera-nature.com\/","logo":{"@type":"ImageObject","inLanguage":"en-GB","@id":"https:\/\/www.vera-nature.com\/#\/schema\/logo\/image\/","url":"https:\/\/www.vera-nature.com\/wp-content\/uploads\/2023\/02\/logo_vernature.png","contentUrl":"https:\/\/www.vera-nature.com\/wp-content\/uploads\/2023\/02\/logo_vernature.png","width":235,"height":88,"caption":"Vera nature"},"image":{"@id":"https:\/\/www.vera-nature.com\/#\/schema\/logo\/image\/"}}]}},"_links":{"self":[{"href":"https:\/\/www.vera-nature.com\/en\/wp-json\/wp\/v2\/product\/3269","targetHints":{"allow":["GET"]}}],"collection":[{"href":"https:\/\/www.vera-nature.com\/en\/wp-json\/wp\/v2\/product"}],"about":[{"href":"https:\/\/www.vera-nature.com\/en\/wp-json\/wp\/v2\/types\/product"}],"wp:featuredmedia":[{"embeddable":true,"href":"https:\/\/www.vera-nature.com\/en\/wp-json\/wp\/v2\/media\/3642"}],"wp:attachment":[{"href":"https:\/\/www.vera-nature.com\/en\/wp-json\/wp\/v2\/media?parent=3269"}],"wp:term":[{"taxonomy":"product_brand","embeddable":true,"href":"https:\/\/www.vera-nature.com\/en\/wp-json\/wp\/v2\/product_brand?post=3269"},{"taxonomy":"product_cat","embeddable":true,"href":"https:\/\/www.vera-nature.com\/en\/wp-json\/wp\/v2\/product_cat?post=3269"},{"taxonomy":"product_tag","embeddable":true,"href":"https:\/\/www.vera-nature.com\/en\/wp-json\/wp\/v2\/product_tag?post=3269"}],"curies":[{"name":"wp","href":"https:\/\/api.w.org\/{rel}","templated":true}]}}