{"id":3270,"date":"2026-02-04T15:13:13","date_gmt":"2026-02-04T14:13:13","guid":{"rendered":"https:\/\/vera-nature.hypergroup.tn\/?post_type=product&#038;p=3270"},"modified":"2026-02-10T12:44:02","modified_gmt":"2026-02-10T11:44:02","slug":"bsisa-noix-de-pepines-de-courge","status":"publish","type":"product","link":"https:\/\/www.vera-nature.com\/en\/product\/bsisa-noix-de-pepines-de-courge\/","title":{"rendered":"Bsisa Noix de P\u00e9pines de Courge"},"content":{"rendered":"<p>La Bsisa aux noix et p\u00e9pines de courge est fabriqu\u00e9e artisanalement avec des ingr\u00e9dients soigneusement s\u00e9lectionn\u00e9s et pr\u00e9par\u00e9e selon un proc\u00e9d\u00e9 traditionnel. Elle est <strong data-start=\"687\" data-end=\"707\">sans sucre blanc<\/strong>, sucr\u00e9e naturellement avec un peu de sucre de datte, et riche en prot\u00e9ines, fibres, acides gras essentiels et min\u00e9raux tels que le zinc et le magn\u00e9sium. Sa consommation r\u00e9guli\u00e8re fournit de l\u2019\u00e9nergie, soutient le m\u00e9tabolisme et contribue \u00e0 la sant\u00e9 g\u00e9n\u00e9rale. Id\u00e9ale pour le petit-d\u00e9jeuner ou en collation, elle offre un produit <strong data-start=\"1036\" data-end=\"1070\">100% naturel, sain et nutritif<\/strong>, parfait pour le bien-\u00eatre quotidien.<\/p>","protected":false},"excerpt":{"rendered":"<p>250 g<\/p>\n<p>La Bsisa aux noix et p\u00e9pines de courge, pr\u00e9par\u00e9e selon un savoir-faire traditionnel, est un m\u00e9lange nutritif et sain, <strong data-start=\"326\" data-end=\"346\" data-is-only-node=\"\">sans sucre blanc<\/strong> et l\u00e9g\u00e8rement sucr\u00e9 au sucre de datte. Elle apporte \u00e9nergie, prot\u00e9ines et min\u00e9raux essentiels pour soutenir le m\u00e9tabolisme et le bien-\u00eatre g\u00e9n\u00e9ral.<\/p>","protected":false},"featured_media":3567,"template":"","meta":[],"product_brand":[],"product_cat":[64,62],"product_tag":[],"class_list":{"0":"post-3270","1":"product","2":"type-product","3":"status-publish","4":"has-post-thumbnail","6":"product_cat-bsisa","7":"product_cat-la-maison-de-la-khabya-tunisienne-et-sfaxienne","9":"first","10":"instock","11":"shipping-taxable","12":"purchasable","13":"product-type-simple"},"yoast_head":"<!-- This site is optimized with the Yoast SEO plugin v27.0 - https:\/\/yoast.com\/product\/yoast-seo-wordpress\/ -->\n<title>Bsisa Noix de P\u00e9pines de Courge - Vera nature<\/title>\n<meta name=\"robots\" content=\"index, follow, max-snippet:-1, max-image-preview:large, max-video-preview:-1\" \/>\n<link rel=\"canonical\" href=\"https:\/\/www.vera-nature.com\/en\/product\/bsisa-noix-de-pepines-de-courge\/\" \/>\n<meta property=\"og:locale\" content=\"en_GB\" \/>\n<meta property=\"og:type\" content=\"article\" \/>\n<meta property=\"og:title\" content=\"Bsisa Noix de P\u00e9pines de Courge - Vera nature\" \/>\n<meta property=\"og:description\" content=\"250 g  La Bsisa aux noix et p\u00e9pines de courge, pr\u00e9par\u00e9e selon un savoir-faire traditionnel, est un m\u00e9lange nutritif et sain, sans sucre blanc et l\u00e9g\u00e8rement sucr\u00e9 au sucre de datte. Elle apporte \u00e9nergie, prot\u00e9ines et min\u00e9raux essentiels pour soutenir le m\u00e9tabolisme et le bien-\u00eatre g\u00e9n\u00e9ral.\" \/>\n<meta property=\"og:url\" content=\"https:\/\/www.vera-nature.com\/en\/product\/bsisa-noix-de-pepines-de-courge\/\" \/>\n<meta property=\"og:site_name\" content=\"Vera nature\" \/>\n<meta property=\"article:modified_time\" content=\"2026-02-10T11:44:02+00:00\" \/>\n<meta property=\"og:image\" content=\"https:\/\/www.vera-nature.com\/wp-content\/uploads\/2026\/02\/noix-et-courge-copie.webp\" \/>\n\t<meta property=\"og:image:width\" content=\"560\" \/>\n\t<meta property=\"og:image:height\" content=\"570\" \/>\n\t<meta property=\"og:image:type\" content=\"image\/webp\" \/>\n<meta name=\"twitter:card\" content=\"summary_large_image\" \/>\n<meta name=\"twitter:label1\" content=\"Estimated reading time\" \/>\n\t<meta name=\"twitter:data1\" content=\"1 minute\" \/>\n<script type=\"application\/ld+json\" class=\"yoast-schema-graph\">{\"@context\":\"https:\/\/schema.org\",\"@graph\":[{\"@type\":\"WebPage\",\"@id\":\"https:\/\/www.vera-nature.com\/product\/bsisa-noix-de-pepines-de-courge\/\",\"url\":\"https:\/\/www.vera-nature.com\/product\/bsisa-noix-de-pepines-de-courge\/\",\"name\":\"Bsisa Noix de P\u00e9pines de Courge - Vera nature\",\"isPartOf\":{\"@id\":\"https:\/\/www.vera-nature.com\/#website\"},\"primaryImageOfPage\":{\"@id\":\"https:\/\/www.vera-nature.com\/product\/bsisa-noix-de-pepines-de-courge\/#primaryimage\"},\"image\":{\"@id\":\"https:\/\/www.vera-nature.com\/product\/bsisa-noix-de-pepines-de-courge\/#primaryimage\"},\"thumbnailUrl\":\"https:\/\/www.vera-nature.com\/wp-content\/uploads\/2026\/02\/noix-et-courge-copie.webp\",\"datePublished\":\"2026-02-04T14:13:13+00:00\",\"dateModified\":\"2026-02-10T11:44:02+00:00\",\"breadcrumb\":{\"@id\":\"https:\/\/www.vera-nature.com\/product\/bsisa-noix-de-pepines-de-courge\/#breadcrumb\"},\"inLanguage\":\"en-GB\",\"potentialAction\":[{\"@type\":\"ReadAction\",\"target\":[\"https:\/\/www.vera-nature.com\/product\/bsisa-noix-de-pepines-de-courge\/\"]}]},{\"@type\":\"ImageObject\",\"inLanguage\":\"en-GB\",\"@id\":\"https:\/\/www.vera-nature.com\/product\/bsisa-noix-de-pepines-de-courge\/#primaryimage\",\"url\":\"https:\/\/www.vera-nature.com\/wp-content\/uploads\/2026\/02\/noix-et-courge-copie.webp\",\"contentUrl\":\"https:\/\/www.vera-nature.com\/wp-content\/uploads\/2026\/02\/noix-et-courge-copie.webp\",\"width\":560,\"height\":570,\"caption\":\"Noix et courge\"},{\"@type\":\"BreadcrumbList\",\"@id\":\"https:\/\/www.vera-nature.com\/product\/bsisa-noix-de-pepines-de-courge\/#breadcrumb\",\"itemListElement\":[{\"@type\":\"ListItem\",\"position\":1,\"name\":\"Accueil\",\"item\":\"https:\/\/www.vera-nature.com\/\"},{\"@type\":\"ListItem\",\"position\":2,\"name\":\"Nos produits\",\"item\":\"https:\/\/www.vera-nature.com\/nos-produits\/\"},{\"@type\":\"ListItem\",\"position\":3,\"name\":\"Bsisa Noix de P\u00e9pines de Courge\"}]},{\"@type\":\"WebSite\",\"@id\":\"https:\/\/www.vera-nature.com\/#website\",\"url\":\"https:\/\/www.vera-nature.com\/\",\"name\":\"Vera nature\",\"description\":\"\",\"publisher\":{\"@id\":\"https:\/\/www.vera-nature.com\/#organization\"},\"potentialAction\":[{\"@type\":\"SearchAction\",\"target\":{\"@type\":\"EntryPoint\",\"urlTemplate\":\"https:\/\/www.vera-nature.com\/?s={search_term_string}\"},\"query-input\":{\"@type\":\"PropertyValueSpecification\",\"valueRequired\":true,\"valueName\":\"search_term_string\"}}],\"inLanguage\":\"en-GB\"},{\"@type\":\"Organization\",\"@id\":\"https:\/\/www.vera-nature.com\/#organization\",\"name\":\"Vera nature\",\"url\":\"https:\/\/www.vera-nature.com\/\",\"logo\":{\"@type\":\"ImageObject\",\"inLanguage\":\"en-GB\",\"@id\":\"https:\/\/www.vera-nature.com\/#\/schema\/logo\/image\/\",\"url\":\"https:\/\/www.vera-nature.com\/wp-content\/uploads\/2023\/02\/logo_vernature.png\",\"contentUrl\":\"https:\/\/www.vera-nature.com\/wp-content\/uploads\/2023\/02\/logo_vernature.png\",\"width\":235,\"height\":88,\"caption\":\"Vera nature\"},\"image\":{\"@id\":\"https:\/\/www.vera-nature.com\/#\/schema\/logo\/image\/\"}}]}<\/script>\n<!-- \/ Yoast SEO plugin. -->","yoast_head_json":{"title":"Bsisa Noix de P\u00e9pines de Courge - Vera nature","robots":{"index":"index","follow":"follow","max-snippet":"max-snippet:-1","max-image-preview":"max-image-preview:large","max-video-preview":"max-video-preview:-1"},"canonical":"https:\/\/www.vera-nature.com\/en\/product\/bsisa-noix-de-pepines-de-courge\/","og_locale":"en_GB","og_type":"article","og_title":"Bsisa Noix de P\u00e9pines de Courge - Vera nature","og_description":"250 g  La Bsisa aux noix et p\u00e9pines de courge, pr\u00e9par\u00e9e selon un savoir-faire traditionnel, est un m\u00e9lange nutritif et sain, sans sucre blanc et l\u00e9g\u00e8rement sucr\u00e9 au sucre de datte. Elle apporte \u00e9nergie, prot\u00e9ines et min\u00e9raux essentiels pour soutenir le m\u00e9tabolisme et le bien-\u00eatre g\u00e9n\u00e9ral.","og_url":"https:\/\/www.vera-nature.com\/en\/product\/bsisa-noix-de-pepines-de-courge\/","og_site_name":"Vera nature","article_modified_time":"2026-02-10T11:44:02+00:00","og_image":[{"width":560,"height":570,"url":"https:\/\/www.vera-nature.com\/wp-content\/uploads\/2026\/02\/noix-et-courge-copie.webp","type":"image\/webp"}],"twitter_card":"summary_large_image","twitter_misc":{"Estimated reading time":"1 minute"},"schema":{"@context":"https:\/\/schema.org","@graph":[{"@type":"WebPage","@id":"https:\/\/www.vera-nature.com\/product\/bsisa-noix-de-pepines-de-courge\/","url":"https:\/\/www.vera-nature.com\/product\/bsisa-noix-de-pepines-de-courge\/","name":"Bsisa Noix de P\u00e9pines de Courge - Vera nature","isPartOf":{"@id":"https:\/\/www.vera-nature.com\/#website"},"primaryImageOfPage":{"@id":"https:\/\/www.vera-nature.com\/product\/bsisa-noix-de-pepines-de-courge\/#primaryimage"},"image":{"@id":"https:\/\/www.vera-nature.com\/product\/bsisa-noix-de-pepines-de-courge\/#primaryimage"},"thumbnailUrl":"https:\/\/www.vera-nature.com\/wp-content\/uploads\/2026\/02\/noix-et-courge-copie.webp","datePublished":"2026-02-04T14:13:13+00:00","dateModified":"2026-02-10T11:44:02+00:00","breadcrumb":{"@id":"https:\/\/www.vera-nature.com\/product\/bsisa-noix-de-pepines-de-courge\/#breadcrumb"},"inLanguage":"en-GB","potentialAction":[{"@type":"ReadAction","target":["https:\/\/www.vera-nature.com\/product\/bsisa-noix-de-pepines-de-courge\/"]}]},{"@type":"ImageObject","inLanguage":"en-GB","@id":"https:\/\/www.vera-nature.com\/product\/bsisa-noix-de-pepines-de-courge\/#primaryimage","url":"https:\/\/www.vera-nature.com\/wp-content\/uploads\/2026\/02\/noix-et-courge-copie.webp","contentUrl":"https:\/\/www.vera-nature.com\/wp-content\/uploads\/2026\/02\/noix-et-courge-copie.webp","width":560,"height":570,"caption":"Noix et courge"},{"@type":"BreadcrumbList","@id":"https:\/\/www.vera-nature.com\/product\/bsisa-noix-de-pepines-de-courge\/#breadcrumb","itemListElement":[{"@type":"ListItem","position":1,"name":"Accueil","item":"https:\/\/www.vera-nature.com\/"},{"@type":"ListItem","position":2,"name":"Nos produits","item":"https:\/\/www.vera-nature.com\/nos-produits\/"},{"@type":"ListItem","position":3,"name":"Bsisa Noix de P\u00e9pines de Courge"}]},{"@type":"WebSite","@id":"https:\/\/www.vera-nature.com\/#website","url":"https:\/\/www.vera-nature.com\/","name":"Vera nature","description":"","publisher":{"@id":"https:\/\/www.vera-nature.com\/#organization"},"potentialAction":[{"@type":"SearchAction","target":{"@type":"EntryPoint","urlTemplate":"https:\/\/www.vera-nature.com\/?s={search_term_string}"},"query-input":{"@type":"PropertyValueSpecification","valueRequired":true,"valueName":"search_term_string"}}],"inLanguage":"en-GB"},{"@type":"Organization","@id":"https:\/\/www.vera-nature.com\/#organization","name":"Vera nature","url":"https:\/\/www.vera-nature.com\/","logo":{"@type":"ImageObject","inLanguage":"en-GB","@id":"https:\/\/www.vera-nature.com\/#\/schema\/logo\/image\/","url":"https:\/\/www.vera-nature.com\/wp-content\/uploads\/2023\/02\/logo_vernature.png","contentUrl":"https:\/\/www.vera-nature.com\/wp-content\/uploads\/2023\/02\/logo_vernature.png","width":235,"height":88,"caption":"Vera nature"},"image":{"@id":"https:\/\/www.vera-nature.com\/#\/schema\/logo\/image\/"}}]}},"_links":{"self":[{"href":"https:\/\/www.vera-nature.com\/en\/wp-json\/wp\/v2\/product\/3270","targetHints":{"allow":["GET"]}}],"collection":[{"href":"https:\/\/www.vera-nature.com\/en\/wp-json\/wp\/v2\/product"}],"about":[{"href":"https:\/\/www.vera-nature.com\/en\/wp-json\/wp\/v2\/types\/product"}],"wp:featuredmedia":[{"embeddable":true,"href":"https:\/\/www.vera-nature.com\/en\/wp-json\/wp\/v2\/media\/3567"}],"wp:attachment":[{"href":"https:\/\/www.vera-nature.com\/en\/wp-json\/wp\/v2\/media?parent=3270"}],"wp:term":[{"taxonomy":"product_brand","embeddable":true,"href":"https:\/\/www.vera-nature.com\/en\/wp-json\/wp\/v2\/product_brand?post=3270"},{"taxonomy":"product_cat","embeddable":true,"href":"https:\/\/www.vera-nature.com\/en\/wp-json\/wp\/v2\/product_cat?post=3270"},{"taxonomy":"product_tag","embeddable":true,"href":"https:\/\/www.vera-nature.com\/en\/wp-json\/wp\/v2\/product_tag?post=3270"}],"curies":[{"name":"wp","href":"https:\/\/api.w.org\/{rel}","templated":true}]}}