{"id":3271,"date":"2026-02-04T15:18:19","date_gmt":"2026-02-04T14:18:19","guid":{"rendered":"https:\/\/vera-nature.hypergroup.tn\/?post_type=product&#038;p=3271"},"modified":"2026-02-10T12:39:44","modified_gmt":"2026-02-10T11:39:44","slug":"tartine-renforcer-immunitaire","status":"publish","type":"product","link":"https:\/\/www.vera-nature.com\/en\/product\/tartine-renforcer-immunitaire\/","title":{"rendered":"Tartine Renforcer Immunitaire"},"content":{"rendered":"<p>La Tartine Renforcer Immunitaire est fabriqu\u00e9e selon un savoir-faire traditionnel afin de pr\u00e9server tous ses ingr\u00e9dients naturels et leurs bienfaits. Elle contient de l\u2019huile d\u2019olive et du miel pur pour une base nutritive et \u00e9nerg\u00e9tique, enrichie en gingembre, cannelle, fruits secs, cacao naturel et vitamine C. Sa formule est sp\u00e9cialement con\u00e7ue pour soutenir le syst\u00e8me immunitaire, renforcer l\u2019organisme et apporter \u00e9nergie et vitalit\u00e9. Consomm\u00e9e r\u00e9guli\u00e8rement, elle offre un produit <strong data-start=\"945\" data-end=\"980\">100% naturel, sain et savoureux<\/strong>, id\u00e9al pour renforcer les d\u00e9fenses de l\u2019organisme et le bien-\u00eatre quotidien.<\/p>","protected":false},"excerpt":{"rendered":"<p>250 g<\/p>\n<p>La Tartine Renforcer Immunitaire, pr\u00e9par\u00e9e artisanalement, est un produit 100% naturel alliant huile d\u2019olive, miel pur, gingembre, cannelle, fruits secs, cacao naturel et vitamine C. Elle soutient le syst\u00e8me immunitaire, apporte \u00e9nergie et nutriments essentiels pour le bien-\u00eatre g\u00e9n\u00e9ral.<\/p>","protected":false},"featured_media":3566,"template":"","meta":[],"product_brand":[],"product_cat":[64,62],"product_tag":[],"class_list":{"0":"post-3271","1":"product","2":"type-product","3":"status-publish","4":"has-post-thumbnail","6":"product_cat-bsisa","7":"product_cat-la-maison-de-la-khabya-tunisienne-et-sfaxienne","9":"first","10":"instock","11":"shipping-taxable","12":"purchasable","13":"product-type-simple"},"yoast_head":"<!-- This site is optimized with the Yoast SEO plugin v27.0 - https:\/\/yoast.com\/product\/yoast-seo-wordpress\/ -->\n<title>Tartine Renforcer Immunitaire - Vera nature<\/title>\n<meta name=\"robots\" content=\"index, follow, max-snippet:-1, max-image-preview:large, max-video-preview:-1\" \/>\n<link rel=\"canonical\" href=\"https:\/\/www.vera-nature.com\/en\/product\/tartine-renforcer-immunitaire\/\" \/>\n<meta property=\"og:locale\" content=\"en_GB\" \/>\n<meta property=\"og:type\" content=\"article\" \/>\n<meta property=\"og:title\" content=\"Tartine Renforcer Immunitaire - Vera nature\" \/>\n<meta property=\"og:description\" content=\"250 g  La Tartine Renforcer Immunitaire, pr\u00e9par\u00e9e artisanalement, est un produit 100% naturel alliant huile d\u2019olive, miel pur, gingembre, cannelle, fruits secs, cacao naturel et vitamine C. Elle soutient le syst\u00e8me immunitaire, apporte \u00e9nergie et nutriments essentiels pour le bien-\u00eatre g\u00e9n\u00e9ral.\" \/>\n<meta property=\"og:url\" content=\"https:\/\/www.vera-nature.com\/en\/product\/tartine-renforcer-immunitaire\/\" \/>\n<meta property=\"og:site_name\" content=\"Vera nature\" \/>\n<meta property=\"article:modified_time\" content=\"2026-02-10T11:39:44+00:00\" \/>\n<meta property=\"og:image\" content=\"https:\/\/www.vera-nature.com\/wp-content\/uploads\/2026\/02\/tartine-renforce-limmunite-copie.webp\" \/>\n\t<meta property=\"og:image:width\" content=\"560\" \/>\n\t<meta property=\"og:image:height\" content=\"570\" \/>\n\t<meta property=\"og:image:type\" content=\"image\/webp\" \/>\n<meta name=\"twitter:card\" content=\"summary_large_image\" \/>\n<meta name=\"twitter:label1\" content=\"Estimated reading time\" \/>\n\t<meta name=\"twitter:data1\" content=\"1 minute\" \/>\n<script type=\"application\/ld+json\" class=\"yoast-schema-graph\">{\"@context\":\"https:\/\/schema.org\",\"@graph\":[{\"@type\":\"WebPage\",\"@id\":\"https:\/\/www.vera-nature.com\/product\/tartine-renforcer-immunitaire\/\",\"url\":\"https:\/\/www.vera-nature.com\/product\/tartine-renforcer-immunitaire\/\",\"name\":\"Tartine Renforcer Immunitaire - Vera nature\",\"isPartOf\":{\"@id\":\"https:\/\/www.vera-nature.com\/#website\"},\"primaryImageOfPage\":{\"@id\":\"https:\/\/www.vera-nature.com\/product\/tartine-renforcer-immunitaire\/#primaryimage\"},\"image\":{\"@id\":\"https:\/\/www.vera-nature.com\/product\/tartine-renforcer-immunitaire\/#primaryimage\"},\"thumbnailUrl\":\"https:\/\/www.vera-nature.com\/wp-content\/uploads\/2026\/02\/tartine-renforce-limmunite-copie.webp\",\"datePublished\":\"2026-02-04T14:18:19+00:00\",\"dateModified\":\"2026-02-10T11:39:44+00:00\",\"breadcrumb\":{\"@id\":\"https:\/\/www.vera-nature.com\/product\/tartine-renforcer-immunitaire\/#breadcrumb\"},\"inLanguage\":\"en-GB\",\"potentialAction\":[{\"@type\":\"ReadAction\",\"target\":[\"https:\/\/www.vera-nature.com\/product\/tartine-renforcer-immunitaire\/\"]}]},{\"@type\":\"ImageObject\",\"inLanguage\":\"en-GB\",\"@id\":\"https:\/\/www.vera-nature.com\/product\/tartine-renforcer-immunitaire\/#primaryimage\",\"url\":\"https:\/\/www.vera-nature.com\/wp-content\/uploads\/2026\/02\/tartine-renforce-limmunite-copie.webp\",\"contentUrl\":\"https:\/\/www.vera-nature.com\/wp-content\/uploads\/2026\/02\/tartine-renforce-limmunite-copie.webp\",\"width\":560,\"height\":570,\"caption\":\"tartine renforce immunitaire\"},{\"@type\":\"BreadcrumbList\",\"@id\":\"https:\/\/www.vera-nature.com\/product\/tartine-renforcer-immunitaire\/#breadcrumb\",\"itemListElement\":[{\"@type\":\"ListItem\",\"position\":1,\"name\":\"Accueil\",\"item\":\"https:\/\/www.vera-nature.com\/\"},{\"@type\":\"ListItem\",\"position\":2,\"name\":\"Nos produits\",\"item\":\"https:\/\/www.vera-nature.com\/nos-produits\/\"},{\"@type\":\"ListItem\",\"position\":3,\"name\":\"Tartine Renforcer Immunitaire\"}]},{\"@type\":\"WebSite\",\"@id\":\"https:\/\/www.vera-nature.com\/#website\",\"url\":\"https:\/\/www.vera-nature.com\/\",\"name\":\"Vera nature\",\"description\":\"\",\"publisher\":{\"@id\":\"https:\/\/www.vera-nature.com\/#organization\"},\"potentialAction\":[{\"@type\":\"SearchAction\",\"target\":{\"@type\":\"EntryPoint\",\"urlTemplate\":\"https:\/\/www.vera-nature.com\/?s={search_term_string}\"},\"query-input\":{\"@type\":\"PropertyValueSpecification\",\"valueRequired\":true,\"valueName\":\"search_term_string\"}}],\"inLanguage\":\"en-GB\"},{\"@type\":\"Organization\",\"@id\":\"https:\/\/www.vera-nature.com\/#organization\",\"name\":\"Vera nature\",\"url\":\"https:\/\/www.vera-nature.com\/\",\"logo\":{\"@type\":\"ImageObject\",\"inLanguage\":\"en-GB\",\"@id\":\"https:\/\/www.vera-nature.com\/#\/schema\/logo\/image\/\",\"url\":\"https:\/\/www.vera-nature.com\/wp-content\/uploads\/2023\/02\/logo_vernature.png\",\"contentUrl\":\"https:\/\/www.vera-nature.com\/wp-content\/uploads\/2023\/02\/logo_vernature.png\",\"width\":235,\"height\":88,\"caption\":\"Vera nature\"},\"image\":{\"@id\":\"https:\/\/www.vera-nature.com\/#\/schema\/logo\/image\/\"}}]}<\/script>\n<!-- \/ Yoast SEO plugin. -->","yoast_head_json":{"title":"Tartine Renforcer Immunitaire - Vera nature","robots":{"index":"index","follow":"follow","max-snippet":"max-snippet:-1","max-image-preview":"max-image-preview:large","max-video-preview":"max-video-preview:-1"},"canonical":"https:\/\/www.vera-nature.com\/en\/product\/tartine-renforcer-immunitaire\/","og_locale":"en_GB","og_type":"article","og_title":"Tartine Renforcer Immunitaire - Vera nature","og_description":"250 g  La Tartine Renforcer Immunitaire, pr\u00e9par\u00e9e artisanalement, est un produit 100% naturel alliant huile d\u2019olive, miel pur, gingembre, cannelle, fruits secs, cacao naturel et vitamine C. Elle soutient le syst\u00e8me immunitaire, apporte \u00e9nergie et nutriments essentiels pour le bien-\u00eatre g\u00e9n\u00e9ral.","og_url":"https:\/\/www.vera-nature.com\/en\/product\/tartine-renforcer-immunitaire\/","og_site_name":"Vera nature","article_modified_time":"2026-02-10T11:39:44+00:00","og_image":[{"width":560,"height":570,"url":"https:\/\/www.vera-nature.com\/wp-content\/uploads\/2026\/02\/tartine-renforce-limmunite-copie.webp","type":"image\/webp"}],"twitter_card":"summary_large_image","twitter_misc":{"Estimated reading time":"1 minute"},"schema":{"@context":"https:\/\/schema.org","@graph":[{"@type":"WebPage","@id":"https:\/\/www.vera-nature.com\/product\/tartine-renforcer-immunitaire\/","url":"https:\/\/www.vera-nature.com\/product\/tartine-renforcer-immunitaire\/","name":"Tartine Renforcer Immunitaire - Vera nature","isPartOf":{"@id":"https:\/\/www.vera-nature.com\/#website"},"primaryImageOfPage":{"@id":"https:\/\/www.vera-nature.com\/product\/tartine-renforcer-immunitaire\/#primaryimage"},"image":{"@id":"https:\/\/www.vera-nature.com\/product\/tartine-renforcer-immunitaire\/#primaryimage"},"thumbnailUrl":"https:\/\/www.vera-nature.com\/wp-content\/uploads\/2026\/02\/tartine-renforce-limmunite-copie.webp","datePublished":"2026-02-04T14:18:19+00:00","dateModified":"2026-02-10T11:39:44+00:00","breadcrumb":{"@id":"https:\/\/www.vera-nature.com\/product\/tartine-renforcer-immunitaire\/#breadcrumb"},"inLanguage":"en-GB","potentialAction":[{"@type":"ReadAction","target":["https:\/\/www.vera-nature.com\/product\/tartine-renforcer-immunitaire\/"]}]},{"@type":"ImageObject","inLanguage":"en-GB","@id":"https:\/\/www.vera-nature.com\/product\/tartine-renforcer-immunitaire\/#primaryimage","url":"https:\/\/www.vera-nature.com\/wp-content\/uploads\/2026\/02\/tartine-renforce-limmunite-copie.webp","contentUrl":"https:\/\/www.vera-nature.com\/wp-content\/uploads\/2026\/02\/tartine-renforce-limmunite-copie.webp","width":560,"height":570,"caption":"tartine renforce immunitaire"},{"@type":"BreadcrumbList","@id":"https:\/\/www.vera-nature.com\/product\/tartine-renforcer-immunitaire\/#breadcrumb","itemListElement":[{"@type":"ListItem","position":1,"name":"Accueil","item":"https:\/\/www.vera-nature.com\/"},{"@type":"ListItem","position":2,"name":"Nos produits","item":"https:\/\/www.vera-nature.com\/nos-produits\/"},{"@type":"ListItem","position":3,"name":"Tartine Renforcer Immunitaire"}]},{"@type":"WebSite","@id":"https:\/\/www.vera-nature.com\/#website","url":"https:\/\/www.vera-nature.com\/","name":"Vera nature","description":"","publisher":{"@id":"https:\/\/www.vera-nature.com\/#organization"},"potentialAction":[{"@type":"SearchAction","target":{"@type":"EntryPoint","urlTemplate":"https:\/\/www.vera-nature.com\/?s={search_term_string}"},"query-input":{"@type":"PropertyValueSpecification","valueRequired":true,"valueName":"search_term_string"}}],"inLanguage":"en-GB"},{"@type":"Organization","@id":"https:\/\/www.vera-nature.com\/#organization","name":"Vera nature","url":"https:\/\/www.vera-nature.com\/","logo":{"@type":"ImageObject","inLanguage":"en-GB","@id":"https:\/\/www.vera-nature.com\/#\/schema\/logo\/image\/","url":"https:\/\/www.vera-nature.com\/wp-content\/uploads\/2023\/02\/logo_vernature.png","contentUrl":"https:\/\/www.vera-nature.com\/wp-content\/uploads\/2023\/02\/logo_vernature.png","width":235,"height":88,"caption":"Vera nature"},"image":{"@id":"https:\/\/www.vera-nature.com\/#\/schema\/logo\/image\/"}}]}},"_links":{"self":[{"href":"https:\/\/www.vera-nature.com\/en\/wp-json\/wp\/v2\/product\/3271","targetHints":{"allow":["GET"]}}],"collection":[{"href":"https:\/\/www.vera-nature.com\/en\/wp-json\/wp\/v2\/product"}],"about":[{"href":"https:\/\/www.vera-nature.com\/en\/wp-json\/wp\/v2\/types\/product"}],"wp:featuredmedia":[{"embeddable":true,"href":"https:\/\/www.vera-nature.com\/en\/wp-json\/wp\/v2\/media\/3566"}],"wp:attachment":[{"href":"https:\/\/www.vera-nature.com\/en\/wp-json\/wp\/v2\/media?parent=3271"}],"wp:term":[{"taxonomy":"product_brand","embeddable":true,"href":"https:\/\/www.vera-nature.com\/en\/wp-json\/wp\/v2\/product_brand?post=3271"},{"taxonomy":"product_cat","embeddable":true,"href":"https:\/\/www.vera-nature.com\/en\/wp-json\/wp\/v2\/product_cat?post=3271"},{"taxonomy":"product_tag","embeddable":true,"href":"https:\/\/www.vera-nature.com\/en\/wp-json\/wp\/v2\/product_tag?post=3271"}],"curies":[{"name":"wp","href":"https:\/\/api.w.org\/{rel}","templated":true}]}}