{"id":3275,"date":"2026-02-04T15:31:12","date_gmt":"2026-02-04T14:31:12","guid":{"rendered":"https:\/\/vera-nature.hypergroup.tn\/?post_type=product&#038;p=3275"},"modified":"2026-02-12T12:42:55","modified_gmt":"2026-02-12T11:42:55","slug":"prise-de-poids-pour-enfants","status":"publish","type":"product","link":"https:\/\/www.vera-nature.com\/en\/product\/prise-de-poids-pour-enfants\/","title":{"rendered":"Prise de Poids pour Enfants"},"content":{"rendered":"<p>La Bsisa Prise de Poids pour Enfants est fabriqu\u00e9e selon un savoir-faire traditionnel avec des ingr\u00e9dients naturels soigneusement s\u00e9lectionn\u00e9s, dont ashwagandha, pollen et graines de bl\u00e9, pour leur richesse nutritionnelle. Elle aide \u00e0 ouvrir l\u2019app\u00e9tit, fournit de l\u2019\u00e9nergie et soutient le d\u00e9veloppement naturel de l\u2019enfant. Sa formule riche en prot\u00e9ines, vitamines et min\u00e9raux contribue au renforcement du m\u00e9tabolisme et du syst\u00e8me immunitaire. Consomm\u00e9e r\u00e9guli\u00e8rement, elle offre un produit <strong data-start=\"1036\" data-end=\"1070\">100% naturel, sain et nutritif<\/strong>, favorisant le bien-\u00eatre g\u00e9n\u00e9ral et un d\u00e9veloppement harmonieux de l\u2019enfant.<\/p>","protected":false},"excerpt":{"rendered":"<p>250 g<\/p>\n<p>La Bsisa Prise de Poids pour Enfants, pr\u00e9par\u00e9e artisanalement \u00e0 partir d\u2019ingr\u00e9dients 100% naturels, contient ashwagandha, pollen et graines de bl\u00e9, et est riche en prot\u00e9ines pour stimuler l\u2019app\u00e9tit et soutenir une croissance saine. Elle apporte \u00e9nergie, nutriments essentiels et vitamines pour un d\u00e9veloppement harmonieux de l\u2019enfant.<\/p>","protected":false},"featured_media":3645,"template":"","meta":[],"product_brand":[],"product_cat":[64,62],"product_tag":[],"class_list":{"0":"post-3275","1":"product","2":"type-product","3":"status-publish","4":"has-post-thumbnail","6":"product_cat-bsisa","7":"product_cat-la-maison-de-la-khabya-tunisienne-et-sfaxienne","9":"first","10":"instock","11":"shipping-taxable","12":"purchasable","13":"product-type-simple"},"yoast_head":"<!-- This site is optimized with the Yoast SEO plugin v27.0 - https:\/\/yoast.com\/product\/yoast-seo-wordpress\/ -->\n<title>Prise de Poids pour Enfants - Vera nature<\/title>\n<meta name=\"robots\" content=\"index, follow, max-snippet:-1, max-image-preview:large, max-video-preview:-1\" \/>\n<link rel=\"canonical\" href=\"https:\/\/www.vera-nature.com\/en\/product\/prise-de-poids-pour-enfants\/\" \/>\n<meta property=\"og:locale\" content=\"en_GB\" \/>\n<meta property=\"og:type\" content=\"article\" \/>\n<meta property=\"og:title\" content=\"Prise de Poids pour Enfants - Vera nature\" \/>\n<meta property=\"og:description\" content=\"250 g  La Bsisa Prise de Poids pour Enfants, pr\u00e9par\u00e9e artisanalement \u00e0 partir d\u2019ingr\u00e9dients 100% naturels, contient ashwagandha, pollen et graines de bl\u00e9, et est riche en prot\u00e9ines pour stimuler l\u2019app\u00e9tit et soutenir une croissance saine. Elle apporte \u00e9nergie, nutriments essentiels et vitamines pour un d\u00e9veloppement harmonieux de l\u2019enfant.\" \/>\n<meta property=\"og:url\" content=\"https:\/\/www.vera-nature.com\/en\/product\/prise-de-poids-pour-enfants\/\" \/>\n<meta property=\"og:site_name\" content=\"Vera nature\" \/>\n<meta property=\"article:modified_time\" content=\"2026-02-12T11:42:55+00:00\" \/>\n<meta property=\"og:image\" content=\"https:\/\/www.vera-nature.com\/wp-content\/uploads\/2026\/02\/prise-de-poid-copie.webp\" \/>\n\t<meta property=\"og:image:width\" content=\"560\" \/>\n\t<meta property=\"og:image:height\" content=\"570\" \/>\n\t<meta property=\"og:image:type\" content=\"image\/webp\" \/>\n<meta name=\"twitter:card\" content=\"summary_large_image\" \/>\n<meta name=\"twitter:label1\" content=\"Estimated reading time\" \/>\n\t<meta name=\"twitter:data1\" content=\"1 minute\" \/>\n<script type=\"application\/ld+json\" class=\"yoast-schema-graph\">{\"@context\":\"https:\/\/schema.org\",\"@graph\":[{\"@type\":\"WebPage\",\"@id\":\"https:\/\/www.vera-nature.com\/product\/prise-de-poids-pour-enfants\/\",\"url\":\"https:\/\/www.vera-nature.com\/product\/prise-de-poids-pour-enfants\/\",\"name\":\"Prise de Poids pour Enfants - Vera nature\",\"isPartOf\":{\"@id\":\"https:\/\/www.vera-nature.com\/#website\"},\"primaryImageOfPage\":{\"@id\":\"https:\/\/www.vera-nature.com\/product\/prise-de-poids-pour-enfants\/#primaryimage\"},\"image\":{\"@id\":\"https:\/\/www.vera-nature.com\/product\/prise-de-poids-pour-enfants\/#primaryimage\"},\"thumbnailUrl\":\"https:\/\/www.vera-nature.com\/wp-content\/uploads\/2026\/02\/prise-de-poid-copie.webp\",\"datePublished\":\"2026-02-04T14:31:12+00:00\",\"dateModified\":\"2026-02-12T11:42:55+00:00\",\"breadcrumb\":{\"@id\":\"https:\/\/www.vera-nature.com\/product\/prise-de-poids-pour-enfants\/#breadcrumb\"},\"inLanguage\":\"en-GB\",\"potentialAction\":[{\"@type\":\"ReadAction\",\"target\":[\"https:\/\/www.vera-nature.com\/product\/prise-de-poids-pour-enfants\/\"]}]},{\"@type\":\"ImageObject\",\"inLanguage\":\"en-GB\",\"@id\":\"https:\/\/www.vera-nature.com\/product\/prise-de-poids-pour-enfants\/#primaryimage\",\"url\":\"https:\/\/www.vera-nature.com\/wp-content\/uploads\/2026\/02\/prise-de-poid-copie.webp\",\"contentUrl\":\"https:\/\/www.vera-nature.com\/wp-content\/uploads\/2026\/02\/prise-de-poid-copie.webp\",\"width\":560,\"height\":570},{\"@type\":\"BreadcrumbList\",\"@id\":\"https:\/\/www.vera-nature.com\/product\/prise-de-poids-pour-enfants\/#breadcrumb\",\"itemListElement\":[{\"@type\":\"ListItem\",\"position\":1,\"name\":\"Accueil\",\"item\":\"https:\/\/www.vera-nature.com\/\"},{\"@type\":\"ListItem\",\"position\":2,\"name\":\"Nos produits\",\"item\":\"https:\/\/www.vera-nature.com\/nos-produits\/\"},{\"@type\":\"ListItem\",\"position\":3,\"name\":\"Prise de Poids pour Enfants\"}]},{\"@type\":\"WebSite\",\"@id\":\"https:\/\/www.vera-nature.com\/#website\",\"url\":\"https:\/\/www.vera-nature.com\/\",\"name\":\"Vera nature\",\"description\":\"\",\"publisher\":{\"@id\":\"https:\/\/www.vera-nature.com\/#organization\"},\"potentialAction\":[{\"@type\":\"SearchAction\",\"target\":{\"@type\":\"EntryPoint\",\"urlTemplate\":\"https:\/\/www.vera-nature.com\/?s={search_term_string}\"},\"query-input\":{\"@type\":\"PropertyValueSpecification\",\"valueRequired\":true,\"valueName\":\"search_term_string\"}}],\"inLanguage\":\"en-GB\"},{\"@type\":\"Organization\",\"@id\":\"https:\/\/www.vera-nature.com\/#organization\",\"name\":\"Vera nature\",\"url\":\"https:\/\/www.vera-nature.com\/\",\"logo\":{\"@type\":\"ImageObject\",\"inLanguage\":\"en-GB\",\"@id\":\"https:\/\/www.vera-nature.com\/#\/schema\/logo\/image\/\",\"url\":\"https:\/\/www.vera-nature.com\/wp-content\/uploads\/2023\/02\/logo_vernature.png\",\"contentUrl\":\"https:\/\/www.vera-nature.com\/wp-content\/uploads\/2023\/02\/logo_vernature.png\",\"width\":235,\"height\":88,\"caption\":\"Vera nature\"},\"image\":{\"@id\":\"https:\/\/www.vera-nature.com\/#\/schema\/logo\/image\/\"}}]}<\/script>\n<!-- \/ Yoast SEO plugin. -->","yoast_head_json":{"title":"Prise de Poids pour Enfants - Vera nature","robots":{"index":"index","follow":"follow","max-snippet":"max-snippet:-1","max-image-preview":"max-image-preview:large","max-video-preview":"max-video-preview:-1"},"canonical":"https:\/\/www.vera-nature.com\/en\/product\/prise-de-poids-pour-enfants\/","og_locale":"en_GB","og_type":"article","og_title":"Prise de Poids pour Enfants - Vera nature","og_description":"250 g  La Bsisa Prise de Poids pour Enfants, pr\u00e9par\u00e9e artisanalement \u00e0 partir d\u2019ingr\u00e9dients 100% naturels, contient ashwagandha, pollen et graines de bl\u00e9, et est riche en prot\u00e9ines pour stimuler l\u2019app\u00e9tit et soutenir une croissance saine. Elle apporte \u00e9nergie, nutriments essentiels et vitamines pour un d\u00e9veloppement harmonieux de l\u2019enfant.","og_url":"https:\/\/www.vera-nature.com\/en\/product\/prise-de-poids-pour-enfants\/","og_site_name":"Vera nature","article_modified_time":"2026-02-12T11:42:55+00:00","og_image":[{"width":560,"height":570,"url":"https:\/\/www.vera-nature.com\/wp-content\/uploads\/2026\/02\/prise-de-poid-copie.webp","type":"image\/webp"}],"twitter_card":"summary_large_image","twitter_misc":{"Estimated reading time":"1 minute"},"schema":{"@context":"https:\/\/schema.org","@graph":[{"@type":"WebPage","@id":"https:\/\/www.vera-nature.com\/product\/prise-de-poids-pour-enfants\/","url":"https:\/\/www.vera-nature.com\/product\/prise-de-poids-pour-enfants\/","name":"Prise de Poids pour Enfants - Vera nature","isPartOf":{"@id":"https:\/\/www.vera-nature.com\/#website"},"primaryImageOfPage":{"@id":"https:\/\/www.vera-nature.com\/product\/prise-de-poids-pour-enfants\/#primaryimage"},"image":{"@id":"https:\/\/www.vera-nature.com\/product\/prise-de-poids-pour-enfants\/#primaryimage"},"thumbnailUrl":"https:\/\/www.vera-nature.com\/wp-content\/uploads\/2026\/02\/prise-de-poid-copie.webp","datePublished":"2026-02-04T14:31:12+00:00","dateModified":"2026-02-12T11:42:55+00:00","breadcrumb":{"@id":"https:\/\/www.vera-nature.com\/product\/prise-de-poids-pour-enfants\/#breadcrumb"},"inLanguage":"en-GB","potentialAction":[{"@type":"ReadAction","target":["https:\/\/www.vera-nature.com\/product\/prise-de-poids-pour-enfants\/"]}]},{"@type":"ImageObject","inLanguage":"en-GB","@id":"https:\/\/www.vera-nature.com\/product\/prise-de-poids-pour-enfants\/#primaryimage","url":"https:\/\/www.vera-nature.com\/wp-content\/uploads\/2026\/02\/prise-de-poid-copie.webp","contentUrl":"https:\/\/www.vera-nature.com\/wp-content\/uploads\/2026\/02\/prise-de-poid-copie.webp","width":560,"height":570},{"@type":"BreadcrumbList","@id":"https:\/\/www.vera-nature.com\/product\/prise-de-poids-pour-enfants\/#breadcrumb","itemListElement":[{"@type":"ListItem","position":1,"name":"Accueil","item":"https:\/\/www.vera-nature.com\/"},{"@type":"ListItem","position":2,"name":"Nos produits","item":"https:\/\/www.vera-nature.com\/nos-produits\/"},{"@type":"ListItem","position":3,"name":"Prise de Poids pour Enfants"}]},{"@type":"WebSite","@id":"https:\/\/www.vera-nature.com\/#website","url":"https:\/\/www.vera-nature.com\/","name":"Vera nature","description":"","publisher":{"@id":"https:\/\/www.vera-nature.com\/#organization"},"potentialAction":[{"@type":"SearchAction","target":{"@type":"EntryPoint","urlTemplate":"https:\/\/www.vera-nature.com\/?s={search_term_string}"},"query-input":{"@type":"PropertyValueSpecification","valueRequired":true,"valueName":"search_term_string"}}],"inLanguage":"en-GB"},{"@type":"Organization","@id":"https:\/\/www.vera-nature.com\/#organization","name":"Vera nature","url":"https:\/\/www.vera-nature.com\/","logo":{"@type":"ImageObject","inLanguage":"en-GB","@id":"https:\/\/www.vera-nature.com\/#\/schema\/logo\/image\/","url":"https:\/\/www.vera-nature.com\/wp-content\/uploads\/2023\/02\/logo_vernature.png","contentUrl":"https:\/\/www.vera-nature.com\/wp-content\/uploads\/2023\/02\/logo_vernature.png","width":235,"height":88,"caption":"Vera nature"},"image":{"@id":"https:\/\/www.vera-nature.com\/#\/schema\/logo\/image\/"}}]}},"_links":{"self":[{"href":"https:\/\/www.vera-nature.com\/en\/wp-json\/wp\/v2\/product\/3275","targetHints":{"allow":["GET"]}}],"collection":[{"href":"https:\/\/www.vera-nature.com\/en\/wp-json\/wp\/v2\/product"}],"about":[{"href":"https:\/\/www.vera-nature.com\/en\/wp-json\/wp\/v2\/types\/product"}],"wp:featuredmedia":[{"embeddable":true,"href":"https:\/\/www.vera-nature.com\/en\/wp-json\/wp\/v2\/media\/3645"}],"wp:attachment":[{"href":"https:\/\/www.vera-nature.com\/en\/wp-json\/wp\/v2\/media?parent=3275"}],"wp:term":[{"taxonomy":"product_brand","embeddable":true,"href":"https:\/\/www.vera-nature.com\/en\/wp-json\/wp\/v2\/product_brand?post=3275"},{"taxonomy":"product_cat","embeddable":true,"href":"https:\/\/www.vera-nature.com\/en\/wp-json\/wp\/v2\/product_cat?post=3275"},{"taxonomy":"product_tag","embeddable":true,"href":"https:\/\/www.vera-nature.com\/en\/wp-json\/wp\/v2\/product_tag?post=3275"}],"curies":[{"name":"wp","href":"https:\/\/api.w.org\/{rel}","templated":true}]}}