{"id":3436,"date":"2026-02-06T11:18:11","date_gmt":"2026-02-06T10:18:11","guid":{"rendered":"https:\/\/vera-nature.hypergroup.tn\/?post_type=product&#038;p=3436"},"modified":"2026-02-24T12:23:07","modified_gmt":"2026-02-24T11:23:07","slug":"vinaigre-de-pomme-naturel","status":"publish","type":"product","link":"https:\/\/www.vera-nature.com\/en\/product\/vinaigre-de-pomme-naturel\/","title":{"rendered":"Vinaigre de Pomme Naturel"},"content":{"rendered":"<p>Le vinaigre de pomme naturel 100 %, sans produits chimiques, est issu d\u2019une fermentation traditionnelle riche en enzymes et min\u00e9raux. Il facilite la digestion et aide \u00e0 r\u00e9duire les ballonnements. Gr\u00e2ce \u00e0 son action coupe-faim naturelle, il soutient la perte de poids et le contr\u00f4le de l\u2019app\u00e9tit. Il contribue \u00e9galement \u00e0 l\u2019\u00e9quilibre du taux de sucre dans le sang et au bien-\u00eatre g\u00e9n\u00e9ral.<\/p>","protected":false},"excerpt":{"rendered":"<p>125 ml<\/p>\n<p>Le vinaigre de pomme naturel 100 %, sans produits chimiques, est obtenu par fermentation naturelle et conserve tous ses bienfaits essentiels. Il favorise la digestion, aide \u00e0 la perte de poids en stimulant le m\u00e9tabolisme et contribue \u00e0 r\u00e9guler l\u2019app\u00e9tit et la glyc\u00e9mie.<\/p>","protected":false},"featured_media":3649,"template":"","meta":[],"product_brand":[],"product_cat":[53,78,74],"product_tag":[],"class_list":{"0":"post-3436","1":"product","2":"type-product","3":"status-publish","4":"has-post-thumbnail","6":"product_cat-produits-alimentaires-naturels","7":"product_cat-produits-phares","8":"product_cat-vinaigre-naturel","10":"first","11":"instock","12":"shipping-taxable","13":"purchasable","14":"product-type-simple"},"yoast_head":"<!-- This site is optimized with the Yoast SEO plugin v27.0 - https:\/\/yoast.com\/product\/yoast-seo-wordpress\/ -->\n<title>Vinaigre de Pomme Naturel - Vera nature<\/title>\n<meta name=\"robots\" content=\"index, follow, max-snippet:-1, max-image-preview:large, max-video-preview:-1\" \/>\n<link rel=\"canonical\" href=\"https:\/\/www.vera-nature.com\/en\/product\/vinaigre-de-pomme-naturel\/\" \/>\n<meta property=\"og:locale\" content=\"en_GB\" \/>\n<meta property=\"og:type\" content=\"article\" \/>\n<meta property=\"og:title\" content=\"Vinaigre de Pomme Naturel - Vera nature\" \/>\n<meta property=\"og:description\" content=\"125 ml  Le vinaigre de pomme naturel 100 %, sans produits chimiques, est obtenu par fermentation naturelle et conserve tous ses bienfaits essentiels. Il favorise la digestion, aide \u00e0 la perte de poids en stimulant le m\u00e9tabolisme et contribue \u00e0 r\u00e9guler l\u2019app\u00e9tit et la glyc\u00e9mie.\" \/>\n<meta property=\"og:url\" content=\"https:\/\/www.vera-nature.com\/en\/product\/vinaigre-de-pomme-naturel\/\" \/>\n<meta property=\"og:site_name\" content=\"Vera nature\" \/>\n<meta property=\"article:modified_time\" content=\"2026-02-24T11:23:07+00:00\" \/>\n<meta property=\"og:image\" content=\"https:\/\/www.vera-nature.com\/wp-content\/uploads\/2026\/02\/vinaigre-pomme-copie.webp\" \/>\n\t<meta property=\"og:image:width\" content=\"560\" \/>\n\t<meta property=\"og:image:height\" content=\"570\" \/>\n\t<meta property=\"og:image:type\" content=\"image\/webp\" \/>\n<meta name=\"twitter:card\" content=\"summary_large_image\" \/>\n<script type=\"application\/ld+json\" class=\"yoast-schema-graph\">{\"@context\":\"https:\/\/schema.org\",\"@graph\":[{\"@type\":\"WebPage\",\"@id\":\"https:\/\/www.vera-nature.com\/product\/vinaigre-de-pomme-naturel\/\",\"url\":\"https:\/\/www.vera-nature.com\/product\/vinaigre-de-pomme-naturel\/\",\"name\":\"Vinaigre de Pomme Naturel - Vera nature\",\"isPartOf\":{\"@id\":\"https:\/\/www.vera-nature.com\/#website\"},\"primaryImageOfPage\":{\"@id\":\"https:\/\/www.vera-nature.com\/product\/vinaigre-de-pomme-naturel\/#primaryimage\"},\"image\":{\"@id\":\"https:\/\/www.vera-nature.com\/product\/vinaigre-de-pomme-naturel\/#primaryimage\"},\"thumbnailUrl\":\"https:\/\/www.vera-nature.com\/wp-content\/uploads\/2026\/02\/vinaigre-pomme-copie.webp\",\"datePublished\":\"2026-02-06T10:18:11+00:00\",\"dateModified\":\"2026-02-24T11:23:07+00:00\",\"breadcrumb\":{\"@id\":\"https:\/\/www.vera-nature.com\/product\/vinaigre-de-pomme-naturel\/#breadcrumb\"},\"inLanguage\":\"en-GB\",\"potentialAction\":[{\"@type\":\"ReadAction\",\"target\":[\"https:\/\/www.vera-nature.com\/product\/vinaigre-de-pomme-naturel\/\"]}]},{\"@type\":\"ImageObject\",\"inLanguage\":\"en-GB\",\"@id\":\"https:\/\/www.vera-nature.com\/product\/vinaigre-de-pomme-naturel\/#primaryimage\",\"url\":\"https:\/\/www.vera-nature.com\/wp-content\/uploads\/2026\/02\/vinaigre-pomme-copie.webp\",\"contentUrl\":\"https:\/\/www.vera-nature.com\/wp-content\/uploads\/2026\/02\/vinaigre-pomme-copie.webp\",\"width\":560,\"height\":570},{\"@type\":\"BreadcrumbList\",\"@id\":\"https:\/\/www.vera-nature.com\/product\/vinaigre-de-pomme-naturel\/#breadcrumb\",\"itemListElement\":[{\"@type\":\"ListItem\",\"position\":1,\"name\":\"Accueil\",\"item\":\"https:\/\/www.vera-nature.com\/\"},{\"@type\":\"ListItem\",\"position\":2,\"name\":\"Nos produits\",\"item\":\"https:\/\/www.vera-nature.com\/nos-produits\/\"},{\"@type\":\"ListItem\",\"position\":3,\"name\":\"Vinaigre de Pomme Naturel\"}]},{\"@type\":\"WebSite\",\"@id\":\"https:\/\/www.vera-nature.com\/#website\",\"url\":\"https:\/\/www.vera-nature.com\/\",\"name\":\"Vera nature\",\"description\":\"\",\"publisher\":{\"@id\":\"https:\/\/www.vera-nature.com\/#organization\"},\"potentialAction\":[{\"@type\":\"SearchAction\",\"target\":{\"@type\":\"EntryPoint\",\"urlTemplate\":\"https:\/\/www.vera-nature.com\/?s={search_term_string}\"},\"query-input\":{\"@type\":\"PropertyValueSpecification\",\"valueRequired\":true,\"valueName\":\"search_term_string\"}}],\"inLanguage\":\"en-GB\"},{\"@type\":\"Organization\",\"@id\":\"https:\/\/www.vera-nature.com\/#organization\",\"name\":\"Vera nature\",\"url\":\"https:\/\/www.vera-nature.com\/\",\"logo\":{\"@type\":\"ImageObject\",\"inLanguage\":\"en-GB\",\"@id\":\"https:\/\/www.vera-nature.com\/#\/schema\/logo\/image\/\",\"url\":\"https:\/\/www.vera-nature.com\/wp-content\/uploads\/2023\/02\/logo_vernature.png\",\"contentUrl\":\"https:\/\/www.vera-nature.com\/wp-content\/uploads\/2023\/02\/logo_vernature.png\",\"width\":235,\"height\":88,\"caption\":\"Vera nature\"},\"image\":{\"@id\":\"https:\/\/www.vera-nature.com\/#\/schema\/logo\/image\/\"}}]}<\/script>\n<!-- \/ Yoast SEO plugin. -->","yoast_head_json":{"title":"Vinaigre de Pomme Naturel - Vera nature","robots":{"index":"index","follow":"follow","max-snippet":"max-snippet:-1","max-image-preview":"max-image-preview:large","max-video-preview":"max-video-preview:-1"},"canonical":"https:\/\/www.vera-nature.com\/en\/product\/vinaigre-de-pomme-naturel\/","og_locale":"en_GB","og_type":"article","og_title":"Vinaigre de Pomme Naturel - Vera nature","og_description":"125 ml  Le vinaigre de pomme naturel 100 %, sans produits chimiques, est obtenu par fermentation naturelle et conserve tous ses bienfaits essentiels. Il favorise la digestion, aide \u00e0 la perte de poids en stimulant le m\u00e9tabolisme et contribue \u00e0 r\u00e9guler l\u2019app\u00e9tit et la glyc\u00e9mie.","og_url":"https:\/\/www.vera-nature.com\/en\/product\/vinaigre-de-pomme-naturel\/","og_site_name":"Vera nature","article_modified_time":"2026-02-24T11:23:07+00:00","og_image":[{"width":560,"height":570,"url":"https:\/\/www.vera-nature.com\/wp-content\/uploads\/2026\/02\/vinaigre-pomme-copie.webp","type":"image\/webp"}],"twitter_card":"summary_large_image","schema":{"@context":"https:\/\/schema.org","@graph":[{"@type":"WebPage","@id":"https:\/\/www.vera-nature.com\/product\/vinaigre-de-pomme-naturel\/","url":"https:\/\/www.vera-nature.com\/product\/vinaigre-de-pomme-naturel\/","name":"Vinaigre de Pomme Naturel - Vera nature","isPartOf":{"@id":"https:\/\/www.vera-nature.com\/#website"},"primaryImageOfPage":{"@id":"https:\/\/www.vera-nature.com\/product\/vinaigre-de-pomme-naturel\/#primaryimage"},"image":{"@id":"https:\/\/www.vera-nature.com\/product\/vinaigre-de-pomme-naturel\/#primaryimage"},"thumbnailUrl":"https:\/\/www.vera-nature.com\/wp-content\/uploads\/2026\/02\/vinaigre-pomme-copie.webp","datePublished":"2026-02-06T10:18:11+00:00","dateModified":"2026-02-24T11:23:07+00:00","breadcrumb":{"@id":"https:\/\/www.vera-nature.com\/product\/vinaigre-de-pomme-naturel\/#breadcrumb"},"inLanguage":"en-GB","potentialAction":[{"@type":"ReadAction","target":["https:\/\/www.vera-nature.com\/product\/vinaigre-de-pomme-naturel\/"]}]},{"@type":"ImageObject","inLanguage":"en-GB","@id":"https:\/\/www.vera-nature.com\/product\/vinaigre-de-pomme-naturel\/#primaryimage","url":"https:\/\/www.vera-nature.com\/wp-content\/uploads\/2026\/02\/vinaigre-pomme-copie.webp","contentUrl":"https:\/\/www.vera-nature.com\/wp-content\/uploads\/2026\/02\/vinaigre-pomme-copie.webp","width":560,"height":570},{"@type":"BreadcrumbList","@id":"https:\/\/www.vera-nature.com\/product\/vinaigre-de-pomme-naturel\/#breadcrumb","itemListElement":[{"@type":"ListItem","position":1,"name":"Accueil","item":"https:\/\/www.vera-nature.com\/"},{"@type":"ListItem","position":2,"name":"Nos produits","item":"https:\/\/www.vera-nature.com\/nos-produits\/"},{"@type":"ListItem","position":3,"name":"Vinaigre de Pomme Naturel"}]},{"@type":"WebSite","@id":"https:\/\/www.vera-nature.com\/#website","url":"https:\/\/www.vera-nature.com\/","name":"Vera nature","description":"","publisher":{"@id":"https:\/\/www.vera-nature.com\/#organization"},"potentialAction":[{"@type":"SearchAction","target":{"@type":"EntryPoint","urlTemplate":"https:\/\/www.vera-nature.com\/?s={search_term_string}"},"query-input":{"@type":"PropertyValueSpecification","valueRequired":true,"valueName":"search_term_string"}}],"inLanguage":"en-GB"},{"@type":"Organization","@id":"https:\/\/www.vera-nature.com\/#organization","name":"Vera nature","url":"https:\/\/www.vera-nature.com\/","logo":{"@type":"ImageObject","inLanguage":"en-GB","@id":"https:\/\/www.vera-nature.com\/#\/schema\/logo\/image\/","url":"https:\/\/www.vera-nature.com\/wp-content\/uploads\/2023\/02\/logo_vernature.png","contentUrl":"https:\/\/www.vera-nature.com\/wp-content\/uploads\/2023\/02\/logo_vernature.png","width":235,"height":88,"caption":"Vera nature"},"image":{"@id":"https:\/\/www.vera-nature.com\/#\/schema\/logo\/image\/"}}]}},"_links":{"self":[{"href":"https:\/\/www.vera-nature.com\/en\/wp-json\/wp\/v2\/product\/3436","targetHints":{"allow":["GET"]}}],"collection":[{"href":"https:\/\/www.vera-nature.com\/en\/wp-json\/wp\/v2\/product"}],"about":[{"href":"https:\/\/www.vera-nature.com\/en\/wp-json\/wp\/v2\/types\/product"}],"wp:featuredmedia":[{"embeddable":true,"href":"https:\/\/www.vera-nature.com\/en\/wp-json\/wp\/v2\/media\/3649"}],"wp:attachment":[{"href":"https:\/\/www.vera-nature.com\/en\/wp-json\/wp\/v2\/media?parent=3436"}],"wp:term":[{"taxonomy":"product_brand","embeddable":true,"href":"https:\/\/www.vera-nature.com\/en\/wp-json\/wp\/v2\/product_brand?post=3436"},{"taxonomy":"product_cat","embeddable":true,"href":"https:\/\/www.vera-nature.com\/en\/wp-json\/wp\/v2\/product_cat?post=3436"},{"taxonomy":"product_tag","embeddable":true,"href":"https:\/\/www.vera-nature.com\/en\/wp-json\/wp\/v2\/product_tag?post=3436"}],"curies":[{"name":"wp","href":"https:\/\/api.w.org\/{rel}","templated":true}]}}