{"id":3439,"date":"2026-02-06T11:39:49","date_gmt":"2026-02-06T10:39:49","guid":{"rendered":"https:\/\/www.vera-nature.com\/?post_type=product&#038;p=3439"},"modified":"2026-02-12T13:23:44","modified_gmt":"2026-02-12T12:23:44","slug":"vinaigre-de-grenadier","status":"publish","type":"product","link":"https:\/\/www.vera-nature.com\/en\/product\/vinaigre-de-grenadier\/","title":{"rendered":"Vinaigre de Grenadier"},"content":{"rendered":"<p>Le vinaigre de grenadier, 100 % naturel et sans produits chimiques, est obtenu par fermentation naturelle de la grenade, reconnue pour sa richesse en polyph\u00e9nols. Il contribue \u00e0 lutter contre le stress oxydatif gr\u00e2ce \u00e0 ses fortes propri\u00e9t\u00e9s antioxydantes. Il favorise une bonne digestion et participe \u00e0 l\u2019\u00e9quilibre m\u00e9tabolique. Il est \u00e9galement appr\u00e9ci\u00e9 pour soutenir la vitalit\u00e9 et le bien-\u00eatre g\u00e9n\u00e9ral<\/p>","protected":false},"excerpt":{"rendered":"<p>125 ml<\/p>\n<p>Le vinaigre de grenadier, 100 % naturel et sans produits chimiques, est riche en antioxydants puissants issus de la grenade. Il aide \u00e0 prot\u00e9ger l\u2019organisme, favorise la digestion et soutient le m\u00e9tabolisme naturellement.<\/p>","protected":false},"featured_media":3654,"template":"","meta":[],"product_brand":[],"product_cat":[53,74],"product_tag":[],"class_list":{"0":"post-3439","1":"product","2":"type-product","3":"status-publish","4":"has-post-thumbnail","6":"product_cat-produits-alimentaires-naturels","7":"product_cat-vinaigre-naturel","9":"first","10":"instock","11":"shipping-taxable","12":"purchasable","13":"product-type-simple"},"yoast_head":"<!-- This site is optimized with the Yoast SEO plugin v27.0 - https:\/\/yoast.com\/product\/yoast-seo-wordpress\/ -->\n<title>Vinaigre de Grenadier - Vera nature<\/title>\n<meta name=\"robots\" content=\"index, follow, max-snippet:-1, max-image-preview:large, max-video-preview:-1\" \/>\n<link rel=\"canonical\" href=\"https:\/\/www.vera-nature.com\/en\/product\/vinaigre-de-grenadier\/\" \/>\n<meta property=\"og:locale\" content=\"en_GB\" \/>\n<meta property=\"og:type\" content=\"article\" \/>\n<meta property=\"og:title\" content=\"Vinaigre de Grenadier - Vera nature\" \/>\n<meta property=\"og:description\" content=\"125 ml  Le vinaigre de grenadier, 100 % naturel et sans produits chimiques, est riche en antioxydants puissants issus de la grenade. Il aide \u00e0 prot\u00e9ger l\u2019organisme, favorise la digestion et soutient le m\u00e9tabolisme naturellement.\" \/>\n<meta property=\"og:url\" content=\"https:\/\/www.vera-nature.com\/en\/product\/vinaigre-de-grenadier\/\" \/>\n<meta property=\"og:site_name\" content=\"Vera nature\" \/>\n<meta property=\"article:modified_time\" content=\"2026-02-12T12:23:44+00:00\" \/>\n<meta property=\"og:image\" content=\"https:\/\/www.vera-nature.com\/wp-content\/uploads\/2026\/02\/vinaigre-de-grenadier-copie.webp\" \/>\n\t<meta property=\"og:image:width\" content=\"560\" \/>\n\t<meta property=\"og:image:height\" content=\"570\" \/>\n\t<meta property=\"og:image:type\" content=\"image\/webp\" \/>\n<meta name=\"twitter:card\" content=\"summary_large_image\" \/>\n<script type=\"application\/ld+json\" class=\"yoast-schema-graph\">{\"@context\":\"https:\/\/schema.org\",\"@graph\":[{\"@type\":\"WebPage\",\"@id\":\"https:\/\/www.vera-nature.com\/product\/vinaigre-de-grenadier\/\",\"url\":\"https:\/\/www.vera-nature.com\/product\/vinaigre-de-grenadier\/\",\"name\":\"Vinaigre de Grenadier - Vera nature\",\"isPartOf\":{\"@id\":\"https:\/\/www.vera-nature.com\/#website\"},\"primaryImageOfPage\":{\"@id\":\"https:\/\/www.vera-nature.com\/product\/vinaigre-de-grenadier\/#primaryimage\"},\"image\":{\"@id\":\"https:\/\/www.vera-nature.com\/product\/vinaigre-de-grenadier\/#primaryimage\"},\"thumbnailUrl\":\"https:\/\/www.vera-nature.com\/wp-content\/uploads\/2026\/02\/vinaigre-de-grenadier-copie.webp\",\"datePublished\":\"2026-02-06T10:39:49+00:00\",\"dateModified\":\"2026-02-12T12:23:44+00:00\",\"breadcrumb\":{\"@id\":\"https:\/\/www.vera-nature.com\/product\/vinaigre-de-grenadier\/#breadcrumb\"},\"inLanguage\":\"en-GB\",\"potentialAction\":[{\"@type\":\"ReadAction\",\"target\":[\"https:\/\/www.vera-nature.com\/product\/vinaigre-de-grenadier\/\"]}]},{\"@type\":\"ImageObject\",\"inLanguage\":\"en-GB\",\"@id\":\"https:\/\/www.vera-nature.com\/product\/vinaigre-de-grenadier\/#primaryimage\",\"url\":\"https:\/\/www.vera-nature.com\/wp-content\/uploads\/2026\/02\/vinaigre-de-grenadier-copie.webp\",\"contentUrl\":\"https:\/\/www.vera-nature.com\/wp-content\/uploads\/2026\/02\/vinaigre-de-grenadier-copie.webp\",\"width\":560,\"height\":570},{\"@type\":\"BreadcrumbList\",\"@id\":\"https:\/\/www.vera-nature.com\/product\/vinaigre-de-grenadier\/#breadcrumb\",\"itemListElement\":[{\"@type\":\"ListItem\",\"position\":1,\"name\":\"Accueil\",\"item\":\"https:\/\/www.vera-nature.com\/\"},{\"@type\":\"ListItem\",\"position\":2,\"name\":\"Nos produits\",\"item\":\"https:\/\/www.vera-nature.com\/nos-produits\/\"},{\"@type\":\"ListItem\",\"position\":3,\"name\":\"Vinaigre de Grenadier\"}]},{\"@type\":\"WebSite\",\"@id\":\"https:\/\/www.vera-nature.com\/#website\",\"url\":\"https:\/\/www.vera-nature.com\/\",\"name\":\"Vera nature\",\"description\":\"\",\"publisher\":{\"@id\":\"https:\/\/www.vera-nature.com\/#organization\"},\"potentialAction\":[{\"@type\":\"SearchAction\",\"target\":{\"@type\":\"EntryPoint\",\"urlTemplate\":\"https:\/\/www.vera-nature.com\/?s={search_term_string}\"},\"query-input\":{\"@type\":\"PropertyValueSpecification\",\"valueRequired\":true,\"valueName\":\"search_term_string\"}}],\"inLanguage\":\"en-GB\"},{\"@type\":\"Organization\",\"@id\":\"https:\/\/www.vera-nature.com\/#organization\",\"name\":\"Vera nature\",\"url\":\"https:\/\/www.vera-nature.com\/\",\"logo\":{\"@type\":\"ImageObject\",\"inLanguage\":\"en-GB\",\"@id\":\"https:\/\/www.vera-nature.com\/#\/schema\/logo\/image\/\",\"url\":\"https:\/\/www.vera-nature.com\/wp-content\/uploads\/2023\/02\/logo_vernature.png\",\"contentUrl\":\"https:\/\/www.vera-nature.com\/wp-content\/uploads\/2023\/02\/logo_vernature.png\",\"width\":235,\"height\":88,\"caption\":\"Vera nature\"},\"image\":{\"@id\":\"https:\/\/www.vera-nature.com\/#\/schema\/logo\/image\/\"}}]}<\/script>\n<!-- \/ Yoast SEO plugin. -->","yoast_head_json":{"title":"Vinaigre de Grenadier - Vera nature","robots":{"index":"index","follow":"follow","max-snippet":"max-snippet:-1","max-image-preview":"max-image-preview:large","max-video-preview":"max-video-preview:-1"},"canonical":"https:\/\/www.vera-nature.com\/en\/product\/vinaigre-de-grenadier\/","og_locale":"en_GB","og_type":"article","og_title":"Vinaigre de Grenadier - Vera nature","og_description":"125 ml  Le vinaigre de grenadier, 100 % naturel et sans produits chimiques, est riche en antioxydants puissants issus de la grenade. Il aide \u00e0 prot\u00e9ger l\u2019organisme, favorise la digestion et soutient le m\u00e9tabolisme naturellement.","og_url":"https:\/\/www.vera-nature.com\/en\/product\/vinaigre-de-grenadier\/","og_site_name":"Vera nature","article_modified_time":"2026-02-12T12:23:44+00:00","og_image":[{"width":560,"height":570,"url":"https:\/\/www.vera-nature.com\/wp-content\/uploads\/2026\/02\/vinaigre-de-grenadier-copie.webp","type":"image\/webp"}],"twitter_card":"summary_large_image","schema":{"@context":"https:\/\/schema.org","@graph":[{"@type":"WebPage","@id":"https:\/\/www.vera-nature.com\/product\/vinaigre-de-grenadier\/","url":"https:\/\/www.vera-nature.com\/product\/vinaigre-de-grenadier\/","name":"Vinaigre de Grenadier - Vera nature","isPartOf":{"@id":"https:\/\/www.vera-nature.com\/#website"},"primaryImageOfPage":{"@id":"https:\/\/www.vera-nature.com\/product\/vinaigre-de-grenadier\/#primaryimage"},"image":{"@id":"https:\/\/www.vera-nature.com\/product\/vinaigre-de-grenadier\/#primaryimage"},"thumbnailUrl":"https:\/\/www.vera-nature.com\/wp-content\/uploads\/2026\/02\/vinaigre-de-grenadier-copie.webp","datePublished":"2026-02-06T10:39:49+00:00","dateModified":"2026-02-12T12:23:44+00:00","breadcrumb":{"@id":"https:\/\/www.vera-nature.com\/product\/vinaigre-de-grenadier\/#breadcrumb"},"inLanguage":"en-GB","potentialAction":[{"@type":"ReadAction","target":["https:\/\/www.vera-nature.com\/product\/vinaigre-de-grenadier\/"]}]},{"@type":"ImageObject","inLanguage":"en-GB","@id":"https:\/\/www.vera-nature.com\/product\/vinaigre-de-grenadier\/#primaryimage","url":"https:\/\/www.vera-nature.com\/wp-content\/uploads\/2026\/02\/vinaigre-de-grenadier-copie.webp","contentUrl":"https:\/\/www.vera-nature.com\/wp-content\/uploads\/2026\/02\/vinaigre-de-grenadier-copie.webp","width":560,"height":570},{"@type":"BreadcrumbList","@id":"https:\/\/www.vera-nature.com\/product\/vinaigre-de-grenadier\/#breadcrumb","itemListElement":[{"@type":"ListItem","position":1,"name":"Accueil","item":"https:\/\/www.vera-nature.com\/"},{"@type":"ListItem","position":2,"name":"Nos produits","item":"https:\/\/www.vera-nature.com\/nos-produits\/"},{"@type":"ListItem","position":3,"name":"Vinaigre de Grenadier"}]},{"@type":"WebSite","@id":"https:\/\/www.vera-nature.com\/#website","url":"https:\/\/www.vera-nature.com\/","name":"Vera nature","description":"","publisher":{"@id":"https:\/\/www.vera-nature.com\/#organization"},"potentialAction":[{"@type":"SearchAction","target":{"@type":"EntryPoint","urlTemplate":"https:\/\/www.vera-nature.com\/?s={search_term_string}"},"query-input":{"@type":"PropertyValueSpecification","valueRequired":true,"valueName":"search_term_string"}}],"inLanguage":"en-GB"},{"@type":"Organization","@id":"https:\/\/www.vera-nature.com\/#organization","name":"Vera nature","url":"https:\/\/www.vera-nature.com\/","logo":{"@type":"ImageObject","inLanguage":"en-GB","@id":"https:\/\/www.vera-nature.com\/#\/schema\/logo\/image\/","url":"https:\/\/www.vera-nature.com\/wp-content\/uploads\/2023\/02\/logo_vernature.png","contentUrl":"https:\/\/www.vera-nature.com\/wp-content\/uploads\/2023\/02\/logo_vernature.png","width":235,"height":88,"caption":"Vera nature"},"image":{"@id":"https:\/\/www.vera-nature.com\/#\/schema\/logo\/image\/"}}]}},"_links":{"self":[{"href":"https:\/\/www.vera-nature.com\/en\/wp-json\/wp\/v2\/product\/3439","targetHints":{"allow":["GET"]}}],"collection":[{"href":"https:\/\/www.vera-nature.com\/en\/wp-json\/wp\/v2\/product"}],"about":[{"href":"https:\/\/www.vera-nature.com\/en\/wp-json\/wp\/v2\/types\/product"}],"wp:featuredmedia":[{"embeddable":true,"href":"https:\/\/www.vera-nature.com\/en\/wp-json\/wp\/v2\/media\/3654"}],"wp:attachment":[{"href":"https:\/\/www.vera-nature.com\/en\/wp-json\/wp\/v2\/media?parent=3439"}],"wp:term":[{"taxonomy":"product_brand","embeddable":true,"href":"https:\/\/www.vera-nature.com\/en\/wp-json\/wp\/v2\/product_brand?post=3439"},{"taxonomy":"product_cat","embeddable":true,"href":"https:\/\/www.vera-nature.com\/en\/wp-json\/wp\/v2\/product_cat?post=3439"},{"taxonomy":"product_tag","embeddable":true,"href":"https:\/\/www.vera-nature.com\/en\/wp-json\/wp\/v2\/product_tag?post=3439"}],"curies":[{"name":"wp","href":"https:\/\/api.w.org\/{rel}","templated":true}]}}