{"id":3449,"date":"2026-02-06T13:11:33","date_gmt":"2026-02-06T12:11:33","guid":{"rendered":"https:\/\/vera-nature.hypergroup.tn\/?post_type=product&#038;p=3449"},"modified":"2026-02-12T09:31:24","modified_gmt":"2026-02-12T08:31:24","slug":"confiture-talbina","status":"publish","type":"product","link":"https:\/\/www.vera-nature.com\/en\/product\/confiture-talbina\/","title":{"rendered":"Confiture Talbina"},"content":{"rendered":"<p>La confiture de T\u00e9lbina 100 % naturelle est \u00e9labor\u00e9e \u00e0 partir de T\u00e9lbina de qualit\u00e9, conservant tous ses nutriments essentiels.<br data-start=\"462\" data-end=\"465\" \/>Elle favorise une digestion saine et aide \u00e0 apaiser les inconforts gastriques.<br data-start=\"543\" data-end=\"546\" \/>Riche en fibres et antioxydants, elle contribue \u00e0 soutenir le syst\u00e8me immunitaire et \u00e0 r\u00e9guler le taux de sucre dans le sang.<br data-start=\"671\" data-end=\"674\" \/>Sa texture onctueuse et son go\u00fbt naturel en font un alli\u00e9 bien-\u00eatre qui apporte \u00e9nergie et vitalit\u00e9 chaque jour<\/p>","protected":false},"excerpt":{"rendered":"<p>250 g<\/p>\n<p>La confiture de T\u00e9lbina 100 % naturelle est pr\u00e9par\u00e9e \u00e0 partir de T\u00e9lbina pure, riche en fibres, vitamines et min\u00e9raux. Elle soutient la digestion, calme l\u2019inflammation et apporte \u00e9nergie et vitalit\u00e9 au quotidien.<\/p>","protected":false},"featured_media":3573,"template":"","meta":[],"product_brand":[],"product_cat":[54,52,53,78],"product_tag":[],"class_list":{"0":"post-3449","1":"product","2":"type-product","3":"status-publish","4":"has-post-thumbnail","6":"product_cat-confitures-naturels","7":"product_cat-pates-et-poudres-de-fruits-secs-et-dherbes-naturelles","8":"product_cat-produits-alimentaires-naturels","9":"product_cat-produits-phares","11":"first","12":"instock","13":"shipping-taxable","14":"purchasable","15":"product-type-simple"},"yoast_head":"<!-- This site is optimized with the Yoast SEO plugin v27.0 - https:\/\/yoast.com\/product\/yoast-seo-wordpress\/ -->\n<title>Confiture Talbina - Vera nature<\/title>\n<meta name=\"robots\" content=\"index, follow, max-snippet:-1, max-image-preview:large, max-video-preview:-1\" \/>\n<link rel=\"canonical\" href=\"https:\/\/www.vera-nature.com\/en\/product\/confiture-talbina\/\" \/>\n<meta property=\"og:locale\" content=\"en_GB\" \/>\n<meta property=\"og:type\" content=\"article\" \/>\n<meta property=\"og:title\" content=\"Confiture Talbina - Vera nature\" \/>\n<meta property=\"og:description\" content=\"250 g  La confiture de T\u00e9lbina 100 % naturelle est pr\u00e9par\u00e9e \u00e0 partir de T\u00e9lbina pure, riche en fibres, vitamines et min\u00e9raux. Elle soutient la digestion, calme l\u2019inflammation et apporte \u00e9nergie et vitalit\u00e9 au quotidien.\" \/>\n<meta property=\"og:url\" content=\"https:\/\/www.vera-nature.com\/en\/product\/confiture-talbina\/\" \/>\n<meta property=\"og:site_name\" content=\"Vera nature\" \/>\n<meta property=\"article:modified_time\" content=\"2026-02-12T08:31:24+00:00\" \/>\n<meta property=\"og:image\" content=\"https:\/\/www.vera-nature.com\/wp-content\/uploads\/2026\/02\/confiture-telbina-copie.webp\" \/>\n\t<meta property=\"og:image:width\" content=\"560\" \/>\n\t<meta property=\"og:image:height\" content=\"570\" \/>\n\t<meta property=\"og:image:type\" content=\"image\/webp\" \/>\n<meta name=\"twitter:card\" content=\"summary_large_image\" \/>\n<script type=\"application\/ld+json\" class=\"yoast-schema-graph\">{\"@context\":\"https:\/\/schema.org\",\"@graph\":[{\"@type\":\"WebPage\",\"@id\":\"https:\/\/www.vera-nature.com\/product\/confiture-talbina\/\",\"url\":\"https:\/\/www.vera-nature.com\/product\/confiture-talbina\/\",\"name\":\"Confiture Talbina - Vera nature\",\"isPartOf\":{\"@id\":\"https:\/\/www.vera-nature.com\/#website\"},\"primaryImageOfPage\":{\"@id\":\"https:\/\/www.vera-nature.com\/product\/confiture-talbina\/#primaryimage\"},\"image\":{\"@id\":\"https:\/\/www.vera-nature.com\/product\/confiture-talbina\/#primaryimage\"},\"thumbnailUrl\":\"https:\/\/www.vera-nature.com\/wp-content\/uploads\/2026\/02\/confiture-telbina-copie.webp\",\"datePublished\":\"2026-02-06T12:11:33+00:00\",\"dateModified\":\"2026-02-12T08:31:24+00:00\",\"breadcrumb\":{\"@id\":\"https:\/\/www.vera-nature.com\/product\/confiture-talbina\/#breadcrumb\"},\"inLanguage\":\"en-GB\",\"potentialAction\":[{\"@type\":\"ReadAction\",\"target\":[\"https:\/\/www.vera-nature.com\/product\/confiture-talbina\/\"]}]},{\"@type\":\"ImageObject\",\"inLanguage\":\"en-GB\",\"@id\":\"https:\/\/www.vera-nature.com\/product\/confiture-talbina\/#primaryimage\",\"url\":\"https:\/\/www.vera-nature.com\/wp-content\/uploads\/2026\/02\/confiture-telbina-copie.webp\",\"contentUrl\":\"https:\/\/www.vera-nature.com\/wp-content\/uploads\/2026\/02\/confiture-telbina-copie.webp\",\"width\":560,\"height\":570,\"caption\":\"confiture de t\u00e9lbina\"},{\"@type\":\"BreadcrumbList\",\"@id\":\"https:\/\/www.vera-nature.com\/product\/confiture-talbina\/#breadcrumb\",\"itemListElement\":[{\"@type\":\"ListItem\",\"position\":1,\"name\":\"Accueil\",\"item\":\"https:\/\/www.vera-nature.com\/\"},{\"@type\":\"ListItem\",\"position\":2,\"name\":\"Nos produits\",\"item\":\"https:\/\/www.vera-nature.com\/nos-produits\/\"},{\"@type\":\"ListItem\",\"position\":3,\"name\":\"Confiture Talbina\"}]},{\"@type\":\"WebSite\",\"@id\":\"https:\/\/www.vera-nature.com\/#website\",\"url\":\"https:\/\/www.vera-nature.com\/\",\"name\":\"Vera nature\",\"description\":\"\",\"publisher\":{\"@id\":\"https:\/\/www.vera-nature.com\/#organization\"},\"potentialAction\":[{\"@type\":\"SearchAction\",\"target\":{\"@type\":\"EntryPoint\",\"urlTemplate\":\"https:\/\/www.vera-nature.com\/?s={search_term_string}\"},\"query-input\":{\"@type\":\"PropertyValueSpecification\",\"valueRequired\":true,\"valueName\":\"search_term_string\"}}],\"inLanguage\":\"en-GB\"},{\"@type\":\"Organization\",\"@id\":\"https:\/\/www.vera-nature.com\/#organization\",\"name\":\"Vera nature\",\"url\":\"https:\/\/www.vera-nature.com\/\",\"logo\":{\"@type\":\"ImageObject\",\"inLanguage\":\"en-GB\",\"@id\":\"https:\/\/www.vera-nature.com\/#\/schema\/logo\/image\/\",\"url\":\"https:\/\/www.vera-nature.com\/wp-content\/uploads\/2023\/02\/logo_vernature.png\",\"contentUrl\":\"https:\/\/www.vera-nature.com\/wp-content\/uploads\/2023\/02\/logo_vernature.png\",\"width\":235,\"height\":88,\"caption\":\"Vera nature\"},\"image\":{\"@id\":\"https:\/\/www.vera-nature.com\/#\/schema\/logo\/image\/\"}}]}<\/script>\n<!-- \/ Yoast SEO plugin. -->","yoast_head_json":{"title":"Confiture Talbina - Vera nature","robots":{"index":"index","follow":"follow","max-snippet":"max-snippet:-1","max-image-preview":"max-image-preview:large","max-video-preview":"max-video-preview:-1"},"canonical":"https:\/\/www.vera-nature.com\/en\/product\/confiture-talbina\/","og_locale":"en_GB","og_type":"article","og_title":"Confiture Talbina - Vera nature","og_description":"250 g  La confiture de T\u00e9lbina 100 % naturelle est pr\u00e9par\u00e9e \u00e0 partir de T\u00e9lbina pure, riche en fibres, vitamines et min\u00e9raux. Elle soutient la digestion, calme l\u2019inflammation et apporte \u00e9nergie et vitalit\u00e9 au quotidien.","og_url":"https:\/\/www.vera-nature.com\/en\/product\/confiture-talbina\/","og_site_name":"Vera nature","article_modified_time":"2026-02-12T08:31:24+00:00","og_image":[{"width":560,"height":570,"url":"https:\/\/www.vera-nature.com\/wp-content\/uploads\/2026\/02\/confiture-telbina-copie.webp","type":"image\/webp"}],"twitter_card":"summary_large_image","schema":{"@context":"https:\/\/schema.org","@graph":[{"@type":"WebPage","@id":"https:\/\/www.vera-nature.com\/product\/confiture-talbina\/","url":"https:\/\/www.vera-nature.com\/product\/confiture-talbina\/","name":"Confiture Talbina - Vera nature","isPartOf":{"@id":"https:\/\/www.vera-nature.com\/#website"},"primaryImageOfPage":{"@id":"https:\/\/www.vera-nature.com\/product\/confiture-talbina\/#primaryimage"},"image":{"@id":"https:\/\/www.vera-nature.com\/product\/confiture-talbina\/#primaryimage"},"thumbnailUrl":"https:\/\/www.vera-nature.com\/wp-content\/uploads\/2026\/02\/confiture-telbina-copie.webp","datePublished":"2026-02-06T12:11:33+00:00","dateModified":"2026-02-12T08:31:24+00:00","breadcrumb":{"@id":"https:\/\/www.vera-nature.com\/product\/confiture-talbina\/#breadcrumb"},"inLanguage":"en-GB","potentialAction":[{"@type":"ReadAction","target":["https:\/\/www.vera-nature.com\/product\/confiture-talbina\/"]}]},{"@type":"ImageObject","inLanguage":"en-GB","@id":"https:\/\/www.vera-nature.com\/product\/confiture-talbina\/#primaryimage","url":"https:\/\/www.vera-nature.com\/wp-content\/uploads\/2026\/02\/confiture-telbina-copie.webp","contentUrl":"https:\/\/www.vera-nature.com\/wp-content\/uploads\/2026\/02\/confiture-telbina-copie.webp","width":560,"height":570,"caption":"confiture de t\u00e9lbina"},{"@type":"BreadcrumbList","@id":"https:\/\/www.vera-nature.com\/product\/confiture-talbina\/#breadcrumb","itemListElement":[{"@type":"ListItem","position":1,"name":"Accueil","item":"https:\/\/www.vera-nature.com\/"},{"@type":"ListItem","position":2,"name":"Nos produits","item":"https:\/\/www.vera-nature.com\/nos-produits\/"},{"@type":"ListItem","position":3,"name":"Confiture Talbina"}]},{"@type":"WebSite","@id":"https:\/\/www.vera-nature.com\/#website","url":"https:\/\/www.vera-nature.com\/","name":"Vera nature","description":"","publisher":{"@id":"https:\/\/www.vera-nature.com\/#organization"},"potentialAction":[{"@type":"SearchAction","target":{"@type":"EntryPoint","urlTemplate":"https:\/\/www.vera-nature.com\/?s={search_term_string}"},"query-input":{"@type":"PropertyValueSpecification","valueRequired":true,"valueName":"search_term_string"}}],"inLanguage":"en-GB"},{"@type":"Organization","@id":"https:\/\/www.vera-nature.com\/#organization","name":"Vera nature","url":"https:\/\/www.vera-nature.com\/","logo":{"@type":"ImageObject","inLanguage":"en-GB","@id":"https:\/\/www.vera-nature.com\/#\/schema\/logo\/image\/","url":"https:\/\/www.vera-nature.com\/wp-content\/uploads\/2023\/02\/logo_vernature.png","contentUrl":"https:\/\/www.vera-nature.com\/wp-content\/uploads\/2023\/02\/logo_vernature.png","width":235,"height":88,"caption":"Vera nature"},"image":{"@id":"https:\/\/www.vera-nature.com\/#\/schema\/logo\/image\/"}}]}},"_links":{"self":[{"href":"https:\/\/www.vera-nature.com\/en\/wp-json\/wp\/v2\/product\/3449","targetHints":{"allow":["GET"]}}],"collection":[{"href":"https:\/\/www.vera-nature.com\/en\/wp-json\/wp\/v2\/product"}],"about":[{"href":"https:\/\/www.vera-nature.com\/en\/wp-json\/wp\/v2\/types\/product"}],"wp:featuredmedia":[{"embeddable":true,"href":"https:\/\/www.vera-nature.com\/en\/wp-json\/wp\/v2\/media\/3573"}],"wp:attachment":[{"href":"https:\/\/www.vera-nature.com\/en\/wp-json\/wp\/v2\/media?parent=3449"}],"wp:term":[{"taxonomy":"product_brand","embeddable":true,"href":"https:\/\/www.vera-nature.com\/en\/wp-json\/wp\/v2\/product_brand?post=3449"},{"taxonomy":"product_cat","embeddable":true,"href":"https:\/\/www.vera-nature.com\/en\/wp-json\/wp\/v2\/product_cat?post=3449"},{"taxonomy":"product_tag","embeddable":true,"href":"https:\/\/www.vera-nature.com\/en\/wp-json\/wp\/v2\/product_tag?post=3449"}],"curies":[{"name":"wp","href":"https:\/\/api.w.org\/{rel}","templated":true}]}}