{"id":3451,"date":"2026-02-06T13:25:33","date_gmt":"2026-02-06T12:25:33","guid":{"rendered":"https:\/\/vera-nature.hypergroup.tn\/?post_type=product&#038;p=3451"},"modified":"2026-02-13T10:59:07","modified_gmt":"2026-02-13T09:59:07","slug":"poudre-baldi-de-fenugrec","status":"publish","type":"product","link":"https:\/\/www.vera-nature.com\/en\/product\/poudre-baldi-de-fenugrec\/","title":{"rendered":"Poudre Baldi de fenugrec"},"content":{"rendered":"<p>La poudre de fenugrec 100 % naturelle et sans sucre est riche en fibres, vitamines et compos\u00e9s antioxydants b\u00e9n\u00e9fiques pour l\u2019organisme. Elle contribue \u00e0 soutenir le syst\u00e8me immunitaire en aidant le corps \u00e0 mieux se d\u00e9fendre contre les agressions ext\u00e9rieures. Gr\u00e2ce \u00e0 ses nutriments essentiels, elle participe \u00e9galement au maintien de l\u2019\u00e9nergie et au bon fonctionnement digestif. Int\u00e9gr\u00e9e dans une alimentation \u00e9quilibr\u00e9e, elle constitue un alli\u00e9 naturel pour le bien-\u00eatre g\u00e9n\u00e9ral au quotidien.<\/p>","protected":false},"excerpt":{"rendered":"<p>250 g<\/p>\n<p>La poudre de fenugrec 100 % naturelle et sans sucre est riche en fibres, prot\u00e9ines et compos\u00e9s bioactifs b\u00e9n\u00e9fiques pour la sant\u00e9. Elle aide \u00e0 r\u00e9guler la glyc\u00e9mie, soutenir la digestion et renforcer le syst\u00e8me immunitaire.<\/p>","protected":false},"featured_media":3677,"template":"","meta":[],"product_brand":[],"product_cat":[63,53],"product_tag":[],"class_list":{"0":"post-3451","1":"product","2":"type-product","3":"status-publish","4":"has-post-thumbnail","6":"product_cat-epices","7":"product_cat-produits-alimentaires-naturels","9":"first","10":"instock","11":"shipping-taxable","12":"purchasable","13":"product-type-simple"},"yoast_head":"<!-- This site is optimized with the Yoast SEO plugin v27.0 - https:\/\/yoast.com\/product\/yoast-seo-wordpress\/ -->\n<title>Poudre Baldi de fenugrec - Vera nature<\/title>\n<meta name=\"robots\" content=\"index, follow, max-snippet:-1, max-image-preview:large, max-video-preview:-1\" \/>\n<link rel=\"canonical\" href=\"https:\/\/www.vera-nature.com\/en\/product\/poudre-baldi-de-fenugrec\/\" \/>\n<meta property=\"og:locale\" content=\"en_GB\" \/>\n<meta property=\"og:type\" content=\"article\" \/>\n<meta property=\"og:title\" content=\"Poudre Baldi de fenugrec - Vera nature\" \/>\n<meta property=\"og:description\" content=\"250 g  La poudre de fenugrec 100 % naturelle et sans sucre est riche en fibres, prot\u00e9ines et compos\u00e9s bioactifs b\u00e9n\u00e9fiques pour la sant\u00e9. Elle aide \u00e0 r\u00e9guler la glyc\u00e9mie, soutenir la digestion et renforcer le syst\u00e8me immunitaire.\" \/>\n<meta property=\"og:url\" content=\"https:\/\/www.vera-nature.com\/en\/product\/poudre-baldi-de-fenugrec\/\" \/>\n<meta property=\"og:site_name\" content=\"Vera nature\" \/>\n<meta property=\"article:modified_time\" content=\"2026-02-13T09:59:07+00:00\" \/>\n<meta property=\"og:image\" content=\"https:\/\/www.vera-nature.com\/wp-content\/uploads\/2026\/02\/confiture-et-poudre-fenugreek-copie-1.webp\" \/>\n\t<meta property=\"og:image:width\" content=\"560\" \/>\n\t<meta property=\"og:image:height\" content=\"570\" \/>\n\t<meta property=\"og:image:type\" content=\"image\/webp\" \/>\n<meta name=\"twitter:card\" content=\"summary_large_image\" \/>\n<script type=\"application\/ld+json\" class=\"yoast-schema-graph\">{\"@context\":\"https:\/\/schema.org\",\"@graph\":[{\"@type\":\"WebPage\",\"@id\":\"https:\/\/www.vera-nature.com\/product\/poudre-baldi-de-fenugrec\/\",\"url\":\"https:\/\/www.vera-nature.com\/product\/poudre-baldi-de-fenugrec\/\",\"name\":\"Poudre Baldi de fenugrec - Vera nature\",\"isPartOf\":{\"@id\":\"https:\/\/www.vera-nature.com\/#website\"},\"primaryImageOfPage\":{\"@id\":\"https:\/\/www.vera-nature.com\/product\/poudre-baldi-de-fenugrec\/#primaryimage\"},\"image\":{\"@id\":\"https:\/\/www.vera-nature.com\/product\/poudre-baldi-de-fenugrec\/#primaryimage\"},\"thumbnailUrl\":\"https:\/\/www.vera-nature.com\/wp-content\/uploads\/2026\/02\/confiture-et-poudre-fenugreek-copie-1.webp\",\"datePublished\":\"2026-02-06T12:25:33+00:00\",\"dateModified\":\"2026-02-13T09:59:07+00:00\",\"breadcrumb\":{\"@id\":\"https:\/\/www.vera-nature.com\/product\/poudre-baldi-de-fenugrec\/#breadcrumb\"},\"inLanguage\":\"en-GB\",\"potentialAction\":[{\"@type\":\"ReadAction\",\"target\":[\"https:\/\/www.vera-nature.com\/product\/poudre-baldi-de-fenugrec\/\"]}]},{\"@type\":\"ImageObject\",\"inLanguage\":\"en-GB\",\"@id\":\"https:\/\/www.vera-nature.com\/product\/poudre-baldi-de-fenugrec\/#primaryimage\",\"url\":\"https:\/\/www.vera-nature.com\/wp-content\/uploads\/2026\/02\/confiture-et-poudre-fenugreek-copie-1.webp\",\"contentUrl\":\"https:\/\/www.vera-nature.com\/wp-content\/uploads\/2026\/02\/confiture-et-poudre-fenugreek-copie-1.webp\",\"width\":560,\"height\":570},{\"@type\":\"BreadcrumbList\",\"@id\":\"https:\/\/www.vera-nature.com\/product\/poudre-baldi-de-fenugrec\/#breadcrumb\",\"itemListElement\":[{\"@type\":\"ListItem\",\"position\":1,\"name\":\"Accueil\",\"item\":\"https:\/\/www.vera-nature.com\/\"},{\"@type\":\"ListItem\",\"position\":2,\"name\":\"Nos produits\",\"item\":\"https:\/\/www.vera-nature.com\/nos-produits\/\"},{\"@type\":\"ListItem\",\"position\":3,\"name\":\"Poudre Baldi de fenugrec\"}]},{\"@type\":\"WebSite\",\"@id\":\"https:\/\/www.vera-nature.com\/#website\",\"url\":\"https:\/\/www.vera-nature.com\/\",\"name\":\"Vera nature\",\"description\":\"\",\"publisher\":{\"@id\":\"https:\/\/www.vera-nature.com\/#organization\"},\"potentialAction\":[{\"@type\":\"SearchAction\",\"target\":{\"@type\":\"EntryPoint\",\"urlTemplate\":\"https:\/\/www.vera-nature.com\/?s={search_term_string}\"},\"query-input\":{\"@type\":\"PropertyValueSpecification\",\"valueRequired\":true,\"valueName\":\"search_term_string\"}}],\"inLanguage\":\"en-GB\"},{\"@type\":\"Organization\",\"@id\":\"https:\/\/www.vera-nature.com\/#organization\",\"name\":\"Vera nature\",\"url\":\"https:\/\/www.vera-nature.com\/\",\"logo\":{\"@type\":\"ImageObject\",\"inLanguage\":\"en-GB\",\"@id\":\"https:\/\/www.vera-nature.com\/#\/schema\/logo\/image\/\",\"url\":\"https:\/\/www.vera-nature.com\/wp-content\/uploads\/2023\/02\/logo_vernature.png\",\"contentUrl\":\"https:\/\/www.vera-nature.com\/wp-content\/uploads\/2023\/02\/logo_vernature.png\",\"width\":235,\"height\":88,\"caption\":\"Vera nature\"},\"image\":{\"@id\":\"https:\/\/www.vera-nature.com\/#\/schema\/logo\/image\/\"}}]}<\/script>\n<!-- \/ Yoast SEO plugin. -->","yoast_head_json":{"title":"Poudre Baldi de fenugrec - Vera nature","robots":{"index":"index","follow":"follow","max-snippet":"max-snippet:-1","max-image-preview":"max-image-preview:large","max-video-preview":"max-video-preview:-1"},"canonical":"https:\/\/www.vera-nature.com\/en\/product\/poudre-baldi-de-fenugrec\/","og_locale":"en_GB","og_type":"article","og_title":"Poudre Baldi de fenugrec - Vera nature","og_description":"250 g  La poudre de fenugrec 100 % naturelle et sans sucre est riche en fibres, prot\u00e9ines et compos\u00e9s bioactifs b\u00e9n\u00e9fiques pour la sant\u00e9. Elle aide \u00e0 r\u00e9guler la glyc\u00e9mie, soutenir la digestion et renforcer le syst\u00e8me immunitaire.","og_url":"https:\/\/www.vera-nature.com\/en\/product\/poudre-baldi-de-fenugrec\/","og_site_name":"Vera nature","article_modified_time":"2026-02-13T09:59:07+00:00","og_image":[{"width":560,"height":570,"url":"https:\/\/www.vera-nature.com\/wp-content\/uploads\/2026\/02\/confiture-et-poudre-fenugreek-copie-1.webp","type":"image\/webp"}],"twitter_card":"summary_large_image","schema":{"@context":"https:\/\/schema.org","@graph":[{"@type":"WebPage","@id":"https:\/\/www.vera-nature.com\/product\/poudre-baldi-de-fenugrec\/","url":"https:\/\/www.vera-nature.com\/product\/poudre-baldi-de-fenugrec\/","name":"Poudre Baldi de fenugrec - Vera nature","isPartOf":{"@id":"https:\/\/www.vera-nature.com\/#website"},"primaryImageOfPage":{"@id":"https:\/\/www.vera-nature.com\/product\/poudre-baldi-de-fenugrec\/#primaryimage"},"image":{"@id":"https:\/\/www.vera-nature.com\/product\/poudre-baldi-de-fenugrec\/#primaryimage"},"thumbnailUrl":"https:\/\/www.vera-nature.com\/wp-content\/uploads\/2026\/02\/confiture-et-poudre-fenugreek-copie-1.webp","datePublished":"2026-02-06T12:25:33+00:00","dateModified":"2026-02-13T09:59:07+00:00","breadcrumb":{"@id":"https:\/\/www.vera-nature.com\/product\/poudre-baldi-de-fenugrec\/#breadcrumb"},"inLanguage":"en-GB","potentialAction":[{"@type":"ReadAction","target":["https:\/\/www.vera-nature.com\/product\/poudre-baldi-de-fenugrec\/"]}]},{"@type":"ImageObject","inLanguage":"en-GB","@id":"https:\/\/www.vera-nature.com\/product\/poudre-baldi-de-fenugrec\/#primaryimage","url":"https:\/\/www.vera-nature.com\/wp-content\/uploads\/2026\/02\/confiture-et-poudre-fenugreek-copie-1.webp","contentUrl":"https:\/\/www.vera-nature.com\/wp-content\/uploads\/2026\/02\/confiture-et-poudre-fenugreek-copie-1.webp","width":560,"height":570},{"@type":"BreadcrumbList","@id":"https:\/\/www.vera-nature.com\/product\/poudre-baldi-de-fenugrec\/#breadcrumb","itemListElement":[{"@type":"ListItem","position":1,"name":"Accueil","item":"https:\/\/www.vera-nature.com\/"},{"@type":"ListItem","position":2,"name":"Nos produits","item":"https:\/\/www.vera-nature.com\/nos-produits\/"},{"@type":"ListItem","position":3,"name":"Poudre Baldi de fenugrec"}]},{"@type":"WebSite","@id":"https:\/\/www.vera-nature.com\/#website","url":"https:\/\/www.vera-nature.com\/","name":"Vera nature","description":"","publisher":{"@id":"https:\/\/www.vera-nature.com\/#organization"},"potentialAction":[{"@type":"SearchAction","target":{"@type":"EntryPoint","urlTemplate":"https:\/\/www.vera-nature.com\/?s={search_term_string}"},"query-input":{"@type":"PropertyValueSpecification","valueRequired":true,"valueName":"search_term_string"}}],"inLanguage":"en-GB"},{"@type":"Organization","@id":"https:\/\/www.vera-nature.com\/#organization","name":"Vera nature","url":"https:\/\/www.vera-nature.com\/","logo":{"@type":"ImageObject","inLanguage":"en-GB","@id":"https:\/\/www.vera-nature.com\/#\/schema\/logo\/image\/","url":"https:\/\/www.vera-nature.com\/wp-content\/uploads\/2023\/02\/logo_vernature.png","contentUrl":"https:\/\/www.vera-nature.com\/wp-content\/uploads\/2023\/02\/logo_vernature.png","width":235,"height":88,"caption":"Vera nature"},"image":{"@id":"https:\/\/www.vera-nature.com\/#\/schema\/logo\/image\/"}}]}},"_links":{"self":[{"href":"https:\/\/www.vera-nature.com\/en\/wp-json\/wp\/v2\/product\/3451","targetHints":{"allow":["GET"]}}],"collection":[{"href":"https:\/\/www.vera-nature.com\/en\/wp-json\/wp\/v2\/product"}],"about":[{"href":"https:\/\/www.vera-nature.com\/en\/wp-json\/wp\/v2\/types\/product"}],"wp:featuredmedia":[{"embeddable":true,"href":"https:\/\/www.vera-nature.com\/en\/wp-json\/wp\/v2\/media\/3677"}],"wp:attachment":[{"href":"https:\/\/www.vera-nature.com\/en\/wp-json\/wp\/v2\/media?parent=3451"}],"wp:term":[{"taxonomy":"product_brand","embeddable":true,"href":"https:\/\/www.vera-nature.com\/en\/wp-json\/wp\/v2\/product_brand?post=3451"},{"taxonomy":"product_cat","embeddable":true,"href":"https:\/\/www.vera-nature.com\/en\/wp-json\/wp\/v2\/product_cat?post=3451"},{"taxonomy":"product_tag","embeddable":true,"href":"https:\/\/www.vera-nature.com\/en\/wp-json\/wp\/v2\/product_tag?post=3451"}],"curies":[{"name":"wp","href":"https:\/\/api.w.org\/{rel}","templated":true}]}}