{"id":3453,"date":"2026-02-06T13:31:24","date_gmt":"2026-02-06T12:31:24","guid":{"rendered":"https:\/\/www.vera-nature.com\/?post_type=product&#038;p=3453"},"modified":"2026-02-13T11:04:00","modified_gmt":"2026-02-13T10:04:00","slug":"confiture-baldi-de-fenugrec","status":"publish","type":"product","link":"https:\/\/www.vera-nature.com\/en\/product\/confiture-baldi-de-fenugrec\/","title":{"rendered":"Confiture Baldi de Fenugrec"},"content":{"rendered":"<p>La confiture Baldi de fenugrec 100 % naturelle, pr\u00e9par\u00e9e avec du miel Sidr et du pollen d\u2019abeille, est sans sucre ajout\u00e9 et conserve tous les bienfaits du fenugrec et de la ruche.<br data-start=\"632\" data-end=\"635\" \/>Elle contribue \u00e0 maintenir un taux de sucre sanguin stable et favorise une digestion saine.<br data-start=\"726\" data-end=\"729\" \/>Riche en fibres, antioxydants et nutriments naturels, elle soutient \u00e9galement le syst\u00e8me immunitaire.<br data-start=\"830\" data-end=\"833\" \/>Sa texture onctueuse et son go\u00fbt unique en font un alli\u00e9 bien-\u00eatre qui apporte \u00e9nergie, vitalit\u00e9 et douceur chaque jour<\/p>","protected":false},"excerpt":{"rendered":"<p>250 g<\/p>\n<p>La confiture Baldi de fenugrec 100 % naturelle, enrichie en miel Sidr et pollen d\u2019abeille, est sans sucre ajout\u00e9 et riche en fibres et nutriments essentiels. Elle soutient la digestion, r\u00e9gule la glyc\u00e9mie et apporte \u00e9nergie et vitalit\u00e9 au quotidien.<\/p>","protected":false},"featured_media":3669,"template":"","meta":[],"product_brand":[],"product_cat":[54,53],"product_tag":[],"class_list":{"0":"post-3453","1":"product","2":"type-product","3":"status-publish","4":"has-post-thumbnail","6":"product_cat-confitures-naturels","7":"product_cat-produits-alimentaires-naturels","9":"first","10":"instock","11":"shipping-taxable","12":"purchasable","13":"product-type-simple"},"yoast_head":"<!-- This site is optimized with the Yoast SEO plugin v27.0 - https:\/\/yoast.com\/product\/yoast-seo-wordpress\/ -->\n<title>Confiture Baldi de Fenugrec - Vera nature<\/title>\n<meta name=\"robots\" content=\"index, follow, max-snippet:-1, max-image-preview:large, max-video-preview:-1\" \/>\n<link rel=\"canonical\" href=\"https:\/\/www.vera-nature.com\/en\/product\/confiture-baldi-de-fenugrec\/\" \/>\n<meta property=\"og:locale\" content=\"en_GB\" \/>\n<meta property=\"og:type\" content=\"article\" \/>\n<meta property=\"og:title\" content=\"Confiture Baldi de Fenugrec - Vera nature\" \/>\n<meta property=\"og:description\" content=\"250 g  La confiture Baldi de fenugrec 100 % naturelle, enrichie en miel Sidr et pollen d\u2019abeille, est sans sucre ajout\u00e9 et riche en fibres et nutriments essentiels. Elle soutient la digestion, r\u00e9gule la glyc\u00e9mie et apporte \u00e9nergie et vitalit\u00e9 au quotidien.\" \/>\n<meta property=\"og:url\" content=\"https:\/\/www.vera-nature.com\/en\/product\/confiture-baldi-de-fenugrec\/\" \/>\n<meta property=\"og:site_name\" content=\"Vera nature\" \/>\n<meta property=\"article:modified_time\" content=\"2026-02-13T10:04:00+00:00\" \/>\n<meta property=\"og:image\" content=\"https:\/\/www.vera-nature.com\/wp-content\/uploads\/2026\/02\/Fenugrec.webp\" \/>\n\t<meta property=\"og:image:width\" content=\"560\" \/>\n\t<meta property=\"og:image:height\" content=\"570\" \/>\n\t<meta property=\"og:image:type\" content=\"image\/webp\" \/>\n<meta name=\"twitter:card\" content=\"summary_large_image\" \/>\n<script type=\"application\/ld+json\" class=\"yoast-schema-graph\">{\"@context\":\"https:\/\/schema.org\",\"@graph\":[{\"@type\":\"WebPage\",\"@id\":\"https:\/\/www.vera-nature.com\/product\/confiture-baldi-de-fenugrec\/\",\"url\":\"https:\/\/www.vera-nature.com\/product\/confiture-baldi-de-fenugrec\/\",\"name\":\"Confiture Baldi de Fenugrec - Vera nature\",\"isPartOf\":{\"@id\":\"https:\/\/www.vera-nature.com\/#website\"},\"primaryImageOfPage\":{\"@id\":\"https:\/\/www.vera-nature.com\/product\/confiture-baldi-de-fenugrec\/#primaryimage\"},\"image\":{\"@id\":\"https:\/\/www.vera-nature.com\/product\/confiture-baldi-de-fenugrec\/#primaryimage\"},\"thumbnailUrl\":\"https:\/\/www.vera-nature.com\/wp-content\/uploads\/2026\/02\/Fenugrec.webp\",\"datePublished\":\"2026-02-06T12:31:24+00:00\",\"dateModified\":\"2026-02-13T10:04:00+00:00\",\"breadcrumb\":{\"@id\":\"https:\/\/www.vera-nature.com\/product\/confiture-baldi-de-fenugrec\/#breadcrumb\"},\"inLanguage\":\"en-GB\",\"potentialAction\":[{\"@type\":\"ReadAction\",\"target\":[\"https:\/\/www.vera-nature.com\/product\/confiture-baldi-de-fenugrec\/\"]}]},{\"@type\":\"ImageObject\",\"inLanguage\":\"en-GB\",\"@id\":\"https:\/\/www.vera-nature.com\/product\/confiture-baldi-de-fenugrec\/#primaryimage\",\"url\":\"https:\/\/www.vera-nature.com\/wp-content\/uploads\/2026\/02\/Fenugrec.webp\",\"contentUrl\":\"https:\/\/www.vera-nature.com\/wp-content\/uploads\/2026\/02\/Fenugrec.webp\",\"width\":560,\"height\":570},{\"@type\":\"BreadcrumbList\",\"@id\":\"https:\/\/www.vera-nature.com\/product\/confiture-baldi-de-fenugrec\/#breadcrumb\",\"itemListElement\":[{\"@type\":\"ListItem\",\"position\":1,\"name\":\"Accueil\",\"item\":\"https:\/\/www.vera-nature.com\/\"},{\"@type\":\"ListItem\",\"position\":2,\"name\":\"Nos produits\",\"item\":\"https:\/\/www.vera-nature.com\/nos-produits\/\"},{\"@type\":\"ListItem\",\"position\":3,\"name\":\"Confiture Baldi de Fenugrec\"}]},{\"@type\":\"WebSite\",\"@id\":\"https:\/\/www.vera-nature.com\/#website\",\"url\":\"https:\/\/www.vera-nature.com\/\",\"name\":\"Vera nature\",\"description\":\"\",\"publisher\":{\"@id\":\"https:\/\/www.vera-nature.com\/#organization\"},\"potentialAction\":[{\"@type\":\"SearchAction\",\"target\":{\"@type\":\"EntryPoint\",\"urlTemplate\":\"https:\/\/www.vera-nature.com\/?s={search_term_string}\"},\"query-input\":{\"@type\":\"PropertyValueSpecification\",\"valueRequired\":true,\"valueName\":\"search_term_string\"}}],\"inLanguage\":\"en-GB\"},{\"@type\":\"Organization\",\"@id\":\"https:\/\/www.vera-nature.com\/#organization\",\"name\":\"Vera nature\",\"url\":\"https:\/\/www.vera-nature.com\/\",\"logo\":{\"@type\":\"ImageObject\",\"inLanguage\":\"en-GB\",\"@id\":\"https:\/\/www.vera-nature.com\/#\/schema\/logo\/image\/\",\"url\":\"https:\/\/www.vera-nature.com\/wp-content\/uploads\/2023\/02\/logo_vernature.png\",\"contentUrl\":\"https:\/\/www.vera-nature.com\/wp-content\/uploads\/2023\/02\/logo_vernature.png\",\"width\":235,\"height\":88,\"caption\":\"Vera nature\"},\"image\":{\"@id\":\"https:\/\/www.vera-nature.com\/#\/schema\/logo\/image\/\"}}]}<\/script>\n<!-- \/ Yoast SEO plugin. -->","yoast_head_json":{"title":"Confiture Baldi de Fenugrec - Vera nature","robots":{"index":"index","follow":"follow","max-snippet":"max-snippet:-1","max-image-preview":"max-image-preview:large","max-video-preview":"max-video-preview:-1"},"canonical":"https:\/\/www.vera-nature.com\/en\/product\/confiture-baldi-de-fenugrec\/","og_locale":"en_GB","og_type":"article","og_title":"Confiture Baldi de Fenugrec - Vera nature","og_description":"250 g  La confiture Baldi de fenugrec 100 % naturelle, enrichie en miel Sidr et pollen d\u2019abeille, est sans sucre ajout\u00e9 et riche en fibres et nutriments essentiels. Elle soutient la digestion, r\u00e9gule la glyc\u00e9mie et apporte \u00e9nergie et vitalit\u00e9 au quotidien.","og_url":"https:\/\/www.vera-nature.com\/en\/product\/confiture-baldi-de-fenugrec\/","og_site_name":"Vera nature","article_modified_time":"2026-02-13T10:04:00+00:00","og_image":[{"width":560,"height":570,"url":"https:\/\/www.vera-nature.com\/wp-content\/uploads\/2026\/02\/Fenugrec.webp","type":"image\/webp"}],"twitter_card":"summary_large_image","schema":{"@context":"https:\/\/schema.org","@graph":[{"@type":"WebPage","@id":"https:\/\/www.vera-nature.com\/product\/confiture-baldi-de-fenugrec\/","url":"https:\/\/www.vera-nature.com\/product\/confiture-baldi-de-fenugrec\/","name":"Confiture Baldi de Fenugrec - Vera nature","isPartOf":{"@id":"https:\/\/www.vera-nature.com\/#website"},"primaryImageOfPage":{"@id":"https:\/\/www.vera-nature.com\/product\/confiture-baldi-de-fenugrec\/#primaryimage"},"image":{"@id":"https:\/\/www.vera-nature.com\/product\/confiture-baldi-de-fenugrec\/#primaryimage"},"thumbnailUrl":"https:\/\/www.vera-nature.com\/wp-content\/uploads\/2026\/02\/Fenugrec.webp","datePublished":"2026-02-06T12:31:24+00:00","dateModified":"2026-02-13T10:04:00+00:00","breadcrumb":{"@id":"https:\/\/www.vera-nature.com\/product\/confiture-baldi-de-fenugrec\/#breadcrumb"},"inLanguage":"en-GB","potentialAction":[{"@type":"ReadAction","target":["https:\/\/www.vera-nature.com\/product\/confiture-baldi-de-fenugrec\/"]}]},{"@type":"ImageObject","inLanguage":"en-GB","@id":"https:\/\/www.vera-nature.com\/product\/confiture-baldi-de-fenugrec\/#primaryimage","url":"https:\/\/www.vera-nature.com\/wp-content\/uploads\/2026\/02\/Fenugrec.webp","contentUrl":"https:\/\/www.vera-nature.com\/wp-content\/uploads\/2026\/02\/Fenugrec.webp","width":560,"height":570},{"@type":"BreadcrumbList","@id":"https:\/\/www.vera-nature.com\/product\/confiture-baldi-de-fenugrec\/#breadcrumb","itemListElement":[{"@type":"ListItem","position":1,"name":"Accueil","item":"https:\/\/www.vera-nature.com\/"},{"@type":"ListItem","position":2,"name":"Nos produits","item":"https:\/\/www.vera-nature.com\/nos-produits\/"},{"@type":"ListItem","position":3,"name":"Confiture Baldi de Fenugrec"}]},{"@type":"WebSite","@id":"https:\/\/www.vera-nature.com\/#website","url":"https:\/\/www.vera-nature.com\/","name":"Vera nature","description":"","publisher":{"@id":"https:\/\/www.vera-nature.com\/#organization"},"potentialAction":[{"@type":"SearchAction","target":{"@type":"EntryPoint","urlTemplate":"https:\/\/www.vera-nature.com\/?s={search_term_string}"},"query-input":{"@type":"PropertyValueSpecification","valueRequired":true,"valueName":"search_term_string"}}],"inLanguage":"en-GB"},{"@type":"Organization","@id":"https:\/\/www.vera-nature.com\/#organization","name":"Vera nature","url":"https:\/\/www.vera-nature.com\/","logo":{"@type":"ImageObject","inLanguage":"en-GB","@id":"https:\/\/www.vera-nature.com\/#\/schema\/logo\/image\/","url":"https:\/\/www.vera-nature.com\/wp-content\/uploads\/2023\/02\/logo_vernature.png","contentUrl":"https:\/\/www.vera-nature.com\/wp-content\/uploads\/2023\/02\/logo_vernature.png","width":235,"height":88,"caption":"Vera nature"},"image":{"@id":"https:\/\/www.vera-nature.com\/#\/schema\/logo\/image\/"}}]}},"_links":{"self":[{"href":"https:\/\/www.vera-nature.com\/en\/wp-json\/wp\/v2\/product\/3453","targetHints":{"allow":["GET"]}}],"collection":[{"href":"https:\/\/www.vera-nature.com\/en\/wp-json\/wp\/v2\/product"}],"about":[{"href":"https:\/\/www.vera-nature.com\/en\/wp-json\/wp\/v2\/types\/product"}],"wp:featuredmedia":[{"embeddable":true,"href":"https:\/\/www.vera-nature.com\/en\/wp-json\/wp\/v2\/media\/3669"}],"wp:attachment":[{"href":"https:\/\/www.vera-nature.com\/en\/wp-json\/wp\/v2\/media?parent=3453"}],"wp:term":[{"taxonomy":"product_brand","embeddable":true,"href":"https:\/\/www.vera-nature.com\/en\/wp-json\/wp\/v2\/product_brand?post=3453"},{"taxonomy":"product_cat","embeddable":true,"href":"https:\/\/www.vera-nature.com\/en\/wp-json\/wp\/v2\/product_cat?post=3453"},{"taxonomy":"product_tag","embeddable":true,"href":"https:\/\/www.vera-nature.com\/en\/wp-json\/wp\/v2\/product_tag?post=3453"}],"curies":[{"name":"wp","href":"https:\/\/api.w.org\/{rel}","templated":true}]}}