{"id":3531,"date":"2026-02-09T17:05:09","date_gmt":"2026-02-09T16:05:09","guid":{"rendered":"https:\/\/vera-nature.hypergroup.tn\/?post_type=product&#038;p=3531"},"modified":"2026-02-12T09:31:24","modified_gmt":"2026-02-12T08:31:24","slug":"leau-de-menthe","status":"publish","type":"product","link":"https:\/\/www.vera-nature.com\/en\/product\/leau-de-menthe\/","title":{"rendered":"L&rsquo;eau de Menthe"},"content":{"rendered":"<p>L\u2019eau de menthe distill\u00e9e de mani\u00e8re traditionnelle aide \u00e0 apaiser l\u2019estomac, r\u00e9duire les ballonnements et faciliter la digestion. Elle procure aussi une sensation de fra\u00eecheur qui favorise la d\u00e9tente et le calme nerveux.<\/p>","protected":false},"excerpt":{"rendered":"<p>250 ml<\/p>\n<p>L\u2019eau de menthe distill\u00e9e selon la m\u00e9thode traditionnelle est connue pour ses bienfaits digestifs, notamment contre les douleurs d\u2019estomac, les gaz et les naus\u00e9es. Elle stimule doucement la digestion tout en apaisant les spasmes intestinaux. Gr\u00e2ce \u00e0 son ar\u00f4me naturel, elle aide \u00e0 r\u00e9duire le stress et les tensions nerveuses. Elle favorise ainsi un \u00e9tat de relaxation et de bien-\u00eatre g\u00e9n\u00e9ral.<\/p>","protected":false},"featured_media":3532,"template":"","meta":[],"product_brand":[],"product_cat":[59,60,78],"product_tag":[],"class_list":{"0":"post-3531","1":"product","2":"type-product","3":"status-publish","4":"has-post-thumbnail","6":"product_cat-eaux-de-plantes-et-de-fleurs-naturelles","7":"product_cat-eaux-de-plantes-naturelles","8":"product_cat-produits-phares","10":"first","11":"instock","12":"shipping-taxable","13":"purchasable","14":"product-type-simple"},"yoast_head":"<!-- This site is optimized with the Yoast SEO plugin v27.0 - https:\/\/yoast.com\/product\/yoast-seo-wordpress\/ -->\n<title>L&#039;eau de Menthe - Vera nature<\/title>\n<meta name=\"robots\" content=\"index, follow, max-snippet:-1, max-image-preview:large, max-video-preview:-1\" \/>\n<link rel=\"canonical\" href=\"https:\/\/www.vera-nature.com\/en\/product\/leau-de-menthe\/\" \/>\n<meta property=\"og:locale\" content=\"en_GB\" \/>\n<meta property=\"og:type\" content=\"article\" \/>\n<meta property=\"og:title\" content=\"L&#039;eau de Menthe - Vera nature\" \/>\n<meta property=\"og:description\" content=\"250 ml  L\u2019eau de menthe distill\u00e9e selon la m\u00e9thode traditionnelle est connue pour ses bienfaits digestifs, notamment contre les douleurs d\u2019estomac, les gaz et les naus\u00e9es. Elle stimule doucement la digestion tout en apaisant les spasmes intestinaux. Gr\u00e2ce \u00e0 son ar\u00f4me naturel, elle aide \u00e0 r\u00e9duire le stress et les tensions nerveuses. Elle favorise ainsi un \u00e9tat de relaxation et de bien-\u00eatre g\u00e9n\u00e9ral.\" \/>\n<meta property=\"og:url\" content=\"https:\/\/www.vera-nature.com\/en\/product\/leau-de-menthe\/\" \/>\n<meta property=\"og:site_name\" content=\"Vera nature\" \/>\n<meta property=\"article:modified_time\" content=\"2026-02-12T08:31:24+00:00\" \/>\n<meta property=\"og:image\" content=\"https:\/\/www.vera-nature.com\/wp-content\/uploads\/2026\/02\/eau-de-menthe-copie.webp\" \/>\n\t<meta property=\"og:image:width\" content=\"560\" \/>\n\t<meta property=\"og:image:height\" content=\"570\" \/>\n\t<meta property=\"og:image:type\" content=\"image\/webp\" \/>\n<meta name=\"twitter:card\" content=\"summary_large_image\" \/>\n<script type=\"application\/ld+json\" class=\"yoast-schema-graph\">{\"@context\":\"https:\/\/schema.org\",\"@graph\":[{\"@type\":\"WebPage\",\"@id\":\"https:\/\/www.vera-nature.com\/product\/leau-de-menthe\/\",\"url\":\"https:\/\/www.vera-nature.com\/product\/leau-de-menthe\/\",\"name\":\"L'eau de Menthe - Vera nature\",\"isPartOf\":{\"@id\":\"https:\/\/www.vera-nature.com\/#website\"},\"primaryImageOfPage\":{\"@id\":\"https:\/\/www.vera-nature.com\/product\/leau-de-menthe\/#primaryimage\"},\"image\":{\"@id\":\"https:\/\/www.vera-nature.com\/product\/leau-de-menthe\/#primaryimage\"},\"thumbnailUrl\":\"https:\/\/www.vera-nature.com\/wp-content\/uploads\/2026\/02\/eau-de-menthe-copie.webp\",\"datePublished\":\"2026-02-09T16:05:09+00:00\",\"dateModified\":\"2026-02-12T08:31:24+00:00\",\"breadcrumb\":{\"@id\":\"https:\/\/www.vera-nature.com\/product\/leau-de-menthe\/#breadcrumb\"},\"inLanguage\":\"en-GB\",\"potentialAction\":[{\"@type\":\"ReadAction\",\"target\":[\"https:\/\/www.vera-nature.com\/product\/leau-de-menthe\/\"]}]},{\"@type\":\"ImageObject\",\"inLanguage\":\"en-GB\",\"@id\":\"https:\/\/www.vera-nature.com\/product\/leau-de-menthe\/#primaryimage\",\"url\":\"https:\/\/www.vera-nature.com\/wp-content\/uploads\/2026\/02\/eau-de-menthe-copie.webp\",\"contentUrl\":\"https:\/\/www.vera-nature.com\/wp-content\/uploads\/2026\/02\/eau-de-menthe-copie.webp\",\"width\":560,\"height\":570,\"caption\":\"Eau de Menthe\"},{\"@type\":\"BreadcrumbList\",\"@id\":\"https:\/\/www.vera-nature.com\/product\/leau-de-menthe\/#breadcrumb\",\"itemListElement\":[{\"@type\":\"ListItem\",\"position\":1,\"name\":\"Accueil\",\"item\":\"https:\/\/www.vera-nature.com\/\"},{\"@type\":\"ListItem\",\"position\":2,\"name\":\"Nos produits\",\"item\":\"https:\/\/www.vera-nature.com\/nos-produits\/\"},{\"@type\":\"ListItem\",\"position\":3,\"name\":\"L&rsquo;eau de Menthe\"}]},{\"@type\":\"WebSite\",\"@id\":\"https:\/\/www.vera-nature.com\/#website\",\"url\":\"https:\/\/www.vera-nature.com\/\",\"name\":\"Vera nature\",\"description\":\"\",\"publisher\":{\"@id\":\"https:\/\/www.vera-nature.com\/#organization\"},\"potentialAction\":[{\"@type\":\"SearchAction\",\"target\":{\"@type\":\"EntryPoint\",\"urlTemplate\":\"https:\/\/www.vera-nature.com\/?s={search_term_string}\"},\"query-input\":{\"@type\":\"PropertyValueSpecification\",\"valueRequired\":true,\"valueName\":\"search_term_string\"}}],\"inLanguage\":\"en-GB\"},{\"@type\":\"Organization\",\"@id\":\"https:\/\/www.vera-nature.com\/#organization\",\"name\":\"Vera nature\",\"url\":\"https:\/\/www.vera-nature.com\/\",\"logo\":{\"@type\":\"ImageObject\",\"inLanguage\":\"en-GB\",\"@id\":\"https:\/\/www.vera-nature.com\/#\/schema\/logo\/image\/\",\"url\":\"https:\/\/www.vera-nature.com\/wp-content\/uploads\/2023\/02\/logo_vernature.png\",\"contentUrl\":\"https:\/\/www.vera-nature.com\/wp-content\/uploads\/2023\/02\/logo_vernature.png\",\"width\":235,\"height\":88,\"caption\":\"Vera nature\"},\"image\":{\"@id\":\"https:\/\/www.vera-nature.com\/#\/schema\/logo\/image\/\"}}]}<\/script>\n<!-- \/ Yoast SEO plugin. -->","yoast_head_json":{"title":"L'eau de Menthe - Vera nature","robots":{"index":"index","follow":"follow","max-snippet":"max-snippet:-1","max-image-preview":"max-image-preview:large","max-video-preview":"max-video-preview:-1"},"canonical":"https:\/\/www.vera-nature.com\/en\/product\/leau-de-menthe\/","og_locale":"en_GB","og_type":"article","og_title":"L'eau de Menthe - Vera nature","og_description":"250 ml  L\u2019eau de menthe distill\u00e9e selon la m\u00e9thode traditionnelle est connue pour ses bienfaits digestifs, notamment contre les douleurs d\u2019estomac, les gaz et les naus\u00e9es. Elle stimule doucement la digestion tout en apaisant les spasmes intestinaux. Gr\u00e2ce \u00e0 son ar\u00f4me naturel, elle aide \u00e0 r\u00e9duire le stress et les tensions nerveuses. Elle favorise ainsi un \u00e9tat de relaxation et de bien-\u00eatre g\u00e9n\u00e9ral.","og_url":"https:\/\/www.vera-nature.com\/en\/product\/leau-de-menthe\/","og_site_name":"Vera nature","article_modified_time":"2026-02-12T08:31:24+00:00","og_image":[{"width":560,"height":570,"url":"https:\/\/www.vera-nature.com\/wp-content\/uploads\/2026\/02\/eau-de-menthe-copie.webp","type":"image\/webp"}],"twitter_card":"summary_large_image","schema":{"@context":"https:\/\/schema.org","@graph":[{"@type":"WebPage","@id":"https:\/\/www.vera-nature.com\/product\/leau-de-menthe\/","url":"https:\/\/www.vera-nature.com\/product\/leau-de-menthe\/","name":"L'eau de Menthe - Vera nature","isPartOf":{"@id":"https:\/\/www.vera-nature.com\/#website"},"primaryImageOfPage":{"@id":"https:\/\/www.vera-nature.com\/product\/leau-de-menthe\/#primaryimage"},"image":{"@id":"https:\/\/www.vera-nature.com\/product\/leau-de-menthe\/#primaryimage"},"thumbnailUrl":"https:\/\/www.vera-nature.com\/wp-content\/uploads\/2026\/02\/eau-de-menthe-copie.webp","datePublished":"2026-02-09T16:05:09+00:00","dateModified":"2026-02-12T08:31:24+00:00","breadcrumb":{"@id":"https:\/\/www.vera-nature.com\/product\/leau-de-menthe\/#breadcrumb"},"inLanguage":"en-GB","potentialAction":[{"@type":"ReadAction","target":["https:\/\/www.vera-nature.com\/product\/leau-de-menthe\/"]}]},{"@type":"ImageObject","inLanguage":"en-GB","@id":"https:\/\/www.vera-nature.com\/product\/leau-de-menthe\/#primaryimage","url":"https:\/\/www.vera-nature.com\/wp-content\/uploads\/2026\/02\/eau-de-menthe-copie.webp","contentUrl":"https:\/\/www.vera-nature.com\/wp-content\/uploads\/2026\/02\/eau-de-menthe-copie.webp","width":560,"height":570,"caption":"Eau de Menthe"},{"@type":"BreadcrumbList","@id":"https:\/\/www.vera-nature.com\/product\/leau-de-menthe\/#breadcrumb","itemListElement":[{"@type":"ListItem","position":1,"name":"Accueil","item":"https:\/\/www.vera-nature.com\/"},{"@type":"ListItem","position":2,"name":"Nos produits","item":"https:\/\/www.vera-nature.com\/nos-produits\/"},{"@type":"ListItem","position":3,"name":"L&rsquo;eau de Menthe"}]},{"@type":"WebSite","@id":"https:\/\/www.vera-nature.com\/#website","url":"https:\/\/www.vera-nature.com\/","name":"Vera nature","description":"","publisher":{"@id":"https:\/\/www.vera-nature.com\/#organization"},"potentialAction":[{"@type":"SearchAction","target":{"@type":"EntryPoint","urlTemplate":"https:\/\/www.vera-nature.com\/?s={search_term_string}"},"query-input":{"@type":"PropertyValueSpecification","valueRequired":true,"valueName":"search_term_string"}}],"inLanguage":"en-GB"},{"@type":"Organization","@id":"https:\/\/www.vera-nature.com\/#organization","name":"Vera nature","url":"https:\/\/www.vera-nature.com\/","logo":{"@type":"ImageObject","inLanguage":"en-GB","@id":"https:\/\/www.vera-nature.com\/#\/schema\/logo\/image\/","url":"https:\/\/www.vera-nature.com\/wp-content\/uploads\/2023\/02\/logo_vernature.png","contentUrl":"https:\/\/www.vera-nature.com\/wp-content\/uploads\/2023\/02\/logo_vernature.png","width":235,"height":88,"caption":"Vera nature"},"image":{"@id":"https:\/\/www.vera-nature.com\/#\/schema\/logo\/image\/"}}]}},"_links":{"self":[{"href":"https:\/\/www.vera-nature.com\/en\/wp-json\/wp\/v2\/product\/3531","targetHints":{"allow":["GET"]}}],"collection":[{"href":"https:\/\/www.vera-nature.com\/en\/wp-json\/wp\/v2\/product"}],"about":[{"href":"https:\/\/www.vera-nature.com\/en\/wp-json\/wp\/v2\/types\/product"}],"wp:featuredmedia":[{"embeddable":true,"href":"https:\/\/www.vera-nature.com\/en\/wp-json\/wp\/v2\/media\/3532"}],"wp:attachment":[{"href":"https:\/\/www.vera-nature.com\/en\/wp-json\/wp\/v2\/media?parent=3531"}],"wp:term":[{"taxonomy":"product_brand","embeddable":true,"href":"https:\/\/www.vera-nature.com\/en\/wp-json\/wp\/v2\/product_brand?post=3531"},{"taxonomy":"product_cat","embeddable":true,"href":"https:\/\/www.vera-nature.com\/en\/wp-json\/wp\/v2\/product_cat?post=3531"},{"taxonomy":"product_tag","embeddable":true,"href":"https:\/\/www.vera-nature.com\/en\/wp-json\/wp\/v2\/product_tag?post=3531"}],"curies":[{"name":"wp","href":"https:\/\/api.w.org\/{rel}","templated":true}]}}