{"id":3597,"date":"2026-02-11T11:05:58","date_gmt":"2026-02-11T10:05:58","guid":{"rendered":"https:\/\/vera-nature.hypergroup.tn\/?post_type=product&#038;p=3597"},"modified":"2026-02-12T09:31:24","modified_gmt":"2026-02-12T08:31:24","slug":"miel-pour-lenuresie-involontaire","status":"publish","type":"product","link":"https:\/\/www.vera-nature.com\/en\/product\/miel-pour-lenuresie-involontaire\/","title":{"rendered":"Miel pour L&rsquo;\u00e9nur\u00e9sie Involontaire"},"content":{"rendered":"<p>D\u00e9couvrez une formule naturelle unique \u00e9labor\u00e9e \u00e0 partir de miel de montagne pur, de miel de sidr (\u0627\u0644\u0633\u062f\u0631), de gel\u00e9e royale et de cannelle. Chaque ingr\u00e9dient est soigneusement s\u00e9lectionn\u00e9 pour sa qualit\u00e9 et ses propri\u00e9t\u00e9s traditionnelles reconnues. Cette combinaison harmonieuse soutient l\u2019organisme et contribue au bien-\u00eatre g\u00e9n\u00e9ral, en particulier durant le repos nocturne. Un produit naturel pens\u00e9 pour accompagner petits et grands dans une d\u00e9marche de confort et d\u2019\u00e9quilibre au quotidien.<\/p>\n<p>Produit d\u00e9conseill\u00e9 aux personnes diab\u00e9tiques<\/p>","protected":false},"excerpt":{"rendered":"<p>250 g<\/p>\n<p>Notre miel sp\u00e9cial \u00e9nur\u00e9sie associe le miel de montagne, le miel de sidr, la gel\u00e9e royale et la cannelle pour offrir une formule naturelle aux bienfaits reconnus. Cette synergie d\u2019ingr\u00e9dients nobles aide \u00e0 soutenir l\u2019organisme et favorise l\u2019\u00e9quilibre g\u00e9n\u00e9ral, notamment pendant la nuit.<\/p>","protected":false},"featured_media":3598,"template":"","meta":[],"product_brand":[],"product_cat":[54,53,78],"product_tag":[],"class_list":{"0":"post-3597","1":"product","2":"type-product","3":"status-publish","4":"has-post-thumbnail","6":"product_cat-confitures-naturels","7":"product_cat-produits-alimentaires-naturels","8":"product_cat-produits-phares","10":"first","11":"instock","12":"shipping-taxable","13":"purchasable","14":"product-type-simple"},"yoast_head":"<!-- This site is optimized with the Yoast SEO plugin v27.0 - https:\/\/yoast.com\/product\/yoast-seo-wordpress\/ -->\n<title>Miel pour L&#039;\u00e9nur\u00e9sie Involontaire - Vera nature<\/title>\n<meta name=\"robots\" content=\"index, follow, max-snippet:-1, max-image-preview:large, max-video-preview:-1\" \/>\n<link rel=\"canonical\" href=\"https:\/\/www.vera-nature.com\/en\/product\/miel-pour-lenuresie-involontaire\/\" \/>\n<meta property=\"og:locale\" content=\"en_GB\" \/>\n<meta property=\"og:type\" content=\"article\" \/>\n<meta property=\"og:title\" content=\"Miel pour L&#039;\u00e9nur\u00e9sie Involontaire - Vera nature\" \/>\n<meta property=\"og:description\" content=\"250 g  Notre miel sp\u00e9cial \u00e9nur\u00e9sie associe le miel de montagne, le miel de sidr, la gel\u00e9e royale et la cannelle pour offrir une formule naturelle aux bienfaits reconnus. Cette synergie d\u2019ingr\u00e9dients nobles aide \u00e0 soutenir l\u2019organisme et favorise l\u2019\u00e9quilibre g\u00e9n\u00e9ral, notamment pendant la nuit.\" \/>\n<meta property=\"og:url\" content=\"https:\/\/www.vera-nature.com\/en\/product\/miel-pour-lenuresie-involontaire\/\" \/>\n<meta property=\"og:site_name\" content=\"Vera nature\" \/>\n<meta property=\"article:modified_time\" content=\"2026-02-12T08:31:24+00:00\" \/>\n<meta property=\"og:image\" content=\"https:\/\/www.vera-nature.com\/wp-content\/uploads\/2026\/02\/honey-for-unvoluntary-enuresis-copie.webp\" \/>\n\t<meta property=\"og:image:width\" content=\"560\" \/>\n\t<meta property=\"og:image:height\" content=\"570\" \/>\n\t<meta property=\"og:image:type\" content=\"image\/webp\" \/>\n<meta name=\"twitter:card\" content=\"summary_large_image\" \/>\n<script type=\"application\/ld+json\" class=\"yoast-schema-graph\">{\"@context\":\"https:\/\/schema.org\",\"@graph\":[{\"@type\":\"WebPage\",\"@id\":\"https:\/\/www.vera-nature.com\/product\/miel-pour-lenuresie-involontaire\/\",\"url\":\"https:\/\/www.vera-nature.com\/product\/miel-pour-lenuresie-involontaire\/\",\"name\":\"Miel pour L'\u00e9nur\u00e9sie Involontaire - Vera nature\",\"isPartOf\":{\"@id\":\"https:\/\/www.vera-nature.com\/#website\"},\"primaryImageOfPage\":{\"@id\":\"https:\/\/www.vera-nature.com\/product\/miel-pour-lenuresie-involontaire\/#primaryimage\"},\"image\":{\"@id\":\"https:\/\/www.vera-nature.com\/product\/miel-pour-lenuresie-involontaire\/#primaryimage\"},\"thumbnailUrl\":\"https:\/\/www.vera-nature.com\/wp-content\/uploads\/2026\/02\/honey-for-unvoluntary-enuresis-copie.webp\",\"datePublished\":\"2026-02-11T10:05:58+00:00\",\"dateModified\":\"2026-02-12T08:31:24+00:00\",\"breadcrumb\":{\"@id\":\"https:\/\/www.vera-nature.com\/product\/miel-pour-lenuresie-involontaire\/#breadcrumb\"},\"inLanguage\":\"en-GB\",\"potentialAction\":[{\"@type\":\"ReadAction\",\"target\":[\"https:\/\/www.vera-nature.com\/product\/miel-pour-lenuresie-involontaire\/\"]}]},{\"@type\":\"ImageObject\",\"inLanguage\":\"en-GB\",\"@id\":\"https:\/\/www.vera-nature.com\/product\/miel-pour-lenuresie-involontaire\/#primaryimage\",\"url\":\"https:\/\/www.vera-nature.com\/wp-content\/uploads\/2026\/02\/honey-for-unvoluntary-enuresis-copie.webp\",\"contentUrl\":\"https:\/\/www.vera-nature.com\/wp-content\/uploads\/2026\/02\/honey-for-unvoluntary-enuresis-copie.webp\",\"width\":560,\"height\":570,\"caption\":\"honey for unvolunttary enuresis\"},{\"@type\":\"BreadcrumbList\",\"@id\":\"https:\/\/www.vera-nature.com\/product\/miel-pour-lenuresie-involontaire\/#breadcrumb\",\"itemListElement\":[{\"@type\":\"ListItem\",\"position\":1,\"name\":\"Accueil\",\"item\":\"https:\/\/www.vera-nature.com\/\"},{\"@type\":\"ListItem\",\"position\":2,\"name\":\"Nos produits\",\"item\":\"https:\/\/www.vera-nature.com\/nos-produits\/\"},{\"@type\":\"ListItem\",\"position\":3,\"name\":\"Miel pour L&rsquo;\u00e9nur\u00e9sie Involontaire\"}]},{\"@type\":\"WebSite\",\"@id\":\"https:\/\/www.vera-nature.com\/#website\",\"url\":\"https:\/\/www.vera-nature.com\/\",\"name\":\"Vera nature\",\"description\":\"\",\"publisher\":{\"@id\":\"https:\/\/www.vera-nature.com\/#organization\"},\"potentialAction\":[{\"@type\":\"SearchAction\",\"target\":{\"@type\":\"EntryPoint\",\"urlTemplate\":\"https:\/\/www.vera-nature.com\/?s={search_term_string}\"},\"query-input\":{\"@type\":\"PropertyValueSpecification\",\"valueRequired\":true,\"valueName\":\"search_term_string\"}}],\"inLanguage\":\"en-GB\"},{\"@type\":\"Organization\",\"@id\":\"https:\/\/www.vera-nature.com\/#organization\",\"name\":\"Vera nature\",\"url\":\"https:\/\/www.vera-nature.com\/\",\"logo\":{\"@type\":\"ImageObject\",\"inLanguage\":\"en-GB\",\"@id\":\"https:\/\/www.vera-nature.com\/#\/schema\/logo\/image\/\",\"url\":\"https:\/\/www.vera-nature.com\/wp-content\/uploads\/2023\/02\/logo_vernature.png\",\"contentUrl\":\"https:\/\/www.vera-nature.com\/wp-content\/uploads\/2023\/02\/logo_vernature.png\",\"width\":235,\"height\":88,\"caption\":\"Vera nature\"},\"image\":{\"@id\":\"https:\/\/www.vera-nature.com\/#\/schema\/logo\/image\/\"}}]}<\/script>\n<!-- \/ Yoast SEO plugin. -->","yoast_head_json":{"title":"Miel pour L'\u00e9nur\u00e9sie Involontaire - Vera nature","robots":{"index":"index","follow":"follow","max-snippet":"max-snippet:-1","max-image-preview":"max-image-preview:large","max-video-preview":"max-video-preview:-1"},"canonical":"https:\/\/www.vera-nature.com\/en\/product\/miel-pour-lenuresie-involontaire\/","og_locale":"en_GB","og_type":"article","og_title":"Miel pour L'\u00e9nur\u00e9sie Involontaire - Vera nature","og_description":"250 g  Notre miel sp\u00e9cial \u00e9nur\u00e9sie associe le miel de montagne, le miel de sidr, la gel\u00e9e royale et la cannelle pour offrir une formule naturelle aux bienfaits reconnus. Cette synergie d\u2019ingr\u00e9dients nobles aide \u00e0 soutenir l\u2019organisme et favorise l\u2019\u00e9quilibre g\u00e9n\u00e9ral, notamment pendant la nuit.","og_url":"https:\/\/www.vera-nature.com\/en\/product\/miel-pour-lenuresie-involontaire\/","og_site_name":"Vera nature","article_modified_time":"2026-02-12T08:31:24+00:00","og_image":[{"width":560,"height":570,"url":"https:\/\/www.vera-nature.com\/wp-content\/uploads\/2026\/02\/honey-for-unvoluntary-enuresis-copie.webp","type":"image\/webp"}],"twitter_card":"summary_large_image","schema":{"@context":"https:\/\/schema.org","@graph":[{"@type":"WebPage","@id":"https:\/\/www.vera-nature.com\/product\/miel-pour-lenuresie-involontaire\/","url":"https:\/\/www.vera-nature.com\/product\/miel-pour-lenuresie-involontaire\/","name":"Miel pour L'\u00e9nur\u00e9sie Involontaire - Vera nature","isPartOf":{"@id":"https:\/\/www.vera-nature.com\/#website"},"primaryImageOfPage":{"@id":"https:\/\/www.vera-nature.com\/product\/miel-pour-lenuresie-involontaire\/#primaryimage"},"image":{"@id":"https:\/\/www.vera-nature.com\/product\/miel-pour-lenuresie-involontaire\/#primaryimage"},"thumbnailUrl":"https:\/\/www.vera-nature.com\/wp-content\/uploads\/2026\/02\/honey-for-unvoluntary-enuresis-copie.webp","datePublished":"2026-02-11T10:05:58+00:00","dateModified":"2026-02-12T08:31:24+00:00","breadcrumb":{"@id":"https:\/\/www.vera-nature.com\/product\/miel-pour-lenuresie-involontaire\/#breadcrumb"},"inLanguage":"en-GB","potentialAction":[{"@type":"ReadAction","target":["https:\/\/www.vera-nature.com\/product\/miel-pour-lenuresie-involontaire\/"]}]},{"@type":"ImageObject","inLanguage":"en-GB","@id":"https:\/\/www.vera-nature.com\/product\/miel-pour-lenuresie-involontaire\/#primaryimage","url":"https:\/\/www.vera-nature.com\/wp-content\/uploads\/2026\/02\/honey-for-unvoluntary-enuresis-copie.webp","contentUrl":"https:\/\/www.vera-nature.com\/wp-content\/uploads\/2026\/02\/honey-for-unvoluntary-enuresis-copie.webp","width":560,"height":570,"caption":"honey for unvolunttary enuresis"},{"@type":"BreadcrumbList","@id":"https:\/\/www.vera-nature.com\/product\/miel-pour-lenuresie-involontaire\/#breadcrumb","itemListElement":[{"@type":"ListItem","position":1,"name":"Accueil","item":"https:\/\/www.vera-nature.com\/"},{"@type":"ListItem","position":2,"name":"Nos produits","item":"https:\/\/www.vera-nature.com\/nos-produits\/"},{"@type":"ListItem","position":3,"name":"Miel pour L&rsquo;\u00e9nur\u00e9sie Involontaire"}]},{"@type":"WebSite","@id":"https:\/\/www.vera-nature.com\/#website","url":"https:\/\/www.vera-nature.com\/","name":"Vera nature","description":"","publisher":{"@id":"https:\/\/www.vera-nature.com\/#organization"},"potentialAction":[{"@type":"SearchAction","target":{"@type":"EntryPoint","urlTemplate":"https:\/\/www.vera-nature.com\/?s={search_term_string}"},"query-input":{"@type":"PropertyValueSpecification","valueRequired":true,"valueName":"search_term_string"}}],"inLanguage":"en-GB"},{"@type":"Organization","@id":"https:\/\/www.vera-nature.com\/#organization","name":"Vera nature","url":"https:\/\/www.vera-nature.com\/","logo":{"@type":"ImageObject","inLanguage":"en-GB","@id":"https:\/\/www.vera-nature.com\/#\/schema\/logo\/image\/","url":"https:\/\/www.vera-nature.com\/wp-content\/uploads\/2023\/02\/logo_vernature.png","contentUrl":"https:\/\/www.vera-nature.com\/wp-content\/uploads\/2023\/02\/logo_vernature.png","width":235,"height":88,"caption":"Vera nature"},"image":{"@id":"https:\/\/www.vera-nature.com\/#\/schema\/logo\/image\/"}}]}},"_links":{"self":[{"href":"https:\/\/www.vera-nature.com\/en\/wp-json\/wp\/v2\/product\/3597","targetHints":{"allow":["GET"]}}],"collection":[{"href":"https:\/\/www.vera-nature.com\/en\/wp-json\/wp\/v2\/product"}],"about":[{"href":"https:\/\/www.vera-nature.com\/en\/wp-json\/wp\/v2\/types\/product"}],"wp:featuredmedia":[{"embeddable":true,"href":"https:\/\/www.vera-nature.com\/en\/wp-json\/wp\/v2\/media\/3598"}],"wp:attachment":[{"href":"https:\/\/www.vera-nature.com\/en\/wp-json\/wp\/v2\/media?parent=3597"}],"wp:term":[{"taxonomy":"product_brand","embeddable":true,"href":"https:\/\/www.vera-nature.com\/en\/wp-json\/wp\/v2\/product_brand?post=3597"},{"taxonomy":"product_cat","embeddable":true,"href":"https:\/\/www.vera-nature.com\/en\/wp-json\/wp\/v2\/product_cat?post=3597"},{"taxonomy":"product_tag","embeddable":true,"href":"https:\/\/www.vera-nature.com\/en\/wp-json\/wp\/v2\/product_tag?post=3597"}],"curies":[{"name":"wp","href":"https:\/\/api.w.org\/{rel}","templated":true}]}}