{"id":3599,"date":"2026-02-11T11:17:17","date_gmt":"2026-02-11T10:17:17","guid":{"rendered":"https:\/\/vera-nature.hypergroup.tn\/?post_type=product&#038;p=3599"},"modified":"2026-04-07T12:27:24","modified_gmt":"2026-04-07T10:27:24","slug":"anti-cheveux-blancs","status":"publish","type":"product","link":"https:\/\/www.vera-nature.com\/en\/product\/anti-cheveux-blancs\/","title":{"rendered":"Anti Cheveux Blancs"},"content":{"rendered":"<p>D\u00e9couvrez notre lotion capillaire anti cheveux blancs, con\u00e7ue \u00e0 partir d\u2019ingr\u00e9dients 100 % naturels et sans aucun produit chimique, adapt\u00e9e aux hommes et aux femmes. Sa formule douce respecte le cuir chevelu et convient \u00e0 tous les types de cheveux. Elle contribue \u00e0 nourrir, fortifier et revitaliser la fibre capillaire pour une chevelure plus saine et harmonieuse. Un soin naturel id\u00e9al pour celles et ceux qui souhaitent pr\u00e9server la beaut\u00e9 et l\u2019apparence naturelle de leurs cheveux.<\/p>","protected":false},"excerpt":{"rendered":"<p>200 ml<\/p>\n<p>Notre lotion capillaire anti cheveux blancs est une formule 100 % naturelle, sans produits chimiques, adapt\u00e9e aussi bien aux hommes qu\u2019aux femmes. Elle aide \u00e0 nourrir et revitaliser les cheveux tout en pr\u00e9servant leur apparence naturelle et leur \u00e9clat.<\/p>","protected":false},"featured_media":3600,"template":"","meta":[],"product_brand":[],"product_cat":[66,65],"product_tag":[],"class_list":{"0":"post-3599","1":"product","2":"type-product","3":"status-publish","4":"has-post-thumbnail","6":"product_cat-soins-cheveux-naturels","7":"product_cat-soins-naturels-traditionnels-corps","9":"first","10":"instock","11":"shipping-taxable","12":"purchasable","13":"product-type-simple"},"yoast_head":"<!-- This site is optimized with the Yoast SEO plugin v27.0 - https:\/\/yoast.com\/product\/yoast-seo-wordpress\/ -->\n<title>Anti Cheveux Blancs - Vera nature<\/title>\n<meta name=\"robots\" content=\"index, follow, max-snippet:-1, max-image-preview:large, max-video-preview:-1\" \/>\n<link rel=\"canonical\" href=\"https:\/\/www.vera-nature.com\/en\/product\/anti-cheveux-blancs\/\" \/>\n<meta property=\"og:locale\" content=\"en_GB\" \/>\n<meta property=\"og:type\" content=\"article\" \/>\n<meta property=\"og:title\" content=\"Anti Cheveux Blancs - Vera nature\" \/>\n<meta property=\"og:description\" content=\"200 ml  Notre lotion capillaire anti cheveux blancs est une formule 100 % naturelle, sans produits chimiques, adapt\u00e9e aussi bien aux hommes qu\u2019aux femmes. Elle aide \u00e0 nourrir et revitaliser les cheveux tout en pr\u00e9servant leur apparence naturelle et leur \u00e9clat.\" \/>\n<meta property=\"og:url\" content=\"https:\/\/www.vera-nature.com\/en\/product\/anti-cheveux-blancs\/\" \/>\n<meta property=\"og:site_name\" content=\"Vera nature\" \/>\n<meta property=\"article:modified_time\" content=\"2026-04-07T10:27:24+00:00\" \/>\n<meta property=\"og:image\" content=\"https:\/\/www.vera-nature.com\/wp-content\/uploads\/2026\/02\/Anti-cheveux-blancs-copie.webp\" \/>\n\t<meta property=\"og:image:width\" content=\"560\" \/>\n\t<meta property=\"og:image:height\" content=\"570\" \/>\n\t<meta property=\"og:image:type\" content=\"image\/webp\" \/>\n<meta name=\"twitter:card\" content=\"summary_large_image\" \/>\n<meta name=\"twitter:label1\" content=\"Estimated reading time\" \/>\n\t<meta name=\"twitter:data1\" content=\"1 minute\" \/>\n<script type=\"application\/ld+json\" class=\"yoast-schema-graph\">{\"@context\":\"https:\/\/schema.org\",\"@graph\":[{\"@type\":\"WebPage\",\"@id\":\"https:\/\/www.vera-nature.com\/product\/anti-cheveux-blancs\/\",\"url\":\"https:\/\/www.vera-nature.com\/product\/anti-cheveux-blancs\/\",\"name\":\"Anti Cheveux Blancs - Vera nature\",\"isPartOf\":{\"@id\":\"https:\/\/www.vera-nature.com\/#website\"},\"primaryImageOfPage\":{\"@id\":\"https:\/\/www.vera-nature.com\/product\/anti-cheveux-blancs\/#primaryimage\"},\"image\":{\"@id\":\"https:\/\/www.vera-nature.com\/product\/anti-cheveux-blancs\/#primaryimage\"},\"thumbnailUrl\":\"https:\/\/www.vera-nature.com\/wp-content\/uploads\/2026\/02\/Anti-cheveux-blancs-copie.webp\",\"datePublished\":\"2026-02-11T10:17:17+00:00\",\"dateModified\":\"2026-04-07T10:27:24+00:00\",\"breadcrumb\":{\"@id\":\"https:\/\/www.vera-nature.com\/product\/anti-cheveux-blancs\/#breadcrumb\"},\"inLanguage\":\"en-GB\",\"potentialAction\":[{\"@type\":\"ReadAction\",\"target\":[\"https:\/\/www.vera-nature.com\/product\/anti-cheveux-blancs\/\"]}]},{\"@type\":\"ImageObject\",\"inLanguage\":\"en-GB\",\"@id\":\"https:\/\/www.vera-nature.com\/product\/anti-cheveux-blancs\/#primaryimage\",\"url\":\"https:\/\/www.vera-nature.com\/wp-content\/uploads\/2026\/02\/Anti-cheveux-blancs-copie.webp\",\"contentUrl\":\"https:\/\/www.vera-nature.com\/wp-content\/uploads\/2026\/02\/Anti-cheveux-blancs-copie.webp\",\"width\":560,\"height\":570,\"caption\":\"Anti cheveux blancs\"},{\"@type\":\"BreadcrumbList\",\"@id\":\"https:\/\/www.vera-nature.com\/product\/anti-cheveux-blancs\/#breadcrumb\",\"itemListElement\":[{\"@type\":\"ListItem\",\"position\":1,\"name\":\"Accueil\",\"item\":\"https:\/\/www.vera-nature.com\/\"},{\"@type\":\"ListItem\",\"position\":2,\"name\":\"Nos produits\",\"item\":\"https:\/\/www.vera-nature.com\/nos-produits\/\"},{\"@type\":\"ListItem\",\"position\":3,\"name\":\"Anti Cheveux Blancs\"}]},{\"@type\":\"WebSite\",\"@id\":\"https:\/\/www.vera-nature.com\/#website\",\"url\":\"https:\/\/www.vera-nature.com\/\",\"name\":\"Vera nature\",\"description\":\"\",\"publisher\":{\"@id\":\"https:\/\/www.vera-nature.com\/#organization\"},\"potentialAction\":[{\"@type\":\"SearchAction\",\"target\":{\"@type\":\"EntryPoint\",\"urlTemplate\":\"https:\/\/www.vera-nature.com\/?s={search_term_string}\"},\"query-input\":{\"@type\":\"PropertyValueSpecification\",\"valueRequired\":true,\"valueName\":\"search_term_string\"}}],\"inLanguage\":\"en-GB\"},{\"@type\":\"Organization\",\"@id\":\"https:\/\/www.vera-nature.com\/#organization\",\"name\":\"Vera nature\",\"url\":\"https:\/\/www.vera-nature.com\/\",\"logo\":{\"@type\":\"ImageObject\",\"inLanguage\":\"en-GB\",\"@id\":\"https:\/\/www.vera-nature.com\/#\/schema\/logo\/image\/\",\"url\":\"https:\/\/www.vera-nature.com\/wp-content\/uploads\/2023\/02\/logo_vernature.png\",\"contentUrl\":\"https:\/\/www.vera-nature.com\/wp-content\/uploads\/2023\/02\/logo_vernature.png\",\"width\":235,\"height\":88,\"caption\":\"Vera nature\"},\"image\":{\"@id\":\"https:\/\/www.vera-nature.com\/#\/schema\/logo\/image\/\"}}]}<\/script>\n<!-- \/ Yoast SEO plugin. -->","yoast_head_json":{"title":"Anti Cheveux Blancs - Vera nature","robots":{"index":"index","follow":"follow","max-snippet":"max-snippet:-1","max-image-preview":"max-image-preview:large","max-video-preview":"max-video-preview:-1"},"canonical":"https:\/\/www.vera-nature.com\/en\/product\/anti-cheveux-blancs\/","og_locale":"en_GB","og_type":"article","og_title":"Anti Cheveux Blancs - Vera nature","og_description":"200 ml  Notre lotion capillaire anti cheveux blancs est une formule 100 % naturelle, sans produits chimiques, adapt\u00e9e aussi bien aux hommes qu\u2019aux femmes. Elle aide \u00e0 nourrir et revitaliser les cheveux tout en pr\u00e9servant leur apparence naturelle et leur \u00e9clat.","og_url":"https:\/\/www.vera-nature.com\/en\/product\/anti-cheveux-blancs\/","og_site_name":"Vera nature","article_modified_time":"2026-04-07T10:27:24+00:00","og_image":[{"width":560,"height":570,"url":"https:\/\/www.vera-nature.com\/wp-content\/uploads\/2026\/02\/Anti-cheveux-blancs-copie.webp","type":"image\/webp"}],"twitter_card":"summary_large_image","twitter_misc":{"Estimated reading time":"1 minute"},"schema":{"@context":"https:\/\/schema.org","@graph":[{"@type":"WebPage","@id":"https:\/\/www.vera-nature.com\/product\/anti-cheveux-blancs\/","url":"https:\/\/www.vera-nature.com\/product\/anti-cheveux-blancs\/","name":"Anti Cheveux Blancs - Vera nature","isPartOf":{"@id":"https:\/\/www.vera-nature.com\/#website"},"primaryImageOfPage":{"@id":"https:\/\/www.vera-nature.com\/product\/anti-cheveux-blancs\/#primaryimage"},"image":{"@id":"https:\/\/www.vera-nature.com\/product\/anti-cheveux-blancs\/#primaryimage"},"thumbnailUrl":"https:\/\/www.vera-nature.com\/wp-content\/uploads\/2026\/02\/Anti-cheveux-blancs-copie.webp","datePublished":"2026-02-11T10:17:17+00:00","dateModified":"2026-04-07T10:27:24+00:00","breadcrumb":{"@id":"https:\/\/www.vera-nature.com\/product\/anti-cheveux-blancs\/#breadcrumb"},"inLanguage":"en-GB","potentialAction":[{"@type":"ReadAction","target":["https:\/\/www.vera-nature.com\/product\/anti-cheveux-blancs\/"]}]},{"@type":"ImageObject","inLanguage":"en-GB","@id":"https:\/\/www.vera-nature.com\/product\/anti-cheveux-blancs\/#primaryimage","url":"https:\/\/www.vera-nature.com\/wp-content\/uploads\/2026\/02\/Anti-cheveux-blancs-copie.webp","contentUrl":"https:\/\/www.vera-nature.com\/wp-content\/uploads\/2026\/02\/Anti-cheveux-blancs-copie.webp","width":560,"height":570,"caption":"Anti cheveux blancs"},{"@type":"BreadcrumbList","@id":"https:\/\/www.vera-nature.com\/product\/anti-cheveux-blancs\/#breadcrumb","itemListElement":[{"@type":"ListItem","position":1,"name":"Accueil","item":"https:\/\/www.vera-nature.com\/"},{"@type":"ListItem","position":2,"name":"Nos produits","item":"https:\/\/www.vera-nature.com\/nos-produits\/"},{"@type":"ListItem","position":3,"name":"Anti Cheveux Blancs"}]},{"@type":"WebSite","@id":"https:\/\/www.vera-nature.com\/#website","url":"https:\/\/www.vera-nature.com\/","name":"Vera nature","description":"","publisher":{"@id":"https:\/\/www.vera-nature.com\/#organization"},"potentialAction":[{"@type":"SearchAction","target":{"@type":"EntryPoint","urlTemplate":"https:\/\/www.vera-nature.com\/?s={search_term_string}"},"query-input":{"@type":"PropertyValueSpecification","valueRequired":true,"valueName":"search_term_string"}}],"inLanguage":"en-GB"},{"@type":"Organization","@id":"https:\/\/www.vera-nature.com\/#organization","name":"Vera nature","url":"https:\/\/www.vera-nature.com\/","logo":{"@type":"ImageObject","inLanguage":"en-GB","@id":"https:\/\/www.vera-nature.com\/#\/schema\/logo\/image\/","url":"https:\/\/www.vera-nature.com\/wp-content\/uploads\/2023\/02\/logo_vernature.png","contentUrl":"https:\/\/www.vera-nature.com\/wp-content\/uploads\/2023\/02\/logo_vernature.png","width":235,"height":88,"caption":"Vera nature"},"image":{"@id":"https:\/\/www.vera-nature.com\/#\/schema\/logo\/image\/"}}]}},"_links":{"self":[{"href":"https:\/\/www.vera-nature.com\/en\/wp-json\/wp\/v2\/product\/3599","targetHints":{"allow":["GET"]}}],"collection":[{"href":"https:\/\/www.vera-nature.com\/en\/wp-json\/wp\/v2\/product"}],"about":[{"href":"https:\/\/www.vera-nature.com\/en\/wp-json\/wp\/v2\/types\/product"}],"wp:featuredmedia":[{"embeddable":true,"href":"https:\/\/www.vera-nature.com\/en\/wp-json\/wp\/v2\/media\/3600"}],"wp:attachment":[{"href":"https:\/\/www.vera-nature.com\/en\/wp-json\/wp\/v2\/media?parent=3599"}],"wp:term":[{"taxonomy":"product_brand","embeddable":true,"href":"https:\/\/www.vera-nature.com\/en\/wp-json\/wp\/v2\/product_brand?post=3599"},{"taxonomy":"product_cat","embeddable":true,"href":"https:\/\/www.vera-nature.com\/en\/wp-json\/wp\/v2\/product_cat?post=3599"},{"taxonomy":"product_tag","embeddable":true,"href":"https:\/\/www.vera-nature.com\/en\/wp-json\/wp\/v2\/product_tag?post=3599"}],"curies":[{"name":"wp","href":"https:\/\/api.w.org\/{rel}","templated":true}]}}