{"id":3699,"date":"2026-02-13T11:20:28","date_gmt":"2026-02-13T10:20:28","guid":{"rendered":"https:\/\/vera-nature.hypergroup.tn\/?post_type=product&#038;p=3699"},"modified":"2026-02-21T11:11:30","modified_gmt":"2026-02-21T10:11:30","slug":"baume-anti-psoriasis-et-rougeurs","status":"publish","type":"product","link":"https:\/\/www.vera-nature.com\/en\/product\/baume-anti-psoriasis-et-rougeurs\/","title":{"rendered":"Baume Anti Psoriasis et Rougeurs"},"content":{"rendered":"<div class=\"flex flex-col text-sm pb-25\">\n<article class=\"text-token-text-primary w-full focus:outline-none [--shadow-height:45px] has-data-writing-block:pointer-events-none has-data-writing-block:-mt-(--shadow-height) has-data-writing-block:pt-(--shadow-height) [&amp;:has([data-writing-block])&gt;*]:pointer-events-auto scroll-mt-[calc(var(--header-height)+min(200px,max(70px,20svh)))]\" dir=\"auto\" tabindex=\"-1\" data-turn-id=\"request-WEB:e8c92869-6b8f-4879-9b95-3453b039bb11-4\" data-testid=\"conversation-turn-10\" data-scroll-anchor=\"true\" data-turn=\"assistant\">\n<div class=\"text-base my-auto mx-auto pb-10 [--thread-content-margin:--spacing(4)] @w-sm\/main:[--thread-content-margin:--spacing(6)] @w-lg\/main:[--thread-content-margin:--spacing(16)] px-(--thread-content-margin)\">\n<div class=\"[--thread-content-max-width:40rem] @w-lg\/main:[--thread-content-max-width:48rem] mx-auto max-w-(--thread-content-max-width) flex-1 group\/turn-messages focus-visible:outline-hidden relative flex w-full min-w-0 flex-col agent-turn\" tabindex=\"-1\">\n<div class=\"flex max-w-full flex-col grow\">\n<div class=\"min-h-8 text-message relative flex w-full flex-col items-end gap-2 text-start break-words whitespace-normal [.text-message+&amp;]:mt-1\" dir=\"auto\" data-message-author-role=\"assistant\" data-message-id=\"701836ea-dfbe-4421-92ee-419a5a616115\" data-message-model-slug=\"gpt-5-2\">\n<div class=\"flex w-full flex-col gap-1 empty:hidden first:pt-[1px]\">\n<div class=\"markdown prose dark:prose-invert w-full wrap-break-word light markdown-new-styling\">\n<p data-start=\"390\" data-end=\"818\" data-is-last-node=\"\" data-is-only-node=\"\">Formul\u00e9 \u00e0 base de beurre de karit\u00e9 et d\u2019herbes naturelles 100 %, ce Baume Anti-Psoriasis et Rougeurs nourrit et prot\u00e8ge la peau en profondeur. Sa texture riche aide \u00e0 calmer les d\u00e9mangeaisons, r\u00e9duire les rougeurs et apaiser les plaques s\u00e8ches. Il soutient la r\u00e9g\u00e9n\u00e9ration cutan\u00e9e et renforce la barri\u00e8re naturelle de la peau. Id\u00e9al pour les peaux sujettes au psoriasis et \u00e0 l\u2019ecz\u00e9ma, il offre confort et souplesse au quotidien.<\/p>\n<\/div>\n<\/div>\n<\/div>\n<\/div>\n<div class=\"z-0 flex min-h-[46px] justify-start\"><\/div>\n<\/div>\n<\/div>\n<\/article>\n<\/div>\n<div class=\"pointer-events-none h-px w-px absolute bottom-0\" aria-hidden=\"true\" data-edge=\"true\"><\/div>\n","protected":false},"excerpt":{"rendered":"<p>50 g<\/p>\n<p>Le Baume Anti-Psoriasis et Rougeurs au beurre de karit\u00e9 et aux herbes naturelles 100 % apaise intens\u00e9ment les irritations et hydrate en profondeur les peaux s\u00e8ches et sensibles. Il aide \u00e0 r\u00e9duire les rougeurs, les d\u00e9mangeaisons et les inconforts li\u00e9s au psoriasis et \u00e0 l\u2019ecz\u00e9ma, pour une peau plus douce et apais\u00e9e.<\/p>","protected":false},"featured_media":3815,"template":"","meta":[],"product_brand":[],"product_cat":[69,68,70],"product_tag":[],"class_list":{"0":"post-3699","1":"product","2":"type-product","3":"status-publish","4":"has-post-thumbnail","6":"product_cat-soins-mains-naturels","7":"product_cat-soins-naturels-pour-le-corps-et-les-articulations","8":"product_cat-soins-pieds-naturels","10":"first","11":"instock","12":"shipping-taxable","13":"purchasable","14":"product-type-simple"},"yoast_head":"<!-- This site is optimized with the Yoast SEO plugin v27.0 - https:\/\/yoast.com\/product\/yoast-seo-wordpress\/ -->\n<title>Baume Anti Psoriasis et Rougeurs - Vera nature<\/title>\n<meta name=\"robots\" content=\"index, follow, max-snippet:-1, max-image-preview:large, max-video-preview:-1\" \/>\n<link rel=\"canonical\" href=\"https:\/\/www.vera-nature.com\/en\/product\/baume-anti-psoriasis-et-rougeurs\/\" \/>\n<meta property=\"og:locale\" content=\"en_GB\" \/>\n<meta property=\"og:type\" content=\"article\" \/>\n<meta property=\"og:title\" content=\"Baume Anti Psoriasis et Rougeurs - Vera nature\" \/>\n<meta property=\"og:description\" content=\"50 g  Le Baume Anti-Psoriasis et Rougeurs au beurre de karit\u00e9 et aux herbes naturelles 100 % apaise intens\u00e9ment les irritations et hydrate en profondeur les peaux s\u00e8ches et sensibles. Il aide \u00e0 r\u00e9duire les rougeurs, les d\u00e9mangeaisons et les inconforts li\u00e9s au psoriasis et \u00e0 l\u2019ecz\u00e9ma, pour une peau plus douce et apais\u00e9e.\" \/>\n<meta property=\"og:url\" content=\"https:\/\/www.vera-nature.com\/en\/product\/baume-anti-psoriasis-et-rougeurs\/\" \/>\n<meta property=\"og:site_name\" content=\"Vera nature\" \/>\n<meta property=\"article:modified_time\" content=\"2026-02-21T10:11:30+00:00\" \/>\n<meta property=\"og:image\" content=\"https:\/\/www.vera-nature.com\/wp-content\/uploads\/2026\/02\/baume-anti-rougeurs-copie.webp\" \/>\n\t<meta property=\"og:image:width\" content=\"560\" \/>\n\t<meta property=\"og:image:height\" content=\"570\" \/>\n\t<meta property=\"og:image:type\" content=\"image\/webp\" \/>\n<meta name=\"twitter:card\" content=\"summary_large_image\" \/>\n<script type=\"application\/ld+json\" class=\"yoast-schema-graph\">{\"@context\":\"https:\/\/schema.org\",\"@graph\":[{\"@type\":\"WebPage\",\"@id\":\"https:\/\/www.vera-nature.com\/product\/baume-anti-psoriasis-et-rougeurs\/\",\"url\":\"https:\/\/www.vera-nature.com\/product\/baume-anti-psoriasis-et-rougeurs\/\",\"name\":\"Baume Anti Psoriasis et Rougeurs - Vera nature\",\"isPartOf\":{\"@id\":\"https:\/\/www.vera-nature.com\/#website\"},\"primaryImageOfPage\":{\"@id\":\"https:\/\/www.vera-nature.com\/product\/baume-anti-psoriasis-et-rougeurs\/#primaryimage\"},\"image\":{\"@id\":\"https:\/\/www.vera-nature.com\/product\/baume-anti-psoriasis-et-rougeurs\/#primaryimage\"},\"thumbnailUrl\":\"https:\/\/www.vera-nature.com\/wp-content\/uploads\/2026\/02\/baume-anti-rougeurs-copie.webp\",\"datePublished\":\"2026-02-13T10:20:28+00:00\",\"dateModified\":\"2026-02-21T10:11:30+00:00\",\"breadcrumb\":{\"@id\":\"https:\/\/www.vera-nature.com\/product\/baume-anti-psoriasis-et-rougeurs\/#breadcrumb\"},\"inLanguage\":\"en-GB\",\"potentialAction\":[{\"@type\":\"ReadAction\",\"target\":[\"https:\/\/www.vera-nature.com\/product\/baume-anti-psoriasis-et-rougeurs\/\"]}]},{\"@type\":\"ImageObject\",\"inLanguage\":\"en-GB\",\"@id\":\"https:\/\/www.vera-nature.com\/product\/baume-anti-psoriasis-et-rougeurs\/#primaryimage\",\"url\":\"https:\/\/www.vera-nature.com\/wp-content\/uploads\/2026\/02\/baume-anti-rougeurs-copie.webp\",\"contentUrl\":\"https:\/\/www.vera-nature.com\/wp-content\/uploads\/2026\/02\/baume-anti-rougeurs-copie.webp\",\"width\":560,\"height\":570},{\"@type\":\"BreadcrumbList\",\"@id\":\"https:\/\/www.vera-nature.com\/product\/baume-anti-psoriasis-et-rougeurs\/#breadcrumb\",\"itemListElement\":[{\"@type\":\"ListItem\",\"position\":1,\"name\":\"Accueil\",\"item\":\"https:\/\/www.vera-nature.com\/\"},{\"@type\":\"ListItem\",\"position\":2,\"name\":\"Nos produits\",\"item\":\"https:\/\/www.vera-nature.com\/nos-produits\/\"},{\"@type\":\"ListItem\",\"position\":3,\"name\":\"Baume Anti Psoriasis et Rougeurs\"}]},{\"@type\":\"WebSite\",\"@id\":\"https:\/\/www.vera-nature.com\/#website\",\"url\":\"https:\/\/www.vera-nature.com\/\",\"name\":\"Vera nature\",\"description\":\"\",\"publisher\":{\"@id\":\"https:\/\/www.vera-nature.com\/#organization\"},\"potentialAction\":[{\"@type\":\"SearchAction\",\"target\":{\"@type\":\"EntryPoint\",\"urlTemplate\":\"https:\/\/www.vera-nature.com\/?s={search_term_string}\"},\"query-input\":{\"@type\":\"PropertyValueSpecification\",\"valueRequired\":true,\"valueName\":\"search_term_string\"}}],\"inLanguage\":\"en-GB\"},{\"@type\":\"Organization\",\"@id\":\"https:\/\/www.vera-nature.com\/#organization\",\"name\":\"Vera nature\",\"url\":\"https:\/\/www.vera-nature.com\/\",\"logo\":{\"@type\":\"ImageObject\",\"inLanguage\":\"en-GB\",\"@id\":\"https:\/\/www.vera-nature.com\/#\/schema\/logo\/image\/\",\"url\":\"https:\/\/www.vera-nature.com\/wp-content\/uploads\/2023\/02\/logo_vernature.png\",\"contentUrl\":\"https:\/\/www.vera-nature.com\/wp-content\/uploads\/2023\/02\/logo_vernature.png\",\"width\":235,\"height\":88,\"caption\":\"Vera nature\"},\"image\":{\"@id\":\"https:\/\/www.vera-nature.com\/#\/schema\/logo\/image\/\"}}]}<\/script>\n<!-- \/ Yoast SEO plugin. -->","yoast_head_json":{"title":"Baume Anti Psoriasis et Rougeurs - Vera nature","robots":{"index":"index","follow":"follow","max-snippet":"max-snippet:-1","max-image-preview":"max-image-preview:large","max-video-preview":"max-video-preview:-1"},"canonical":"https:\/\/www.vera-nature.com\/en\/product\/baume-anti-psoriasis-et-rougeurs\/","og_locale":"en_GB","og_type":"article","og_title":"Baume Anti Psoriasis et Rougeurs - Vera nature","og_description":"50 g  Le Baume Anti-Psoriasis et Rougeurs au beurre de karit\u00e9 et aux herbes naturelles 100 % apaise intens\u00e9ment les irritations et hydrate en profondeur les peaux s\u00e8ches et sensibles. Il aide \u00e0 r\u00e9duire les rougeurs, les d\u00e9mangeaisons et les inconforts li\u00e9s au psoriasis et \u00e0 l\u2019ecz\u00e9ma, pour une peau plus douce et apais\u00e9e.","og_url":"https:\/\/www.vera-nature.com\/en\/product\/baume-anti-psoriasis-et-rougeurs\/","og_site_name":"Vera nature","article_modified_time":"2026-02-21T10:11:30+00:00","og_image":[{"width":560,"height":570,"url":"https:\/\/www.vera-nature.com\/wp-content\/uploads\/2026\/02\/baume-anti-rougeurs-copie.webp","type":"image\/webp"}],"twitter_card":"summary_large_image","schema":{"@context":"https:\/\/schema.org","@graph":[{"@type":"WebPage","@id":"https:\/\/www.vera-nature.com\/product\/baume-anti-psoriasis-et-rougeurs\/","url":"https:\/\/www.vera-nature.com\/product\/baume-anti-psoriasis-et-rougeurs\/","name":"Baume Anti Psoriasis et Rougeurs - Vera nature","isPartOf":{"@id":"https:\/\/www.vera-nature.com\/#website"},"primaryImageOfPage":{"@id":"https:\/\/www.vera-nature.com\/product\/baume-anti-psoriasis-et-rougeurs\/#primaryimage"},"image":{"@id":"https:\/\/www.vera-nature.com\/product\/baume-anti-psoriasis-et-rougeurs\/#primaryimage"},"thumbnailUrl":"https:\/\/www.vera-nature.com\/wp-content\/uploads\/2026\/02\/baume-anti-rougeurs-copie.webp","datePublished":"2026-02-13T10:20:28+00:00","dateModified":"2026-02-21T10:11:30+00:00","breadcrumb":{"@id":"https:\/\/www.vera-nature.com\/product\/baume-anti-psoriasis-et-rougeurs\/#breadcrumb"},"inLanguage":"en-GB","potentialAction":[{"@type":"ReadAction","target":["https:\/\/www.vera-nature.com\/product\/baume-anti-psoriasis-et-rougeurs\/"]}]},{"@type":"ImageObject","inLanguage":"en-GB","@id":"https:\/\/www.vera-nature.com\/product\/baume-anti-psoriasis-et-rougeurs\/#primaryimage","url":"https:\/\/www.vera-nature.com\/wp-content\/uploads\/2026\/02\/baume-anti-rougeurs-copie.webp","contentUrl":"https:\/\/www.vera-nature.com\/wp-content\/uploads\/2026\/02\/baume-anti-rougeurs-copie.webp","width":560,"height":570},{"@type":"BreadcrumbList","@id":"https:\/\/www.vera-nature.com\/product\/baume-anti-psoriasis-et-rougeurs\/#breadcrumb","itemListElement":[{"@type":"ListItem","position":1,"name":"Accueil","item":"https:\/\/www.vera-nature.com\/"},{"@type":"ListItem","position":2,"name":"Nos produits","item":"https:\/\/www.vera-nature.com\/nos-produits\/"},{"@type":"ListItem","position":3,"name":"Baume Anti Psoriasis et Rougeurs"}]},{"@type":"WebSite","@id":"https:\/\/www.vera-nature.com\/#website","url":"https:\/\/www.vera-nature.com\/","name":"Vera nature","description":"","publisher":{"@id":"https:\/\/www.vera-nature.com\/#organization"},"potentialAction":[{"@type":"SearchAction","target":{"@type":"EntryPoint","urlTemplate":"https:\/\/www.vera-nature.com\/?s={search_term_string}"},"query-input":{"@type":"PropertyValueSpecification","valueRequired":true,"valueName":"search_term_string"}}],"inLanguage":"en-GB"},{"@type":"Organization","@id":"https:\/\/www.vera-nature.com\/#organization","name":"Vera nature","url":"https:\/\/www.vera-nature.com\/","logo":{"@type":"ImageObject","inLanguage":"en-GB","@id":"https:\/\/www.vera-nature.com\/#\/schema\/logo\/image\/","url":"https:\/\/www.vera-nature.com\/wp-content\/uploads\/2023\/02\/logo_vernature.png","contentUrl":"https:\/\/www.vera-nature.com\/wp-content\/uploads\/2023\/02\/logo_vernature.png","width":235,"height":88,"caption":"Vera nature"},"image":{"@id":"https:\/\/www.vera-nature.com\/#\/schema\/logo\/image\/"}}]}},"_links":{"self":[{"href":"https:\/\/www.vera-nature.com\/en\/wp-json\/wp\/v2\/product\/3699","targetHints":{"allow":["GET"]}}],"collection":[{"href":"https:\/\/www.vera-nature.com\/en\/wp-json\/wp\/v2\/product"}],"about":[{"href":"https:\/\/www.vera-nature.com\/en\/wp-json\/wp\/v2\/types\/product"}],"wp:featuredmedia":[{"embeddable":true,"href":"https:\/\/www.vera-nature.com\/en\/wp-json\/wp\/v2\/media\/3815"}],"wp:attachment":[{"href":"https:\/\/www.vera-nature.com\/en\/wp-json\/wp\/v2\/media?parent=3699"}],"wp:term":[{"taxonomy":"product_brand","embeddable":true,"href":"https:\/\/www.vera-nature.com\/en\/wp-json\/wp\/v2\/product_brand?post=3699"},{"taxonomy":"product_cat","embeddable":true,"href":"https:\/\/www.vera-nature.com\/en\/wp-json\/wp\/v2\/product_cat?post=3699"},{"taxonomy":"product_tag","embeddable":true,"href":"https:\/\/www.vera-nature.com\/en\/wp-json\/wp\/v2\/product_tag?post=3699"}],"curies":[{"name":"wp","href":"https:\/\/api.w.org\/{rel}","templated":true}]}}