{"id":3709,"date":"2026-02-13T11:46:26","date_gmt":"2026-02-13T10:46:26","guid":{"rendered":"https:\/\/vera-nature.hypergroup.tn\/?post_type=product&#038;p=3709"},"modified":"2026-02-21T11:07:53","modified_gmt":"2026-02-21T10:07:53","slug":"beurre-de-karite-anti-acne","status":"publish","type":"product","link":"https:\/\/www.vera-nature.com\/en\/product\/beurre-de-karite-anti-acne\/","title":{"rendered":"Beurre de Karit\u00e9 Anti Acn\u00e9"},"content":{"rendered":"<p>Ce beurre de karit\u00e9 100 % naturel et sans parab\u00e8ne est sp\u00e9cialement adapt\u00e9 aux peaux grasses et \u00e0 tendance acn\u00e9ique. Il aide \u00e0 \u00e9liminer les boutons, r\u00e9duire les points noirs et pr\u00e9venir l\u2019apparition de nouvelles imperfections. Gr\u00e2ce \u00e0 ses propri\u00e9t\u00e9s purifiantes et apaisantes, il r\u00e9gule l\u2019exc\u00e8s de s\u00e9bum tout en respectant l\u2019\u00e9quilibre de la peau. Utilis\u00e9 r\u00e9guli\u00e8rement, il laisse la peau plus claire, plus lisse et visiblement plus saine.<\/p>","protected":false},"excerpt":{"rendered":"<p>50 g<\/p>\n<p>Le beurre de karit\u00e9 100 % naturel et sans parab\u00e8ne est un soin anti-acn\u00e9 qui aide \u00e0 \u00e9liminer les boutons et les points noirs. Il purifie la peau, r\u00e9gule l\u2019exc\u00e8s de s\u00e9bum et laisse le teint plus net et \u00e9quilibr\u00e9.<\/p>","protected":false},"featured_media":3710,"template":"","meta":[],"product_brand":[],"product_cat":[67],"product_tag":[],"class_list":{"0":"post-3709","1":"product","2":"type-product","3":"status-publish","4":"has-post-thumbnail","6":"product_cat-soins-visage-naturels","8":"first","9":"instock","10":"shipping-taxable","11":"purchasable","12":"product-type-simple"},"yoast_head":"<!-- This site is optimized with the Yoast SEO plugin v27.0 - https:\/\/yoast.com\/product\/yoast-seo-wordpress\/ -->\n<title>Beurre de Karit\u00e9 Anti Acn\u00e9 - Vera nature<\/title>\n<meta name=\"robots\" content=\"index, follow, max-snippet:-1, max-image-preview:large, max-video-preview:-1\" \/>\n<link rel=\"canonical\" href=\"https:\/\/www.vera-nature.com\/en\/product\/beurre-de-karite-anti-acne\/\" \/>\n<meta property=\"og:locale\" content=\"en_GB\" \/>\n<meta property=\"og:type\" content=\"article\" \/>\n<meta property=\"og:title\" content=\"Beurre de Karit\u00e9 Anti Acn\u00e9 - Vera nature\" \/>\n<meta property=\"og:description\" content=\"50 g  Le beurre de karit\u00e9 100 % naturel et sans parab\u00e8ne est un soin anti-acn\u00e9 qui aide \u00e0 \u00e9liminer les boutons et les points noirs. Il purifie la peau, r\u00e9gule l\u2019exc\u00e8s de s\u00e9bum et laisse le teint plus net et \u00e9quilibr\u00e9.\" \/>\n<meta property=\"og:url\" content=\"https:\/\/www.vera-nature.com\/en\/product\/beurre-de-karite-anti-acne\/\" \/>\n<meta property=\"og:site_name\" content=\"Vera nature\" \/>\n<meta property=\"article:modified_time\" content=\"2026-02-21T10:07:53+00:00\" \/>\n<meta property=\"og:image\" content=\"https:\/\/www.vera-nature.com\/wp-content\/uploads\/2026\/02\/Beurre-de-Karite-Anti-Acne-copie.webp\" \/>\n\t<meta property=\"og:image:width\" content=\"560\" \/>\n\t<meta property=\"og:image:height\" content=\"570\" \/>\n\t<meta property=\"og:image:type\" content=\"image\/webp\" \/>\n<meta name=\"twitter:card\" content=\"summary_large_image\" \/>\n<script type=\"application\/ld+json\" class=\"yoast-schema-graph\">{\"@context\":\"https:\/\/schema.org\",\"@graph\":[{\"@type\":\"WebPage\",\"@id\":\"https:\/\/www.vera-nature.com\/product\/beurre-de-karite-anti-acne\/\",\"url\":\"https:\/\/www.vera-nature.com\/product\/beurre-de-karite-anti-acne\/\",\"name\":\"Beurre de Karit\u00e9 Anti Acn\u00e9 - Vera nature\",\"isPartOf\":{\"@id\":\"https:\/\/www.vera-nature.com\/#website\"},\"primaryImageOfPage\":{\"@id\":\"https:\/\/www.vera-nature.com\/product\/beurre-de-karite-anti-acne\/#primaryimage\"},\"image\":{\"@id\":\"https:\/\/www.vera-nature.com\/product\/beurre-de-karite-anti-acne\/#primaryimage\"},\"thumbnailUrl\":\"https:\/\/www.vera-nature.com\/wp-content\/uploads\/2026\/02\/Beurre-de-Karite-Anti-Acne-copie.webp\",\"datePublished\":\"2026-02-13T10:46:26+00:00\",\"dateModified\":\"2026-02-21T10:07:53+00:00\",\"breadcrumb\":{\"@id\":\"https:\/\/www.vera-nature.com\/product\/beurre-de-karite-anti-acne\/#breadcrumb\"},\"inLanguage\":\"en-GB\",\"potentialAction\":[{\"@type\":\"ReadAction\",\"target\":[\"https:\/\/www.vera-nature.com\/product\/beurre-de-karite-anti-acne\/\"]}]},{\"@type\":\"ImageObject\",\"inLanguage\":\"en-GB\",\"@id\":\"https:\/\/www.vera-nature.com\/product\/beurre-de-karite-anti-acne\/#primaryimage\",\"url\":\"https:\/\/www.vera-nature.com\/wp-content\/uploads\/2026\/02\/Beurre-de-Karite-Anti-Acne-copie.webp\",\"contentUrl\":\"https:\/\/www.vera-nature.com\/wp-content\/uploads\/2026\/02\/Beurre-de-Karite-Anti-Acne-copie.webp\",\"width\":560,\"height\":570},{\"@type\":\"BreadcrumbList\",\"@id\":\"https:\/\/www.vera-nature.com\/product\/beurre-de-karite-anti-acne\/#breadcrumb\",\"itemListElement\":[{\"@type\":\"ListItem\",\"position\":1,\"name\":\"Accueil\",\"item\":\"https:\/\/www.vera-nature.com\/\"},{\"@type\":\"ListItem\",\"position\":2,\"name\":\"Nos produits\",\"item\":\"https:\/\/www.vera-nature.com\/nos-produits\/\"},{\"@type\":\"ListItem\",\"position\":3,\"name\":\"Beurre de Karit\u00e9 Anti Acn\u00e9\"}]},{\"@type\":\"WebSite\",\"@id\":\"https:\/\/www.vera-nature.com\/#website\",\"url\":\"https:\/\/www.vera-nature.com\/\",\"name\":\"Vera nature\",\"description\":\"\",\"publisher\":{\"@id\":\"https:\/\/www.vera-nature.com\/#organization\"},\"potentialAction\":[{\"@type\":\"SearchAction\",\"target\":{\"@type\":\"EntryPoint\",\"urlTemplate\":\"https:\/\/www.vera-nature.com\/?s={search_term_string}\"},\"query-input\":{\"@type\":\"PropertyValueSpecification\",\"valueRequired\":true,\"valueName\":\"search_term_string\"}}],\"inLanguage\":\"en-GB\"},{\"@type\":\"Organization\",\"@id\":\"https:\/\/www.vera-nature.com\/#organization\",\"name\":\"Vera nature\",\"url\":\"https:\/\/www.vera-nature.com\/\",\"logo\":{\"@type\":\"ImageObject\",\"inLanguage\":\"en-GB\",\"@id\":\"https:\/\/www.vera-nature.com\/#\/schema\/logo\/image\/\",\"url\":\"https:\/\/www.vera-nature.com\/wp-content\/uploads\/2023\/02\/logo_vernature.png\",\"contentUrl\":\"https:\/\/www.vera-nature.com\/wp-content\/uploads\/2023\/02\/logo_vernature.png\",\"width\":235,\"height\":88,\"caption\":\"Vera nature\"},\"image\":{\"@id\":\"https:\/\/www.vera-nature.com\/#\/schema\/logo\/image\/\"}}]}<\/script>\n<!-- \/ Yoast SEO plugin. -->","yoast_head_json":{"title":"Beurre de Karit\u00e9 Anti Acn\u00e9 - Vera nature","robots":{"index":"index","follow":"follow","max-snippet":"max-snippet:-1","max-image-preview":"max-image-preview:large","max-video-preview":"max-video-preview:-1"},"canonical":"https:\/\/www.vera-nature.com\/en\/product\/beurre-de-karite-anti-acne\/","og_locale":"en_GB","og_type":"article","og_title":"Beurre de Karit\u00e9 Anti Acn\u00e9 - Vera nature","og_description":"50 g  Le beurre de karit\u00e9 100 % naturel et sans parab\u00e8ne est un soin anti-acn\u00e9 qui aide \u00e0 \u00e9liminer les boutons et les points noirs. Il purifie la peau, r\u00e9gule l\u2019exc\u00e8s de s\u00e9bum et laisse le teint plus net et \u00e9quilibr\u00e9.","og_url":"https:\/\/www.vera-nature.com\/en\/product\/beurre-de-karite-anti-acne\/","og_site_name":"Vera nature","article_modified_time":"2026-02-21T10:07:53+00:00","og_image":[{"width":560,"height":570,"url":"https:\/\/www.vera-nature.com\/wp-content\/uploads\/2026\/02\/Beurre-de-Karite-Anti-Acne-copie.webp","type":"image\/webp"}],"twitter_card":"summary_large_image","schema":{"@context":"https:\/\/schema.org","@graph":[{"@type":"WebPage","@id":"https:\/\/www.vera-nature.com\/product\/beurre-de-karite-anti-acne\/","url":"https:\/\/www.vera-nature.com\/product\/beurre-de-karite-anti-acne\/","name":"Beurre de Karit\u00e9 Anti Acn\u00e9 - Vera nature","isPartOf":{"@id":"https:\/\/www.vera-nature.com\/#website"},"primaryImageOfPage":{"@id":"https:\/\/www.vera-nature.com\/product\/beurre-de-karite-anti-acne\/#primaryimage"},"image":{"@id":"https:\/\/www.vera-nature.com\/product\/beurre-de-karite-anti-acne\/#primaryimage"},"thumbnailUrl":"https:\/\/www.vera-nature.com\/wp-content\/uploads\/2026\/02\/Beurre-de-Karite-Anti-Acne-copie.webp","datePublished":"2026-02-13T10:46:26+00:00","dateModified":"2026-02-21T10:07:53+00:00","breadcrumb":{"@id":"https:\/\/www.vera-nature.com\/product\/beurre-de-karite-anti-acne\/#breadcrumb"},"inLanguage":"en-GB","potentialAction":[{"@type":"ReadAction","target":["https:\/\/www.vera-nature.com\/product\/beurre-de-karite-anti-acne\/"]}]},{"@type":"ImageObject","inLanguage":"en-GB","@id":"https:\/\/www.vera-nature.com\/product\/beurre-de-karite-anti-acne\/#primaryimage","url":"https:\/\/www.vera-nature.com\/wp-content\/uploads\/2026\/02\/Beurre-de-Karite-Anti-Acne-copie.webp","contentUrl":"https:\/\/www.vera-nature.com\/wp-content\/uploads\/2026\/02\/Beurre-de-Karite-Anti-Acne-copie.webp","width":560,"height":570},{"@type":"BreadcrumbList","@id":"https:\/\/www.vera-nature.com\/product\/beurre-de-karite-anti-acne\/#breadcrumb","itemListElement":[{"@type":"ListItem","position":1,"name":"Accueil","item":"https:\/\/www.vera-nature.com\/"},{"@type":"ListItem","position":2,"name":"Nos produits","item":"https:\/\/www.vera-nature.com\/nos-produits\/"},{"@type":"ListItem","position":3,"name":"Beurre de Karit\u00e9 Anti Acn\u00e9"}]},{"@type":"WebSite","@id":"https:\/\/www.vera-nature.com\/#website","url":"https:\/\/www.vera-nature.com\/","name":"Vera nature","description":"","publisher":{"@id":"https:\/\/www.vera-nature.com\/#organization"},"potentialAction":[{"@type":"SearchAction","target":{"@type":"EntryPoint","urlTemplate":"https:\/\/www.vera-nature.com\/?s={search_term_string}"},"query-input":{"@type":"PropertyValueSpecification","valueRequired":true,"valueName":"search_term_string"}}],"inLanguage":"en-GB"},{"@type":"Organization","@id":"https:\/\/www.vera-nature.com\/#organization","name":"Vera nature","url":"https:\/\/www.vera-nature.com\/","logo":{"@type":"ImageObject","inLanguage":"en-GB","@id":"https:\/\/www.vera-nature.com\/#\/schema\/logo\/image\/","url":"https:\/\/www.vera-nature.com\/wp-content\/uploads\/2023\/02\/logo_vernature.png","contentUrl":"https:\/\/www.vera-nature.com\/wp-content\/uploads\/2023\/02\/logo_vernature.png","width":235,"height":88,"caption":"Vera nature"},"image":{"@id":"https:\/\/www.vera-nature.com\/#\/schema\/logo\/image\/"}}]}},"_links":{"self":[{"href":"https:\/\/www.vera-nature.com\/en\/wp-json\/wp\/v2\/product\/3709","targetHints":{"allow":["GET"]}}],"collection":[{"href":"https:\/\/www.vera-nature.com\/en\/wp-json\/wp\/v2\/product"}],"about":[{"href":"https:\/\/www.vera-nature.com\/en\/wp-json\/wp\/v2\/types\/product"}],"wp:featuredmedia":[{"embeddable":true,"href":"https:\/\/www.vera-nature.com\/en\/wp-json\/wp\/v2\/media\/3710"}],"wp:attachment":[{"href":"https:\/\/www.vera-nature.com\/en\/wp-json\/wp\/v2\/media?parent=3709"}],"wp:term":[{"taxonomy":"product_brand","embeddable":true,"href":"https:\/\/www.vera-nature.com\/en\/wp-json\/wp\/v2\/product_brand?post=3709"},{"taxonomy":"product_cat","embeddable":true,"href":"https:\/\/www.vera-nature.com\/en\/wp-json\/wp\/v2\/product_cat?post=3709"},{"taxonomy":"product_tag","embeddable":true,"href":"https:\/\/www.vera-nature.com\/en\/wp-json\/wp\/v2\/product_tag?post=3709"}],"curies":[{"name":"wp","href":"https:\/\/api.w.org\/{rel}","templated":true}]}}