{"id":3711,"date":"2026-02-13T11:58:17","date_gmt":"2026-02-13T10:58:17","guid":{"rendered":"https:\/\/vera-nature.hypergroup.tn\/?post_type=product&#038;p=3711"},"modified":"2026-02-13T11:58:18","modified_gmt":"2026-02-13T10:58:18","slug":"beaute-plus-zone-intime","status":"publish","type":"product","link":"https:\/\/www.vera-nature.com\/en\/product\/beaute-plus-zone-intime\/","title":{"rendered":"Beaut\u00e9 Plus Zone Intime"},"content":{"rendered":"<p>Formul\u00e9 \u00e0 base d\u2019herbes et d\u2019huiles naturelles 100 %, enrichi au musc blanc et \u00e0 l\u2019oliban m\u00e2le, le Baume Beaut\u00e9 Plus Zone Intime offre un soin doux et respectueux. Il aide \u00e0 \u00e9claircir visiblement la peau, tout en procurant un effet rafra\u00eechissant et tonifiant. Sa formule contribue \u00e0 raffermir la zone intime et \u00e0 maintenir une sensation de confort durable. Son parfum naturel et d\u00e9licat laisse une agr\u00e9able sensation de fra\u00eecheur au quotidien.<\/p>","protected":false},"excerpt":{"rendered":"<p>50 g<\/p>\n<p>Le Baume Beaut\u00e9 Plus Zone Intime, compos\u00e9 d\u2019herbes et d\u2019huiles naturelles 100 %, au musc blanc et \u00e0 l\u2019oliban m\u00e2le, prend soin d\u00e9licatement des zones intimes. Il aide \u00e0 \u00e9claircir, rafra\u00eechir et raffermir la peau tout en laissant une agr\u00e9able odeur naturelle.<\/p>","protected":false},"featured_media":3712,"template":"","meta":[],"product_brand":[],"product_cat":[68],"product_tag":[],"class_list":{"0":"post-3711","1":"product","2":"type-product","3":"status-publish","4":"has-post-thumbnail","6":"product_cat-soins-naturels-pour-le-corps-et-les-articulations","8":"first","9":"instock","10":"shipping-taxable","11":"purchasable","12":"product-type-simple"},"yoast_head":"<!-- This site is optimized with the Yoast SEO plugin v27.0 - https:\/\/yoast.com\/product\/yoast-seo-wordpress\/ -->\n<title>Beaut\u00e9 Plus Zone Intime - Vera nature<\/title>\n<meta name=\"robots\" content=\"index, follow, max-snippet:-1, max-image-preview:large, max-video-preview:-1\" \/>\n<link rel=\"canonical\" href=\"https:\/\/www.vera-nature.com\/en\/product\/beaute-plus-zone-intime\/\" \/>\n<meta property=\"og:locale\" content=\"en_GB\" \/>\n<meta property=\"og:type\" content=\"article\" \/>\n<meta property=\"og:title\" content=\"Beaut\u00e9 Plus Zone Intime - Vera nature\" \/>\n<meta property=\"og:description\" content=\"50 g  Le Baume Beaut\u00e9 Plus Zone Intime, compos\u00e9 d\u2019herbes et d\u2019huiles naturelles 100 %, au musc blanc et \u00e0 l\u2019oliban m\u00e2le, prend soin d\u00e9licatement des zones intimes. Il aide \u00e0 \u00e9claircir, rafra\u00eechir et raffermir la peau tout en laissant une agr\u00e9able odeur naturelle.\" \/>\n<meta property=\"og:url\" content=\"https:\/\/www.vera-nature.com\/en\/product\/beaute-plus-zone-intime\/\" \/>\n<meta property=\"og:site_name\" content=\"Vera nature\" \/>\n<meta property=\"article:modified_time\" content=\"2026-02-13T10:58:18+00:00\" \/>\n<meta property=\"og:image\" content=\"https:\/\/www.vera-nature.com\/wp-content\/uploads\/2026\/02\/beaute-plus-copie.webp\" \/>\n\t<meta property=\"og:image:width\" content=\"560\" \/>\n\t<meta property=\"og:image:height\" content=\"570\" \/>\n\t<meta property=\"og:image:type\" content=\"image\/webp\" \/>\n<meta name=\"twitter:card\" content=\"summary_large_image\" \/>\n<script type=\"application\/ld+json\" class=\"yoast-schema-graph\">{\"@context\":\"https:\/\/schema.org\",\"@graph\":[{\"@type\":\"WebPage\",\"@id\":\"https:\/\/www.vera-nature.com\/product\/beaute-plus-zone-intime\/\",\"url\":\"https:\/\/www.vera-nature.com\/product\/beaute-plus-zone-intime\/\",\"name\":\"Beaut\u00e9 Plus Zone Intime - Vera nature\",\"isPartOf\":{\"@id\":\"https:\/\/www.vera-nature.com\/#website\"},\"primaryImageOfPage\":{\"@id\":\"https:\/\/www.vera-nature.com\/product\/beaute-plus-zone-intime\/#primaryimage\"},\"image\":{\"@id\":\"https:\/\/www.vera-nature.com\/product\/beaute-plus-zone-intime\/#primaryimage\"},\"thumbnailUrl\":\"https:\/\/www.vera-nature.com\/wp-content\/uploads\/2026\/02\/beaute-plus-copie.webp\",\"datePublished\":\"2026-02-13T10:58:17+00:00\",\"dateModified\":\"2026-02-13T10:58:18+00:00\",\"breadcrumb\":{\"@id\":\"https:\/\/www.vera-nature.com\/product\/beaute-plus-zone-intime\/#breadcrumb\"},\"inLanguage\":\"en-GB\",\"potentialAction\":[{\"@type\":\"ReadAction\",\"target\":[\"https:\/\/www.vera-nature.com\/product\/beaute-plus-zone-intime\/\"]}]},{\"@type\":\"ImageObject\",\"inLanguage\":\"en-GB\",\"@id\":\"https:\/\/www.vera-nature.com\/product\/beaute-plus-zone-intime\/#primaryimage\",\"url\":\"https:\/\/www.vera-nature.com\/wp-content\/uploads\/2026\/02\/beaute-plus-copie.webp\",\"contentUrl\":\"https:\/\/www.vera-nature.com\/wp-content\/uploads\/2026\/02\/beaute-plus-copie.webp\",\"width\":560,\"height\":570},{\"@type\":\"BreadcrumbList\",\"@id\":\"https:\/\/www.vera-nature.com\/product\/beaute-plus-zone-intime\/#breadcrumb\",\"itemListElement\":[{\"@type\":\"ListItem\",\"position\":1,\"name\":\"Accueil\",\"item\":\"https:\/\/www.vera-nature.com\/\"},{\"@type\":\"ListItem\",\"position\":2,\"name\":\"Nos produits\",\"item\":\"https:\/\/www.vera-nature.com\/nos-produits\/\"},{\"@type\":\"ListItem\",\"position\":3,\"name\":\"Beaut\u00e9 Plus Zone Intime\"}]},{\"@type\":\"WebSite\",\"@id\":\"https:\/\/www.vera-nature.com\/#website\",\"url\":\"https:\/\/www.vera-nature.com\/\",\"name\":\"Vera nature\",\"description\":\"\",\"publisher\":{\"@id\":\"https:\/\/www.vera-nature.com\/#organization\"},\"potentialAction\":[{\"@type\":\"SearchAction\",\"target\":{\"@type\":\"EntryPoint\",\"urlTemplate\":\"https:\/\/www.vera-nature.com\/?s={search_term_string}\"},\"query-input\":{\"@type\":\"PropertyValueSpecification\",\"valueRequired\":true,\"valueName\":\"search_term_string\"}}],\"inLanguage\":\"en-GB\"},{\"@type\":\"Organization\",\"@id\":\"https:\/\/www.vera-nature.com\/#organization\",\"name\":\"Vera nature\",\"url\":\"https:\/\/www.vera-nature.com\/\",\"logo\":{\"@type\":\"ImageObject\",\"inLanguage\":\"en-GB\",\"@id\":\"https:\/\/www.vera-nature.com\/#\/schema\/logo\/image\/\",\"url\":\"https:\/\/www.vera-nature.com\/wp-content\/uploads\/2023\/02\/logo_vernature.png\",\"contentUrl\":\"https:\/\/www.vera-nature.com\/wp-content\/uploads\/2023\/02\/logo_vernature.png\",\"width\":235,\"height\":88,\"caption\":\"Vera nature\"},\"image\":{\"@id\":\"https:\/\/www.vera-nature.com\/#\/schema\/logo\/image\/\"}}]}<\/script>\n<!-- \/ Yoast SEO plugin. -->","yoast_head_json":{"title":"Beaut\u00e9 Plus Zone Intime - Vera nature","robots":{"index":"index","follow":"follow","max-snippet":"max-snippet:-1","max-image-preview":"max-image-preview:large","max-video-preview":"max-video-preview:-1"},"canonical":"https:\/\/www.vera-nature.com\/en\/product\/beaute-plus-zone-intime\/","og_locale":"en_GB","og_type":"article","og_title":"Beaut\u00e9 Plus Zone Intime - Vera nature","og_description":"50 g  Le Baume Beaut\u00e9 Plus Zone Intime, compos\u00e9 d\u2019herbes et d\u2019huiles naturelles 100 %, au musc blanc et \u00e0 l\u2019oliban m\u00e2le, prend soin d\u00e9licatement des zones intimes. Il aide \u00e0 \u00e9claircir, rafra\u00eechir et raffermir la peau tout en laissant une agr\u00e9able odeur naturelle.","og_url":"https:\/\/www.vera-nature.com\/en\/product\/beaute-plus-zone-intime\/","og_site_name":"Vera nature","article_modified_time":"2026-02-13T10:58:18+00:00","og_image":[{"width":560,"height":570,"url":"https:\/\/www.vera-nature.com\/wp-content\/uploads\/2026\/02\/beaute-plus-copie.webp","type":"image\/webp"}],"twitter_card":"summary_large_image","schema":{"@context":"https:\/\/schema.org","@graph":[{"@type":"WebPage","@id":"https:\/\/www.vera-nature.com\/product\/beaute-plus-zone-intime\/","url":"https:\/\/www.vera-nature.com\/product\/beaute-plus-zone-intime\/","name":"Beaut\u00e9 Plus Zone Intime - Vera nature","isPartOf":{"@id":"https:\/\/www.vera-nature.com\/#website"},"primaryImageOfPage":{"@id":"https:\/\/www.vera-nature.com\/product\/beaute-plus-zone-intime\/#primaryimage"},"image":{"@id":"https:\/\/www.vera-nature.com\/product\/beaute-plus-zone-intime\/#primaryimage"},"thumbnailUrl":"https:\/\/www.vera-nature.com\/wp-content\/uploads\/2026\/02\/beaute-plus-copie.webp","datePublished":"2026-02-13T10:58:17+00:00","dateModified":"2026-02-13T10:58:18+00:00","breadcrumb":{"@id":"https:\/\/www.vera-nature.com\/product\/beaute-plus-zone-intime\/#breadcrumb"},"inLanguage":"en-GB","potentialAction":[{"@type":"ReadAction","target":["https:\/\/www.vera-nature.com\/product\/beaute-plus-zone-intime\/"]}]},{"@type":"ImageObject","inLanguage":"en-GB","@id":"https:\/\/www.vera-nature.com\/product\/beaute-plus-zone-intime\/#primaryimage","url":"https:\/\/www.vera-nature.com\/wp-content\/uploads\/2026\/02\/beaute-plus-copie.webp","contentUrl":"https:\/\/www.vera-nature.com\/wp-content\/uploads\/2026\/02\/beaute-plus-copie.webp","width":560,"height":570},{"@type":"BreadcrumbList","@id":"https:\/\/www.vera-nature.com\/product\/beaute-plus-zone-intime\/#breadcrumb","itemListElement":[{"@type":"ListItem","position":1,"name":"Accueil","item":"https:\/\/www.vera-nature.com\/"},{"@type":"ListItem","position":2,"name":"Nos produits","item":"https:\/\/www.vera-nature.com\/nos-produits\/"},{"@type":"ListItem","position":3,"name":"Beaut\u00e9 Plus Zone Intime"}]},{"@type":"WebSite","@id":"https:\/\/www.vera-nature.com\/#website","url":"https:\/\/www.vera-nature.com\/","name":"Vera nature","description":"","publisher":{"@id":"https:\/\/www.vera-nature.com\/#organization"},"potentialAction":[{"@type":"SearchAction","target":{"@type":"EntryPoint","urlTemplate":"https:\/\/www.vera-nature.com\/?s={search_term_string}"},"query-input":{"@type":"PropertyValueSpecification","valueRequired":true,"valueName":"search_term_string"}}],"inLanguage":"en-GB"},{"@type":"Organization","@id":"https:\/\/www.vera-nature.com\/#organization","name":"Vera nature","url":"https:\/\/www.vera-nature.com\/","logo":{"@type":"ImageObject","inLanguage":"en-GB","@id":"https:\/\/www.vera-nature.com\/#\/schema\/logo\/image\/","url":"https:\/\/www.vera-nature.com\/wp-content\/uploads\/2023\/02\/logo_vernature.png","contentUrl":"https:\/\/www.vera-nature.com\/wp-content\/uploads\/2023\/02\/logo_vernature.png","width":235,"height":88,"caption":"Vera nature"},"image":{"@id":"https:\/\/www.vera-nature.com\/#\/schema\/logo\/image\/"}}]}},"_links":{"self":[{"href":"https:\/\/www.vera-nature.com\/en\/wp-json\/wp\/v2\/product\/3711","targetHints":{"allow":["GET"]}}],"collection":[{"href":"https:\/\/www.vera-nature.com\/en\/wp-json\/wp\/v2\/product"}],"about":[{"href":"https:\/\/www.vera-nature.com\/en\/wp-json\/wp\/v2\/types\/product"}],"wp:featuredmedia":[{"embeddable":true,"href":"https:\/\/www.vera-nature.com\/en\/wp-json\/wp\/v2\/media\/3712"}],"wp:attachment":[{"href":"https:\/\/www.vera-nature.com\/en\/wp-json\/wp\/v2\/media?parent=3711"}],"wp:term":[{"taxonomy":"product_brand","embeddable":true,"href":"https:\/\/www.vera-nature.com\/en\/wp-json\/wp\/v2\/product_brand?post=3711"},{"taxonomy":"product_cat","embeddable":true,"href":"https:\/\/www.vera-nature.com\/en\/wp-json\/wp\/v2\/product_cat?post=3711"},{"taxonomy":"product_tag","embeddable":true,"href":"https:\/\/www.vera-nature.com\/en\/wp-json\/wp\/v2\/product_tag?post=3711"}],"curies":[{"name":"wp","href":"https:\/\/api.w.org\/{rel}","templated":true}]}}