{"id":3805,"date":"2026-02-14T10:40:08","date_gmt":"2026-02-14T09:40:08","guid":{"rendered":"https:\/\/vera-nature.hypergroup.tn\/?post_type=product&#038;p=3805"},"modified":"2026-02-21T11:10:32","modified_gmt":"2026-02-21T10:10:32","slug":"beurre-de-karite-soin-des-cheveux","status":"publish","type":"product","link":"https:\/\/www.vera-nature.com\/en\/product\/beurre-de-karite-soin-des-cheveux\/","title":{"rendered":"Beurre de Karit\u00e9 Soin des Cheveux"},"content":{"rendered":"<p>Notre beurre de karit\u00e9 100 % naturel est un soin capillaire riche et intens\u00e9ment nourrissant, sp\u00e9cialement con\u00e7u pour les cheveux ab\u00eem\u00e9s, secs ou cassants. Gr\u00e2ce \u00e0 sa forte teneur en vitamines et en acides gras essentiels, il p\u00e9n\u00e8tre la fibre capillaire pour r\u00e9parer, prot\u00e9ger et renforcer les cheveux de la racine jusqu\u2019aux pointes. Sans parab\u00e8ne, sans conservateurs chimiques et sans ingr\u00e9dients artificiels, il respecte le cuir chevelu tout en offrant une hydratation durable. R\u00e9sultat : des cheveux plus souples, plus brillants et visiblement revitalis\u00e9s au fil des utilisations.<\/p>","protected":false},"excerpt":{"rendered":"<p>50 g<\/p>\n<p>Notre beurre de karit\u00e9 100 % naturel nourrit intens\u00e9ment et r\u00e9pare les cheveux ab\u00eem\u00e9s en profondeur. Sans parab\u00e8ne ni additif chimique, il redonne douceur, brillance et vitalit\u00e9 d\u00e8s les premi\u00e8res applications<\/p>","protected":false},"featured_media":3806,"template":"","meta":[],"product_brand":[],"product_cat":[15,66],"product_tag":[],"class_list":{"0":"post-3805","1":"product","2":"type-product","3":"status-publish","4":"has-post-thumbnail","6":"product_cat-uncategorized","7":"product_cat-soins-cheveux-naturels","9":"first","10":"instock","11":"shipping-taxable","12":"purchasable","13":"product-type-simple"},"yoast_head":"<!-- This site is optimized with the Yoast SEO plugin v27.0 - https:\/\/yoast.com\/product\/yoast-seo-wordpress\/ -->\n<title>Beurre de Karit\u00e9 Soin des Cheveux - Vera nature<\/title>\n<meta name=\"robots\" content=\"index, follow, max-snippet:-1, max-image-preview:large, max-video-preview:-1\" \/>\n<link rel=\"canonical\" href=\"https:\/\/www.vera-nature.com\/en\/product\/beurre-de-karite-soin-des-cheveux\/\" \/>\n<meta property=\"og:locale\" content=\"en_GB\" \/>\n<meta property=\"og:type\" content=\"article\" \/>\n<meta property=\"og:title\" content=\"Beurre de Karit\u00e9 Soin des Cheveux - Vera nature\" \/>\n<meta property=\"og:description\" content=\"50 g  Notre beurre de karit\u00e9 100 % naturel nourrit intens\u00e9ment et r\u00e9pare les cheveux ab\u00eem\u00e9s en profondeur. Sans parab\u00e8ne ni additif chimique, il redonne douceur, brillance et vitalit\u00e9 d\u00e8s les premi\u00e8res applications\" \/>\n<meta property=\"og:url\" content=\"https:\/\/www.vera-nature.com\/en\/product\/beurre-de-karite-soin-des-cheveux\/\" \/>\n<meta property=\"og:site_name\" content=\"Vera nature\" \/>\n<meta property=\"article:modified_time\" content=\"2026-02-21T10:10:32+00:00\" \/>\n<meta property=\"og:image\" content=\"https:\/\/www.vera-nature.com\/wp-content\/uploads\/2026\/02\/Beurre-soin-des-cheveux-copie.webp\" \/>\n\t<meta property=\"og:image:width\" content=\"560\" \/>\n\t<meta property=\"og:image:height\" content=\"570\" \/>\n\t<meta property=\"og:image:type\" content=\"image\/webp\" \/>\n<meta name=\"twitter:card\" content=\"summary_large_image\" \/>\n<script type=\"application\/ld+json\" class=\"yoast-schema-graph\">{\"@context\":\"https:\/\/schema.org\",\"@graph\":[{\"@type\":\"WebPage\",\"@id\":\"https:\/\/www.vera-nature.com\/product\/beurre-de-karite-soin-des-cheveux\/\",\"url\":\"https:\/\/www.vera-nature.com\/product\/beurre-de-karite-soin-des-cheveux\/\",\"name\":\"Beurre de Karit\u00e9 Soin des Cheveux - Vera nature\",\"isPartOf\":{\"@id\":\"https:\/\/www.vera-nature.com\/#website\"},\"primaryImageOfPage\":{\"@id\":\"https:\/\/www.vera-nature.com\/product\/beurre-de-karite-soin-des-cheveux\/#primaryimage\"},\"image\":{\"@id\":\"https:\/\/www.vera-nature.com\/product\/beurre-de-karite-soin-des-cheveux\/#primaryimage\"},\"thumbnailUrl\":\"https:\/\/www.vera-nature.com\/wp-content\/uploads\/2026\/02\/Beurre-soin-des-cheveux-copie.webp\",\"datePublished\":\"2026-02-14T09:40:08+00:00\",\"dateModified\":\"2026-02-21T10:10:32+00:00\",\"breadcrumb\":{\"@id\":\"https:\/\/www.vera-nature.com\/product\/beurre-de-karite-soin-des-cheveux\/#breadcrumb\"},\"inLanguage\":\"en-GB\",\"potentialAction\":[{\"@type\":\"ReadAction\",\"target\":[\"https:\/\/www.vera-nature.com\/product\/beurre-de-karite-soin-des-cheveux\/\"]}]},{\"@type\":\"ImageObject\",\"inLanguage\":\"en-GB\",\"@id\":\"https:\/\/www.vera-nature.com\/product\/beurre-de-karite-soin-des-cheveux\/#primaryimage\",\"url\":\"https:\/\/www.vera-nature.com\/wp-content\/uploads\/2026\/02\/Beurre-soin-des-cheveux-copie.webp\",\"contentUrl\":\"https:\/\/www.vera-nature.com\/wp-content\/uploads\/2026\/02\/Beurre-soin-des-cheveux-copie.webp\",\"width\":560,\"height\":570},{\"@type\":\"BreadcrumbList\",\"@id\":\"https:\/\/www.vera-nature.com\/product\/beurre-de-karite-soin-des-cheveux\/#breadcrumb\",\"itemListElement\":[{\"@type\":\"ListItem\",\"position\":1,\"name\":\"Accueil\",\"item\":\"https:\/\/www.vera-nature.com\/\"},{\"@type\":\"ListItem\",\"position\":2,\"name\":\"Nos produits\",\"item\":\"https:\/\/www.vera-nature.com\/nos-produits\/\"},{\"@type\":\"ListItem\",\"position\":3,\"name\":\"Beurre de Karit\u00e9 Soin des Cheveux\"}]},{\"@type\":\"WebSite\",\"@id\":\"https:\/\/www.vera-nature.com\/#website\",\"url\":\"https:\/\/www.vera-nature.com\/\",\"name\":\"Vera nature\",\"description\":\"\",\"publisher\":{\"@id\":\"https:\/\/www.vera-nature.com\/#organization\"},\"potentialAction\":[{\"@type\":\"SearchAction\",\"target\":{\"@type\":\"EntryPoint\",\"urlTemplate\":\"https:\/\/www.vera-nature.com\/?s={search_term_string}\"},\"query-input\":{\"@type\":\"PropertyValueSpecification\",\"valueRequired\":true,\"valueName\":\"search_term_string\"}}],\"inLanguage\":\"en-GB\"},{\"@type\":\"Organization\",\"@id\":\"https:\/\/www.vera-nature.com\/#organization\",\"name\":\"Vera nature\",\"url\":\"https:\/\/www.vera-nature.com\/\",\"logo\":{\"@type\":\"ImageObject\",\"inLanguage\":\"en-GB\",\"@id\":\"https:\/\/www.vera-nature.com\/#\/schema\/logo\/image\/\",\"url\":\"https:\/\/www.vera-nature.com\/wp-content\/uploads\/2023\/02\/logo_vernature.png\",\"contentUrl\":\"https:\/\/www.vera-nature.com\/wp-content\/uploads\/2023\/02\/logo_vernature.png\",\"width\":235,\"height\":88,\"caption\":\"Vera nature\"},\"image\":{\"@id\":\"https:\/\/www.vera-nature.com\/#\/schema\/logo\/image\/\"}}]}<\/script>\n<!-- \/ Yoast SEO plugin. -->","yoast_head_json":{"title":"Beurre de Karit\u00e9 Soin des Cheveux - Vera nature","robots":{"index":"index","follow":"follow","max-snippet":"max-snippet:-1","max-image-preview":"max-image-preview:large","max-video-preview":"max-video-preview:-1"},"canonical":"https:\/\/www.vera-nature.com\/en\/product\/beurre-de-karite-soin-des-cheveux\/","og_locale":"en_GB","og_type":"article","og_title":"Beurre de Karit\u00e9 Soin des Cheveux - Vera nature","og_description":"50 g  Notre beurre de karit\u00e9 100 % naturel nourrit intens\u00e9ment et r\u00e9pare les cheveux ab\u00eem\u00e9s en profondeur. Sans parab\u00e8ne ni additif chimique, il redonne douceur, brillance et vitalit\u00e9 d\u00e8s les premi\u00e8res applications","og_url":"https:\/\/www.vera-nature.com\/en\/product\/beurre-de-karite-soin-des-cheveux\/","og_site_name":"Vera nature","article_modified_time":"2026-02-21T10:10:32+00:00","og_image":[{"width":560,"height":570,"url":"https:\/\/www.vera-nature.com\/wp-content\/uploads\/2026\/02\/Beurre-soin-des-cheveux-copie.webp","type":"image\/webp"}],"twitter_card":"summary_large_image","schema":{"@context":"https:\/\/schema.org","@graph":[{"@type":"WebPage","@id":"https:\/\/www.vera-nature.com\/product\/beurre-de-karite-soin-des-cheveux\/","url":"https:\/\/www.vera-nature.com\/product\/beurre-de-karite-soin-des-cheveux\/","name":"Beurre de Karit\u00e9 Soin des Cheveux - Vera nature","isPartOf":{"@id":"https:\/\/www.vera-nature.com\/#website"},"primaryImageOfPage":{"@id":"https:\/\/www.vera-nature.com\/product\/beurre-de-karite-soin-des-cheveux\/#primaryimage"},"image":{"@id":"https:\/\/www.vera-nature.com\/product\/beurre-de-karite-soin-des-cheveux\/#primaryimage"},"thumbnailUrl":"https:\/\/www.vera-nature.com\/wp-content\/uploads\/2026\/02\/Beurre-soin-des-cheveux-copie.webp","datePublished":"2026-02-14T09:40:08+00:00","dateModified":"2026-02-21T10:10:32+00:00","breadcrumb":{"@id":"https:\/\/www.vera-nature.com\/product\/beurre-de-karite-soin-des-cheveux\/#breadcrumb"},"inLanguage":"en-GB","potentialAction":[{"@type":"ReadAction","target":["https:\/\/www.vera-nature.com\/product\/beurre-de-karite-soin-des-cheveux\/"]}]},{"@type":"ImageObject","inLanguage":"en-GB","@id":"https:\/\/www.vera-nature.com\/product\/beurre-de-karite-soin-des-cheveux\/#primaryimage","url":"https:\/\/www.vera-nature.com\/wp-content\/uploads\/2026\/02\/Beurre-soin-des-cheveux-copie.webp","contentUrl":"https:\/\/www.vera-nature.com\/wp-content\/uploads\/2026\/02\/Beurre-soin-des-cheveux-copie.webp","width":560,"height":570},{"@type":"BreadcrumbList","@id":"https:\/\/www.vera-nature.com\/product\/beurre-de-karite-soin-des-cheveux\/#breadcrumb","itemListElement":[{"@type":"ListItem","position":1,"name":"Accueil","item":"https:\/\/www.vera-nature.com\/"},{"@type":"ListItem","position":2,"name":"Nos produits","item":"https:\/\/www.vera-nature.com\/nos-produits\/"},{"@type":"ListItem","position":3,"name":"Beurre de Karit\u00e9 Soin des Cheveux"}]},{"@type":"WebSite","@id":"https:\/\/www.vera-nature.com\/#website","url":"https:\/\/www.vera-nature.com\/","name":"Vera nature","description":"","publisher":{"@id":"https:\/\/www.vera-nature.com\/#organization"},"potentialAction":[{"@type":"SearchAction","target":{"@type":"EntryPoint","urlTemplate":"https:\/\/www.vera-nature.com\/?s={search_term_string}"},"query-input":{"@type":"PropertyValueSpecification","valueRequired":true,"valueName":"search_term_string"}}],"inLanguage":"en-GB"},{"@type":"Organization","@id":"https:\/\/www.vera-nature.com\/#organization","name":"Vera nature","url":"https:\/\/www.vera-nature.com\/","logo":{"@type":"ImageObject","inLanguage":"en-GB","@id":"https:\/\/www.vera-nature.com\/#\/schema\/logo\/image\/","url":"https:\/\/www.vera-nature.com\/wp-content\/uploads\/2023\/02\/logo_vernature.png","contentUrl":"https:\/\/www.vera-nature.com\/wp-content\/uploads\/2023\/02\/logo_vernature.png","width":235,"height":88,"caption":"Vera nature"},"image":{"@id":"https:\/\/www.vera-nature.com\/#\/schema\/logo\/image\/"}}]}},"_links":{"self":[{"href":"https:\/\/www.vera-nature.com\/en\/wp-json\/wp\/v2\/product\/3805","targetHints":{"allow":["GET"]}}],"collection":[{"href":"https:\/\/www.vera-nature.com\/en\/wp-json\/wp\/v2\/product"}],"about":[{"href":"https:\/\/www.vera-nature.com\/en\/wp-json\/wp\/v2\/types\/product"}],"wp:featuredmedia":[{"embeddable":true,"href":"https:\/\/www.vera-nature.com\/en\/wp-json\/wp\/v2\/media\/3806"}],"wp:attachment":[{"href":"https:\/\/www.vera-nature.com\/en\/wp-json\/wp\/v2\/media?parent=3805"}],"wp:term":[{"taxonomy":"product_brand","embeddable":true,"href":"https:\/\/www.vera-nature.com\/en\/wp-json\/wp\/v2\/product_brand?post=3805"},{"taxonomy":"product_cat","embeddable":true,"href":"https:\/\/www.vera-nature.com\/en\/wp-json\/wp\/v2\/product_cat?post=3805"},{"taxonomy":"product_tag","embeddable":true,"href":"https:\/\/www.vera-nature.com\/en\/wp-json\/wp\/v2\/product_tag?post=3805"}],"curies":[{"name":"wp","href":"https:\/\/api.w.org\/{rel}","templated":true}]}}