{"id":3808,"date":"2026-02-14T11:02:35","date_gmt":"2026-02-14T10:02:35","guid":{"rendered":"https:\/\/vera-nature.hypergroup.tn\/?post_type=product&#038;p=3808"},"modified":"2026-02-21T11:06:41","modified_gmt":"2026-02-21T10:06:41","slug":"baume-anti-vergetures","status":"publish","type":"product","link":"https:\/\/www.vera-nature.com\/en\/product\/baume-anti-vergetures\/","title":{"rendered":"Baume Anti Vergetures"},"content":{"rendered":"<p>Formul\u00e9 \u00e0 base de beurre de karit\u00e9 et d\u2019herbes naturelles soigneusement s\u00e9lectionn\u00e9es, notre Baume Anti-Vergetures nourrit profond\u00e9ment et soutient la r\u00e9g\u00e9n\u00e9ration de la peau. Sa texture riche p\u00e9n\u00e8tre facilement pour am\u00e9liorer l\u2019\u00e9lasticit\u00e9 et aider \u00e0 r\u00e9duire visiblement l\u2019apparence des vergetures. 100 % naturel, sans parab\u00e8ne ni ingr\u00e9dients agressifs, il convient \u00e0 une utilisation r\u00e9guli\u00e8re pour tous les types de peau. Jour apr\u00e8s jour, la peau para\u00eet plus lisse, plus ferme et intens\u00e9ment hydrat\u00e9e.<\/p>","protected":false},"excerpt":{"rendered":"<p>50 g<\/p>\n<p>Baume Anti Vergetures au beurre de karit\u00e9 et aux herbes naturelles aide \u00e0 pr\u00e9venir et att\u00e9nuer l\u2019apparence des vergetures tout en nourrissant intens\u00e9ment la peau. 100 % naturel et sans parab\u00e8ne, il am\u00e9liore l\u2019\u00e9lasticit\u00e9 cutan\u00e9e et laisse la peau douce, souple et revitalis\u00e9e.<\/p>","protected":false},"featured_media":3809,"template":"","meta":[],"product_brand":[],"product_cat":[15,68],"product_tag":[],"class_list":{"0":"post-3808","1":"product","2":"type-product","3":"status-publish","4":"has-post-thumbnail","6":"product_cat-uncategorized","7":"product_cat-soins-naturels-pour-le-corps-et-les-articulations","9":"first","10":"instock","11":"shipping-taxable","12":"purchasable","13":"product-type-simple"},"yoast_head":"<!-- This site is optimized with the Yoast SEO plugin v27.0 - https:\/\/yoast.com\/product\/yoast-seo-wordpress\/ -->\n<title>Baume Anti Vergetures - Vera nature<\/title>\n<meta name=\"robots\" content=\"index, follow, max-snippet:-1, max-image-preview:large, max-video-preview:-1\" \/>\n<link rel=\"canonical\" href=\"https:\/\/www.vera-nature.com\/en\/product\/baume-anti-vergetures\/\" \/>\n<meta property=\"og:locale\" content=\"en_GB\" \/>\n<meta property=\"og:type\" content=\"article\" \/>\n<meta property=\"og:title\" content=\"Baume Anti Vergetures - Vera nature\" \/>\n<meta property=\"og:description\" content=\"50 g  Baume Anti Vergetures au beurre de karit\u00e9 et aux herbes naturelles aide \u00e0 pr\u00e9venir et att\u00e9nuer l\u2019apparence des vergetures tout en nourrissant intens\u00e9ment la peau. 100 % naturel et sans parab\u00e8ne, il am\u00e9liore l\u2019\u00e9lasticit\u00e9 cutan\u00e9e et laisse la peau douce, souple et revitalis\u00e9e.\" \/>\n<meta property=\"og:url\" content=\"https:\/\/www.vera-nature.com\/en\/product\/baume-anti-vergetures\/\" \/>\n<meta property=\"og:site_name\" content=\"Vera nature\" \/>\n<meta property=\"article:modified_time\" content=\"2026-02-21T10:06:41+00:00\" \/>\n<meta property=\"og:image\" content=\"https:\/\/www.vera-nature.com\/wp-content\/uploads\/2026\/02\/Baume-anti-vergetures-.copie_.webp\" \/>\n\t<meta property=\"og:image:width\" content=\"560\" \/>\n\t<meta property=\"og:image:height\" content=\"570\" \/>\n\t<meta property=\"og:image:type\" content=\"image\/webp\" \/>\n<meta name=\"twitter:card\" content=\"summary_large_image\" \/>\n<script type=\"application\/ld+json\" class=\"yoast-schema-graph\">{\"@context\":\"https:\/\/schema.org\",\"@graph\":[{\"@type\":\"WebPage\",\"@id\":\"https:\/\/www.vera-nature.com\/product\/baume-anti-vergetures\/\",\"url\":\"https:\/\/www.vera-nature.com\/product\/baume-anti-vergetures\/\",\"name\":\"Baume Anti Vergetures - Vera nature\",\"isPartOf\":{\"@id\":\"https:\/\/www.vera-nature.com\/#website\"},\"primaryImageOfPage\":{\"@id\":\"https:\/\/www.vera-nature.com\/product\/baume-anti-vergetures\/#primaryimage\"},\"image\":{\"@id\":\"https:\/\/www.vera-nature.com\/product\/baume-anti-vergetures\/#primaryimage\"},\"thumbnailUrl\":\"https:\/\/www.vera-nature.com\/wp-content\/uploads\/2026\/02\/Baume-anti-vergetures-.copie_.webp\",\"datePublished\":\"2026-02-14T10:02:35+00:00\",\"dateModified\":\"2026-02-21T10:06:41+00:00\",\"breadcrumb\":{\"@id\":\"https:\/\/www.vera-nature.com\/product\/baume-anti-vergetures\/#breadcrumb\"},\"inLanguage\":\"en-GB\",\"potentialAction\":[{\"@type\":\"ReadAction\",\"target\":[\"https:\/\/www.vera-nature.com\/product\/baume-anti-vergetures\/\"]}]},{\"@type\":\"ImageObject\",\"inLanguage\":\"en-GB\",\"@id\":\"https:\/\/www.vera-nature.com\/product\/baume-anti-vergetures\/#primaryimage\",\"url\":\"https:\/\/www.vera-nature.com\/wp-content\/uploads\/2026\/02\/Baume-anti-vergetures-.copie_.webp\",\"contentUrl\":\"https:\/\/www.vera-nature.com\/wp-content\/uploads\/2026\/02\/Baume-anti-vergetures-.copie_.webp\",\"width\":560,\"height\":570},{\"@type\":\"BreadcrumbList\",\"@id\":\"https:\/\/www.vera-nature.com\/product\/baume-anti-vergetures\/#breadcrumb\",\"itemListElement\":[{\"@type\":\"ListItem\",\"position\":1,\"name\":\"Accueil\",\"item\":\"https:\/\/www.vera-nature.com\/\"},{\"@type\":\"ListItem\",\"position\":2,\"name\":\"Nos produits\",\"item\":\"https:\/\/www.vera-nature.com\/nos-produits\/\"},{\"@type\":\"ListItem\",\"position\":3,\"name\":\"Baume Anti Vergetures\"}]},{\"@type\":\"WebSite\",\"@id\":\"https:\/\/www.vera-nature.com\/#website\",\"url\":\"https:\/\/www.vera-nature.com\/\",\"name\":\"Vera nature\",\"description\":\"\",\"publisher\":{\"@id\":\"https:\/\/www.vera-nature.com\/#organization\"},\"potentialAction\":[{\"@type\":\"SearchAction\",\"target\":{\"@type\":\"EntryPoint\",\"urlTemplate\":\"https:\/\/www.vera-nature.com\/?s={search_term_string}\"},\"query-input\":{\"@type\":\"PropertyValueSpecification\",\"valueRequired\":true,\"valueName\":\"search_term_string\"}}],\"inLanguage\":\"en-GB\"},{\"@type\":\"Organization\",\"@id\":\"https:\/\/www.vera-nature.com\/#organization\",\"name\":\"Vera nature\",\"url\":\"https:\/\/www.vera-nature.com\/\",\"logo\":{\"@type\":\"ImageObject\",\"inLanguage\":\"en-GB\",\"@id\":\"https:\/\/www.vera-nature.com\/#\/schema\/logo\/image\/\",\"url\":\"https:\/\/www.vera-nature.com\/wp-content\/uploads\/2023\/02\/logo_vernature.png\",\"contentUrl\":\"https:\/\/www.vera-nature.com\/wp-content\/uploads\/2023\/02\/logo_vernature.png\",\"width\":235,\"height\":88,\"caption\":\"Vera nature\"},\"image\":{\"@id\":\"https:\/\/www.vera-nature.com\/#\/schema\/logo\/image\/\"}}]}<\/script>\n<!-- \/ Yoast SEO plugin. -->","yoast_head_json":{"title":"Baume Anti Vergetures - Vera nature","robots":{"index":"index","follow":"follow","max-snippet":"max-snippet:-1","max-image-preview":"max-image-preview:large","max-video-preview":"max-video-preview:-1"},"canonical":"https:\/\/www.vera-nature.com\/en\/product\/baume-anti-vergetures\/","og_locale":"en_GB","og_type":"article","og_title":"Baume Anti Vergetures - Vera nature","og_description":"50 g  Baume Anti Vergetures au beurre de karit\u00e9 et aux herbes naturelles aide \u00e0 pr\u00e9venir et att\u00e9nuer l\u2019apparence des vergetures tout en nourrissant intens\u00e9ment la peau. 100 % naturel et sans parab\u00e8ne, il am\u00e9liore l\u2019\u00e9lasticit\u00e9 cutan\u00e9e et laisse la peau douce, souple et revitalis\u00e9e.","og_url":"https:\/\/www.vera-nature.com\/en\/product\/baume-anti-vergetures\/","og_site_name":"Vera nature","article_modified_time":"2026-02-21T10:06:41+00:00","og_image":[{"width":560,"height":570,"url":"https:\/\/www.vera-nature.com\/wp-content\/uploads\/2026\/02\/Baume-anti-vergetures-.copie_.webp","type":"image\/webp"}],"twitter_card":"summary_large_image","schema":{"@context":"https:\/\/schema.org","@graph":[{"@type":"WebPage","@id":"https:\/\/www.vera-nature.com\/product\/baume-anti-vergetures\/","url":"https:\/\/www.vera-nature.com\/product\/baume-anti-vergetures\/","name":"Baume Anti Vergetures - Vera nature","isPartOf":{"@id":"https:\/\/www.vera-nature.com\/#website"},"primaryImageOfPage":{"@id":"https:\/\/www.vera-nature.com\/product\/baume-anti-vergetures\/#primaryimage"},"image":{"@id":"https:\/\/www.vera-nature.com\/product\/baume-anti-vergetures\/#primaryimage"},"thumbnailUrl":"https:\/\/www.vera-nature.com\/wp-content\/uploads\/2026\/02\/Baume-anti-vergetures-.copie_.webp","datePublished":"2026-02-14T10:02:35+00:00","dateModified":"2026-02-21T10:06:41+00:00","breadcrumb":{"@id":"https:\/\/www.vera-nature.com\/product\/baume-anti-vergetures\/#breadcrumb"},"inLanguage":"en-GB","potentialAction":[{"@type":"ReadAction","target":["https:\/\/www.vera-nature.com\/product\/baume-anti-vergetures\/"]}]},{"@type":"ImageObject","inLanguage":"en-GB","@id":"https:\/\/www.vera-nature.com\/product\/baume-anti-vergetures\/#primaryimage","url":"https:\/\/www.vera-nature.com\/wp-content\/uploads\/2026\/02\/Baume-anti-vergetures-.copie_.webp","contentUrl":"https:\/\/www.vera-nature.com\/wp-content\/uploads\/2026\/02\/Baume-anti-vergetures-.copie_.webp","width":560,"height":570},{"@type":"BreadcrumbList","@id":"https:\/\/www.vera-nature.com\/product\/baume-anti-vergetures\/#breadcrumb","itemListElement":[{"@type":"ListItem","position":1,"name":"Accueil","item":"https:\/\/www.vera-nature.com\/"},{"@type":"ListItem","position":2,"name":"Nos produits","item":"https:\/\/www.vera-nature.com\/nos-produits\/"},{"@type":"ListItem","position":3,"name":"Baume Anti Vergetures"}]},{"@type":"WebSite","@id":"https:\/\/www.vera-nature.com\/#website","url":"https:\/\/www.vera-nature.com\/","name":"Vera nature","description":"","publisher":{"@id":"https:\/\/www.vera-nature.com\/#organization"},"potentialAction":[{"@type":"SearchAction","target":{"@type":"EntryPoint","urlTemplate":"https:\/\/www.vera-nature.com\/?s={search_term_string}"},"query-input":{"@type":"PropertyValueSpecification","valueRequired":true,"valueName":"search_term_string"}}],"inLanguage":"en-GB"},{"@type":"Organization","@id":"https:\/\/www.vera-nature.com\/#organization","name":"Vera nature","url":"https:\/\/www.vera-nature.com\/","logo":{"@type":"ImageObject","inLanguage":"en-GB","@id":"https:\/\/www.vera-nature.com\/#\/schema\/logo\/image\/","url":"https:\/\/www.vera-nature.com\/wp-content\/uploads\/2023\/02\/logo_vernature.png","contentUrl":"https:\/\/www.vera-nature.com\/wp-content\/uploads\/2023\/02\/logo_vernature.png","width":235,"height":88,"caption":"Vera nature"},"image":{"@id":"https:\/\/www.vera-nature.com\/#\/schema\/logo\/image\/"}}]}},"_links":{"self":[{"href":"https:\/\/www.vera-nature.com\/en\/wp-json\/wp\/v2\/product\/3808","targetHints":{"allow":["GET"]}}],"collection":[{"href":"https:\/\/www.vera-nature.com\/en\/wp-json\/wp\/v2\/product"}],"about":[{"href":"https:\/\/www.vera-nature.com\/en\/wp-json\/wp\/v2\/types\/product"}],"wp:featuredmedia":[{"embeddable":true,"href":"https:\/\/www.vera-nature.com\/en\/wp-json\/wp\/v2\/media\/3809"}],"wp:attachment":[{"href":"https:\/\/www.vera-nature.com\/en\/wp-json\/wp\/v2\/media?parent=3808"}],"wp:term":[{"taxonomy":"product_brand","embeddable":true,"href":"https:\/\/www.vera-nature.com\/en\/wp-json\/wp\/v2\/product_brand?post=3808"},{"taxonomy":"product_cat","embeddable":true,"href":"https:\/\/www.vera-nature.com\/en\/wp-json\/wp\/v2\/product_cat?post=3808"},{"taxonomy":"product_tag","embeddable":true,"href":"https:\/\/www.vera-nature.com\/en\/wp-json\/wp\/v2\/product_tag?post=3808"}],"curies":[{"name":"wp","href":"https:\/\/api.w.org\/{rel}","templated":true}]}}