{"id":3814,"date":"2026-02-14T13:01:25","date_gmt":"2026-02-14T12:01:25","guid":{"rendered":"https:\/\/vera-nature.hypergroup.tn\/?post_type=product&#038;p=3814"},"modified":"2026-02-20T13:38:57","modified_gmt":"2026-02-20T12:38:57","slug":"beurre-de-karite-a-la-bave-descargot","status":"publish","type":"product","link":"https:\/\/www.vera-nature.com\/en\/product\/beurre-de-karite-a-la-bave-descargot\/","title":{"rendered":"Beurre de Karit\u00e9 \u00e0 la Bave D&rsquo;escargot"},"content":{"rendered":"<p>Beurre de karit\u00e9 enrichi \u00e0 la bave d\u2019escargot, sp\u00e9cialement formul\u00e9 pour combattre les signes de la vieillesse cutan\u00e9e. Ses actifs naturels nourrissent et r\u00e9g\u00e9n\u00e8rent la peau en profondeur tout en favorisant l\u2019\u00e9lasticit\u00e9 et la fermet\u00e9. 100 % naturel et sans parab\u00e8ne, il prot\u00e8ge et hydrate l\u2019\u00e9piderme tout en stimulant le renouvellement cellulaire. Utilis\u00e9 r\u00e9guli\u00e8rement, il aide \u00e0 r\u00e9duire l\u2019apparence des rides et ridules, laissant la peau plus lisse, souple et visiblement rajeunie.<\/p>","protected":false},"excerpt":{"rendered":"<p>Beurre de karit\u00e9 \u00e0 la bave d\u2019escargot, id\u00e9al pour lutter contre les signes de l\u2019\u00e2ge. 100 % naturel et sans parab\u00e8ne, il hydrate, r\u00e9g\u00e9n\u00e8re et aide \u00e0 raffermir la peau pour un effet anti-\u00e2ge visible.<\/p>","protected":false},"featured_media":3896,"template":"","meta":[],"product_brand":[],"product_cat":[69,68,67],"product_tag":[],"class_list":{"0":"post-3814","1":"product","2":"type-product","3":"status-publish","4":"has-post-thumbnail","6":"product_cat-soins-mains-naturels","7":"product_cat-soins-naturels-pour-le-corps-et-les-articulations","8":"product_cat-soins-visage-naturels","10":"first","11":"instock","12":"shipping-taxable","13":"purchasable","14":"product-type-simple"},"yoast_head":"<!-- This site is optimized with the Yoast SEO plugin v27.0 - https:\/\/yoast.com\/product\/yoast-seo-wordpress\/ -->\n<title>Beurre de Karit\u00e9 \u00e0 la Bave D&#039;escargot - Vera nature<\/title>\n<meta name=\"robots\" content=\"index, follow, max-snippet:-1, max-image-preview:large, max-video-preview:-1\" \/>\n<link rel=\"canonical\" href=\"https:\/\/www.vera-nature.com\/en\/product\/beurre-de-karite-a-la-bave-descargot\/\" \/>\n<meta property=\"og:locale\" content=\"en_GB\" \/>\n<meta property=\"og:type\" content=\"article\" \/>\n<meta property=\"og:title\" content=\"Beurre de Karit\u00e9 \u00e0 la Bave D&#039;escargot - Vera nature\" \/>\n<meta property=\"og:description\" content=\"Beurre de karit\u00e9 \u00e0 la bave d\u2019escargot, id\u00e9al pour lutter contre les signes de l\u2019\u00e2ge. 100 % naturel et sans parab\u00e8ne, il hydrate, r\u00e9g\u00e9n\u00e8re et aide \u00e0 raffermir la peau pour un effet anti-\u00e2ge visible.\" \/>\n<meta property=\"og:url\" content=\"https:\/\/www.vera-nature.com\/en\/product\/beurre-de-karite-a-la-bave-descargot\/\" \/>\n<meta property=\"og:site_name\" content=\"Vera nature\" \/>\n<meta property=\"article:modified_time\" content=\"2026-02-20T12:38:57+00:00\" \/>\n<meta property=\"og:image\" content=\"https:\/\/www.vera-nature.com\/wp-content\/uploads\/2026\/02\/beurre-de-karite-a-la-bave-descargot-copie.webp\" \/>\n\t<meta property=\"og:image:width\" content=\"560\" \/>\n\t<meta property=\"og:image:height\" content=\"570\" \/>\n\t<meta property=\"og:image:type\" content=\"image\/webp\" \/>\n<meta name=\"twitter:card\" content=\"summary_large_image\" \/>\n<script type=\"application\/ld+json\" class=\"yoast-schema-graph\">{\"@context\":\"https:\/\/schema.org\",\"@graph\":[{\"@type\":\"WebPage\",\"@id\":\"https:\/\/www.vera-nature.com\/product\/beurre-de-karite-a-la-bave-descargot\/\",\"url\":\"https:\/\/www.vera-nature.com\/product\/beurre-de-karite-a-la-bave-descargot\/\",\"name\":\"Beurre de Karit\u00e9 \u00e0 la Bave D'escargot - Vera nature\",\"isPartOf\":{\"@id\":\"https:\/\/www.vera-nature.com\/#website\"},\"primaryImageOfPage\":{\"@id\":\"https:\/\/www.vera-nature.com\/product\/beurre-de-karite-a-la-bave-descargot\/#primaryimage\"},\"image\":{\"@id\":\"https:\/\/www.vera-nature.com\/product\/beurre-de-karite-a-la-bave-descargot\/#primaryimage\"},\"thumbnailUrl\":\"https:\/\/www.vera-nature.com\/wp-content\/uploads\/2026\/02\/beurre-de-karite-a-la-bave-descargot-copie.webp\",\"datePublished\":\"2026-02-14T12:01:25+00:00\",\"dateModified\":\"2026-02-20T12:38:57+00:00\",\"breadcrumb\":{\"@id\":\"https:\/\/www.vera-nature.com\/product\/beurre-de-karite-a-la-bave-descargot\/#breadcrumb\"},\"inLanguage\":\"en-GB\",\"potentialAction\":[{\"@type\":\"ReadAction\",\"target\":[\"https:\/\/www.vera-nature.com\/product\/beurre-de-karite-a-la-bave-descargot\/\"]}]},{\"@type\":\"ImageObject\",\"inLanguage\":\"en-GB\",\"@id\":\"https:\/\/www.vera-nature.com\/product\/beurre-de-karite-a-la-bave-descargot\/#primaryimage\",\"url\":\"https:\/\/www.vera-nature.com\/wp-content\/uploads\/2026\/02\/beurre-de-karite-a-la-bave-descargot-copie.webp\",\"contentUrl\":\"https:\/\/www.vera-nature.com\/wp-content\/uploads\/2026\/02\/beurre-de-karite-a-la-bave-descargot-copie.webp\",\"width\":560,\"height\":570},{\"@type\":\"BreadcrumbList\",\"@id\":\"https:\/\/www.vera-nature.com\/product\/beurre-de-karite-a-la-bave-descargot\/#breadcrumb\",\"itemListElement\":[{\"@type\":\"ListItem\",\"position\":1,\"name\":\"Accueil\",\"item\":\"https:\/\/www.vera-nature.com\/\"},{\"@type\":\"ListItem\",\"position\":2,\"name\":\"Nos produits\",\"item\":\"https:\/\/www.vera-nature.com\/nos-produits\/\"},{\"@type\":\"ListItem\",\"position\":3,\"name\":\"Beurre de Karit\u00e9 \u00e0 la Bave D&rsquo;escargot\"}]},{\"@type\":\"WebSite\",\"@id\":\"https:\/\/www.vera-nature.com\/#website\",\"url\":\"https:\/\/www.vera-nature.com\/\",\"name\":\"Vera nature\",\"description\":\"\",\"publisher\":{\"@id\":\"https:\/\/www.vera-nature.com\/#organization\"},\"potentialAction\":[{\"@type\":\"SearchAction\",\"target\":{\"@type\":\"EntryPoint\",\"urlTemplate\":\"https:\/\/www.vera-nature.com\/?s={search_term_string}\"},\"query-input\":{\"@type\":\"PropertyValueSpecification\",\"valueRequired\":true,\"valueName\":\"search_term_string\"}}],\"inLanguage\":\"en-GB\"},{\"@type\":\"Organization\",\"@id\":\"https:\/\/www.vera-nature.com\/#organization\",\"name\":\"Vera nature\",\"url\":\"https:\/\/www.vera-nature.com\/\",\"logo\":{\"@type\":\"ImageObject\",\"inLanguage\":\"en-GB\",\"@id\":\"https:\/\/www.vera-nature.com\/#\/schema\/logo\/image\/\",\"url\":\"https:\/\/www.vera-nature.com\/wp-content\/uploads\/2023\/02\/logo_vernature.png\",\"contentUrl\":\"https:\/\/www.vera-nature.com\/wp-content\/uploads\/2023\/02\/logo_vernature.png\",\"width\":235,\"height\":88,\"caption\":\"Vera nature\"},\"image\":{\"@id\":\"https:\/\/www.vera-nature.com\/#\/schema\/logo\/image\/\"}}]}<\/script>\n<!-- \/ Yoast SEO plugin. -->","yoast_head_json":{"title":"Beurre de Karit\u00e9 \u00e0 la Bave D'escargot - Vera nature","robots":{"index":"index","follow":"follow","max-snippet":"max-snippet:-1","max-image-preview":"max-image-preview:large","max-video-preview":"max-video-preview:-1"},"canonical":"https:\/\/www.vera-nature.com\/en\/product\/beurre-de-karite-a-la-bave-descargot\/","og_locale":"en_GB","og_type":"article","og_title":"Beurre de Karit\u00e9 \u00e0 la Bave D'escargot - Vera nature","og_description":"Beurre de karit\u00e9 \u00e0 la bave d\u2019escargot, id\u00e9al pour lutter contre les signes de l\u2019\u00e2ge. 100 % naturel et sans parab\u00e8ne, il hydrate, r\u00e9g\u00e9n\u00e8re et aide \u00e0 raffermir la peau pour un effet anti-\u00e2ge visible.","og_url":"https:\/\/www.vera-nature.com\/en\/product\/beurre-de-karite-a-la-bave-descargot\/","og_site_name":"Vera nature","article_modified_time":"2026-02-20T12:38:57+00:00","og_image":[{"width":560,"height":570,"url":"https:\/\/www.vera-nature.com\/wp-content\/uploads\/2026\/02\/beurre-de-karite-a-la-bave-descargot-copie.webp","type":"image\/webp"}],"twitter_card":"summary_large_image","schema":{"@context":"https:\/\/schema.org","@graph":[{"@type":"WebPage","@id":"https:\/\/www.vera-nature.com\/product\/beurre-de-karite-a-la-bave-descargot\/","url":"https:\/\/www.vera-nature.com\/product\/beurre-de-karite-a-la-bave-descargot\/","name":"Beurre de Karit\u00e9 \u00e0 la Bave D'escargot - Vera nature","isPartOf":{"@id":"https:\/\/www.vera-nature.com\/#website"},"primaryImageOfPage":{"@id":"https:\/\/www.vera-nature.com\/product\/beurre-de-karite-a-la-bave-descargot\/#primaryimage"},"image":{"@id":"https:\/\/www.vera-nature.com\/product\/beurre-de-karite-a-la-bave-descargot\/#primaryimage"},"thumbnailUrl":"https:\/\/www.vera-nature.com\/wp-content\/uploads\/2026\/02\/beurre-de-karite-a-la-bave-descargot-copie.webp","datePublished":"2026-02-14T12:01:25+00:00","dateModified":"2026-02-20T12:38:57+00:00","breadcrumb":{"@id":"https:\/\/www.vera-nature.com\/product\/beurre-de-karite-a-la-bave-descargot\/#breadcrumb"},"inLanguage":"en-GB","potentialAction":[{"@type":"ReadAction","target":["https:\/\/www.vera-nature.com\/product\/beurre-de-karite-a-la-bave-descargot\/"]}]},{"@type":"ImageObject","inLanguage":"en-GB","@id":"https:\/\/www.vera-nature.com\/product\/beurre-de-karite-a-la-bave-descargot\/#primaryimage","url":"https:\/\/www.vera-nature.com\/wp-content\/uploads\/2026\/02\/beurre-de-karite-a-la-bave-descargot-copie.webp","contentUrl":"https:\/\/www.vera-nature.com\/wp-content\/uploads\/2026\/02\/beurre-de-karite-a-la-bave-descargot-copie.webp","width":560,"height":570},{"@type":"BreadcrumbList","@id":"https:\/\/www.vera-nature.com\/product\/beurre-de-karite-a-la-bave-descargot\/#breadcrumb","itemListElement":[{"@type":"ListItem","position":1,"name":"Accueil","item":"https:\/\/www.vera-nature.com\/"},{"@type":"ListItem","position":2,"name":"Nos produits","item":"https:\/\/www.vera-nature.com\/nos-produits\/"},{"@type":"ListItem","position":3,"name":"Beurre de Karit\u00e9 \u00e0 la Bave D&rsquo;escargot"}]},{"@type":"WebSite","@id":"https:\/\/www.vera-nature.com\/#website","url":"https:\/\/www.vera-nature.com\/","name":"Vera nature","description":"","publisher":{"@id":"https:\/\/www.vera-nature.com\/#organization"},"potentialAction":[{"@type":"SearchAction","target":{"@type":"EntryPoint","urlTemplate":"https:\/\/www.vera-nature.com\/?s={search_term_string}"},"query-input":{"@type":"PropertyValueSpecification","valueRequired":true,"valueName":"search_term_string"}}],"inLanguage":"en-GB"},{"@type":"Organization","@id":"https:\/\/www.vera-nature.com\/#organization","name":"Vera nature","url":"https:\/\/www.vera-nature.com\/","logo":{"@type":"ImageObject","inLanguage":"en-GB","@id":"https:\/\/www.vera-nature.com\/#\/schema\/logo\/image\/","url":"https:\/\/www.vera-nature.com\/wp-content\/uploads\/2023\/02\/logo_vernature.png","contentUrl":"https:\/\/www.vera-nature.com\/wp-content\/uploads\/2023\/02\/logo_vernature.png","width":235,"height":88,"caption":"Vera nature"},"image":{"@id":"https:\/\/www.vera-nature.com\/#\/schema\/logo\/image\/"}}]}},"_links":{"self":[{"href":"https:\/\/www.vera-nature.com\/en\/wp-json\/wp\/v2\/product\/3814","targetHints":{"allow":["GET"]}}],"collection":[{"href":"https:\/\/www.vera-nature.com\/en\/wp-json\/wp\/v2\/product"}],"about":[{"href":"https:\/\/www.vera-nature.com\/en\/wp-json\/wp\/v2\/types\/product"}],"wp:featuredmedia":[{"embeddable":true,"href":"https:\/\/www.vera-nature.com\/en\/wp-json\/wp\/v2\/media\/3896"}],"wp:attachment":[{"href":"https:\/\/www.vera-nature.com\/en\/wp-json\/wp\/v2\/media?parent=3814"}],"wp:term":[{"taxonomy":"product_brand","embeddable":true,"href":"https:\/\/www.vera-nature.com\/en\/wp-json\/wp\/v2\/product_brand?post=3814"},{"taxonomy":"product_cat","embeddable":true,"href":"https:\/\/www.vera-nature.com\/en\/wp-json\/wp\/v2\/product_cat?post=3814"},{"taxonomy":"product_tag","embeddable":true,"href":"https:\/\/www.vera-nature.com\/en\/wp-json\/wp\/v2\/product_tag?post=3814"}],"curies":[{"name":"wp","href":"https:\/\/api.w.org\/{rel}","templated":true}]}}