{"id":3816,"date":"2026-02-14T11:50:11","date_gmt":"2026-02-14T10:50:11","guid":{"rendered":"https:\/\/vera-nature.hypergroup.tn\/?post_type=product&#038;p=3816"},"modified":"2026-02-21T11:02:48","modified_gmt":"2026-02-21T10:02:48","slug":"savon-artisanal-a-froid-nigelle","status":"publish","type":"product","link":"https:\/\/www.vera-nature.com\/en\/product\/savon-artisanal-a-froid-nigelle\/","title":{"rendered":"Savon Artisanal \u00e0 froid NIGELLE"},"content":{"rendered":"<p>Savon artisanal fabriqu\u00e9 \u00e0 froid \u00e0 base de nigelle, reconnu pour ses propri\u00e9t\u00e9s purifiantes et \u00e9quilibrantes. Sa formule 100 % naturelle et sans parab\u00e8ne nettoie la peau en profondeur sans l\u2019ass\u00e9cher. Il aide \u00e0 r\u00e9guler l\u2019exc\u00e8s de s\u00e9bum, \u00e0 apaiser les inflammations et \u00e0 r\u00e9duire l\u2019apparence de l\u2019acn\u00e9. Utilis\u00e9 r\u00e9guli\u00e8rement, il laisse la peau plus nette, plus saine et visiblement clarifi\u00e9e.<\/p>","protected":false},"excerpt":{"rendered":"<p>Savon artisanal \u00e0 froid \u00e0 la nigelle, id\u00e9al pour les peaux sujettes \u00e0 l\u2019acn\u00e9. 100 % naturel et sans parab\u00e8ne, il purifie la peau en douceur tout en aidant \u00e0 r\u00e9duire les imperfections.<\/p>","protected":false},"featured_media":3817,"template":"","meta":[],"product_brand":[],"product_cat":[72],"product_tag":[],"class_list":{"0":"post-3816","1":"product","2":"type-product","3":"status-publish","4":"has-post-thumbnail","6":"product_cat-savons-naturels","8":"first","9":"instock","10":"shipping-taxable","11":"purchasable","12":"product-type-simple"},"yoast_head":"<!-- This site is optimized with the Yoast SEO plugin v27.0 - https:\/\/yoast.com\/product\/yoast-seo-wordpress\/ -->\n<title>Savon Artisanal \u00e0 froid NIGELLE - Vera nature<\/title>\n<meta name=\"robots\" content=\"index, follow, max-snippet:-1, max-image-preview:large, max-video-preview:-1\" \/>\n<link rel=\"canonical\" href=\"https:\/\/www.vera-nature.com\/en\/product\/savon-artisanal-a-froid-nigelle\/\" \/>\n<meta property=\"og:locale\" content=\"en_GB\" \/>\n<meta property=\"og:type\" content=\"article\" \/>\n<meta property=\"og:title\" content=\"Savon Artisanal \u00e0 froid NIGELLE - Vera nature\" \/>\n<meta property=\"og:description\" content=\"Savon artisanal \u00e0 froid \u00e0 la nigelle, id\u00e9al pour les peaux sujettes \u00e0 l\u2019acn\u00e9. 100 % naturel et sans parab\u00e8ne, il purifie la peau en douceur tout en aidant \u00e0 r\u00e9duire les imperfections.\" \/>\n<meta property=\"og:url\" content=\"https:\/\/www.vera-nature.com\/en\/product\/savon-artisanal-a-froid-nigelle\/\" \/>\n<meta property=\"og:site_name\" content=\"Vera nature\" \/>\n<meta property=\"article:modified_time\" content=\"2026-02-21T10:02:48+00:00\" \/>\n<meta property=\"og:image\" content=\"https:\/\/www.vera-nature.com\/wp-content\/uploads\/2026\/02\/savon-artisanal-Nigelle-copie.webp\" \/>\n\t<meta property=\"og:image:width\" content=\"560\" \/>\n\t<meta property=\"og:image:height\" content=\"570\" \/>\n\t<meta property=\"og:image:type\" content=\"image\/webp\" \/>\n<meta name=\"twitter:card\" content=\"summary_large_image\" \/>\n<script type=\"application\/ld+json\" class=\"yoast-schema-graph\">{\"@context\":\"https:\/\/schema.org\",\"@graph\":[{\"@type\":\"WebPage\",\"@id\":\"https:\/\/www.vera-nature.com\/product\/savon-artisanal-a-froid-nigelle\/\",\"url\":\"https:\/\/www.vera-nature.com\/product\/savon-artisanal-a-froid-nigelle\/\",\"name\":\"Savon Artisanal \u00e0 froid NIGELLE - Vera nature\",\"isPartOf\":{\"@id\":\"https:\/\/www.vera-nature.com\/#website\"},\"primaryImageOfPage\":{\"@id\":\"https:\/\/www.vera-nature.com\/product\/savon-artisanal-a-froid-nigelle\/#primaryimage\"},\"image\":{\"@id\":\"https:\/\/www.vera-nature.com\/product\/savon-artisanal-a-froid-nigelle\/#primaryimage\"},\"thumbnailUrl\":\"https:\/\/www.vera-nature.com\/wp-content\/uploads\/2026\/02\/savon-artisanal-Nigelle-copie.webp\",\"datePublished\":\"2026-02-14T10:50:11+00:00\",\"dateModified\":\"2026-02-21T10:02:48+00:00\",\"breadcrumb\":{\"@id\":\"https:\/\/www.vera-nature.com\/product\/savon-artisanal-a-froid-nigelle\/#breadcrumb\"},\"inLanguage\":\"en-GB\",\"potentialAction\":[{\"@type\":\"ReadAction\",\"target\":[\"https:\/\/www.vera-nature.com\/product\/savon-artisanal-a-froid-nigelle\/\"]}]},{\"@type\":\"ImageObject\",\"inLanguage\":\"en-GB\",\"@id\":\"https:\/\/www.vera-nature.com\/product\/savon-artisanal-a-froid-nigelle\/#primaryimage\",\"url\":\"https:\/\/www.vera-nature.com\/wp-content\/uploads\/2026\/02\/savon-artisanal-Nigelle-copie.webp\",\"contentUrl\":\"https:\/\/www.vera-nature.com\/wp-content\/uploads\/2026\/02\/savon-artisanal-Nigelle-copie.webp\",\"width\":560,\"height\":570},{\"@type\":\"BreadcrumbList\",\"@id\":\"https:\/\/www.vera-nature.com\/product\/savon-artisanal-a-froid-nigelle\/#breadcrumb\",\"itemListElement\":[{\"@type\":\"ListItem\",\"position\":1,\"name\":\"Accueil\",\"item\":\"https:\/\/www.vera-nature.com\/\"},{\"@type\":\"ListItem\",\"position\":2,\"name\":\"Nos produits\",\"item\":\"https:\/\/www.vera-nature.com\/nos-produits\/\"},{\"@type\":\"ListItem\",\"position\":3,\"name\":\"Savon Artisanal \u00e0 froid NIGELLE\"}]},{\"@type\":\"WebSite\",\"@id\":\"https:\/\/www.vera-nature.com\/#website\",\"url\":\"https:\/\/www.vera-nature.com\/\",\"name\":\"Vera nature\",\"description\":\"\",\"publisher\":{\"@id\":\"https:\/\/www.vera-nature.com\/#organization\"},\"potentialAction\":[{\"@type\":\"SearchAction\",\"target\":{\"@type\":\"EntryPoint\",\"urlTemplate\":\"https:\/\/www.vera-nature.com\/?s={search_term_string}\"},\"query-input\":{\"@type\":\"PropertyValueSpecification\",\"valueRequired\":true,\"valueName\":\"search_term_string\"}}],\"inLanguage\":\"en-GB\"},{\"@type\":\"Organization\",\"@id\":\"https:\/\/www.vera-nature.com\/#organization\",\"name\":\"Vera nature\",\"url\":\"https:\/\/www.vera-nature.com\/\",\"logo\":{\"@type\":\"ImageObject\",\"inLanguage\":\"en-GB\",\"@id\":\"https:\/\/www.vera-nature.com\/#\/schema\/logo\/image\/\",\"url\":\"https:\/\/www.vera-nature.com\/wp-content\/uploads\/2023\/02\/logo_vernature.png\",\"contentUrl\":\"https:\/\/www.vera-nature.com\/wp-content\/uploads\/2023\/02\/logo_vernature.png\",\"width\":235,\"height\":88,\"caption\":\"Vera nature\"},\"image\":{\"@id\":\"https:\/\/www.vera-nature.com\/#\/schema\/logo\/image\/\"}}]}<\/script>\n<!-- \/ Yoast SEO plugin. -->","yoast_head_json":{"title":"Savon Artisanal \u00e0 froid NIGELLE - Vera nature","robots":{"index":"index","follow":"follow","max-snippet":"max-snippet:-1","max-image-preview":"max-image-preview:large","max-video-preview":"max-video-preview:-1"},"canonical":"https:\/\/www.vera-nature.com\/en\/product\/savon-artisanal-a-froid-nigelle\/","og_locale":"en_GB","og_type":"article","og_title":"Savon Artisanal \u00e0 froid NIGELLE - Vera nature","og_description":"Savon artisanal \u00e0 froid \u00e0 la nigelle, id\u00e9al pour les peaux sujettes \u00e0 l\u2019acn\u00e9. 100 % naturel et sans parab\u00e8ne, il purifie la peau en douceur tout en aidant \u00e0 r\u00e9duire les imperfections.","og_url":"https:\/\/www.vera-nature.com\/en\/product\/savon-artisanal-a-froid-nigelle\/","og_site_name":"Vera nature","article_modified_time":"2026-02-21T10:02:48+00:00","og_image":[{"width":560,"height":570,"url":"https:\/\/www.vera-nature.com\/wp-content\/uploads\/2026\/02\/savon-artisanal-Nigelle-copie.webp","type":"image\/webp"}],"twitter_card":"summary_large_image","schema":{"@context":"https:\/\/schema.org","@graph":[{"@type":"WebPage","@id":"https:\/\/www.vera-nature.com\/product\/savon-artisanal-a-froid-nigelle\/","url":"https:\/\/www.vera-nature.com\/product\/savon-artisanal-a-froid-nigelle\/","name":"Savon Artisanal \u00e0 froid NIGELLE - Vera nature","isPartOf":{"@id":"https:\/\/www.vera-nature.com\/#website"},"primaryImageOfPage":{"@id":"https:\/\/www.vera-nature.com\/product\/savon-artisanal-a-froid-nigelle\/#primaryimage"},"image":{"@id":"https:\/\/www.vera-nature.com\/product\/savon-artisanal-a-froid-nigelle\/#primaryimage"},"thumbnailUrl":"https:\/\/www.vera-nature.com\/wp-content\/uploads\/2026\/02\/savon-artisanal-Nigelle-copie.webp","datePublished":"2026-02-14T10:50:11+00:00","dateModified":"2026-02-21T10:02:48+00:00","breadcrumb":{"@id":"https:\/\/www.vera-nature.com\/product\/savon-artisanal-a-froid-nigelle\/#breadcrumb"},"inLanguage":"en-GB","potentialAction":[{"@type":"ReadAction","target":["https:\/\/www.vera-nature.com\/product\/savon-artisanal-a-froid-nigelle\/"]}]},{"@type":"ImageObject","inLanguage":"en-GB","@id":"https:\/\/www.vera-nature.com\/product\/savon-artisanal-a-froid-nigelle\/#primaryimage","url":"https:\/\/www.vera-nature.com\/wp-content\/uploads\/2026\/02\/savon-artisanal-Nigelle-copie.webp","contentUrl":"https:\/\/www.vera-nature.com\/wp-content\/uploads\/2026\/02\/savon-artisanal-Nigelle-copie.webp","width":560,"height":570},{"@type":"BreadcrumbList","@id":"https:\/\/www.vera-nature.com\/product\/savon-artisanal-a-froid-nigelle\/#breadcrumb","itemListElement":[{"@type":"ListItem","position":1,"name":"Accueil","item":"https:\/\/www.vera-nature.com\/"},{"@type":"ListItem","position":2,"name":"Nos produits","item":"https:\/\/www.vera-nature.com\/nos-produits\/"},{"@type":"ListItem","position":3,"name":"Savon Artisanal \u00e0 froid NIGELLE"}]},{"@type":"WebSite","@id":"https:\/\/www.vera-nature.com\/#website","url":"https:\/\/www.vera-nature.com\/","name":"Vera nature","description":"","publisher":{"@id":"https:\/\/www.vera-nature.com\/#organization"},"potentialAction":[{"@type":"SearchAction","target":{"@type":"EntryPoint","urlTemplate":"https:\/\/www.vera-nature.com\/?s={search_term_string}"},"query-input":{"@type":"PropertyValueSpecification","valueRequired":true,"valueName":"search_term_string"}}],"inLanguage":"en-GB"},{"@type":"Organization","@id":"https:\/\/www.vera-nature.com\/#organization","name":"Vera nature","url":"https:\/\/www.vera-nature.com\/","logo":{"@type":"ImageObject","inLanguage":"en-GB","@id":"https:\/\/www.vera-nature.com\/#\/schema\/logo\/image\/","url":"https:\/\/www.vera-nature.com\/wp-content\/uploads\/2023\/02\/logo_vernature.png","contentUrl":"https:\/\/www.vera-nature.com\/wp-content\/uploads\/2023\/02\/logo_vernature.png","width":235,"height":88,"caption":"Vera nature"},"image":{"@id":"https:\/\/www.vera-nature.com\/#\/schema\/logo\/image\/"}}]}},"_links":{"self":[{"href":"https:\/\/www.vera-nature.com\/en\/wp-json\/wp\/v2\/product\/3816","targetHints":{"allow":["GET"]}}],"collection":[{"href":"https:\/\/www.vera-nature.com\/en\/wp-json\/wp\/v2\/product"}],"about":[{"href":"https:\/\/www.vera-nature.com\/en\/wp-json\/wp\/v2\/types\/product"}],"wp:featuredmedia":[{"embeddable":true,"href":"https:\/\/www.vera-nature.com\/en\/wp-json\/wp\/v2\/media\/3817"}],"wp:attachment":[{"href":"https:\/\/www.vera-nature.com\/en\/wp-json\/wp\/v2\/media?parent=3816"}],"wp:term":[{"taxonomy":"product_brand","embeddable":true,"href":"https:\/\/www.vera-nature.com\/en\/wp-json\/wp\/v2\/product_brand?post=3816"},{"taxonomy":"product_cat","embeddable":true,"href":"https:\/\/www.vera-nature.com\/en\/wp-json\/wp\/v2\/product_cat?post=3816"},{"taxonomy":"product_tag","embeddable":true,"href":"https:\/\/www.vera-nature.com\/en\/wp-json\/wp\/v2\/product_tag?post=3816"}],"curies":[{"name":"wp","href":"https:\/\/api.w.org\/{rel}","templated":true}]}}