{"id":3824,"date":"2026-02-14T12:22:31","date_gmt":"2026-02-14T11:22:31","guid":{"rendered":"https:\/\/vera-nature.hypergroup.tn\/?post_type=product&#038;p=3824"},"modified":"2026-02-21T11:02:10","modified_gmt":"2026-02-21T10:02:10","slug":"3824","status":"publish","type":"product","link":"https:\/\/www.vera-nature.com\/en\/product\/3824\/","title":{"rendered":"Savon Artisanal Figue de Barbarie"},"content":{"rendered":"<p>Savon artisanal \u00e0 froid \u00e0 la figue de barbarie, reconnu pour ses propri\u00e9t\u00e9s anti-\u00e2ge et r\u00e9g\u00e9n\u00e9rantes. La saponification \u00e0 froid pr\u00e9serve les nutriments et antioxydants naturels de la figue de barbarie pour une action douce et efficace. Sa formule 100 % naturelle et sans parab\u00e8ne nettoie la peau en profondeur tout en la nourrissant et en l\u2019hydratant. Utilis\u00e9 r\u00e9guli\u00e8rement, il aide \u00e0 r\u00e9duire l\u2019apparence des rides, \u00e0 raffermir la peau et \u00e0 lui redonner \u00e9clat et vitalit\u00e9.<\/p>","protected":false},"excerpt":{"rendered":"<p>Savon artisanal \u00e0 froid \u00e0 la figue de barbarie, id\u00e9al pour lutter contre les rides et le vieillissement cutan\u00e9. 100 % naturel et sans parab\u00e8ne, il nourrit, r\u00e9g\u00e9n\u00e8re et redonne \u00e9clat \u00e0 la peau.<\/p>","protected":false},"featured_media":3825,"template":"","meta":[],"product_brand":[],"product_cat":[15,72],"product_tag":[],"class_list":{"0":"post-3824","1":"product","2":"type-product","3":"status-publish","4":"has-post-thumbnail","6":"product_cat-uncategorized","7":"product_cat-savons-naturels","9":"first","10":"instock","11":"shipping-taxable","12":"purchasable","13":"product-type-simple"},"yoast_head":"<!-- This site is optimized with the Yoast SEO plugin v27.0 - https:\/\/yoast.com\/product\/yoast-seo-wordpress\/ -->\n<title>Savon Artisanal Figue de Barbarie - Vera nature<\/title>\n<meta name=\"robots\" content=\"index, follow, max-snippet:-1, max-image-preview:large, max-video-preview:-1\" \/>\n<link rel=\"canonical\" href=\"https:\/\/www.vera-nature.com\/en\/product\/3824\/\" \/>\n<meta property=\"og:locale\" content=\"en_GB\" \/>\n<meta property=\"og:type\" content=\"article\" \/>\n<meta property=\"og:title\" content=\"Savon Artisanal Figue de Barbarie - Vera nature\" \/>\n<meta property=\"og:description\" content=\"Savon artisanal \u00e0 froid \u00e0 la figue de barbarie, id\u00e9al pour lutter contre les rides et le vieillissement cutan\u00e9. 100 % naturel et sans parab\u00e8ne, il nourrit, r\u00e9g\u00e9n\u00e8re et redonne \u00e9clat \u00e0 la peau.\" \/>\n<meta property=\"og:url\" content=\"https:\/\/www.vera-nature.com\/en\/product\/3824\/\" \/>\n<meta property=\"og:site_name\" content=\"Vera nature\" \/>\n<meta property=\"article:modified_time\" content=\"2026-02-21T10:02:10+00:00\" \/>\n<meta property=\"og:image\" content=\"https:\/\/www.vera-nature.com\/wp-content\/uploads\/2026\/02\/savon-figue-de-barbarie-copie.webp\" \/>\n\t<meta property=\"og:image:width\" content=\"560\" \/>\n\t<meta property=\"og:image:height\" content=\"570\" \/>\n\t<meta property=\"og:image:type\" content=\"image\/webp\" \/>\n<meta name=\"twitter:card\" content=\"summary_large_image\" \/>\n<script type=\"application\/ld+json\" class=\"yoast-schema-graph\">{\"@context\":\"https:\/\/schema.org\",\"@graph\":[{\"@type\":\"WebPage\",\"@id\":\"https:\/\/www.vera-nature.com\/product\/3824\/\",\"url\":\"https:\/\/www.vera-nature.com\/product\/3824\/\",\"name\":\"Savon Artisanal Figue de Barbarie - Vera nature\",\"isPartOf\":{\"@id\":\"https:\/\/www.vera-nature.com\/#website\"},\"primaryImageOfPage\":{\"@id\":\"https:\/\/www.vera-nature.com\/product\/3824\/#primaryimage\"},\"image\":{\"@id\":\"https:\/\/www.vera-nature.com\/product\/3824\/#primaryimage\"},\"thumbnailUrl\":\"https:\/\/www.vera-nature.com\/wp-content\/uploads\/2026\/02\/savon-figue-de-barbarie-copie.webp\",\"datePublished\":\"2026-02-14T11:22:31+00:00\",\"dateModified\":\"2026-02-21T10:02:10+00:00\",\"breadcrumb\":{\"@id\":\"https:\/\/www.vera-nature.com\/product\/3824\/#breadcrumb\"},\"inLanguage\":\"en-GB\",\"potentialAction\":[{\"@type\":\"ReadAction\",\"target\":[\"https:\/\/www.vera-nature.com\/product\/3824\/\"]}]},{\"@type\":\"ImageObject\",\"inLanguage\":\"en-GB\",\"@id\":\"https:\/\/www.vera-nature.com\/product\/3824\/#primaryimage\",\"url\":\"https:\/\/www.vera-nature.com\/wp-content\/uploads\/2026\/02\/savon-figue-de-barbarie-copie.webp\",\"contentUrl\":\"https:\/\/www.vera-nature.com\/wp-content\/uploads\/2026\/02\/savon-figue-de-barbarie-copie.webp\",\"width\":560,\"height\":570},{\"@type\":\"BreadcrumbList\",\"@id\":\"https:\/\/www.vera-nature.com\/product\/3824\/#breadcrumb\",\"itemListElement\":[{\"@type\":\"ListItem\",\"position\":1,\"name\":\"Accueil\",\"item\":\"https:\/\/www.vera-nature.com\/\"},{\"@type\":\"ListItem\",\"position\":2,\"name\":\"Nos produits\",\"item\":\"https:\/\/www.vera-nature.com\/nos-produits\/\"},{\"@type\":\"ListItem\",\"position\":3,\"name\":\"Savon Artisanal Figue de Barbarie\"}]},{\"@type\":\"WebSite\",\"@id\":\"https:\/\/www.vera-nature.com\/#website\",\"url\":\"https:\/\/www.vera-nature.com\/\",\"name\":\"Vera nature\",\"description\":\"\",\"publisher\":{\"@id\":\"https:\/\/www.vera-nature.com\/#organization\"},\"potentialAction\":[{\"@type\":\"SearchAction\",\"target\":{\"@type\":\"EntryPoint\",\"urlTemplate\":\"https:\/\/www.vera-nature.com\/?s={search_term_string}\"},\"query-input\":{\"@type\":\"PropertyValueSpecification\",\"valueRequired\":true,\"valueName\":\"search_term_string\"}}],\"inLanguage\":\"en-GB\"},{\"@type\":\"Organization\",\"@id\":\"https:\/\/www.vera-nature.com\/#organization\",\"name\":\"Vera nature\",\"url\":\"https:\/\/www.vera-nature.com\/\",\"logo\":{\"@type\":\"ImageObject\",\"inLanguage\":\"en-GB\",\"@id\":\"https:\/\/www.vera-nature.com\/#\/schema\/logo\/image\/\",\"url\":\"https:\/\/www.vera-nature.com\/wp-content\/uploads\/2023\/02\/logo_vernature.png\",\"contentUrl\":\"https:\/\/www.vera-nature.com\/wp-content\/uploads\/2023\/02\/logo_vernature.png\",\"width\":235,\"height\":88,\"caption\":\"Vera nature\"},\"image\":{\"@id\":\"https:\/\/www.vera-nature.com\/#\/schema\/logo\/image\/\"}}]}<\/script>\n<!-- \/ Yoast SEO plugin. -->","yoast_head_json":{"title":"Savon Artisanal Figue de Barbarie - Vera nature","robots":{"index":"index","follow":"follow","max-snippet":"max-snippet:-1","max-image-preview":"max-image-preview:large","max-video-preview":"max-video-preview:-1"},"canonical":"https:\/\/www.vera-nature.com\/en\/product\/3824\/","og_locale":"en_GB","og_type":"article","og_title":"Savon Artisanal Figue de Barbarie - Vera nature","og_description":"Savon artisanal \u00e0 froid \u00e0 la figue de barbarie, id\u00e9al pour lutter contre les rides et le vieillissement cutan\u00e9. 100 % naturel et sans parab\u00e8ne, il nourrit, r\u00e9g\u00e9n\u00e8re et redonne \u00e9clat \u00e0 la peau.","og_url":"https:\/\/www.vera-nature.com\/en\/product\/3824\/","og_site_name":"Vera nature","article_modified_time":"2026-02-21T10:02:10+00:00","og_image":[{"width":560,"height":570,"url":"https:\/\/www.vera-nature.com\/wp-content\/uploads\/2026\/02\/savon-figue-de-barbarie-copie.webp","type":"image\/webp"}],"twitter_card":"summary_large_image","schema":{"@context":"https:\/\/schema.org","@graph":[{"@type":"WebPage","@id":"https:\/\/www.vera-nature.com\/product\/3824\/","url":"https:\/\/www.vera-nature.com\/product\/3824\/","name":"Savon Artisanal Figue de Barbarie - Vera nature","isPartOf":{"@id":"https:\/\/www.vera-nature.com\/#website"},"primaryImageOfPage":{"@id":"https:\/\/www.vera-nature.com\/product\/3824\/#primaryimage"},"image":{"@id":"https:\/\/www.vera-nature.com\/product\/3824\/#primaryimage"},"thumbnailUrl":"https:\/\/www.vera-nature.com\/wp-content\/uploads\/2026\/02\/savon-figue-de-barbarie-copie.webp","datePublished":"2026-02-14T11:22:31+00:00","dateModified":"2026-02-21T10:02:10+00:00","breadcrumb":{"@id":"https:\/\/www.vera-nature.com\/product\/3824\/#breadcrumb"},"inLanguage":"en-GB","potentialAction":[{"@type":"ReadAction","target":["https:\/\/www.vera-nature.com\/product\/3824\/"]}]},{"@type":"ImageObject","inLanguage":"en-GB","@id":"https:\/\/www.vera-nature.com\/product\/3824\/#primaryimage","url":"https:\/\/www.vera-nature.com\/wp-content\/uploads\/2026\/02\/savon-figue-de-barbarie-copie.webp","contentUrl":"https:\/\/www.vera-nature.com\/wp-content\/uploads\/2026\/02\/savon-figue-de-barbarie-copie.webp","width":560,"height":570},{"@type":"BreadcrumbList","@id":"https:\/\/www.vera-nature.com\/product\/3824\/#breadcrumb","itemListElement":[{"@type":"ListItem","position":1,"name":"Accueil","item":"https:\/\/www.vera-nature.com\/"},{"@type":"ListItem","position":2,"name":"Nos produits","item":"https:\/\/www.vera-nature.com\/nos-produits\/"},{"@type":"ListItem","position":3,"name":"Savon Artisanal Figue de Barbarie"}]},{"@type":"WebSite","@id":"https:\/\/www.vera-nature.com\/#website","url":"https:\/\/www.vera-nature.com\/","name":"Vera nature","description":"","publisher":{"@id":"https:\/\/www.vera-nature.com\/#organization"},"potentialAction":[{"@type":"SearchAction","target":{"@type":"EntryPoint","urlTemplate":"https:\/\/www.vera-nature.com\/?s={search_term_string}"},"query-input":{"@type":"PropertyValueSpecification","valueRequired":true,"valueName":"search_term_string"}}],"inLanguage":"en-GB"},{"@type":"Organization","@id":"https:\/\/www.vera-nature.com\/#organization","name":"Vera nature","url":"https:\/\/www.vera-nature.com\/","logo":{"@type":"ImageObject","inLanguage":"en-GB","@id":"https:\/\/www.vera-nature.com\/#\/schema\/logo\/image\/","url":"https:\/\/www.vera-nature.com\/wp-content\/uploads\/2023\/02\/logo_vernature.png","contentUrl":"https:\/\/www.vera-nature.com\/wp-content\/uploads\/2023\/02\/logo_vernature.png","width":235,"height":88,"caption":"Vera nature"},"image":{"@id":"https:\/\/www.vera-nature.com\/#\/schema\/logo\/image\/"}}]}},"_links":{"self":[{"href":"https:\/\/www.vera-nature.com\/en\/wp-json\/wp\/v2\/product\/3824","targetHints":{"allow":["GET"]}}],"collection":[{"href":"https:\/\/www.vera-nature.com\/en\/wp-json\/wp\/v2\/product"}],"about":[{"href":"https:\/\/www.vera-nature.com\/en\/wp-json\/wp\/v2\/types\/product"}],"wp:featuredmedia":[{"embeddable":true,"href":"https:\/\/www.vera-nature.com\/en\/wp-json\/wp\/v2\/media\/3825"}],"wp:attachment":[{"href":"https:\/\/www.vera-nature.com\/en\/wp-json\/wp\/v2\/media?parent=3824"}],"wp:term":[{"taxonomy":"product_brand","embeddable":true,"href":"https:\/\/www.vera-nature.com\/en\/wp-json\/wp\/v2\/product_brand?post=3824"},{"taxonomy":"product_cat","embeddable":true,"href":"https:\/\/www.vera-nature.com\/en\/wp-json\/wp\/v2\/product_cat?post=3824"},{"taxonomy":"product_tag","embeddable":true,"href":"https:\/\/www.vera-nature.com\/en\/wp-json\/wp\/v2\/product_tag?post=3824"}],"curies":[{"name":"wp","href":"https:\/\/api.w.org\/{rel}","templated":true}]}}