{"id":3868,"date":"2026-02-16T11:16:49","date_gmt":"2026-02-16T10:16:49","guid":{"rendered":"https:\/\/vera-nature.hypergroup.tn\/?post_type=product&#038;p=3868"},"modified":"2026-02-20T13:37:30","modified_gmt":"2026-02-20T12:37:30","slug":"baume-anti-rides","status":"publish","type":"product","link":"https:\/\/www.vera-nature.com\/en\/product\/baume-anti-rides\/","title":{"rendered":"Baume de Karit\u00e9 Figue de Barbarie"},"content":{"rendered":"<p>Notre baume soin anti-rides 100 % naturel est sp\u00e9cialement formul\u00e9 pour les peaux s\u00e8ches et matures. Enrichi en beurre de karit\u00e9, il nourrit profond\u00e9ment, apaise et prot\u00e8ge la peau contre le dess\u00e8chement. Les extraits de p\u00e9pins de figue de barbarie, reconnus pour leurs propri\u00e9t\u00e9s r\u00e9g\u00e9n\u00e9rantes et antioxydantes, contribuent \u00e0 lisser les rides et \u00e0 raffermir la peau. Jour apr\u00e8s jour, la peau retrouve souplesse, \u00e9clat et confort durable.<\/p>","protected":false},"excerpt":{"rendered":"<p>50 g<\/p>\n<p>Ce baume soin anti-rides 100 % naturel nourrit intens\u00e9ment les peaux s\u00e8ches gr\u00e2ce au beurre de karit\u00e9 et aux extraits de p\u00e9pins de figue de barbarie. Il aide \u00e0 lisser les rides, restaure l\u2019\u00e9lasticit\u00e9 et redonne \u00e9clat et confort \u00e0 la peau.<\/p>","protected":false},"featured_media":3910,"template":"","meta":[],"product_brand":[],"product_cat":[67],"product_tag":[],"class_list":{"0":"post-3868","1":"product","2":"type-product","3":"status-publish","4":"has-post-thumbnail","6":"product_cat-soins-visage-naturels","8":"first","9":"instock","10":"shipping-taxable","11":"purchasable","12":"product-type-simple"},"yoast_head":"<!-- This site is optimized with the Yoast SEO plugin v27.0 - https:\/\/yoast.com\/product\/yoast-seo-wordpress\/ -->\n<title>Baume de Karit\u00e9 Figue de Barbarie - Vera nature<\/title>\n<meta name=\"robots\" content=\"index, follow, max-snippet:-1, max-image-preview:large, max-video-preview:-1\" \/>\n<link rel=\"canonical\" href=\"https:\/\/www.vera-nature.com\/en\/product\/baume-anti-rides\/\" \/>\n<meta property=\"og:locale\" content=\"en_GB\" \/>\n<meta property=\"og:type\" content=\"article\" \/>\n<meta property=\"og:title\" content=\"Baume de Karit\u00e9 Figue de Barbarie - Vera nature\" \/>\n<meta property=\"og:description\" content=\"50 g  Ce baume soin anti-rides 100 % naturel nourrit intens\u00e9ment les peaux s\u00e8ches gr\u00e2ce au beurre de karit\u00e9 et aux extraits de p\u00e9pins de figue de barbarie. Il aide \u00e0 lisser les rides, restaure l\u2019\u00e9lasticit\u00e9 et redonne \u00e9clat et confort \u00e0 la peau.\" \/>\n<meta property=\"og:url\" content=\"https:\/\/www.vera-nature.com\/en\/product\/baume-anti-rides\/\" \/>\n<meta property=\"og:site_name\" content=\"Vera nature\" \/>\n<meta property=\"article:modified_time\" content=\"2026-02-20T12:37:30+00:00\" \/>\n<meta property=\"og:image\" content=\"https:\/\/www.vera-nature.com\/wp-content\/uploads\/2026\/02\/baume-figue-de-barabrie-Recupere.webp\" \/>\n\t<meta property=\"og:image:width\" content=\"560\" \/>\n\t<meta property=\"og:image:height\" content=\"570\" \/>\n\t<meta property=\"og:image:type\" content=\"image\/webp\" \/>\n<meta name=\"twitter:card\" content=\"summary_large_image\" \/>\n<script type=\"application\/ld+json\" class=\"yoast-schema-graph\">{\"@context\":\"https:\/\/schema.org\",\"@graph\":[{\"@type\":\"WebPage\",\"@id\":\"https:\/\/www.vera-nature.com\/product\/baume-anti-rides\/\",\"url\":\"https:\/\/www.vera-nature.com\/product\/baume-anti-rides\/\",\"name\":\"Baume de Karit\u00e9 Figue de Barbarie - Vera nature\",\"isPartOf\":{\"@id\":\"https:\/\/www.vera-nature.com\/#website\"},\"primaryImageOfPage\":{\"@id\":\"https:\/\/www.vera-nature.com\/product\/baume-anti-rides\/#primaryimage\"},\"image\":{\"@id\":\"https:\/\/www.vera-nature.com\/product\/baume-anti-rides\/#primaryimage\"},\"thumbnailUrl\":\"https:\/\/www.vera-nature.com\/wp-content\/uploads\/2026\/02\/baume-figue-de-barabrie-Recupere.webp\",\"datePublished\":\"2026-02-16T10:16:49+00:00\",\"dateModified\":\"2026-02-20T12:37:30+00:00\",\"breadcrumb\":{\"@id\":\"https:\/\/www.vera-nature.com\/product\/baume-anti-rides\/#breadcrumb\"},\"inLanguage\":\"en-GB\",\"potentialAction\":[{\"@type\":\"ReadAction\",\"target\":[\"https:\/\/www.vera-nature.com\/product\/baume-anti-rides\/\"]}]},{\"@type\":\"ImageObject\",\"inLanguage\":\"en-GB\",\"@id\":\"https:\/\/www.vera-nature.com\/product\/baume-anti-rides\/#primaryimage\",\"url\":\"https:\/\/www.vera-nature.com\/wp-content\/uploads\/2026\/02\/baume-figue-de-barabrie-Recupere.webp\",\"contentUrl\":\"https:\/\/www.vera-nature.com\/wp-content\/uploads\/2026\/02\/baume-figue-de-barabrie-Recupere.webp\",\"width\":560,\"height\":570},{\"@type\":\"BreadcrumbList\",\"@id\":\"https:\/\/www.vera-nature.com\/product\/baume-anti-rides\/#breadcrumb\",\"itemListElement\":[{\"@type\":\"ListItem\",\"position\":1,\"name\":\"Accueil\",\"item\":\"https:\/\/www.vera-nature.com\/\"},{\"@type\":\"ListItem\",\"position\":2,\"name\":\"Nos produits\",\"item\":\"https:\/\/www.vera-nature.com\/nos-produits\/\"},{\"@type\":\"ListItem\",\"position\":3,\"name\":\"Baume de Karit\u00e9 Figue de Barbarie\"}]},{\"@type\":\"WebSite\",\"@id\":\"https:\/\/www.vera-nature.com\/#website\",\"url\":\"https:\/\/www.vera-nature.com\/\",\"name\":\"Vera nature\",\"description\":\"\",\"publisher\":{\"@id\":\"https:\/\/www.vera-nature.com\/#organization\"},\"potentialAction\":[{\"@type\":\"SearchAction\",\"target\":{\"@type\":\"EntryPoint\",\"urlTemplate\":\"https:\/\/www.vera-nature.com\/?s={search_term_string}\"},\"query-input\":{\"@type\":\"PropertyValueSpecification\",\"valueRequired\":true,\"valueName\":\"search_term_string\"}}],\"inLanguage\":\"en-GB\"},{\"@type\":\"Organization\",\"@id\":\"https:\/\/www.vera-nature.com\/#organization\",\"name\":\"Vera nature\",\"url\":\"https:\/\/www.vera-nature.com\/\",\"logo\":{\"@type\":\"ImageObject\",\"inLanguage\":\"en-GB\",\"@id\":\"https:\/\/www.vera-nature.com\/#\/schema\/logo\/image\/\",\"url\":\"https:\/\/www.vera-nature.com\/wp-content\/uploads\/2023\/02\/logo_vernature.png\",\"contentUrl\":\"https:\/\/www.vera-nature.com\/wp-content\/uploads\/2023\/02\/logo_vernature.png\",\"width\":235,\"height\":88,\"caption\":\"Vera nature\"},\"image\":{\"@id\":\"https:\/\/www.vera-nature.com\/#\/schema\/logo\/image\/\"}}]}<\/script>\n<!-- \/ Yoast SEO plugin. -->","yoast_head_json":{"title":"Baume de Karit\u00e9 Figue de Barbarie - Vera nature","robots":{"index":"index","follow":"follow","max-snippet":"max-snippet:-1","max-image-preview":"max-image-preview:large","max-video-preview":"max-video-preview:-1"},"canonical":"https:\/\/www.vera-nature.com\/en\/product\/baume-anti-rides\/","og_locale":"en_GB","og_type":"article","og_title":"Baume de Karit\u00e9 Figue de Barbarie - Vera nature","og_description":"50 g  Ce baume soin anti-rides 100 % naturel nourrit intens\u00e9ment les peaux s\u00e8ches gr\u00e2ce au beurre de karit\u00e9 et aux extraits de p\u00e9pins de figue de barbarie. Il aide \u00e0 lisser les rides, restaure l\u2019\u00e9lasticit\u00e9 et redonne \u00e9clat et confort \u00e0 la peau.","og_url":"https:\/\/www.vera-nature.com\/en\/product\/baume-anti-rides\/","og_site_name":"Vera nature","article_modified_time":"2026-02-20T12:37:30+00:00","og_image":[{"width":560,"height":570,"url":"https:\/\/www.vera-nature.com\/wp-content\/uploads\/2026\/02\/baume-figue-de-barabrie-Recupere.webp","type":"image\/webp"}],"twitter_card":"summary_large_image","schema":{"@context":"https:\/\/schema.org","@graph":[{"@type":"WebPage","@id":"https:\/\/www.vera-nature.com\/product\/baume-anti-rides\/","url":"https:\/\/www.vera-nature.com\/product\/baume-anti-rides\/","name":"Baume de Karit\u00e9 Figue de Barbarie - Vera nature","isPartOf":{"@id":"https:\/\/www.vera-nature.com\/#website"},"primaryImageOfPage":{"@id":"https:\/\/www.vera-nature.com\/product\/baume-anti-rides\/#primaryimage"},"image":{"@id":"https:\/\/www.vera-nature.com\/product\/baume-anti-rides\/#primaryimage"},"thumbnailUrl":"https:\/\/www.vera-nature.com\/wp-content\/uploads\/2026\/02\/baume-figue-de-barabrie-Recupere.webp","datePublished":"2026-02-16T10:16:49+00:00","dateModified":"2026-02-20T12:37:30+00:00","breadcrumb":{"@id":"https:\/\/www.vera-nature.com\/product\/baume-anti-rides\/#breadcrumb"},"inLanguage":"en-GB","potentialAction":[{"@type":"ReadAction","target":["https:\/\/www.vera-nature.com\/product\/baume-anti-rides\/"]}]},{"@type":"ImageObject","inLanguage":"en-GB","@id":"https:\/\/www.vera-nature.com\/product\/baume-anti-rides\/#primaryimage","url":"https:\/\/www.vera-nature.com\/wp-content\/uploads\/2026\/02\/baume-figue-de-barabrie-Recupere.webp","contentUrl":"https:\/\/www.vera-nature.com\/wp-content\/uploads\/2026\/02\/baume-figue-de-barabrie-Recupere.webp","width":560,"height":570},{"@type":"BreadcrumbList","@id":"https:\/\/www.vera-nature.com\/product\/baume-anti-rides\/#breadcrumb","itemListElement":[{"@type":"ListItem","position":1,"name":"Accueil","item":"https:\/\/www.vera-nature.com\/"},{"@type":"ListItem","position":2,"name":"Nos produits","item":"https:\/\/www.vera-nature.com\/nos-produits\/"},{"@type":"ListItem","position":3,"name":"Baume de Karit\u00e9 Figue de Barbarie"}]},{"@type":"WebSite","@id":"https:\/\/www.vera-nature.com\/#website","url":"https:\/\/www.vera-nature.com\/","name":"Vera nature","description":"","publisher":{"@id":"https:\/\/www.vera-nature.com\/#organization"},"potentialAction":[{"@type":"SearchAction","target":{"@type":"EntryPoint","urlTemplate":"https:\/\/www.vera-nature.com\/?s={search_term_string}"},"query-input":{"@type":"PropertyValueSpecification","valueRequired":true,"valueName":"search_term_string"}}],"inLanguage":"en-GB"},{"@type":"Organization","@id":"https:\/\/www.vera-nature.com\/#organization","name":"Vera nature","url":"https:\/\/www.vera-nature.com\/","logo":{"@type":"ImageObject","inLanguage":"en-GB","@id":"https:\/\/www.vera-nature.com\/#\/schema\/logo\/image\/","url":"https:\/\/www.vera-nature.com\/wp-content\/uploads\/2023\/02\/logo_vernature.png","contentUrl":"https:\/\/www.vera-nature.com\/wp-content\/uploads\/2023\/02\/logo_vernature.png","width":235,"height":88,"caption":"Vera nature"},"image":{"@id":"https:\/\/www.vera-nature.com\/#\/schema\/logo\/image\/"}}]}},"_links":{"self":[{"href":"https:\/\/www.vera-nature.com\/en\/wp-json\/wp\/v2\/product\/3868","targetHints":{"allow":["GET"]}}],"collection":[{"href":"https:\/\/www.vera-nature.com\/en\/wp-json\/wp\/v2\/product"}],"about":[{"href":"https:\/\/www.vera-nature.com\/en\/wp-json\/wp\/v2\/types\/product"}],"wp:featuredmedia":[{"embeddable":true,"href":"https:\/\/www.vera-nature.com\/en\/wp-json\/wp\/v2\/media\/3910"}],"wp:attachment":[{"href":"https:\/\/www.vera-nature.com\/en\/wp-json\/wp\/v2\/media?parent=3868"}],"wp:term":[{"taxonomy":"product_brand","embeddable":true,"href":"https:\/\/www.vera-nature.com\/en\/wp-json\/wp\/v2\/product_brand?post=3868"},{"taxonomy":"product_cat","embeddable":true,"href":"https:\/\/www.vera-nature.com\/en\/wp-json\/wp\/v2\/product_cat?post=3868"},{"taxonomy":"product_tag","embeddable":true,"href":"https:\/\/www.vera-nature.com\/en\/wp-json\/wp\/v2\/product_tag?post=3868"}],"curies":[{"name":"wp","href":"https:\/\/api.w.org\/{rel}","templated":true}]}}