{"id":3876,"date":"2026-02-16T13:11:32","date_gmt":"2026-02-16T12:11:32","guid":{"rendered":"https:\/\/vera-nature.hypergroup.tn\/?post_type=product&#038;p=3876"},"modified":"2026-02-16T13:11:32","modified_gmt":"2026-02-16T12:11:32","slug":"vinaigre-de-camomille","status":"publish","type":"product","link":"https:\/\/www.vera-nature.com\/en\/product\/vinaigre-de-camomille\/","title":{"rendered":"Vinaigre de Camomille"},"content":{"rendered":"<div class=\"flex flex-col text-sm pb-25\">\n<article class=\"text-token-text-primary w-full focus:outline-none [--shadow-height:45px] has-data-writing-block:pointer-events-none has-data-writing-block:-mt-(--shadow-height) has-data-writing-block:pt-(--shadow-height) [&amp;:has([data-writing-block])&gt;*]:pointer-events-auto scroll-mt-[calc(var(--header-height)+min(200px,max(70px,20svh)))]\" dir=\"auto\" tabindex=\"-1\" data-turn-id=\"request-WEB:91e2b4e3-624c-45a4-9a8e-25396170333d-2\" data-testid=\"conversation-turn-6\" data-scroll-anchor=\"true\" data-turn=\"assistant\">\n<div class=\"text-base my-auto mx-auto pb-10 [--thread-content-margin:--spacing(4)] @w-sm\/main:[--thread-content-margin:--spacing(6)] @w-lg\/main:[--thread-content-margin:--spacing(16)] px-(--thread-content-margin)\">\n<div class=\"[--thread-content-max-width:40rem] @w-lg\/main:[--thread-content-max-width:48rem] mx-auto max-w-(--thread-content-max-width) flex-1 group\/turn-messages focus-visible:outline-hidden relative flex w-full min-w-0 flex-col agent-turn\" tabindex=\"-1\">\n<div class=\"flex max-w-full flex-col grow\">\n<div class=\"min-h-8 text-message relative flex w-full flex-col items-end gap-2 text-start break-words whitespace-normal [.text-message+&amp;]:mt-1\" dir=\"auto\" data-message-author-role=\"assistant\" data-message-id=\"dc26c09d-113a-4d15-9eae-4fb74953067c\" data-message-model-slug=\"gpt-5-2\">\n<div class=\"flex w-full flex-col gap-1 empty:hidden first:pt-[1px]\">\n<div class=\"markdown prose dark:prose-invert w-full wrap-break-word light markdown-new-styling\">\n<p data-start=\"405\" data-end=\"930\" data-is-last-node=\"\" data-is-only-node=\"\">Le vinaigre de camomille est reconnu pour ses vertus apaisantes et \u00e9quilibrantes, aussi bien en usage cosm\u00e9tique qu\u2019alimentaire. En soin capillaire, il calme les irritations du cuir chevelu, resserre les \u00e9cailles du cheveu et apporte douceur et \u00e9clat. En cuisine, il peut accompagner les salades ou \u00eatre dilu\u00e9 dans de l\u2019eau pour favoriser la digestion et soutenir l\u2019\u00e9quilibre intestinal. Gr\u00e2ce aux propri\u00e9t\u00e9s naturelles de la camomille, il contribue \u00e9galement \u00e0 la d\u00e9tente et au bien-\u00eatre global.<\/p>\n<\/div>\n<\/div>\n<\/div>\n<\/div>\n<div class=\"z-0 flex min-h-[46px] justify-start\"><\/div>\n<\/div>\n<\/div>\n<\/article>\n<\/div>\n<div class=\"pointer-events-none h-px w-px absolute bottom-0\" aria-hidden=\"true\" data-edge=\"true\"><\/div>\n","protected":false},"excerpt":{"rendered":"<p>125 ml<\/p>\n<p>Le vinaigre de camomille apaise le cuir chevelu, apporte brillance aux cheveux et aide \u00e0 r\u00e9\u00e9quilibrer le pH naturel. Consomm\u00e9 en usage alimentaire, il favorise la digestion, contribue au confort intestinal et soutient le bien-\u00eatre g\u00e9n\u00e9ral gr\u00e2ce aux propri\u00e9t\u00e9s apaisantes de la camomille.<\/p>","protected":false},"featured_media":3877,"template":"","meta":[],"product_brand":[],"product_cat":[74],"product_tag":[],"class_list":{"0":"post-3876","1":"product","2":"type-product","3":"status-publish","4":"has-post-thumbnail","6":"product_cat-vinaigre-naturel","8":"first","9":"instock","10":"shipping-taxable","11":"purchasable","12":"product-type-simple"},"yoast_head":"<!-- This site is optimized with the Yoast SEO plugin v27.0 - https:\/\/yoast.com\/product\/yoast-seo-wordpress\/ -->\n<title>Vinaigre de Camomille - Vera nature<\/title>\n<meta name=\"robots\" content=\"index, follow, max-snippet:-1, max-image-preview:large, max-video-preview:-1\" \/>\n<link rel=\"canonical\" href=\"https:\/\/www.vera-nature.com\/en\/product\/vinaigre-de-camomille\/\" \/>\n<meta property=\"og:locale\" content=\"en_GB\" \/>\n<meta property=\"og:type\" content=\"article\" \/>\n<meta property=\"og:title\" content=\"Vinaigre de Camomille - Vera nature\" \/>\n<meta property=\"og:description\" content=\"125 ml  Le vinaigre de camomille apaise le cuir chevelu, apporte brillance aux cheveux et aide \u00e0 r\u00e9\u00e9quilibrer le pH naturel. Consomm\u00e9 en usage alimentaire, il favorise la digestion, contribue au confort intestinal et soutient le bien-\u00eatre g\u00e9n\u00e9ral gr\u00e2ce aux propri\u00e9t\u00e9s apaisantes de la camomille.\" \/>\n<meta property=\"og:url\" content=\"https:\/\/www.vera-nature.com\/en\/product\/vinaigre-de-camomille\/\" \/>\n<meta property=\"og:site_name\" content=\"Vera nature\" \/>\n<meta property=\"og:image\" content=\"https:\/\/www.vera-nature.com\/wp-content\/uploads\/2026\/02\/camomille-copie.webp\" \/>\n\t<meta property=\"og:image:width\" content=\"560\" \/>\n\t<meta property=\"og:image:height\" content=\"570\" \/>\n\t<meta property=\"og:image:type\" content=\"image\/webp\" \/>\n<meta name=\"twitter:card\" content=\"summary_large_image\" \/>\n<script type=\"application\/ld+json\" class=\"yoast-schema-graph\">{\"@context\":\"https:\/\/schema.org\",\"@graph\":[{\"@type\":\"WebPage\",\"@id\":\"https:\/\/www.vera-nature.com\/product\/vinaigre-de-camomille\/\",\"url\":\"https:\/\/www.vera-nature.com\/product\/vinaigre-de-camomille\/\",\"name\":\"Vinaigre de Camomille - Vera nature\",\"isPartOf\":{\"@id\":\"https:\/\/www.vera-nature.com\/#website\"},\"primaryImageOfPage\":{\"@id\":\"https:\/\/www.vera-nature.com\/product\/vinaigre-de-camomille\/#primaryimage\"},\"image\":{\"@id\":\"https:\/\/www.vera-nature.com\/product\/vinaigre-de-camomille\/#primaryimage\"},\"thumbnailUrl\":\"https:\/\/www.vera-nature.com\/wp-content\/uploads\/2026\/02\/camomille-copie.webp\",\"datePublished\":\"2026-02-16T12:11:32+00:00\",\"breadcrumb\":{\"@id\":\"https:\/\/www.vera-nature.com\/product\/vinaigre-de-camomille\/#breadcrumb\"},\"inLanguage\":\"en-GB\",\"potentialAction\":[{\"@type\":\"ReadAction\",\"target\":[\"https:\/\/www.vera-nature.com\/product\/vinaigre-de-camomille\/\"]}]},{\"@type\":\"ImageObject\",\"inLanguage\":\"en-GB\",\"@id\":\"https:\/\/www.vera-nature.com\/product\/vinaigre-de-camomille\/#primaryimage\",\"url\":\"https:\/\/www.vera-nature.com\/wp-content\/uploads\/2026\/02\/camomille-copie.webp\",\"contentUrl\":\"https:\/\/www.vera-nature.com\/wp-content\/uploads\/2026\/02\/camomille-copie.webp\",\"width\":560,\"height\":570},{\"@type\":\"BreadcrumbList\",\"@id\":\"https:\/\/www.vera-nature.com\/product\/vinaigre-de-camomille\/#breadcrumb\",\"itemListElement\":[{\"@type\":\"ListItem\",\"position\":1,\"name\":\"Accueil\",\"item\":\"https:\/\/www.vera-nature.com\/\"},{\"@type\":\"ListItem\",\"position\":2,\"name\":\"Nos produits\",\"item\":\"https:\/\/www.vera-nature.com\/nos-produits\/\"},{\"@type\":\"ListItem\",\"position\":3,\"name\":\"Vinaigre de Camomille\"}]},{\"@type\":\"WebSite\",\"@id\":\"https:\/\/www.vera-nature.com\/#website\",\"url\":\"https:\/\/www.vera-nature.com\/\",\"name\":\"Vera nature\",\"description\":\"\",\"publisher\":{\"@id\":\"https:\/\/www.vera-nature.com\/#organization\"},\"potentialAction\":[{\"@type\":\"SearchAction\",\"target\":{\"@type\":\"EntryPoint\",\"urlTemplate\":\"https:\/\/www.vera-nature.com\/?s={search_term_string}\"},\"query-input\":{\"@type\":\"PropertyValueSpecification\",\"valueRequired\":true,\"valueName\":\"search_term_string\"}}],\"inLanguage\":\"en-GB\"},{\"@type\":\"Organization\",\"@id\":\"https:\/\/www.vera-nature.com\/#organization\",\"name\":\"Vera nature\",\"url\":\"https:\/\/www.vera-nature.com\/\",\"logo\":{\"@type\":\"ImageObject\",\"inLanguage\":\"en-GB\",\"@id\":\"https:\/\/www.vera-nature.com\/#\/schema\/logo\/image\/\",\"url\":\"https:\/\/www.vera-nature.com\/wp-content\/uploads\/2023\/02\/logo_vernature.png\",\"contentUrl\":\"https:\/\/www.vera-nature.com\/wp-content\/uploads\/2023\/02\/logo_vernature.png\",\"width\":235,\"height\":88,\"caption\":\"Vera nature\"},\"image\":{\"@id\":\"https:\/\/www.vera-nature.com\/#\/schema\/logo\/image\/\"}}]}<\/script>\n<!-- \/ Yoast SEO plugin. -->","yoast_head_json":{"title":"Vinaigre de Camomille - Vera nature","robots":{"index":"index","follow":"follow","max-snippet":"max-snippet:-1","max-image-preview":"max-image-preview:large","max-video-preview":"max-video-preview:-1"},"canonical":"https:\/\/www.vera-nature.com\/en\/product\/vinaigre-de-camomille\/","og_locale":"en_GB","og_type":"article","og_title":"Vinaigre de Camomille - Vera nature","og_description":"125 ml  Le vinaigre de camomille apaise le cuir chevelu, apporte brillance aux cheveux et aide \u00e0 r\u00e9\u00e9quilibrer le pH naturel. Consomm\u00e9 en usage alimentaire, il favorise la digestion, contribue au confort intestinal et soutient le bien-\u00eatre g\u00e9n\u00e9ral gr\u00e2ce aux propri\u00e9t\u00e9s apaisantes de la camomille.","og_url":"https:\/\/www.vera-nature.com\/en\/product\/vinaigre-de-camomille\/","og_site_name":"Vera nature","og_image":[{"width":560,"height":570,"url":"https:\/\/www.vera-nature.com\/wp-content\/uploads\/2026\/02\/camomille-copie.webp","type":"image\/webp"}],"twitter_card":"summary_large_image","schema":{"@context":"https:\/\/schema.org","@graph":[{"@type":"WebPage","@id":"https:\/\/www.vera-nature.com\/product\/vinaigre-de-camomille\/","url":"https:\/\/www.vera-nature.com\/product\/vinaigre-de-camomille\/","name":"Vinaigre de Camomille - Vera nature","isPartOf":{"@id":"https:\/\/www.vera-nature.com\/#website"},"primaryImageOfPage":{"@id":"https:\/\/www.vera-nature.com\/product\/vinaigre-de-camomille\/#primaryimage"},"image":{"@id":"https:\/\/www.vera-nature.com\/product\/vinaigre-de-camomille\/#primaryimage"},"thumbnailUrl":"https:\/\/www.vera-nature.com\/wp-content\/uploads\/2026\/02\/camomille-copie.webp","datePublished":"2026-02-16T12:11:32+00:00","breadcrumb":{"@id":"https:\/\/www.vera-nature.com\/product\/vinaigre-de-camomille\/#breadcrumb"},"inLanguage":"en-GB","potentialAction":[{"@type":"ReadAction","target":["https:\/\/www.vera-nature.com\/product\/vinaigre-de-camomille\/"]}]},{"@type":"ImageObject","inLanguage":"en-GB","@id":"https:\/\/www.vera-nature.com\/product\/vinaigre-de-camomille\/#primaryimage","url":"https:\/\/www.vera-nature.com\/wp-content\/uploads\/2026\/02\/camomille-copie.webp","contentUrl":"https:\/\/www.vera-nature.com\/wp-content\/uploads\/2026\/02\/camomille-copie.webp","width":560,"height":570},{"@type":"BreadcrumbList","@id":"https:\/\/www.vera-nature.com\/product\/vinaigre-de-camomille\/#breadcrumb","itemListElement":[{"@type":"ListItem","position":1,"name":"Accueil","item":"https:\/\/www.vera-nature.com\/"},{"@type":"ListItem","position":2,"name":"Nos produits","item":"https:\/\/www.vera-nature.com\/nos-produits\/"},{"@type":"ListItem","position":3,"name":"Vinaigre de Camomille"}]},{"@type":"WebSite","@id":"https:\/\/www.vera-nature.com\/#website","url":"https:\/\/www.vera-nature.com\/","name":"Vera nature","description":"","publisher":{"@id":"https:\/\/www.vera-nature.com\/#organization"},"potentialAction":[{"@type":"SearchAction","target":{"@type":"EntryPoint","urlTemplate":"https:\/\/www.vera-nature.com\/?s={search_term_string}"},"query-input":{"@type":"PropertyValueSpecification","valueRequired":true,"valueName":"search_term_string"}}],"inLanguage":"en-GB"},{"@type":"Organization","@id":"https:\/\/www.vera-nature.com\/#organization","name":"Vera nature","url":"https:\/\/www.vera-nature.com\/","logo":{"@type":"ImageObject","inLanguage":"en-GB","@id":"https:\/\/www.vera-nature.com\/#\/schema\/logo\/image\/","url":"https:\/\/www.vera-nature.com\/wp-content\/uploads\/2023\/02\/logo_vernature.png","contentUrl":"https:\/\/www.vera-nature.com\/wp-content\/uploads\/2023\/02\/logo_vernature.png","width":235,"height":88,"caption":"Vera nature"},"image":{"@id":"https:\/\/www.vera-nature.com\/#\/schema\/logo\/image\/"}}]}},"_links":{"self":[{"href":"https:\/\/www.vera-nature.com\/en\/wp-json\/wp\/v2\/product\/3876","targetHints":{"allow":["GET"]}}],"collection":[{"href":"https:\/\/www.vera-nature.com\/en\/wp-json\/wp\/v2\/product"}],"about":[{"href":"https:\/\/www.vera-nature.com\/en\/wp-json\/wp\/v2\/types\/product"}],"wp:featuredmedia":[{"embeddable":true,"href":"https:\/\/www.vera-nature.com\/en\/wp-json\/wp\/v2\/media\/3877"}],"wp:attachment":[{"href":"https:\/\/www.vera-nature.com\/en\/wp-json\/wp\/v2\/media?parent=3876"}],"wp:term":[{"taxonomy":"product_brand","embeddable":true,"href":"https:\/\/www.vera-nature.com\/en\/wp-json\/wp\/v2\/product_brand?post=3876"},{"taxonomy":"product_cat","embeddable":true,"href":"https:\/\/www.vera-nature.com\/en\/wp-json\/wp\/v2\/product_cat?post=3876"},{"taxonomy":"product_tag","embeddable":true,"href":"https:\/\/www.vera-nature.com\/en\/wp-json\/wp\/v2\/product_tag?post=3876"}],"curies":[{"name":"wp","href":"https:\/\/api.w.org\/{rel}","templated":true}]}}