{"id":3907,"date":"2026-02-19T12:19:19","date_gmt":"2026-02-19T11:19:19","guid":{"rendered":"https:\/\/vera-nature.hypergroup.tn\/?post_type=product&#038;p=3907"},"modified":"2026-02-20T13:02:48","modified_gmt":"2026-02-20T12:02:48","slug":"argile-verte-tunisien","status":"publish","type":"product","link":"https:\/\/www.vera-nature.com\/en\/product\/argile-verte-tunisien\/","title":{"rendered":"Argile Verte Tunisien"},"content":{"rendered":"<p>Notre argile verte tunisienne 100% bio et naturelle est soigneusement s\u00e9lectionn\u00e9e pour sa puret\u00e9 et sa richesse en min\u00e9raux. Enrichie en aloe vera, elle combine les bienfaits apaisants et hydratants de la plante aux vertus absorbantes et r\u00e9paratrices de l\u2019argile. Reconnue pour ses propri\u00e9t\u00e9s anti-douleurs et anti-inflammatoires, elle aide \u00e0 soulager les douleurs musculaires et articulaires de mani\u00e8re naturelle. Elle convient parfaitement aux soins du corps pour une sensation imm\u00e9diate de confort et de bien-\u00eatre.<\/p>","protected":false},"excerpt":{"rendered":"<p>450 g<\/p>\n<p>Argile verte tunisienne 100% bio et naturelle, enrichie en aloe vera, reconnue pour ses puissantes propri\u00e9t\u00e9s anti-douleurs et anti-inflammatoires. Id\u00e9ale pour apaiser les tensions musculaires, soulager les articulations sensibles et revitaliser la peau en douceur.<\/p>","protected":false},"featured_media":3905,"template":"","meta":[],"product_brand":[],"product_cat":[68,70],"product_tag":[],"class_list":{"0":"post-3907","1":"product","2":"type-product","3":"status-publish","4":"has-post-thumbnail","6":"product_cat-soins-naturels-pour-le-corps-et-les-articulations","7":"product_cat-soins-pieds-naturels","9":"first","10":"instock","11":"shipping-taxable","12":"purchasable","13":"product-type-simple"},"yoast_head":"<!-- This site is optimized with the Yoast SEO plugin v27.0 - https:\/\/yoast.com\/product\/yoast-seo-wordpress\/ -->\n<title>Argile Verte Tunisien - Vera nature<\/title>\n<meta name=\"robots\" content=\"index, follow, max-snippet:-1, max-image-preview:large, max-video-preview:-1\" \/>\n<link rel=\"canonical\" href=\"https:\/\/www.vera-nature.com\/en\/product\/argile-verte-tunisien\/\" \/>\n<meta property=\"og:locale\" content=\"en_GB\" \/>\n<meta property=\"og:type\" content=\"article\" \/>\n<meta property=\"og:title\" content=\"Argile Verte Tunisien - Vera nature\" \/>\n<meta property=\"og:description\" content=\"450 g  Argile verte tunisienne 100% bio et naturelle, enrichie en aloe vera, reconnue pour ses puissantes propri\u00e9t\u00e9s anti-douleurs et anti-inflammatoires. Id\u00e9ale pour apaiser les tensions musculaires, soulager les articulations sensibles et revitaliser la peau en douceur.\" \/>\n<meta property=\"og:url\" content=\"https:\/\/www.vera-nature.com\/en\/product\/argile-verte-tunisien\/\" \/>\n<meta property=\"og:site_name\" content=\"Vera nature\" \/>\n<meta property=\"article:modified_time\" content=\"2026-02-20T12:02:48+00:00\" \/>\n<meta property=\"og:image\" content=\"https:\/\/www.vera-nature.com\/wp-content\/uploads\/2026\/02\/argile-verte-copie.webp\" \/>\n\t<meta property=\"og:image:width\" content=\"560\" \/>\n\t<meta property=\"og:image:height\" content=\"570\" \/>\n\t<meta property=\"og:image:type\" content=\"image\/webp\" \/>\n<meta name=\"twitter:card\" content=\"summary_large_image\" \/>\n<script type=\"application\/ld+json\" class=\"yoast-schema-graph\">{\"@context\":\"https:\/\/schema.org\",\"@graph\":[{\"@type\":\"WebPage\",\"@id\":\"https:\/\/www.vera-nature.com\/product\/argile-verte-tunisien\/\",\"url\":\"https:\/\/www.vera-nature.com\/product\/argile-verte-tunisien\/\",\"name\":\"Argile Verte Tunisien - Vera nature\",\"isPartOf\":{\"@id\":\"https:\/\/www.vera-nature.com\/#website\"},\"primaryImageOfPage\":{\"@id\":\"https:\/\/www.vera-nature.com\/product\/argile-verte-tunisien\/#primaryimage\"},\"image\":{\"@id\":\"https:\/\/www.vera-nature.com\/product\/argile-verte-tunisien\/#primaryimage\"},\"thumbnailUrl\":\"https:\/\/www.vera-nature.com\/wp-content\/uploads\/2026\/02\/argile-verte-copie.webp\",\"datePublished\":\"2026-02-19T11:19:19+00:00\",\"dateModified\":\"2026-02-20T12:02:48+00:00\",\"breadcrumb\":{\"@id\":\"https:\/\/www.vera-nature.com\/product\/argile-verte-tunisien\/#breadcrumb\"},\"inLanguage\":\"en-GB\",\"potentialAction\":[{\"@type\":\"ReadAction\",\"target\":[\"https:\/\/www.vera-nature.com\/product\/argile-verte-tunisien\/\"]}]},{\"@type\":\"ImageObject\",\"inLanguage\":\"en-GB\",\"@id\":\"https:\/\/www.vera-nature.com\/product\/argile-verte-tunisien\/#primaryimage\",\"url\":\"https:\/\/www.vera-nature.com\/wp-content\/uploads\/2026\/02\/argile-verte-copie.webp\",\"contentUrl\":\"https:\/\/www.vera-nature.com\/wp-content\/uploads\/2026\/02\/argile-verte-copie.webp\",\"width\":560,\"height\":570},{\"@type\":\"BreadcrumbList\",\"@id\":\"https:\/\/www.vera-nature.com\/product\/argile-verte-tunisien\/#breadcrumb\",\"itemListElement\":[{\"@type\":\"ListItem\",\"position\":1,\"name\":\"Accueil\",\"item\":\"https:\/\/www.vera-nature.com\/\"},{\"@type\":\"ListItem\",\"position\":2,\"name\":\"Nos produits\",\"item\":\"https:\/\/www.vera-nature.com\/nos-produits\/\"},{\"@type\":\"ListItem\",\"position\":3,\"name\":\"Argile Verte Tunisien\"}]},{\"@type\":\"WebSite\",\"@id\":\"https:\/\/www.vera-nature.com\/#website\",\"url\":\"https:\/\/www.vera-nature.com\/\",\"name\":\"Vera nature\",\"description\":\"\",\"publisher\":{\"@id\":\"https:\/\/www.vera-nature.com\/#organization\"},\"potentialAction\":[{\"@type\":\"SearchAction\",\"target\":{\"@type\":\"EntryPoint\",\"urlTemplate\":\"https:\/\/www.vera-nature.com\/?s={search_term_string}\"},\"query-input\":{\"@type\":\"PropertyValueSpecification\",\"valueRequired\":true,\"valueName\":\"search_term_string\"}}],\"inLanguage\":\"en-GB\"},{\"@type\":\"Organization\",\"@id\":\"https:\/\/www.vera-nature.com\/#organization\",\"name\":\"Vera nature\",\"url\":\"https:\/\/www.vera-nature.com\/\",\"logo\":{\"@type\":\"ImageObject\",\"inLanguage\":\"en-GB\",\"@id\":\"https:\/\/www.vera-nature.com\/#\/schema\/logo\/image\/\",\"url\":\"https:\/\/www.vera-nature.com\/wp-content\/uploads\/2023\/02\/logo_vernature.png\",\"contentUrl\":\"https:\/\/www.vera-nature.com\/wp-content\/uploads\/2023\/02\/logo_vernature.png\",\"width\":235,\"height\":88,\"caption\":\"Vera nature\"},\"image\":{\"@id\":\"https:\/\/www.vera-nature.com\/#\/schema\/logo\/image\/\"}}]}<\/script>\n<!-- \/ Yoast SEO plugin. -->","yoast_head_json":{"title":"Argile Verte Tunisien - Vera nature","robots":{"index":"index","follow":"follow","max-snippet":"max-snippet:-1","max-image-preview":"max-image-preview:large","max-video-preview":"max-video-preview:-1"},"canonical":"https:\/\/www.vera-nature.com\/en\/product\/argile-verte-tunisien\/","og_locale":"en_GB","og_type":"article","og_title":"Argile Verte Tunisien - Vera nature","og_description":"450 g  Argile verte tunisienne 100% bio et naturelle, enrichie en aloe vera, reconnue pour ses puissantes propri\u00e9t\u00e9s anti-douleurs et anti-inflammatoires. Id\u00e9ale pour apaiser les tensions musculaires, soulager les articulations sensibles et revitaliser la peau en douceur.","og_url":"https:\/\/www.vera-nature.com\/en\/product\/argile-verte-tunisien\/","og_site_name":"Vera nature","article_modified_time":"2026-02-20T12:02:48+00:00","og_image":[{"width":560,"height":570,"url":"https:\/\/www.vera-nature.com\/wp-content\/uploads\/2026\/02\/argile-verte-copie.webp","type":"image\/webp"}],"twitter_card":"summary_large_image","schema":{"@context":"https:\/\/schema.org","@graph":[{"@type":"WebPage","@id":"https:\/\/www.vera-nature.com\/product\/argile-verte-tunisien\/","url":"https:\/\/www.vera-nature.com\/product\/argile-verte-tunisien\/","name":"Argile Verte Tunisien - Vera nature","isPartOf":{"@id":"https:\/\/www.vera-nature.com\/#website"},"primaryImageOfPage":{"@id":"https:\/\/www.vera-nature.com\/product\/argile-verte-tunisien\/#primaryimage"},"image":{"@id":"https:\/\/www.vera-nature.com\/product\/argile-verte-tunisien\/#primaryimage"},"thumbnailUrl":"https:\/\/www.vera-nature.com\/wp-content\/uploads\/2026\/02\/argile-verte-copie.webp","datePublished":"2026-02-19T11:19:19+00:00","dateModified":"2026-02-20T12:02:48+00:00","breadcrumb":{"@id":"https:\/\/www.vera-nature.com\/product\/argile-verte-tunisien\/#breadcrumb"},"inLanguage":"en-GB","potentialAction":[{"@type":"ReadAction","target":["https:\/\/www.vera-nature.com\/product\/argile-verte-tunisien\/"]}]},{"@type":"ImageObject","inLanguage":"en-GB","@id":"https:\/\/www.vera-nature.com\/product\/argile-verte-tunisien\/#primaryimage","url":"https:\/\/www.vera-nature.com\/wp-content\/uploads\/2026\/02\/argile-verte-copie.webp","contentUrl":"https:\/\/www.vera-nature.com\/wp-content\/uploads\/2026\/02\/argile-verte-copie.webp","width":560,"height":570},{"@type":"BreadcrumbList","@id":"https:\/\/www.vera-nature.com\/product\/argile-verte-tunisien\/#breadcrumb","itemListElement":[{"@type":"ListItem","position":1,"name":"Accueil","item":"https:\/\/www.vera-nature.com\/"},{"@type":"ListItem","position":2,"name":"Nos produits","item":"https:\/\/www.vera-nature.com\/nos-produits\/"},{"@type":"ListItem","position":3,"name":"Argile Verte Tunisien"}]},{"@type":"WebSite","@id":"https:\/\/www.vera-nature.com\/#website","url":"https:\/\/www.vera-nature.com\/","name":"Vera nature","description":"","publisher":{"@id":"https:\/\/www.vera-nature.com\/#organization"},"potentialAction":[{"@type":"SearchAction","target":{"@type":"EntryPoint","urlTemplate":"https:\/\/www.vera-nature.com\/?s={search_term_string}"},"query-input":{"@type":"PropertyValueSpecification","valueRequired":true,"valueName":"search_term_string"}}],"inLanguage":"en-GB"},{"@type":"Organization","@id":"https:\/\/www.vera-nature.com\/#organization","name":"Vera nature","url":"https:\/\/www.vera-nature.com\/","logo":{"@type":"ImageObject","inLanguage":"en-GB","@id":"https:\/\/www.vera-nature.com\/#\/schema\/logo\/image\/","url":"https:\/\/www.vera-nature.com\/wp-content\/uploads\/2023\/02\/logo_vernature.png","contentUrl":"https:\/\/www.vera-nature.com\/wp-content\/uploads\/2023\/02\/logo_vernature.png","width":235,"height":88,"caption":"Vera nature"},"image":{"@id":"https:\/\/www.vera-nature.com\/#\/schema\/logo\/image\/"}}]}},"_links":{"self":[{"href":"https:\/\/www.vera-nature.com\/en\/wp-json\/wp\/v2\/product\/3907","targetHints":{"allow":["GET"]}}],"collection":[{"href":"https:\/\/www.vera-nature.com\/en\/wp-json\/wp\/v2\/product"}],"about":[{"href":"https:\/\/www.vera-nature.com\/en\/wp-json\/wp\/v2\/types\/product"}],"wp:featuredmedia":[{"embeddable":true,"href":"https:\/\/www.vera-nature.com\/en\/wp-json\/wp\/v2\/media\/3905"}],"wp:attachment":[{"href":"https:\/\/www.vera-nature.com\/en\/wp-json\/wp\/v2\/media?parent=3907"}],"wp:term":[{"taxonomy":"product_brand","embeddable":true,"href":"https:\/\/www.vera-nature.com\/en\/wp-json\/wp\/v2\/product_brand?post=3907"},{"taxonomy":"product_cat","embeddable":true,"href":"https:\/\/www.vera-nature.com\/en\/wp-json\/wp\/v2\/product_cat?post=3907"},{"taxonomy":"product_tag","embeddable":true,"href":"https:\/\/www.vera-nature.com\/en\/wp-json\/wp\/v2\/product_tag?post=3907"}],"curies":[{"name":"wp","href":"https:\/\/api.w.org\/{rel}","templated":true}]}}