{"id":3942,"date":"2026-03-04T14:17:17","date_gmt":"2026-03-04T13:17:17","guid":{"rendered":"https:\/\/www.vera-nature.com\/?post_type=product&#038;p=3942"},"modified":"2026-03-10T14:07:56","modified_gmt":"2026-03-10T13:07:56","slug":"gueddid-de-boeuf","status":"publish","type":"product","link":"https:\/\/www.vera-nature.com\/en\/product\/gueddid-de-boeuf\/","title":{"rendered":"GUEDDID de B\u0153uf"},"content":{"rendered":"<p>Savourez l\u2019authenticit\u00e9 de notre gueddid de b\u0153uf artisanal, \u00e9labor\u00e9 selon un proc\u00e9d\u00e9 traditionnel qui respecte le go\u00fbt et la qualit\u00e9 de la viande. Lentement s\u00e9ch\u00e9 pour concentrer ses ar\u00f4mes, il offre une saveur profonde et un caract\u00e8re unique. Pr\u00e9sent\u00e9 en paquet de 15 pi\u00e8ces, il est parfait pour enrichir vos recettes ou composer un ap\u00e9ritif gourmand. Conserv\u00e9 dans une huile d\u2019olive faite maison, il d\u00e9voile une texture fondante et une touche m\u00e9diterran\u00e9enne irr\u00e9sistible.<\/p>","protected":false},"excerpt":{"rendered":"<p>Savourez notre gueddid de b\u0153uf artisanal, pr\u00e9par\u00e9 selon un savoir-faire traditionnel et s\u00e9ch\u00e9 avec soin pour r\u00e9v\u00e9ler toute son intensit\u00e9. Chaque paquet contient 15 pi\u00e8ces accompagn\u00e9es d\u2019une huile d\u2019olive maison pour une exp\u00e9rience authentique et gourmande.<\/p>","protected":false},"featured_media":3943,"template":"","meta":[],"product_brand":[],"product_cat":[79,53],"product_tag":[],"class_list":{"0":"post-3942","1":"product","2":"type-product","3":"status-publish","4":"has-post-thumbnail","6":"product_cat-khabia-sfaxienne","7":"product_cat-produits-alimentaires-naturels","9":"first","10":"instock","11":"shipping-taxable","12":"purchasable","13":"product-type-simple"},"yoast_head":"<!-- This site is optimized with the Yoast SEO plugin v27.0 - https:\/\/yoast.com\/product\/yoast-seo-wordpress\/ -->\n<title>GUEDDID de B\u0153uf - Vera nature<\/title>\n<meta name=\"robots\" content=\"index, follow, max-snippet:-1, max-image-preview:large, max-video-preview:-1\" \/>\n<link rel=\"canonical\" href=\"https:\/\/www.vera-nature.com\/en\/product\/gueddid-de-boeuf\/\" \/>\n<meta property=\"og:locale\" content=\"en_GB\" \/>\n<meta property=\"og:type\" content=\"article\" \/>\n<meta property=\"og:title\" content=\"GUEDDID de B\u0153uf - Vera nature\" \/>\n<meta property=\"og:description\" content=\"Savourez notre gueddid de b\u0153uf artisanal, pr\u00e9par\u00e9 selon un savoir-faire traditionnel et s\u00e9ch\u00e9 avec soin pour r\u00e9v\u00e9ler toute son intensit\u00e9. Chaque paquet contient 15 pi\u00e8ces accompagn\u00e9es d\u2019une huile d\u2019olive maison pour une exp\u00e9rience authentique et gourmande.\" \/>\n<meta property=\"og:url\" content=\"https:\/\/www.vera-nature.com\/en\/product\/gueddid-de-boeuf\/\" \/>\n<meta property=\"og:site_name\" content=\"Vera nature\" \/>\n<meta property=\"article:modified_time\" content=\"2026-03-10T13:07:56+00:00\" \/>\n<meta property=\"og:image\" content=\"https:\/\/www.vera-nature.com\/wp-content\/uploads\/2026\/03\/guedid-copie.webp\" \/>\n\t<meta property=\"og:image:width\" content=\"560\" \/>\n\t<meta property=\"og:image:height\" content=\"570\" \/>\n\t<meta property=\"og:image:type\" content=\"image\/webp\" \/>\n<meta name=\"twitter:card\" content=\"summary_large_image\" \/>\n<meta name=\"twitter:label1\" content=\"Estimated reading time\" \/>\n\t<meta name=\"twitter:data1\" content=\"1 minute\" \/>\n<script type=\"application\/ld+json\" class=\"yoast-schema-graph\">{\"@context\":\"https:\/\/schema.org\",\"@graph\":[{\"@type\":\"WebPage\",\"@id\":\"https:\/\/www.vera-nature.com\/product\/gueddid-de-boeuf\/\",\"url\":\"https:\/\/www.vera-nature.com\/product\/gueddid-de-boeuf\/\",\"name\":\"GUEDDID de B\u0153uf - Vera nature\",\"isPartOf\":{\"@id\":\"https:\/\/www.vera-nature.com\/#website\"},\"primaryImageOfPage\":{\"@id\":\"https:\/\/www.vera-nature.com\/product\/gueddid-de-boeuf\/#primaryimage\"},\"image\":{\"@id\":\"https:\/\/www.vera-nature.com\/product\/gueddid-de-boeuf\/#primaryimage\"},\"thumbnailUrl\":\"https:\/\/www.vera-nature.com\/wp-content\/uploads\/2026\/03\/guedid-copie.webp\",\"datePublished\":\"2026-03-04T13:17:17+00:00\",\"dateModified\":\"2026-03-10T13:07:56+00:00\",\"breadcrumb\":{\"@id\":\"https:\/\/www.vera-nature.com\/product\/gueddid-de-boeuf\/#breadcrumb\"},\"inLanguage\":\"en-GB\",\"potentialAction\":[{\"@type\":\"ReadAction\",\"target\":[\"https:\/\/www.vera-nature.com\/product\/gueddid-de-boeuf\/\"]}]},{\"@type\":\"ImageObject\",\"inLanguage\":\"en-GB\",\"@id\":\"https:\/\/www.vera-nature.com\/product\/gueddid-de-boeuf\/#primaryimage\",\"url\":\"https:\/\/www.vera-nature.com\/wp-content\/uploads\/2026\/03\/guedid-copie.webp\",\"contentUrl\":\"https:\/\/www.vera-nature.com\/wp-content\/uploads\/2026\/03\/guedid-copie.webp\",\"width\":560,\"height\":570},{\"@type\":\"BreadcrumbList\",\"@id\":\"https:\/\/www.vera-nature.com\/product\/gueddid-de-boeuf\/#breadcrumb\",\"itemListElement\":[{\"@type\":\"ListItem\",\"position\":1,\"name\":\"Accueil\",\"item\":\"https:\/\/www.vera-nature.com\/\"},{\"@type\":\"ListItem\",\"position\":2,\"name\":\"Nos produits\",\"item\":\"https:\/\/www.vera-nature.com\/nos-produits\/\"},{\"@type\":\"ListItem\",\"position\":3,\"name\":\"GUEDDID de B\u0153uf\"}]},{\"@type\":\"WebSite\",\"@id\":\"https:\/\/www.vera-nature.com\/#website\",\"url\":\"https:\/\/www.vera-nature.com\/\",\"name\":\"Vera nature\",\"description\":\"\",\"publisher\":{\"@id\":\"https:\/\/www.vera-nature.com\/#organization\"},\"potentialAction\":[{\"@type\":\"SearchAction\",\"target\":{\"@type\":\"EntryPoint\",\"urlTemplate\":\"https:\/\/www.vera-nature.com\/?s={search_term_string}\"},\"query-input\":{\"@type\":\"PropertyValueSpecification\",\"valueRequired\":true,\"valueName\":\"search_term_string\"}}],\"inLanguage\":\"en-GB\"},{\"@type\":\"Organization\",\"@id\":\"https:\/\/www.vera-nature.com\/#organization\",\"name\":\"Vera nature\",\"url\":\"https:\/\/www.vera-nature.com\/\",\"logo\":{\"@type\":\"ImageObject\",\"inLanguage\":\"en-GB\",\"@id\":\"https:\/\/www.vera-nature.com\/#\/schema\/logo\/image\/\",\"url\":\"https:\/\/www.vera-nature.com\/wp-content\/uploads\/2023\/02\/logo_vernature.png\",\"contentUrl\":\"https:\/\/www.vera-nature.com\/wp-content\/uploads\/2023\/02\/logo_vernature.png\",\"width\":235,\"height\":88,\"caption\":\"Vera nature\"},\"image\":{\"@id\":\"https:\/\/www.vera-nature.com\/#\/schema\/logo\/image\/\"}}]}<\/script>\n<!-- \/ Yoast SEO plugin. -->","yoast_head_json":{"title":"GUEDDID de B\u0153uf - Vera nature","robots":{"index":"index","follow":"follow","max-snippet":"max-snippet:-1","max-image-preview":"max-image-preview:large","max-video-preview":"max-video-preview:-1"},"canonical":"https:\/\/www.vera-nature.com\/en\/product\/gueddid-de-boeuf\/","og_locale":"en_GB","og_type":"article","og_title":"GUEDDID de B\u0153uf - Vera nature","og_description":"Savourez notre gueddid de b\u0153uf artisanal, pr\u00e9par\u00e9 selon un savoir-faire traditionnel et s\u00e9ch\u00e9 avec soin pour r\u00e9v\u00e9ler toute son intensit\u00e9. Chaque paquet contient 15 pi\u00e8ces accompagn\u00e9es d\u2019une huile d\u2019olive maison pour une exp\u00e9rience authentique et gourmande.","og_url":"https:\/\/www.vera-nature.com\/en\/product\/gueddid-de-boeuf\/","og_site_name":"Vera nature","article_modified_time":"2026-03-10T13:07:56+00:00","og_image":[{"width":560,"height":570,"url":"https:\/\/www.vera-nature.com\/wp-content\/uploads\/2026\/03\/guedid-copie.webp","type":"image\/webp"}],"twitter_card":"summary_large_image","twitter_misc":{"Estimated reading time":"1 minute"},"schema":{"@context":"https:\/\/schema.org","@graph":[{"@type":"WebPage","@id":"https:\/\/www.vera-nature.com\/product\/gueddid-de-boeuf\/","url":"https:\/\/www.vera-nature.com\/product\/gueddid-de-boeuf\/","name":"GUEDDID de B\u0153uf - Vera nature","isPartOf":{"@id":"https:\/\/www.vera-nature.com\/#website"},"primaryImageOfPage":{"@id":"https:\/\/www.vera-nature.com\/product\/gueddid-de-boeuf\/#primaryimage"},"image":{"@id":"https:\/\/www.vera-nature.com\/product\/gueddid-de-boeuf\/#primaryimage"},"thumbnailUrl":"https:\/\/www.vera-nature.com\/wp-content\/uploads\/2026\/03\/guedid-copie.webp","datePublished":"2026-03-04T13:17:17+00:00","dateModified":"2026-03-10T13:07:56+00:00","breadcrumb":{"@id":"https:\/\/www.vera-nature.com\/product\/gueddid-de-boeuf\/#breadcrumb"},"inLanguage":"en-GB","potentialAction":[{"@type":"ReadAction","target":["https:\/\/www.vera-nature.com\/product\/gueddid-de-boeuf\/"]}]},{"@type":"ImageObject","inLanguage":"en-GB","@id":"https:\/\/www.vera-nature.com\/product\/gueddid-de-boeuf\/#primaryimage","url":"https:\/\/www.vera-nature.com\/wp-content\/uploads\/2026\/03\/guedid-copie.webp","contentUrl":"https:\/\/www.vera-nature.com\/wp-content\/uploads\/2026\/03\/guedid-copie.webp","width":560,"height":570},{"@type":"BreadcrumbList","@id":"https:\/\/www.vera-nature.com\/product\/gueddid-de-boeuf\/#breadcrumb","itemListElement":[{"@type":"ListItem","position":1,"name":"Accueil","item":"https:\/\/www.vera-nature.com\/"},{"@type":"ListItem","position":2,"name":"Nos produits","item":"https:\/\/www.vera-nature.com\/nos-produits\/"},{"@type":"ListItem","position":3,"name":"GUEDDID de B\u0153uf"}]},{"@type":"WebSite","@id":"https:\/\/www.vera-nature.com\/#website","url":"https:\/\/www.vera-nature.com\/","name":"Vera nature","description":"","publisher":{"@id":"https:\/\/www.vera-nature.com\/#organization"},"potentialAction":[{"@type":"SearchAction","target":{"@type":"EntryPoint","urlTemplate":"https:\/\/www.vera-nature.com\/?s={search_term_string}"},"query-input":{"@type":"PropertyValueSpecification","valueRequired":true,"valueName":"search_term_string"}}],"inLanguage":"en-GB"},{"@type":"Organization","@id":"https:\/\/www.vera-nature.com\/#organization","name":"Vera nature","url":"https:\/\/www.vera-nature.com\/","logo":{"@type":"ImageObject","inLanguage":"en-GB","@id":"https:\/\/www.vera-nature.com\/#\/schema\/logo\/image\/","url":"https:\/\/www.vera-nature.com\/wp-content\/uploads\/2023\/02\/logo_vernature.png","contentUrl":"https:\/\/www.vera-nature.com\/wp-content\/uploads\/2023\/02\/logo_vernature.png","width":235,"height":88,"caption":"Vera nature"},"image":{"@id":"https:\/\/www.vera-nature.com\/#\/schema\/logo\/image\/"}}]}},"_links":{"self":[{"href":"https:\/\/www.vera-nature.com\/en\/wp-json\/wp\/v2\/product\/3942","targetHints":{"allow":["GET"]}}],"collection":[{"href":"https:\/\/www.vera-nature.com\/en\/wp-json\/wp\/v2\/product"}],"about":[{"href":"https:\/\/www.vera-nature.com\/en\/wp-json\/wp\/v2\/types\/product"}],"wp:featuredmedia":[{"embeddable":true,"href":"https:\/\/www.vera-nature.com\/en\/wp-json\/wp\/v2\/media\/3943"}],"wp:attachment":[{"href":"https:\/\/www.vera-nature.com\/en\/wp-json\/wp\/v2\/media?parent=3942"}],"wp:term":[{"taxonomy":"product_brand","embeddable":true,"href":"https:\/\/www.vera-nature.com\/en\/wp-json\/wp\/v2\/product_brand?post=3942"},{"taxonomy":"product_cat","embeddable":true,"href":"https:\/\/www.vera-nature.com\/en\/wp-json\/wp\/v2\/product_cat?post=3942"},{"taxonomy":"product_tag","embeddable":true,"href":"https:\/\/www.vera-nature.com\/en\/wp-json\/wp\/v2\/product_tag?post=3942"}],"curies":[{"name":"wp","href":"https:\/\/api.w.org\/{rel}","templated":true}]}}