{"id":3950,"date":"2026-03-13T13:50:33","date_gmt":"2026-03-13T12:50:33","guid":{"rendered":"https:\/\/www.vera-nature.com\/?post_type=product&#038;p=3950"},"modified":"2026-03-13T13:50:33","modified_gmt":"2026-03-13T12:50:33","slug":"prise-de-poids-adulte","status":"publish","type":"product","link":"https:\/\/www.vera-nature.com\/en\/product\/prise-de-poids-adulte\/","title":{"rendered":"Prise de Poids Adulte"},"content":{"rendered":"<p>D\u00e9couvrez un m\u00e9lange naturel puissant compos\u00e9 d\u2019ashwagandha, de moringa et de fruits secs nutritifs, connus pour leur richesse en prot\u00e9ines, vitamines et fer. Cette combinaison apporte \u00e0 votre corps des nutriments essentiels pour soutenir l\u2019\u00e9nergie et le bien-\u00eatre quotidien. Gr\u00e2ce \u00e0 ses ingr\u00e9dients naturels, elle aide \u00e0 stimuler l\u2019app\u00e9tit et \u00e0 renforcer le syst\u00e8me immunitaire. Id\u00e9al pour les personnes souhaitant favoriser une prise de poids saine et naturelle tout en profitant des bienfaits des plantes et des fruits secs.<\/p>","protected":false},"excerpt":{"rendered":"<p>250g<\/p>\n<p>Un m\u00e9lange naturel d\u2019herbes et de fruits secs, riche en prot\u00e9ines, vitamines et fer, associant l\u2019ashwagandha et le moringa pour soutenir l\u2019\u00e9nergie et la vitalit\u00e9. Cette formule nutritive aide \u00e0 stimuler l\u2019app\u00e9tit, renforcer l\u2019immunit\u00e9 et favoriser une prise de poids saine et naturelle.<\/p>","protected":false},"featured_media":3951,"template":"","meta":[],"product_brand":[],"product_cat":[15],"product_tag":[],"class_list":{"0":"post-3950","1":"product","2":"type-product","3":"status-publish","4":"has-post-thumbnail","6":"product_cat-uncategorized","8":"first","9":"instock","10":"shipping-taxable","11":"purchasable","12":"product-type-simple"},"yoast_head":"<!-- This site is optimized with the Yoast SEO plugin v27.0 - https:\/\/yoast.com\/product\/yoast-seo-wordpress\/ -->\n<title>Prise de Poids Adulte - Vera nature<\/title>\n<meta name=\"robots\" content=\"index, follow, max-snippet:-1, max-image-preview:large, max-video-preview:-1\" \/>\n<link rel=\"canonical\" href=\"https:\/\/www.vera-nature.com\/en\/product\/prise-de-poids-adulte\/\" \/>\n<meta property=\"og:locale\" content=\"en_GB\" \/>\n<meta property=\"og:type\" content=\"article\" \/>\n<meta property=\"og:title\" content=\"Prise de Poids Adulte - Vera nature\" \/>\n<meta property=\"og:description\" content=\"250g  Un m\u00e9lange naturel d\u2019herbes et de fruits secs, riche en prot\u00e9ines, vitamines et fer, associant l\u2019ashwagandha et le moringa pour soutenir l\u2019\u00e9nergie et la vitalit\u00e9. Cette formule nutritive aide \u00e0 stimuler l\u2019app\u00e9tit, renforcer l\u2019immunit\u00e9 et favoriser une prise de poids saine et naturelle.\" \/>\n<meta property=\"og:url\" content=\"https:\/\/www.vera-nature.com\/en\/product\/prise-de-poids-adulte\/\" \/>\n<meta property=\"og:site_name\" content=\"Vera nature\" \/>\n<meta property=\"og:image\" content=\"https:\/\/www.vera-nature.com\/wp-content\/uploads\/2026\/03\/prise-de-poids-adult-copie.webp\" \/>\n\t<meta property=\"og:image:width\" content=\"560\" \/>\n\t<meta property=\"og:image:height\" content=\"570\" \/>\n\t<meta property=\"og:image:type\" content=\"image\/webp\" \/>\n<meta name=\"twitter:card\" content=\"summary_large_image\" \/>\n<meta name=\"twitter:label1\" content=\"Estimated reading time\" \/>\n\t<meta name=\"twitter:data1\" content=\"1 minute\" \/>\n<script type=\"application\/ld+json\" class=\"yoast-schema-graph\">{\"@context\":\"https:\/\/schema.org\",\"@graph\":[{\"@type\":\"WebPage\",\"@id\":\"https:\/\/www.vera-nature.com\/product\/prise-de-poids-adulte\/\",\"url\":\"https:\/\/www.vera-nature.com\/product\/prise-de-poids-adulte\/\",\"name\":\"Prise de Poids Adulte - Vera nature\",\"isPartOf\":{\"@id\":\"https:\/\/www.vera-nature.com\/#website\"},\"primaryImageOfPage\":{\"@id\":\"https:\/\/www.vera-nature.com\/product\/prise-de-poids-adulte\/#primaryimage\"},\"image\":{\"@id\":\"https:\/\/www.vera-nature.com\/product\/prise-de-poids-adulte\/#primaryimage\"},\"thumbnailUrl\":\"https:\/\/www.vera-nature.com\/wp-content\/uploads\/2026\/03\/prise-de-poids-adult-copie.webp\",\"datePublished\":\"2026-03-13T12:50:33+00:00\",\"breadcrumb\":{\"@id\":\"https:\/\/www.vera-nature.com\/product\/prise-de-poids-adulte\/#breadcrumb\"},\"inLanguage\":\"en-GB\",\"potentialAction\":[{\"@type\":\"ReadAction\",\"target\":[\"https:\/\/www.vera-nature.com\/product\/prise-de-poids-adulte\/\"]}]},{\"@type\":\"ImageObject\",\"inLanguage\":\"en-GB\",\"@id\":\"https:\/\/www.vera-nature.com\/product\/prise-de-poids-adulte\/#primaryimage\",\"url\":\"https:\/\/www.vera-nature.com\/wp-content\/uploads\/2026\/03\/prise-de-poids-adult-copie.webp\",\"contentUrl\":\"https:\/\/www.vera-nature.com\/wp-content\/uploads\/2026\/03\/prise-de-poids-adult-copie.webp\",\"width\":560,\"height\":570},{\"@type\":\"BreadcrumbList\",\"@id\":\"https:\/\/www.vera-nature.com\/product\/prise-de-poids-adulte\/#breadcrumb\",\"itemListElement\":[{\"@type\":\"ListItem\",\"position\":1,\"name\":\"Accueil\",\"item\":\"https:\/\/www.vera-nature.com\/\"},{\"@type\":\"ListItem\",\"position\":2,\"name\":\"Nos produits\",\"item\":\"https:\/\/www.vera-nature.com\/nos-produits\/\"},{\"@type\":\"ListItem\",\"position\":3,\"name\":\"Prise de Poids Adulte\"}]},{\"@type\":\"WebSite\",\"@id\":\"https:\/\/www.vera-nature.com\/#website\",\"url\":\"https:\/\/www.vera-nature.com\/\",\"name\":\"Vera nature\",\"description\":\"\",\"publisher\":{\"@id\":\"https:\/\/www.vera-nature.com\/#organization\"},\"potentialAction\":[{\"@type\":\"SearchAction\",\"target\":{\"@type\":\"EntryPoint\",\"urlTemplate\":\"https:\/\/www.vera-nature.com\/?s={search_term_string}\"},\"query-input\":{\"@type\":\"PropertyValueSpecification\",\"valueRequired\":true,\"valueName\":\"search_term_string\"}}],\"inLanguage\":\"en-GB\"},{\"@type\":\"Organization\",\"@id\":\"https:\/\/www.vera-nature.com\/#organization\",\"name\":\"Vera nature\",\"url\":\"https:\/\/www.vera-nature.com\/\",\"logo\":{\"@type\":\"ImageObject\",\"inLanguage\":\"en-GB\",\"@id\":\"https:\/\/www.vera-nature.com\/#\/schema\/logo\/image\/\",\"url\":\"https:\/\/www.vera-nature.com\/wp-content\/uploads\/2023\/02\/logo_vernature.png\",\"contentUrl\":\"https:\/\/www.vera-nature.com\/wp-content\/uploads\/2023\/02\/logo_vernature.png\",\"width\":235,\"height\":88,\"caption\":\"Vera nature\"},\"image\":{\"@id\":\"https:\/\/www.vera-nature.com\/#\/schema\/logo\/image\/\"}}]}<\/script>\n<!-- \/ Yoast SEO plugin. -->","yoast_head_json":{"title":"Prise de Poids Adulte - Vera nature","robots":{"index":"index","follow":"follow","max-snippet":"max-snippet:-1","max-image-preview":"max-image-preview:large","max-video-preview":"max-video-preview:-1"},"canonical":"https:\/\/www.vera-nature.com\/en\/product\/prise-de-poids-adulte\/","og_locale":"en_GB","og_type":"article","og_title":"Prise de Poids Adulte - Vera nature","og_description":"250g  Un m\u00e9lange naturel d\u2019herbes et de fruits secs, riche en prot\u00e9ines, vitamines et fer, associant l\u2019ashwagandha et le moringa pour soutenir l\u2019\u00e9nergie et la vitalit\u00e9. Cette formule nutritive aide \u00e0 stimuler l\u2019app\u00e9tit, renforcer l\u2019immunit\u00e9 et favoriser une prise de poids saine et naturelle.","og_url":"https:\/\/www.vera-nature.com\/en\/product\/prise-de-poids-adulte\/","og_site_name":"Vera nature","og_image":[{"width":560,"height":570,"url":"https:\/\/www.vera-nature.com\/wp-content\/uploads\/2026\/03\/prise-de-poids-adult-copie.webp","type":"image\/webp"}],"twitter_card":"summary_large_image","twitter_misc":{"Estimated reading time":"1 minute"},"schema":{"@context":"https:\/\/schema.org","@graph":[{"@type":"WebPage","@id":"https:\/\/www.vera-nature.com\/product\/prise-de-poids-adulte\/","url":"https:\/\/www.vera-nature.com\/product\/prise-de-poids-adulte\/","name":"Prise de Poids Adulte - Vera nature","isPartOf":{"@id":"https:\/\/www.vera-nature.com\/#website"},"primaryImageOfPage":{"@id":"https:\/\/www.vera-nature.com\/product\/prise-de-poids-adulte\/#primaryimage"},"image":{"@id":"https:\/\/www.vera-nature.com\/product\/prise-de-poids-adulte\/#primaryimage"},"thumbnailUrl":"https:\/\/www.vera-nature.com\/wp-content\/uploads\/2026\/03\/prise-de-poids-adult-copie.webp","datePublished":"2026-03-13T12:50:33+00:00","breadcrumb":{"@id":"https:\/\/www.vera-nature.com\/product\/prise-de-poids-adulte\/#breadcrumb"},"inLanguage":"en-GB","potentialAction":[{"@type":"ReadAction","target":["https:\/\/www.vera-nature.com\/product\/prise-de-poids-adulte\/"]}]},{"@type":"ImageObject","inLanguage":"en-GB","@id":"https:\/\/www.vera-nature.com\/product\/prise-de-poids-adulte\/#primaryimage","url":"https:\/\/www.vera-nature.com\/wp-content\/uploads\/2026\/03\/prise-de-poids-adult-copie.webp","contentUrl":"https:\/\/www.vera-nature.com\/wp-content\/uploads\/2026\/03\/prise-de-poids-adult-copie.webp","width":560,"height":570},{"@type":"BreadcrumbList","@id":"https:\/\/www.vera-nature.com\/product\/prise-de-poids-adulte\/#breadcrumb","itemListElement":[{"@type":"ListItem","position":1,"name":"Accueil","item":"https:\/\/www.vera-nature.com\/"},{"@type":"ListItem","position":2,"name":"Nos produits","item":"https:\/\/www.vera-nature.com\/nos-produits\/"},{"@type":"ListItem","position":3,"name":"Prise de Poids Adulte"}]},{"@type":"WebSite","@id":"https:\/\/www.vera-nature.com\/#website","url":"https:\/\/www.vera-nature.com\/","name":"Vera nature","description":"","publisher":{"@id":"https:\/\/www.vera-nature.com\/#organization"},"potentialAction":[{"@type":"SearchAction","target":{"@type":"EntryPoint","urlTemplate":"https:\/\/www.vera-nature.com\/?s={search_term_string}"},"query-input":{"@type":"PropertyValueSpecification","valueRequired":true,"valueName":"search_term_string"}}],"inLanguage":"en-GB"},{"@type":"Organization","@id":"https:\/\/www.vera-nature.com\/#organization","name":"Vera nature","url":"https:\/\/www.vera-nature.com\/","logo":{"@type":"ImageObject","inLanguage":"en-GB","@id":"https:\/\/www.vera-nature.com\/#\/schema\/logo\/image\/","url":"https:\/\/www.vera-nature.com\/wp-content\/uploads\/2023\/02\/logo_vernature.png","contentUrl":"https:\/\/www.vera-nature.com\/wp-content\/uploads\/2023\/02\/logo_vernature.png","width":235,"height":88,"caption":"Vera nature"},"image":{"@id":"https:\/\/www.vera-nature.com\/#\/schema\/logo\/image\/"}}]}},"_links":{"self":[{"href":"https:\/\/www.vera-nature.com\/en\/wp-json\/wp\/v2\/product\/3950","targetHints":{"allow":["GET"]}}],"collection":[{"href":"https:\/\/www.vera-nature.com\/en\/wp-json\/wp\/v2\/product"}],"about":[{"href":"https:\/\/www.vera-nature.com\/en\/wp-json\/wp\/v2\/types\/product"}],"wp:featuredmedia":[{"embeddable":true,"href":"https:\/\/www.vera-nature.com\/en\/wp-json\/wp\/v2\/media\/3951"}],"wp:attachment":[{"href":"https:\/\/www.vera-nature.com\/en\/wp-json\/wp\/v2\/media?parent=3950"}],"wp:term":[{"taxonomy":"product_brand","embeddable":true,"href":"https:\/\/www.vera-nature.com\/en\/wp-json\/wp\/v2\/product_brand?post=3950"},{"taxonomy":"product_cat","embeddable":true,"href":"https:\/\/www.vera-nature.com\/en\/wp-json\/wp\/v2\/product_cat?post=3950"},{"taxonomy":"product_tag","embeddable":true,"href":"https:\/\/www.vera-nature.com\/en\/wp-json\/wp\/v2\/product_tag?post=3950"}],"curies":[{"name":"wp","href":"https:\/\/api.w.org\/{rel}","templated":true}]}}