{"id":3954,"date":"2026-03-14T19:39:32","date_gmt":"2026-03-14T18:39:32","guid":{"rendered":"https:\/\/www.vera-nature.com\/?post_type=product&#038;p=3954"},"modified":"2026-03-14T19:45:15","modified_gmt":"2026-03-14T18:45:15","slug":"charmoula-a-la-sfaxienne-3","status":"publish","type":"product","link":"https:\/\/www.vera-nature.com\/en\/product\/charmoula-a-la-sfaxienne-3\/","title":{"rendered":"CHARMOULA \u00e0 la Sfaxienne"},"content":{"rendered":"<p>D\u00e9couvrez notre charmoula \u00e0 la Sfaxienne, \u00e9labor\u00e9e dans le respect du savoir-faire traditionnel du sud tunisien. Pr\u00e9par\u00e9e sans sucre ajout\u00e9, elle met en valeur le go\u00fbt naturel des ingr\u00e9dients et un subtil m\u00e9lange d\u2019\u00e9pices. Sa texture onctueuse et son ar\u00f4me d\u00e9licat en font un accompagnement id\u00e9al pour vos plats sal\u00e9s et vos recettes typiques. Le tout est sublim\u00e9 par une huile d\u2019olive soigneusement s\u00e9lectionn\u00e9e, apportant richesse et authenticit\u00e9 \u00e0 chaque bouch\u00e9e.<\/p>","protected":false},"excerpt":{"rendered":"<p>700g<\/p>\n<p>Savourez notre charmoula \u00e0 la Sfaxienne, pr\u00e9par\u00e9e sans sucre ajout\u00e9 selon la recette traditionnelle. Enrichie d\u2019huile d\u2019olive de qualit\u00e9, elle offre une saveur authentique et g\u00e9n\u00e9reuse.<\/p>","protected":false},"featured_media":3955,"template":"","meta":[],"product_brand":[],"product_cat":[15,79],"product_tag":[],"class_list":{"0":"post-3954","1":"product","2":"type-product","3":"status-publish","4":"has-post-thumbnail","6":"product_cat-uncategorized","7":"product_cat-khabia-sfaxienne","9":"first","10":"instock","11":"sale","12":"shipping-taxable","13":"purchasable","14":"product-type-simple"},"yoast_head":"<!-- This site is optimized with the Yoast SEO plugin v27.0 - https:\/\/yoast.com\/product\/yoast-seo-wordpress\/ -->\n<title>CHARMOULA \u00e0 la Sfaxienne - Vera nature<\/title>\n<meta name=\"robots\" content=\"index, follow, max-snippet:-1, max-image-preview:large, max-video-preview:-1\" \/>\n<link rel=\"canonical\" href=\"https:\/\/www.vera-nature.com\/en\/product\/charmoula-a-la-sfaxienne-3\/\" \/>\n<meta property=\"og:locale\" content=\"en_GB\" \/>\n<meta property=\"og:type\" content=\"article\" \/>\n<meta property=\"og:title\" content=\"CHARMOULA \u00e0 la Sfaxienne - Vera nature\" \/>\n<meta property=\"og:description\" content=\"700g  Savourez notre charmoula \u00e0 la Sfaxienne, pr\u00e9par\u00e9e sans sucre ajout\u00e9 selon la recette traditionnelle. Enrichie d\u2019huile d\u2019olive de qualit\u00e9, elle offre une saveur authentique et g\u00e9n\u00e9reuse.\" \/>\n<meta property=\"og:url\" content=\"https:\/\/www.vera-nature.com\/en\/product\/charmoula-a-la-sfaxienne-3\/\" \/>\n<meta property=\"og:site_name\" content=\"Vera nature\" \/>\n<meta property=\"article:modified_time\" content=\"2026-03-14T18:45:15+00:00\" \/>\n<meta property=\"og:image\" content=\"https:\/\/www.vera-nature.com\/wp-content\/uploads\/2026\/03\/charmoula-700g-copie.webp\" \/>\n\t<meta property=\"og:image:width\" content=\"560\" \/>\n\t<meta property=\"og:image:height\" content=\"570\" \/>\n\t<meta property=\"og:image:type\" content=\"image\/webp\" \/>\n<meta name=\"twitter:card\" content=\"summary_large_image\" \/>\n<meta name=\"twitter:label1\" content=\"Estimated reading time\" \/>\n\t<meta name=\"twitter:data1\" content=\"1 minute\" \/>\n<script type=\"application\/ld+json\" class=\"yoast-schema-graph\">{\"@context\":\"https:\/\/schema.org\",\"@graph\":[{\"@type\":\"WebPage\",\"@id\":\"https:\/\/www.vera-nature.com\/product\/charmoula-a-la-sfaxienne-3\/\",\"url\":\"https:\/\/www.vera-nature.com\/product\/charmoula-a-la-sfaxienne-3\/\",\"name\":\"CHARMOULA \u00e0 la Sfaxienne - Vera nature\",\"isPartOf\":{\"@id\":\"https:\/\/www.vera-nature.com\/#website\"},\"primaryImageOfPage\":{\"@id\":\"https:\/\/www.vera-nature.com\/product\/charmoula-a-la-sfaxienne-3\/#primaryimage\"},\"image\":{\"@id\":\"https:\/\/www.vera-nature.com\/product\/charmoula-a-la-sfaxienne-3\/#primaryimage\"},\"thumbnailUrl\":\"https:\/\/www.vera-nature.com\/wp-content\/uploads\/2026\/03\/charmoula-700g-copie.webp\",\"datePublished\":\"2026-03-14T18:39:32+00:00\",\"dateModified\":\"2026-03-14T18:45:15+00:00\",\"breadcrumb\":{\"@id\":\"https:\/\/www.vera-nature.com\/product\/charmoula-a-la-sfaxienne-3\/#breadcrumb\"},\"inLanguage\":\"en-GB\",\"potentialAction\":[{\"@type\":\"ReadAction\",\"target\":[\"https:\/\/www.vera-nature.com\/product\/charmoula-a-la-sfaxienne-3\/\"]}]},{\"@type\":\"ImageObject\",\"inLanguage\":\"en-GB\",\"@id\":\"https:\/\/www.vera-nature.com\/product\/charmoula-a-la-sfaxienne-3\/#primaryimage\",\"url\":\"https:\/\/www.vera-nature.com\/wp-content\/uploads\/2026\/03\/charmoula-700g-copie.webp\",\"contentUrl\":\"https:\/\/www.vera-nature.com\/wp-content\/uploads\/2026\/03\/charmoula-700g-copie.webp\",\"width\":560,\"height\":570},{\"@type\":\"BreadcrumbList\",\"@id\":\"https:\/\/www.vera-nature.com\/product\/charmoula-a-la-sfaxienne-3\/#breadcrumb\",\"itemListElement\":[{\"@type\":\"ListItem\",\"position\":1,\"name\":\"Accueil\",\"item\":\"https:\/\/www.vera-nature.com\/\"},{\"@type\":\"ListItem\",\"position\":2,\"name\":\"Nos produits\",\"item\":\"https:\/\/www.vera-nature.com\/nos-produits\/\"},{\"@type\":\"ListItem\",\"position\":3,\"name\":\"CHARMOULA \u00e0 la Sfaxienne\"}]},{\"@type\":\"WebSite\",\"@id\":\"https:\/\/www.vera-nature.com\/#website\",\"url\":\"https:\/\/www.vera-nature.com\/\",\"name\":\"Vera nature\",\"description\":\"\",\"publisher\":{\"@id\":\"https:\/\/www.vera-nature.com\/#organization\"},\"potentialAction\":[{\"@type\":\"SearchAction\",\"target\":{\"@type\":\"EntryPoint\",\"urlTemplate\":\"https:\/\/www.vera-nature.com\/?s={search_term_string}\"},\"query-input\":{\"@type\":\"PropertyValueSpecification\",\"valueRequired\":true,\"valueName\":\"search_term_string\"}}],\"inLanguage\":\"en-GB\"},{\"@type\":\"Organization\",\"@id\":\"https:\/\/www.vera-nature.com\/#organization\",\"name\":\"Vera nature\",\"url\":\"https:\/\/www.vera-nature.com\/\",\"logo\":{\"@type\":\"ImageObject\",\"inLanguage\":\"en-GB\",\"@id\":\"https:\/\/www.vera-nature.com\/#\/schema\/logo\/image\/\",\"url\":\"https:\/\/www.vera-nature.com\/wp-content\/uploads\/2023\/02\/logo_vernature.png\",\"contentUrl\":\"https:\/\/www.vera-nature.com\/wp-content\/uploads\/2023\/02\/logo_vernature.png\",\"width\":235,\"height\":88,\"caption\":\"Vera nature\"},\"image\":{\"@id\":\"https:\/\/www.vera-nature.com\/#\/schema\/logo\/image\/\"}}]}<\/script>\n<!-- \/ Yoast SEO plugin. -->","yoast_head_json":{"title":"CHARMOULA \u00e0 la Sfaxienne - Vera nature","robots":{"index":"index","follow":"follow","max-snippet":"max-snippet:-1","max-image-preview":"max-image-preview:large","max-video-preview":"max-video-preview:-1"},"canonical":"https:\/\/www.vera-nature.com\/en\/product\/charmoula-a-la-sfaxienne-3\/","og_locale":"en_GB","og_type":"article","og_title":"CHARMOULA \u00e0 la Sfaxienne - Vera nature","og_description":"700g  Savourez notre charmoula \u00e0 la Sfaxienne, pr\u00e9par\u00e9e sans sucre ajout\u00e9 selon la recette traditionnelle. Enrichie d\u2019huile d\u2019olive de qualit\u00e9, elle offre une saveur authentique et g\u00e9n\u00e9reuse.","og_url":"https:\/\/www.vera-nature.com\/en\/product\/charmoula-a-la-sfaxienne-3\/","og_site_name":"Vera nature","article_modified_time":"2026-03-14T18:45:15+00:00","og_image":[{"width":560,"height":570,"url":"https:\/\/www.vera-nature.com\/wp-content\/uploads\/2026\/03\/charmoula-700g-copie.webp","type":"image\/webp"}],"twitter_card":"summary_large_image","twitter_misc":{"Estimated reading time":"1 minute"},"schema":{"@context":"https:\/\/schema.org","@graph":[{"@type":"WebPage","@id":"https:\/\/www.vera-nature.com\/product\/charmoula-a-la-sfaxienne-3\/","url":"https:\/\/www.vera-nature.com\/product\/charmoula-a-la-sfaxienne-3\/","name":"CHARMOULA \u00e0 la Sfaxienne - Vera nature","isPartOf":{"@id":"https:\/\/www.vera-nature.com\/#website"},"primaryImageOfPage":{"@id":"https:\/\/www.vera-nature.com\/product\/charmoula-a-la-sfaxienne-3\/#primaryimage"},"image":{"@id":"https:\/\/www.vera-nature.com\/product\/charmoula-a-la-sfaxienne-3\/#primaryimage"},"thumbnailUrl":"https:\/\/www.vera-nature.com\/wp-content\/uploads\/2026\/03\/charmoula-700g-copie.webp","datePublished":"2026-03-14T18:39:32+00:00","dateModified":"2026-03-14T18:45:15+00:00","breadcrumb":{"@id":"https:\/\/www.vera-nature.com\/product\/charmoula-a-la-sfaxienne-3\/#breadcrumb"},"inLanguage":"en-GB","potentialAction":[{"@type":"ReadAction","target":["https:\/\/www.vera-nature.com\/product\/charmoula-a-la-sfaxienne-3\/"]}]},{"@type":"ImageObject","inLanguage":"en-GB","@id":"https:\/\/www.vera-nature.com\/product\/charmoula-a-la-sfaxienne-3\/#primaryimage","url":"https:\/\/www.vera-nature.com\/wp-content\/uploads\/2026\/03\/charmoula-700g-copie.webp","contentUrl":"https:\/\/www.vera-nature.com\/wp-content\/uploads\/2026\/03\/charmoula-700g-copie.webp","width":560,"height":570},{"@type":"BreadcrumbList","@id":"https:\/\/www.vera-nature.com\/product\/charmoula-a-la-sfaxienne-3\/#breadcrumb","itemListElement":[{"@type":"ListItem","position":1,"name":"Accueil","item":"https:\/\/www.vera-nature.com\/"},{"@type":"ListItem","position":2,"name":"Nos produits","item":"https:\/\/www.vera-nature.com\/nos-produits\/"},{"@type":"ListItem","position":3,"name":"CHARMOULA \u00e0 la Sfaxienne"}]},{"@type":"WebSite","@id":"https:\/\/www.vera-nature.com\/#website","url":"https:\/\/www.vera-nature.com\/","name":"Vera nature","description":"","publisher":{"@id":"https:\/\/www.vera-nature.com\/#organization"},"potentialAction":[{"@type":"SearchAction","target":{"@type":"EntryPoint","urlTemplate":"https:\/\/www.vera-nature.com\/?s={search_term_string}"},"query-input":{"@type":"PropertyValueSpecification","valueRequired":true,"valueName":"search_term_string"}}],"inLanguage":"en-GB"},{"@type":"Organization","@id":"https:\/\/www.vera-nature.com\/#organization","name":"Vera nature","url":"https:\/\/www.vera-nature.com\/","logo":{"@type":"ImageObject","inLanguage":"en-GB","@id":"https:\/\/www.vera-nature.com\/#\/schema\/logo\/image\/","url":"https:\/\/www.vera-nature.com\/wp-content\/uploads\/2023\/02\/logo_vernature.png","contentUrl":"https:\/\/www.vera-nature.com\/wp-content\/uploads\/2023\/02\/logo_vernature.png","width":235,"height":88,"caption":"Vera nature"},"image":{"@id":"https:\/\/www.vera-nature.com\/#\/schema\/logo\/image\/"}}]}},"_links":{"self":[{"href":"https:\/\/www.vera-nature.com\/en\/wp-json\/wp\/v2\/product\/3954","targetHints":{"allow":["GET"]}}],"collection":[{"href":"https:\/\/www.vera-nature.com\/en\/wp-json\/wp\/v2\/product"}],"about":[{"href":"https:\/\/www.vera-nature.com\/en\/wp-json\/wp\/v2\/types\/product"}],"wp:featuredmedia":[{"embeddable":true,"href":"https:\/\/www.vera-nature.com\/en\/wp-json\/wp\/v2\/media\/3955"}],"wp:attachment":[{"href":"https:\/\/www.vera-nature.com\/en\/wp-json\/wp\/v2\/media?parent=3954"}],"wp:term":[{"taxonomy":"product_brand","embeddable":true,"href":"https:\/\/www.vera-nature.com\/en\/wp-json\/wp\/v2\/product_brand?post=3954"},{"taxonomy":"product_cat","embeddable":true,"href":"https:\/\/www.vera-nature.com\/en\/wp-json\/wp\/v2\/product_cat?post=3954"},{"taxonomy":"product_tag","embeddable":true,"href":"https:\/\/www.vera-nature.com\/en\/wp-json\/wp\/v2\/product_tag?post=3954"}],"curies":[{"name":"wp","href":"https:\/\/api.w.org\/{rel}","templated":true}]}}