{"id":3960,"date":"2026-03-23T13:04:10","date_gmt":"2026-03-23T12:04:10","guid":{"rendered":"https:\/\/www.vera-nature.com\/?post_type=product&#038;p=3960"},"modified":"2026-03-23T13:14:14","modified_gmt":"2026-03-23T12:14:14","slug":"pack-minceur","status":"publish","type":"product","link":"https:\/\/www.vera-nature.com\/en\/product\/pack-minceur\/","title":{"rendered":"Pack Minceur &#038; Bien \u00eatre"},"content":{"rendered":"<p>L\u2019association des herbes <em data-start=\"390\" data-end=\"404\">Minceur Plus<\/em> avec hibiscus et la r\u00e9glisse favorise un m\u00e9tabolisme actif, ce qui peut accompagner une perte de poids progressive. Le karkad\u00e9 est reconnu pour ses propri\u00e9t\u00e9s drainantes et antioxydantes, aidant \u00e0 \u00e9liminer les toxines et \u00e0 soutenir le c\u0153ur. La r\u00e9glisse apporte un effet apaisant sur la digestion et peut aider \u00e0 stabiliser la glyc\u00e9mie. Ensemble, ces plantes offrent un soutien naturel pour maigrir tout en pr\u00e9servant l\u2019\u00e9quilibre du corps et le bien-\u00eatre cardiovasculaire.<\/p>","protected":false},"excerpt":{"rendered":"<p>Le pack <em data-start=\"41\" data-end=\"55\">Minceur Plus<\/em> et infusion de Hibiscus et r\u00e9glisse aide \u00e0 soutenir la perte de poids en favorisant la digestion, l\u2019\u00e9limination et la sensation de l\u00e9g\u00e8ret\u00e9. Il contribue aussi au bien-\u00eatre g\u00e9n\u00e9ral en aidant \u00e0 maintenir l\u2019\u00e9quilibre de la glyc\u00e9mie et en soutenant la sant\u00e9 cardiovasculaire.<\/p>","protected":false},"featured_media":3962,"template":"","meta":[],"product_brand":[],"product_cat":[76],"product_tag":[],"class_list":{"0":"post-3960","1":"product","2":"type-product","3":"status-publish","4":"has-post-thumbnail","6":"product_cat-packs-promos","8":"first","9":"instock","10":"sale","11":"shipping-taxable","12":"purchasable","13":"product-type-simple"},"yoast_head":"<!-- This site is optimized with the Yoast SEO plugin v27.0 - https:\/\/yoast.com\/product\/yoast-seo-wordpress\/ -->\n<title>Pack Minceur &amp; Bien \u00eatre - Vera nature<\/title>\n<meta name=\"robots\" content=\"index, follow, max-snippet:-1, max-image-preview:large, max-video-preview:-1\" \/>\n<link rel=\"canonical\" href=\"https:\/\/www.vera-nature.com\/en\/product\/pack-minceur\/\" \/>\n<meta property=\"og:locale\" content=\"en_GB\" \/>\n<meta property=\"og:type\" content=\"article\" \/>\n<meta property=\"og:title\" content=\"Pack Minceur &amp; Bien \u00eatre - Vera nature\" \/>\n<meta property=\"og:description\" content=\"Le pack Minceur Plus et infusion de Hibiscus et r\u00e9glisse aide \u00e0 soutenir la perte de poids en favorisant la digestion, l\u2019\u00e9limination et la sensation de l\u00e9g\u00e8ret\u00e9. Il contribue aussi au bien-\u00eatre g\u00e9n\u00e9ral en aidant \u00e0 maintenir l\u2019\u00e9quilibre de la glyc\u00e9mie et en soutenant la sant\u00e9 cardiovasculaire.\" \/>\n<meta property=\"og:url\" content=\"https:\/\/www.vera-nature.com\/en\/product\/pack-minceur\/\" \/>\n<meta property=\"og:site_name\" content=\"Vera nature\" \/>\n<meta property=\"article:modified_time\" content=\"2026-03-23T12:14:14+00:00\" \/>\n<meta property=\"og:image\" content=\"https:\/\/www.vera-nature.com\/wp-content\/uploads\/2026\/03\/WhatsApp-Image-2026-03-23-at-13.10.46.jpeg\" \/>\n\t<meta property=\"og:image:width\" content=\"1280\" \/>\n\t<meta property=\"og:image:height\" content=\"830\" \/>\n\t<meta property=\"og:image:type\" content=\"image\/jpeg\" \/>\n<meta name=\"twitter:card\" content=\"summary_large_image\" \/>\n<meta name=\"twitter:label1\" content=\"Estimated reading time\" \/>\n\t<meta name=\"twitter:data1\" content=\"1 minute\" \/>\n<script type=\"application\/ld+json\" class=\"yoast-schema-graph\">{\"@context\":\"https:\/\/schema.org\",\"@graph\":[{\"@type\":\"WebPage\",\"@id\":\"https:\/\/www.vera-nature.com\/product\/pack-minceur\/\",\"url\":\"https:\/\/www.vera-nature.com\/product\/pack-minceur\/\",\"name\":\"Pack Minceur & Bien \u00eatre - Vera nature\",\"isPartOf\":{\"@id\":\"https:\/\/www.vera-nature.com\/#website\"},\"primaryImageOfPage\":{\"@id\":\"https:\/\/www.vera-nature.com\/product\/pack-minceur\/#primaryimage\"},\"image\":{\"@id\":\"https:\/\/www.vera-nature.com\/product\/pack-minceur\/#primaryimage\"},\"thumbnailUrl\":\"https:\/\/www.vera-nature.com\/wp-content\/uploads\/2026\/03\/WhatsApp-Image-2026-03-23-at-13.10.46.jpeg\",\"datePublished\":\"2026-03-23T12:04:10+00:00\",\"dateModified\":\"2026-03-23T12:14:14+00:00\",\"breadcrumb\":{\"@id\":\"https:\/\/www.vera-nature.com\/product\/pack-minceur\/#breadcrumb\"},\"inLanguage\":\"en-GB\",\"potentialAction\":[{\"@type\":\"ReadAction\",\"target\":[\"https:\/\/www.vera-nature.com\/product\/pack-minceur\/\"]}]},{\"@type\":\"ImageObject\",\"inLanguage\":\"en-GB\",\"@id\":\"https:\/\/www.vera-nature.com\/product\/pack-minceur\/#primaryimage\",\"url\":\"https:\/\/www.vera-nature.com\/wp-content\/uploads\/2026\/03\/WhatsApp-Image-2026-03-23-at-13.10.46.jpeg\",\"contentUrl\":\"https:\/\/www.vera-nature.com\/wp-content\/uploads\/2026\/03\/WhatsApp-Image-2026-03-23-at-13.10.46.jpeg\",\"width\":1280,\"height\":830},{\"@type\":\"BreadcrumbList\",\"@id\":\"https:\/\/www.vera-nature.com\/product\/pack-minceur\/#breadcrumb\",\"itemListElement\":[{\"@type\":\"ListItem\",\"position\":1,\"name\":\"Accueil\",\"item\":\"https:\/\/www.vera-nature.com\/\"},{\"@type\":\"ListItem\",\"position\":2,\"name\":\"Nos produits\",\"item\":\"https:\/\/www.vera-nature.com\/nos-produits\/\"},{\"@type\":\"ListItem\",\"position\":3,\"name\":\"Pack Minceur &#038; Bien \u00eatre\"}]},{\"@type\":\"WebSite\",\"@id\":\"https:\/\/www.vera-nature.com\/#website\",\"url\":\"https:\/\/www.vera-nature.com\/\",\"name\":\"Vera nature\",\"description\":\"\",\"publisher\":{\"@id\":\"https:\/\/www.vera-nature.com\/#organization\"},\"potentialAction\":[{\"@type\":\"SearchAction\",\"target\":{\"@type\":\"EntryPoint\",\"urlTemplate\":\"https:\/\/www.vera-nature.com\/?s={search_term_string}\"},\"query-input\":{\"@type\":\"PropertyValueSpecification\",\"valueRequired\":true,\"valueName\":\"search_term_string\"}}],\"inLanguage\":\"en-GB\"},{\"@type\":\"Organization\",\"@id\":\"https:\/\/www.vera-nature.com\/#organization\",\"name\":\"Vera nature\",\"url\":\"https:\/\/www.vera-nature.com\/\",\"logo\":{\"@type\":\"ImageObject\",\"inLanguage\":\"en-GB\",\"@id\":\"https:\/\/www.vera-nature.com\/#\/schema\/logo\/image\/\",\"url\":\"https:\/\/www.vera-nature.com\/wp-content\/uploads\/2023\/02\/logo_vernature.png\",\"contentUrl\":\"https:\/\/www.vera-nature.com\/wp-content\/uploads\/2023\/02\/logo_vernature.png\",\"width\":235,\"height\":88,\"caption\":\"Vera nature\"},\"image\":{\"@id\":\"https:\/\/www.vera-nature.com\/#\/schema\/logo\/image\/\"}}]}<\/script>\n<!-- \/ Yoast SEO plugin. -->","yoast_head_json":{"title":"Pack Minceur & Bien \u00eatre - Vera nature","robots":{"index":"index","follow":"follow","max-snippet":"max-snippet:-1","max-image-preview":"max-image-preview:large","max-video-preview":"max-video-preview:-1"},"canonical":"https:\/\/www.vera-nature.com\/en\/product\/pack-minceur\/","og_locale":"en_GB","og_type":"article","og_title":"Pack Minceur & Bien \u00eatre - Vera nature","og_description":"Le pack Minceur Plus et infusion de Hibiscus et r\u00e9glisse aide \u00e0 soutenir la perte de poids en favorisant la digestion, l\u2019\u00e9limination et la sensation de l\u00e9g\u00e8ret\u00e9. Il contribue aussi au bien-\u00eatre g\u00e9n\u00e9ral en aidant \u00e0 maintenir l\u2019\u00e9quilibre de la glyc\u00e9mie et en soutenant la sant\u00e9 cardiovasculaire.","og_url":"https:\/\/www.vera-nature.com\/en\/product\/pack-minceur\/","og_site_name":"Vera nature","article_modified_time":"2026-03-23T12:14:14+00:00","og_image":[{"width":1280,"height":830,"url":"https:\/\/www.vera-nature.com\/wp-content\/uploads\/2026\/03\/WhatsApp-Image-2026-03-23-at-13.10.46.jpeg","type":"image\/jpeg"}],"twitter_card":"summary_large_image","twitter_misc":{"Estimated reading time":"1 minute"},"schema":{"@context":"https:\/\/schema.org","@graph":[{"@type":"WebPage","@id":"https:\/\/www.vera-nature.com\/product\/pack-minceur\/","url":"https:\/\/www.vera-nature.com\/product\/pack-minceur\/","name":"Pack Minceur & Bien \u00eatre - Vera nature","isPartOf":{"@id":"https:\/\/www.vera-nature.com\/#website"},"primaryImageOfPage":{"@id":"https:\/\/www.vera-nature.com\/product\/pack-minceur\/#primaryimage"},"image":{"@id":"https:\/\/www.vera-nature.com\/product\/pack-minceur\/#primaryimage"},"thumbnailUrl":"https:\/\/www.vera-nature.com\/wp-content\/uploads\/2026\/03\/WhatsApp-Image-2026-03-23-at-13.10.46.jpeg","datePublished":"2026-03-23T12:04:10+00:00","dateModified":"2026-03-23T12:14:14+00:00","breadcrumb":{"@id":"https:\/\/www.vera-nature.com\/product\/pack-minceur\/#breadcrumb"},"inLanguage":"en-GB","potentialAction":[{"@type":"ReadAction","target":["https:\/\/www.vera-nature.com\/product\/pack-minceur\/"]}]},{"@type":"ImageObject","inLanguage":"en-GB","@id":"https:\/\/www.vera-nature.com\/product\/pack-minceur\/#primaryimage","url":"https:\/\/www.vera-nature.com\/wp-content\/uploads\/2026\/03\/WhatsApp-Image-2026-03-23-at-13.10.46.jpeg","contentUrl":"https:\/\/www.vera-nature.com\/wp-content\/uploads\/2026\/03\/WhatsApp-Image-2026-03-23-at-13.10.46.jpeg","width":1280,"height":830},{"@type":"BreadcrumbList","@id":"https:\/\/www.vera-nature.com\/product\/pack-minceur\/#breadcrumb","itemListElement":[{"@type":"ListItem","position":1,"name":"Accueil","item":"https:\/\/www.vera-nature.com\/"},{"@type":"ListItem","position":2,"name":"Nos produits","item":"https:\/\/www.vera-nature.com\/nos-produits\/"},{"@type":"ListItem","position":3,"name":"Pack Minceur &#038; Bien \u00eatre"}]},{"@type":"WebSite","@id":"https:\/\/www.vera-nature.com\/#website","url":"https:\/\/www.vera-nature.com\/","name":"Vera nature","description":"","publisher":{"@id":"https:\/\/www.vera-nature.com\/#organization"},"potentialAction":[{"@type":"SearchAction","target":{"@type":"EntryPoint","urlTemplate":"https:\/\/www.vera-nature.com\/?s={search_term_string}"},"query-input":{"@type":"PropertyValueSpecification","valueRequired":true,"valueName":"search_term_string"}}],"inLanguage":"en-GB"},{"@type":"Organization","@id":"https:\/\/www.vera-nature.com\/#organization","name":"Vera nature","url":"https:\/\/www.vera-nature.com\/","logo":{"@type":"ImageObject","inLanguage":"en-GB","@id":"https:\/\/www.vera-nature.com\/#\/schema\/logo\/image\/","url":"https:\/\/www.vera-nature.com\/wp-content\/uploads\/2023\/02\/logo_vernature.png","contentUrl":"https:\/\/www.vera-nature.com\/wp-content\/uploads\/2023\/02\/logo_vernature.png","width":235,"height":88,"caption":"Vera nature"},"image":{"@id":"https:\/\/www.vera-nature.com\/#\/schema\/logo\/image\/"}}]}},"_links":{"self":[{"href":"https:\/\/www.vera-nature.com\/en\/wp-json\/wp\/v2\/product\/3960","targetHints":{"allow":["GET"]}}],"collection":[{"href":"https:\/\/www.vera-nature.com\/en\/wp-json\/wp\/v2\/product"}],"about":[{"href":"https:\/\/www.vera-nature.com\/en\/wp-json\/wp\/v2\/types\/product"}],"wp:featuredmedia":[{"embeddable":true,"href":"https:\/\/www.vera-nature.com\/en\/wp-json\/wp\/v2\/media\/3962"}],"wp:attachment":[{"href":"https:\/\/www.vera-nature.com\/en\/wp-json\/wp\/v2\/media?parent=3960"}],"wp:term":[{"taxonomy":"product_brand","embeddable":true,"href":"https:\/\/www.vera-nature.com\/en\/wp-json\/wp\/v2\/product_brand?post=3960"},{"taxonomy":"product_cat","embeddable":true,"href":"https:\/\/www.vera-nature.com\/en\/wp-json\/wp\/v2\/product_cat?post=3960"},{"taxonomy":"product_tag","embeddable":true,"href":"https:\/\/www.vera-nature.com\/en\/wp-json\/wp\/v2\/product_tag?post=3960"}],"curies":[{"name":"wp","href":"https:\/\/api.w.org\/{rel}","templated":true}]}}