{"id":3974,"date":"2026-04-01T18:30:21","date_gmt":"2026-04-01T16:30:21","guid":{"rendered":"https:\/\/www.vera-nature.com\/?post_type=product&#038;p=3974"},"modified":"2026-04-01T18:30:21","modified_gmt":"2026-04-01T16:30:21","slug":"pack-mycose-des-ongles","status":"publish","type":"product","link":"https:\/\/www.vera-nature.com\/en\/product\/pack-mycose-des-ongles\/","title":{"rendered":"Pack Mycose des Ongles"},"content":{"rendered":"<p>Ce pack de soin complet est sp\u00e9cialement formul\u00e9 pour lutter contre la mycose des ongles de mani\u00e8re naturelle et efficace. Sa composition \u00e0 base de graines de lentisque tunisienne agit en profondeur pour assainir et renforcer les ongles. Adapt\u00e9 aux hommes et aux femmes, il convient \u00e0 une utilisation r\u00e9guli\u00e8re pour des r\u00e9sultats visibles. Le beurre de karit\u00e9 inclus hydrate intens\u00e9ment les mains et les pieds, laissant la peau douce, nourrie et prot\u00e9g\u00e9e.<\/p>","protected":false},"excerpt":{"rendered":"<p>Pack de soin naturel con\u00e7u pour traiter efficacement la mycose des ongles gr\u00e2ce \u00e0 une formule \u00e0 base de graines de lentisque tunisienne. En compl\u00e9ment, le beurre de karit\u00e9 hydrate intens\u00e9ment les mains et les pieds pour une peau douce et nourrie.<\/p>","protected":false},"featured_media":3975,"template":"","meta":[],"product_brand":[],"product_cat":[76],"product_tag":[],"class_list":{"0":"post-3974","1":"product","2":"type-product","3":"status-publish","4":"has-post-thumbnail","6":"product_cat-packs-promos","8":"first","9":"instock","10":"sale","11":"shipping-taxable","12":"purchasable","13":"product-type-simple"},"yoast_head":"<!-- This site is optimized with the Yoast SEO plugin v27.0 - https:\/\/yoast.com\/product\/yoast-seo-wordpress\/ -->\n<title>Pack Mycose des Ongles - Vera nature<\/title>\n<meta name=\"robots\" content=\"index, follow, max-snippet:-1, max-image-preview:large, max-video-preview:-1\" \/>\n<link rel=\"canonical\" href=\"https:\/\/www.vera-nature.com\/en\/product\/pack-mycose-des-ongles\/\" \/>\n<meta property=\"og:locale\" content=\"en_GB\" \/>\n<meta property=\"og:type\" content=\"article\" \/>\n<meta property=\"og:title\" content=\"Pack Mycose des Ongles - Vera nature\" \/>\n<meta property=\"og:description\" content=\"Pack de soin naturel con\u00e7u pour traiter efficacement la mycose des ongles gr\u00e2ce \u00e0 une formule \u00e0 base de graines de lentisque tunisienne. En compl\u00e9ment, le beurre de karit\u00e9 hydrate intens\u00e9ment les mains et les pieds pour une peau douce et nourrie.\" \/>\n<meta property=\"og:url\" content=\"https:\/\/www.vera-nature.com\/en\/product\/pack-mycose-des-ongles\/\" \/>\n<meta property=\"og:site_name\" content=\"Vera nature\" \/>\n<meta property=\"og:image\" content=\"https:\/\/www.vera-nature.com\/wp-content\/uploads\/2026\/04\/pack-des-ongles.jpeg\" \/>\n\t<meta property=\"og:image:width\" content=\"1024\" \/>\n\t<meta property=\"og:image:height\" content=\"1280\" \/>\n\t<meta property=\"og:image:type\" content=\"image\/jpeg\" \/>\n<meta name=\"twitter:card\" content=\"summary_large_image\" \/>\n<meta name=\"twitter:label1\" content=\"Estimated reading time\" \/>\n\t<meta name=\"twitter:data1\" content=\"1 minute\" \/>\n<script type=\"application\/ld+json\" class=\"yoast-schema-graph\">{\"@context\":\"https:\/\/schema.org\",\"@graph\":[{\"@type\":\"WebPage\",\"@id\":\"https:\/\/www.vera-nature.com\/product\/pack-mycose-des-ongles\/\",\"url\":\"https:\/\/www.vera-nature.com\/product\/pack-mycose-des-ongles\/\",\"name\":\"Pack Mycose des Ongles - Vera nature\",\"isPartOf\":{\"@id\":\"https:\/\/www.vera-nature.com\/#website\"},\"primaryImageOfPage\":{\"@id\":\"https:\/\/www.vera-nature.com\/product\/pack-mycose-des-ongles\/#primaryimage\"},\"image\":{\"@id\":\"https:\/\/www.vera-nature.com\/product\/pack-mycose-des-ongles\/#primaryimage\"},\"thumbnailUrl\":\"https:\/\/www.vera-nature.com\/wp-content\/uploads\/2026\/04\/pack-des-ongles.jpeg\",\"datePublished\":\"2026-04-01T16:30:21+00:00\",\"breadcrumb\":{\"@id\":\"https:\/\/www.vera-nature.com\/product\/pack-mycose-des-ongles\/#breadcrumb\"},\"inLanguage\":\"en-GB\",\"potentialAction\":[{\"@type\":\"ReadAction\",\"target\":[\"https:\/\/www.vera-nature.com\/product\/pack-mycose-des-ongles\/\"]}]},{\"@type\":\"ImageObject\",\"inLanguage\":\"en-GB\",\"@id\":\"https:\/\/www.vera-nature.com\/product\/pack-mycose-des-ongles\/#primaryimage\",\"url\":\"https:\/\/www.vera-nature.com\/wp-content\/uploads\/2026\/04\/pack-des-ongles.jpeg\",\"contentUrl\":\"https:\/\/www.vera-nature.com\/wp-content\/uploads\/2026\/04\/pack-des-ongles.jpeg\",\"width\":1024,\"height\":1280},{\"@type\":\"BreadcrumbList\",\"@id\":\"https:\/\/www.vera-nature.com\/product\/pack-mycose-des-ongles\/#breadcrumb\",\"itemListElement\":[{\"@type\":\"ListItem\",\"position\":1,\"name\":\"Accueil\",\"item\":\"https:\/\/www.vera-nature.com\/\"},{\"@type\":\"ListItem\",\"position\":2,\"name\":\"Nos produits\",\"item\":\"https:\/\/www.vera-nature.com\/nos-produits\/\"},{\"@type\":\"ListItem\",\"position\":3,\"name\":\"Pack Mycose des Ongles\"}]},{\"@type\":\"WebSite\",\"@id\":\"https:\/\/www.vera-nature.com\/#website\",\"url\":\"https:\/\/www.vera-nature.com\/\",\"name\":\"Vera nature\",\"description\":\"\",\"publisher\":{\"@id\":\"https:\/\/www.vera-nature.com\/#organization\"},\"potentialAction\":[{\"@type\":\"SearchAction\",\"target\":{\"@type\":\"EntryPoint\",\"urlTemplate\":\"https:\/\/www.vera-nature.com\/?s={search_term_string}\"},\"query-input\":{\"@type\":\"PropertyValueSpecification\",\"valueRequired\":true,\"valueName\":\"search_term_string\"}}],\"inLanguage\":\"en-GB\"},{\"@type\":\"Organization\",\"@id\":\"https:\/\/www.vera-nature.com\/#organization\",\"name\":\"Vera nature\",\"url\":\"https:\/\/www.vera-nature.com\/\",\"logo\":{\"@type\":\"ImageObject\",\"inLanguage\":\"en-GB\",\"@id\":\"https:\/\/www.vera-nature.com\/#\/schema\/logo\/image\/\",\"url\":\"https:\/\/www.vera-nature.com\/wp-content\/uploads\/2023\/02\/logo_vernature.png\",\"contentUrl\":\"https:\/\/www.vera-nature.com\/wp-content\/uploads\/2023\/02\/logo_vernature.png\",\"width\":235,\"height\":88,\"caption\":\"Vera nature\"},\"image\":{\"@id\":\"https:\/\/www.vera-nature.com\/#\/schema\/logo\/image\/\"}}]}<\/script>\n<!-- \/ Yoast SEO plugin. -->","yoast_head_json":{"title":"Pack Mycose des Ongles - Vera nature","robots":{"index":"index","follow":"follow","max-snippet":"max-snippet:-1","max-image-preview":"max-image-preview:large","max-video-preview":"max-video-preview:-1"},"canonical":"https:\/\/www.vera-nature.com\/en\/product\/pack-mycose-des-ongles\/","og_locale":"en_GB","og_type":"article","og_title":"Pack Mycose des Ongles - Vera nature","og_description":"Pack de soin naturel con\u00e7u pour traiter efficacement la mycose des ongles gr\u00e2ce \u00e0 une formule \u00e0 base de graines de lentisque tunisienne. En compl\u00e9ment, le beurre de karit\u00e9 hydrate intens\u00e9ment les mains et les pieds pour une peau douce et nourrie.","og_url":"https:\/\/www.vera-nature.com\/en\/product\/pack-mycose-des-ongles\/","og_site_name":"Vera nature","og_image":[{"width":1024,"height":1280,"url":"https:\/\/www.vera-nature.com\/wp-content\/uploads\/2026\/04\/pack-des-ongles.jpeg","type":"image\/jpeg"}],"twitter_card":"summary_large_image","twitter_misc":{"Estimated reading time":"1 minute"},"schema":{"@context":"https:\/\/schema.org","@graph":[{"@type":"WebPage","@id":"https:\/\/www.vera-nature.com\/product\/pack-mycose-des-ongles\/","url":"https:\/\/www.vera-nature.com\/product\/pack-mycose-des-ongles\/","name":"Pack Mycose des Ongles - Vera nature","isPartOf":{"@id":"https:\/\/www.vera-nature.com\/#website"},"primaryImageOfPage":{"@id":"https:\/\/www.vera-nature.com\/product\/pack-mycose-des-ongles\/#primaryimage"},"image":{"@id":"https:\/\/www.vera-nature.com\/product\/pack-mycose-des-ongles\/#primaryimage"},"thumbnailUrl":"https:\/\/www.vera-nature.com\/wp-content\/uploads\/2026\/04\/pack-des-ongles.jpeg","datePublished":"2026-04-01T16:30:21+00:00","breadcrumb":{"@id":"https:\/\/www.vera-nature.com\/product\/pack-mycose-des-ongles\/#breadcrumb"},"inLanguage":"en-GB","potentialAction":[{"@type":"ReadAction","target":["https:\/\/www.vera-nature.com\/product\/pack-mycose-des-ongles\/"]}]},{"@type":"ImageObject","inLanguage":"en-GB","@id":"https:\/\/www.vera-nature.com\/product\/pack-mycose-des-ongles\/#primaryimage","url":"https:\/\/www.vera-nature.com\/wp-content\/uploads\/2026\/04\/pack-des-ongles.jpeg","contentUrl":"https:\/\/www.vera-nature.com\/wp-content\/uploads\/2026\/04\/pack-des-ongles.jpeg","width":1024,"height":1280},{"@type":"BreadcrumbList","@id":"https:\/\/www.vera-nature.com\/product\/pack-mycose-des-ongles\/#breadcrumb","itemListElement":[{"@type":"ListItem","position":1,"name":"Accueil","item":"https:\/\/www.vera-nature.com\/"},{"@type":"ListItem","position":2,"name":"Nos produits","item":"https:\/\/www.vera-nature.com\/nos-produits\/"},{"@type":"ListItem","position":3,"name":"Pack Mycose des Ongles"}]},{"@type":"WebSite","@id":"https:\/\/www.vera-nature.com\/#website","url":"https:\/\/www.vera-nature.com\/","name":"Vera nature","description":"","publisher":{"@id":"https:\/\/www.vera-nature.com\/#organization"},"potentialAction":[{"@type":"SearchAction","target":{"@type":"EntryPoint","urlTemplate":"https:\/\/www.vera-nature.com\/?s={search_term_string}"},"query-input":{"@type":"PropertyValueSpecification","valueRequired":true,"valueName":"search_term_string"}}],"inLanguage":"en-GB"},{"@type":"Organization","@id":"https:\/\/www.vera-nature.com\/#organization","name":"Vera nature","url":"https:\/\/www.vera-nature.com\/","logo":{"@type":"ImageObject","inLanguage":"en-GB","@id":"https:\/\/www.vera-nature.com\/#\/schema\/logo\/image\/","url":"https:\/\/www.vera-nature.com\/wp-content\/uploads\/2023\/02\/logo_vernature.png","contentUrl":"https:\/\/www.vera-nature.com\/wp-content\/uploads\/2023\/02\/logo_vernature.png","width":235,"height":88,"caption":"Vera nature"},"image":{"@id":"https:\/\/www.vera-nature.com\/#\/schema\/logo\/image\/"}}]}},"_links":{"self":[{"href":"https:\/\/www.vera-nature.com\/en\/wp-json\/wp\/v2\/product\/3974","targetHints":{"allow":["GET"]}}],"collection":[{"href":"https:\/\/www.vera-nature.com\/en\/wp-json\/wp\/v2\/product"}],"about":[{"href":"https:\/\/www.vera-nature.com\/en\/wp-json\/wp\/v2\/types\/product"}],"wp:featuredmedia":[{"embeddable":true,"href":"https:\/\/www.vera-nature.com\/en\/wp-json\/wp\/v2\/media\/3975"}],"wp:attachment":[{"href":"https:\/\/www.vera-nature.com\/en\/wp-json\/wp\/v2\/media?parent=3974"}],"wp:term":[{"taxonomy":"product_brand","embeddable":true,"href":"https:\/\/www.vera-nature.com\/en\/wp-json\/wp\/v2\/product_brand?post=3974"},{"taxonomy":"product_cat","embeddable":true,"href":"https:\/\/www.vera-nature.com\/en\/wp-json\/wp\/v2\/product_cat?post=3974"},{"taxonomy":"product_tag","embeddable":true,"href":"https:\/\/www.vera-nature.com\/en\/wp-json\/wp\/v2\/product_tag?post=3974"}],"curies":[{"name":"wp","href":"https:\/\/api.w.org\/{rel}","templated":true}]}}