{"id":3982,"date":"2026-04-10T18:06:00","date_gmt":"2026-04-10T16:06:00","guid":{"rendered":"https:\/\/www.vera-nature.com\/?post_type=product&#038;p=3982"},"modified":"2026-04-10T18:17:11","modified_gmt":"2026-04-10T16:17:11","slug":"pack-soin-de-cheveux","status":"publish","type":"product","link":"https:\/\/www.vera-nature.com\/en\/product\/pack-soin-de-cheveux\/","title":{"rendered":"Pack Soin de Cheveux"},"content":{"rendered":"<p>D\u00e9couvrez notre pack capillaire complet \u00e0 base de nigelle, id\u00e9al pour apaiser l\u2019ecz\u00e9ma du cuir chevelu et \u00e9liminer durablement les pellicules. Le shampooing nettoie en douceur tout en purifiant et en r\u00e9\u00e9quilibrant le cuir chevelu. L\u2019huile de nigelle, riche en nutriments, nourrit intens\u00e9ment les cheveux et stimule leur vitalit\u00e9. Ce duo naturel redonne confort, brillance et force \u00e0 vos cheveux au quotidien.<\/p>","protected":false},"excerpt":{"rendered":"<p>Un pack capillaire \u00e0 base de nigelle sp\u00e9cialement con\u00e7u pour traiter l\u2019ecz\u00e9ma et les pellicules tout en nourrissant les cheveux en profondeur. Il associe un shampooing purifiant et une huile de nigelle revitalisante pour des cheveux sains, forts et \u00e9quilibr\u00e9s.<\/p>","protected":false},"featured_media":3983,"template":"","meta":[],"product_brand":[],"product_cat":[76,78],"product_tag":[],"class_list":{"0":"post-3982","1":"product","2":"type-product","3":"status-publish","4":"has-post-thumbnail","6":"product_cat-packs-promos","7":"product_cat-produits-phares","9":"first","10":"instock","11":"sale","12":"shipping-taxable","13":"purchasable","14":"product-type-simple"},"yoast_head":"<!-- This site is optimized with the Yoast SEO plugin v27.0 - https:\/\/yoast.com\/product\/yoast-seo-wordpress\/ -->\n<title>Pack Soin de Cheveux - Vera nature<\/title>\n<meta name=\"robots\" content=\"index, follow, max-snippet:-1, max-image-preview:large, max-video-preview:-1\" \/>\n<link rel=\"canonical\" href=\"https:\/\/www.vera-nature.com\/en\/product\/pack-soin-de-cheveux\/\" \/>\n<meta property=\"og:locale\" content=\"en_GB\" \/>\n<meta property=\"og:type\" content=\"article\" \/>\n<meta property=\"og:title\" content=\"Pack Soin de Cheveux - Vera nature\" \/>\n<meta property=\"og:description\" content=\"Un pack capillaire \u00e0 base de nigelle sp\u00e9cialement con\u00e7u pour traiter l\u2019ecz\u00e9ma et les pellicules tout en nourrissant les cheveux en profondeur. Il associe un shampooing purifiant et une huile de nigelle revitalisante pour des cheveux sains, forts et \u00e9quilibr\u00e9s.\" \/>\n<meta property=\"og:url\" content=\"https:\/\/www.vera-nature.com\/en\/product\/pack-soin-de-cheveux\/\" \/>\n<meta property=\"og:site_name\" content=\"Vera nature\" \/>\n<meta property=\"article:modified_time\" content=\"2026-04-10T16:17:11+00:00\" \/>\n<meta property=\"og:image\" content=\"https:\/\/www.vera-nature.com\/wp-content\/uploads\/2026\/04\/pack-soin-de-cheveux-.webp\" \/>\n\t<meta property=\"og:image:width\" content=\"560\" \/>\n\t<meta property=\"og:image:height\" content=\"570\" \/>\n\t<meta property=\"og:image:type\" content=\"image\/webp\" \/>\n<meta name=\"twitter:card\" content=\"summary_large_image\" \/>\n<meta name=\"twitter:label1\" content=\"Estimated reading time\" \/>\n\t<meta name=\"twitter:data1\" content=\"1 minute\" \/>\n<script type=\"application\/ld+json\" class=\"yoast-schema-graph\">{\"@context\":\"https:\/\/schema.org\",\"@graph\":[{\"@type\":\"WebPage\",\"@id\":\"https:\/\/www.vera-nature.com\/product\/pack-soin-de-cheveux\/\",\"url\":\"https:\/\/www.vera-nature.com\/product\/pack-soin-de-cheveux\/\",\"name\":\"Pack Soin de Cheveux - Vera nature\",\"isPartOf\":{\"@id\":\"https:\/\/www.vera-nature.com\/#website\"},\"primaryImageOfPage\":{\"@id\":\"https:\/\/www.vera-nature.com\/product\/pack-soin-de-cheveux\/#primaryimage\"},\"image\":{\"@id\":\"https:\/\/www.vera-nature.com\/product\/pack-soin-de-cheveux\/#primaryimage\"},\"thumbnailUrl\":\"https:\/\/www.vera-nature.com\/wp-content\/uploads\/2026\/04\/pack-soin-de-cheveux-.webp\",\"datePublished\":\"2026-04-10T16:06:00+00:00\",\"dateModified\":\"2026-04-10T16:17:11+00:00\",\"breadcrumb\":{\"@id\":\"https:\/\/www.vera-nature.com\/product\/pack-soin-de-cheveux\/#breadcrumb\"},\"inLanguage\":\"en-GB\",\"potentialAction\":[{\"@type\":\"ReadAction\",\"target\":[\"https:\/\/www.vera-nature.com\/product\/pack-soin-de-cheveux\/\"]}]},{\"@type\":\"ImageObject\",\"inLanguage\":\"en-GB\",\"@id\":\"https:\/\/www.vera-nature.com\/product\/pack-soin-de-cheveux\/#primaryimage\",\"url\":\"https:\/\/www.vera-nature.com\/wp-content\/uploads\/2026\/04\/pack-soin-de-cheveux-.webp\",\"contentUrl\":\"https:\/\/www.vera-nature.com\/wp-content\/uploads\/2026\/04\/pack-soin-de-cheveux-.webp\",\"width\":560,\"height\":570},{\"@type\":\"BreadcrumbList\",\"@id\":\"https:\/\/www.vera-nature.com\/product\/pack-soin-de-cheveux\/#breadcrumb\",\"itemListElement\":[{\"@type\":\"ListItem\",\"position\":1,\"name\":\"Accueil\",\"item\":\"https:\/\/www.vera-nature.com\/\"},{\"@type\":\"ListItem\",\"position\":2,\"name\":\"Nos produits\",\"item\":\"https:\/\/www.vera-nature.com\/nos-produits\/\"},{\"@type\":\"ListItem\",\"position\":3,\"name\":\"Pack Soin de Cheveux\"}]},{\"@type\":\"WebSite\",\"@id\":\"https:\/\/www.vera-nature.com\/#website\",\"url\":\"https:\/\/www.vera-nature.com\/\",\"name\":\"Vera nature\",\"description\":\"\",\"publisher\":{\"@id\":\"https:\/\/www.vera-nature.com\/#organization\"},\"potentialAction\":[{\"@type\":\"SearchAction\",\"target\":{\"@type\":\"EntryPoint\",\"urlTemplate\":\"https:\/\/www.vera-nature.com\/?s={search_term_string}\"},\"query-input\":{\"@type\":\"PropertyValueSpecification\",\"valueRequired\":true,\"valueName\":\"search_term_string\"}}],\"inLanguage\":\"en-GB\"},{\"@type\":\"Organization\",\"@id\":\"https:\/\/www.vera-nature.com\/#organization\",\"name\":\"Vera nature\",\"url\":\"https:\/\/www.vera-nature.com\/\",\"logo\":{\"@type\":\"ImageObject\",\"inLanguage\":\"en-GB\",\"@id\":\"https:\/\/www.vera-nature.com\/#\/schema\/logo\/image\/\",\"url\":\"https:\/\/www.vera-nature.com\/wp-content\/uploads\/2023\/02\/logo_vernature.png\",\"contentUrl\":\"https:\/\/www.vera-nature.com\/wp-content\/uploads\/2023\/02\/logo_vernature.png\",\"width\":235,\"height\":88,\"caption\":\"Vera nature\"},\"image\":{\"@id\":\"https:\/\/www.vera-nature.com\/#\/schema\/logo\/image\/\"}}]}<\/script>\n<!-- \/ Yoast SEO plugin. -->","yoast_head_json":{"title":"Pack Soin de Cheveux - Vera nature","robots":{"index":"index","follow":"follow","max-snippet":"max-snippet:-1","max-image-preview":"max-image-preview:large","max-video-preview":"max-video-preview:-1"},"canonical":"https:\/\/www.vera-nature.com\/en\/product\/pack-soin-de-cheveux\/","og_locale":"en_GB","og_type":"article","og_title":"Pack Soin de Cheveux - Vera nature","og_description":"Un pack capillaire \u00e0 base de nigelle sp\u00e9cialement con\u00e7u pour traiter l\u2019ecz\u00e9ma et les pellicules tout en nourrissant les cheveux en profondeur. Il associe un shampooing purifiant et une huile de nigelle revitalisante pour des cheveux sains, forts et \u00e9quilibr\u00e9s.","og_url":"https:\/\/www.vera-nature.com\/en\/product\/pack-soin-de-cheveux\/","og_site_name":"Vera nature","article_modified_time":"2026-04-10T16:17:11+00:00","og_image":[{"width":560,"height":570,"url":"https:\/\/www.vera-nature.com\/wp-content\/uploads\/2026\/04\/pack-soin-de-cheveux-.webp","type":"image\/webp"}],"twitter_card":"summary_large_image","twitter_misc":{"Estimated reading time":"1 minute"},"schema":{"@context":"https:\/\/schema.org","@graph":[{"@type":"WebPage","@id":"https:\/\/www.vera-nature.com\/product\/pack-soin-de-cheveux\/","url":"https:\/\/www.vera-nature.com\/product\/pack-soin-de-cheveux\/","name":"Pack Soin de Cheveux - Vera nature","isPartOf":{"@id":"https:\/\/www.vera-nature.com\/#website"},"primaryImageOfPage":{"@id":"https:\/\/www.vera-nature.com\/product\/pack-soin-de-cheveux\/#primaryimage"},"image":{"@id":"https:\/\/www.vera-nature.com\/product\/pack-soin-de-cheveux\/#primaryimage"},"thumbnailUrl":"https:\/\/www.vera-nature.com\/wp-content\/uploads\/2026\/04\/pack-soin-de-cheveux-.webp","datePublished":"2026-04-10T16:06:00+00:00","dateModified":"2026-04-10T16:17:11+00:00","breadcrumb":{"@id":"https:\/\/www.vera-nature.com\/product\/pack-soin-de-cheveux\/#breadcrumb"},"inLanguage":"en-GB","potentialAction":[{"@type":"ReadAction","target":["https:\/\/www.vera-nature.com\/product\/pack-soin-de-cheveux\/"]}]},{"@type":"ImageObject","inLanguage":"en-GB","@id":"https:\/\/www.vera-nature.com\/product\/pack-soin-de-cheveux\/#primaryimage","url":"https:\/\/www.vera-nature.com\/wp-content\/uploads\/2026\/04\/pack-soin-de-cheveux-.webp","contentUrl":"https:\/\/www.vera-nature.com\/wp-content\/uploads\/2026\/04\/pack-soin-de-cheveux-.webp","width":560,"height":570},{"@type":"BreadcrumbList","@id":"https:\/\/www.vera-nature.com\/product\/pack-soin-de-cheveux\/#breadcrumb","itemListElement":[{"@type":"ListItem","position":1,"name":"Accueil","item":"https:\/\/www.vera-nature.com\/"},{"@type":"ListItem","position":2,"name":"Nos produits","item":"https:\/\/www.vera-nature.com\/nos-produits\/"},{"@type":"ListItem","position":3,"name":"Pack Soin de Cheveux"}]},{"@type":"WebSite","@id":"https:\/\/www.vera-nature.com\/#website","url":"https:\/\/www.vera-nature.com\/","name":"Vera nature","description":"","publisher":{"@id":"https:\/\/www.vera-nature.com\/#organization"},"potentialAction":[{"@type":"SearchAction","target":{"@type":"EntryPoint","urlTemplate":"https:\/\/www.vera-nature.com\/?s={search_term_string}"},"query-input":{"@type":"PropertyValueSpecification","valueRequired":true,"valueName":"search_term_string"}}],"inLanguage":"en-GB"},{"@type":"Organization","@id":"https:\/\/www.vera-nature.com\/#organization","name":"Vera nature","url":"https:\/\/www.vera-nature.com\/","logo":{"@type":"ImageObject","inLanguage":"en-GB","@id":"https:\/\/www.vera-nature.com\/#\/schema\/logo\/image\/","url":"https:\/\/www.vera-nature.com\/wp-content\/uploads\/2023\/02\/logo_vernature.png","contentUrl":"https:\/\/www.vera-nature.com\/wp-content\/uploads\/2023\/02\/logo_vernature.png","width":235,"height":88,"caption":"Vera nature"},"image":{"@id":"https:\/\/www.vera-nature.com\/#\/schema\/logo\/image\/"}}]}},"_links":{"self":[{"href":"https:\/\/www.vera-nature.com\/en\/wp-json\/wp\/v2\/product\/3982","targetHints":{"allow":["GET"]}}],"collection":[{"href":"https:\/\/www.vera-nature.com\/en\/wp-json\/wp\/v2\/product"}],"about":[{"href":"https:\/\/www.vera-nature.com\/en\/wp-json\/wp\/v2\/types\/product"}],"wp:featuredmedia":[{"embeddable":true,"href":"https:\/\/www.vera-nature.com\/en\/wp-json\/wp\/v2\/media\/3983"}],"wp:attachment":[{"href":"https:\/\/www.vera-nature.com\/en\/wp-json\/wp\/v2\/media?parent=3982"}],"wp:term":[{"taxonomy":"product_brand","embeddable":true,"href":"https:\/\/www.vera-nature.com\/en\/wp-json\/wp\/v2\/product_brand?post=3982"},{"taxonomy":"product_cat","embeddable":true,"href":"https:\/\/www.vera-nature.com\/en\/wp-json\/wp\/v2\/product_cat?post=3982"},{"taxonomy":"product_tag","embeddable":true,"href":"https:\/\/www.vera-nature.com\/en\/wp-json\/wp\/v2\/product_tag?post=3982"}],"curies":[{"name":"wp","href":"https:\/\/api.w.org\/{rel}","templated":true}]}}