{"id":4020,"date":"2026-04-21T15:08:34","date_gmt":"2026-04-21T13:08:34","guid":{"rendered":"https:\/\/www.vera-nature.com\/?post_type=product&#038;p=4020"},"modified":"2026-04-21T15:08:34","modified_gmt":"2026-04-21T13:08:34","slug":"pack-elixir-de-courge","status":"publish","type":"product","link":"https:\/\/www.vera-nature.com\/en\/product\/pack-elixir-de-courge\/","title":{"rendered":"Pack Elixir de Courge"},"content":{"rendered":"<p>Offrez-vous un moment de nutrition optimale avec notre pack compos\u00e9 d\u2019huile de p\u00e9pins de courge press\u00e9e \u00e0 froid et d\u2019une tartine gourmande aux p\u00e9pins de courge et noix. Cette synergie naturelle favorise la concentration et le bien-\u00eatre mental au quotidien. Sa richesse en zinc et en magn\u00e9sium aide \u00e0 soutenir les fonctions cognitives et \u00e0 r\u00e9duire la fatigue. Un duo sain, savoureux et pratique pour int\u00e9grer des bienfaits essentiels dans votre routine.<\/p>","protected":false},"excerpt":{"rendered":"<p>D\u00e9couvrez notre pack bien-\u00eatre \u00e0 base d\u2019huile de p\u00e9pins de courge press\u00e9e \u00e0 froid, associ\u00e9e \u00e0 une tartine aux p\u00e9pins de courge et noix pour soutenir la concentration au quotidien. Riche en zinc et en magn\u00e9sium, il contribue naturellement \u00e0 l\u2019\u00e9quilibre du corps et de l\u2019esprit.<\/p>","protected":false},"featured_media":4022,"template":"","meta":[],"product_brand":[],"product_cat":[76,78],"product_tag":[],"class_list":{"0":"post-4020","1":"product","2":"type-product","3":"status-publish","4":"has-post-thumbnail","6":"product_cat-packs-promos","7":"product_cat-produits-phares","9":"first","10":"instock","11":"sale","12":"shipping-taxable","13":"purchasable","14":"product-type-simple"},"yoast_head":"<!-- This site is optimized with the Yoast SEO plugin v27.0 - https:\/\/yoast.com\/product\/yoast-seo-wordpress\/ -->\n<title>Pack Elixir de Courge - Vera nature<\/title>\n<meta name=\"robots\" content=\"index, follow, max-snippet:-1, max-image-preview:large, max-video-preview:-1\" \/>\n<link rel=\"canonical\" href=\"https:\/\/www.vera-nature.com\/en\/product\/pack-elixir-de-courge\/\" \/>\n<meta property=\"og:locale\" content=\"en_GB\" \/>\n<meta property=\"og:type\" content=\"article\" \/>\n<meta property=\"og:title\" content=\"Pack Elixir de Courge - Vera nature\" \/>\n<meta property=\"og:description\" content=\"D\u00e9couvrez notre pack bien-\u00eatre \u00e0 base d\u2019huile de p\u00e9pins de courge press\u00e9e \u00e0 froid, associ\u00e9e \u00e0 une tartine aux p\u00e9pins de courge et noix pour soutenir la concentration au quotidien. Riche en zinc et en magn\u00e9sium, il contribue naturellement \u00e0 l\u2019\u00e9quilibre du corps et de l\u2019esprit.\" \/>\n<meta property=\"og:url\" content=\"https:\/\/www.vera-nature.com\/en\/product\/pack-elixir-de-courge\/\" \/>\n<meta property=\"og:site_name\" content=\"Vera nature\" \/>\n<meta property=\"og:image\" content=\"https:\/\/www.vera-nature.com\/wp-content\/uploads\/2026\/04\/pack-de-courge-copie.webp\" \/>\n\t<meta property=\"og:image:width\" content=\"560\" \/>\n\t<meta property=\"og:image:height\" content=\"570\" \/>\n\t<meta property=\"og:image:type\" content=\"image\/webp\" \/>\n<meta name=\"twitter:card\" content=\"summary_large_image\" \/>\n<meta name=\"twitter:label1\" content=\"Estimated reading time\" \/>\n\t<meta name=\"twitter:data1\" content=\"1 minute\" \/>\n<script type=\"application\/ld+json\" class=\"yoast-schema-graph\">{\"@context\":\"https:\/\/schema.org\",\"@graph\":[{\"@type\":\"WebPage\",\"@id\":\"https:\/\/www.vera-nature.com\/product\/pack-elixir-de-courge\/\",\"url\":\"https:\/\/www.vera-nature.com\/product\/pack-elixir-de-courge\/\",\"name\":\"Pack Elixir de Courge - Vera nature\",\"isPartOf\":{\"@id\":\"https:\/\/www.vera-nature.com\/#website\"},\"primaryImageOfPage\":{\"@id\":\"https:\/\/www.vera-nature.com\/product\/pack-elixir-de-courge\/#primaryimage\"},\"image\":{\"@id\":\"https:\/\/www.vera-nature.com\/product\/pack-elixir-de-courge\/#primaryimage\"},\"thumbnailUrl\":\"https:\/\/www.vera-nature.com\/wp-content\/uploads\/2026\/04\/pack-de-courge-copie.webp\",\"datePublished\":\"2026-04-21T13:08:34+00:00\",\"breadcrumb\":{\"@id\":\"https:\/\/www.vera-nature.com\/product\/pack-elixir-de-courge\/#breadcrumb\"},\"inLanguage\":\"en-GB\",\"potentialAction\":[{\"@type\":\"ReadAction\",\"target\":[\"https:\/\/www.vera-nature.com\/product\/pack-elixir-de-courge\/\"]}]},{\"@type\":\"ImageObject\",\"inLanguage\":\"en-GB\",\"@id\":\"https:\/\/www.vera-nature.com\/product\/pack-elixir-de-courge\/#primaryimage\",\"url\":\"https:\/\/www.vera-nature.com\/wp-content\/uploads\/2026\/04\/pack-de-courge-copie.webp\",\"contentUrl\":\"https:\/\/www.vera-nature.com\/wp-content\/uploads\/2026\/04\/pack-de-courge-copie.webp\",\"width\":560,\"height\":570},{\"@type\":\"BreadcrumbList\",\"@id\":\"https:\/\/www.vera-nature.com\/product\/pack-elixir-de-courge\/#breadcrumb\",\"itemListElement\":[{\"@type\":\"ListItem\",\"position\":1,\"name\":\"Accueil\",\"item\":\"https:\/\/www.vera-nature.com\/\"},{\"@type\":\"ListItem\",\"position\":2,\"name\":\"Nos produits\",\"item\":\"https:\/\/www.vera-nature.com\/nos-produits\/\"},{\"@type\":\"ListItem\",\"position\":3,\"name\":\"Pack Elixir de Courge\"}]},{\"@type\":\"WebSite\",\"@id\":\"https:\/\/www.vera-nature.com\/#website\",\"url\":\"https:\/\/www.vera-nature.com\/\",\"name\":\"Vera nature\",\"description\":\"\",\"publisher\":{\"@id\":\"https:\/\/www.vera-nature.com\/#organization\"},\"potentialAction\":[{\"@type\":\"SearchAction\",\"target\":{\"@type\":\"EntryPoint\",\"urlTemplate\":\"https:\/\/www.vera-nature.com\/?s={search_term_string}\"},\"query-input\":{\"@type\":\"PropertyValueSpecification\",\"valueRequired\":true,\"valueName\":\"search_term_string\"}}],\"inLanguage\":\"en-GB\"},{\"@type\":\"Organization\",\"@id\":\"https:\/\/www.vera-nature.com\/#organization\",\"name\":\"Vera nature\",\"url\":\"https:\/\/www.vera-nature.com\/\",\"logo\":{\"@type\":\"ImageObject\",\"inLanguage\":\"en-GB\",\"@id\":\"https:\/\/www.vera-nature.com\/#\/schema\/logo\/image\/\",\"url\":\"https:\/\/www.vera-nature.com\/wp-content\/uploads\/2023\/02\/logo_vernature.png\",\"contentUrl\":\"https:\/\/www.vera-nature.com\/wp-content\/uploads\/2023\/02\/logo_vernature.png\",\"width\":235,\"height\":88,\"caption\":\"Vera nature\"},\"image\":{\"@id\":\"https:\/\/www.vera-nature.com\/#\/schema\/logo\/image\/\"}}]}<\/script>\n<!-- \/ Yoast SEO plugin. -->","yoast_head_json":{"title":"Pack Elixir de Courge - Vera nature","robots":{"index":"index","follow":"follow","max-snippet":"max-snippet:-1","max-image-preview":"max-image-preview:large","max-video-preview":"max-video-preview:-1"},"canonical":"https:\/\/www.vera-nature.com\/en\/product\/pack-elixir-de-courge\/","og_locale":"en_GB","og_type":"article","og_title":"Pack Elixir de Courge - Vera nature","og_description":"D\u00e9couvrez notre pack bien-\u00eatre \u00e0 base d\u2019huile de p\u00e9pins de courge press\u00e9e \u00e0 froid, associ\u00e9e \u00e0 une tartine aux p\u00e9pins de courge et noix pour soutenir la concentration au quotidien. Riche en zinc et en magn\u00e9sium, il contribue naturellement \u00e0 l\u2019\u00e9quilibre du corps et de l\u2019esprit.","og_url":"https:\/\/www.vera-nature.com\/en\/product\/pack-elixir-de-courge\/","og_site_name":"Vera nature","og_image":[{"width":560,"height":570,"url":"https:\/\/www.vera-nature.com\/wp-content\/uploads\/2026\/04\/pack-de-courge-copie.webp","type":"image\/webp"}],"twitter_card":"summary_large_image","twitter_misc":{"Estimated reading time":"1 minute"},"schema":{"@context":"https:\/\/schema.org","@graph":[{"@type":"WebPage","@id":"https:\/\/www.vera-nature.com\/product\/pack-elixir-de-courge\/","url":"https:\/\/www.vera-nature.com\/product\/pack-elixir-de-courge\/","name":"Pack Elixir de Courge - Vera nature","isPartOf":{"@id":"https:\/\/www.vera-nature.com\/#website"},"primaryImageOfPage":{"@id":"https:\/\/www.vera-nature.com\/product\/pack-elixir-de-courge\/#primaryimage"},"image":{"@id":"https:\/\/www.vera-nature.com\/product\/pack-elixir-de-courge\/#primaryimage"},"thumbnailUrl":"https:\/\/www.vera-nature.com\/wp-content\/uploads\/2026\/04\/pack-de-courge-copie.webp","datePublished":"2026-04-21T13:08:34+00:00","breadcrumb":{"@id":"https:\/\/www.vera-nature.com\/product\/pack-elixir-de-courge\/#breadcrumb"},"inLanguage":"en-GB","potentialAction":[{"@type":"ReadAction","target":["https:\/\/www.vera-nature.com\/product\/pack-elixir-de-courge\/"]}]},{"@type":"ImageObject","inLanguage":"en-GB","@id":"https:\/\/www.vera-nature.com\/product\/pack-elixir-de-courge\/#primaryimage","url":"https:\/\/www.vera-nature.com\/wp-content\/uploads\/2026\/04\/pack-de-courge-copie.webp","contentUrl":"https:\/\/www.vera-nature.com\/wp-content\/uploads\/2026\/04\/pack-de-courge-copie.webp","width":560,"height":570},{"@type":"BreadcrumbList","@id":"https:\/\/www.vera-nature.com\/product\/pack-elixir-de-courge\/#breadcrumb","itemListElement":[{"@type":"ListItem","position":1,"name":"Accueil","item":"https:\/\/www.vera-nature.com\/"},{"@type":"ListItem","position":2,"name":"Nos produits","item":"https:\/\/www.vera-nature.com\/nos-produits\/"},{"@type":"ListItem","position":3,"name":"Pack Elixir de Courge"}]},{"@type":"WebSite","@id":"https:\/\/www.vera-nature.com\/#website","url":"https:\/\/www.vera-nature.com\/","name":"Vera nature","description":"","publisher":{"@id":"https:\/\/www.vera-nature.com\/#organization"},"potentialAction":[{"@type":"SearchAction","target":{"@type":"EntryPoint","urlTemplate":"https:\/\/www.vera-nature.com\/?s={search_term_string}"},"query-input":{"@type":"PropertyValueSpecification","valueRequired":true,"valueName":"search_term_string"}}],"inLanguage":"en-GB"},{"@type":"Organization","@id":"https:\/\/www.vera-nature.com\/#organization","name":"Vera nature","url":"https:\/\/www.vera-nature.com\/","logo":{"@type":"ImageObject","inLanguage":"en-GB","@id":"https:\/\/www.vera-nature.com\/#\/schema\/logo\/image\/","url":"https:\/\/www.vera-nature.com\/wp-content\/uploads\/2023\/02\/logo_vernature.png","contentUrl":"https:\/\/www.vera-nature.com\/wp-content\/uploads\/2023\/02\/logo_vernature.png","width":235,"height":88,"caption":"Vera nature"},"image":{"@id":"https:\/\/www.vera-nature.com\/#\/schema\/logo\/image\/"}}]}},"_links":{"self":[{"href":"https:\/\/www.vera-nature.com\/en\/wp-json\/wp\/v2\/product\/4020","targetHints":{"allow":["GET"]}}],"collection":[{"href":"https:\/\/www.vera-nature.com\/en\/wp-json\/wp\/v2\/product"}],"about":[{"href":"https:\/\/www.vera-nature.com\/en\/wp-json\/wp\/v2\/types\/product"}],"wp:featuredmedia":[{"embeddable":true,"href":"https:\/\/www.vera-nature.com\/en\/wp-json\/wp\/v2\/media\/4022"}],"wp:attachment":[{"href":"https:\/\/www.vera-nature.com\/en\/wp-json\/wp\/v2\/media?parent=4020"}],"wp:term":[{"taxonomy":"product_brand","embeddable":true,"href":"https:\/\/www.vera-nature.com\/en\/wp-json\/wp\/v2\/product_brand?post=4020"},{"taxonomy":"product_cat","embeddable":true,"href":"https:\/\/www.vera-nature.com\/en\/wp-json\/wp\/v2\/product_cat?post=4020"},{"taxonomy":"product_tag","embeddable":true,"href":"https:\/\/www.vera-nature.com\/en\/wp-json\/wp\/v2\/product_tag?post=4020"}],"curies":[{"name":"wp","href":"https:\/\/api.w.org\/{rel}","templated":true}]}}