{"id":4071,"date":"2026-05-04T15:45:52","date_gmt":"2026-05-04T13:45:52","guid":{"rendered":"https:\/\/www.vera-nature.com\/?post_type=product&#038;p=4071"},"modified":"2026-05-04T15:46:09","modified_gmt":"2026-05-04T13:46:09","slug":"huile-de-fenugrec","status":"publish","type":"product","link":"https:\/\/www.vera-nature.com\/en\/product\/huile-de-fenugrec\/","title":{"rendered":"Huile de Fenugrec"},"content":{"rendered":"<p>L\u2019huile de fenugrec est une huile naturelle riche en nutriments, reconnue pour ses bienfaits aussi bien pour la peau, les cheveux que le bien-\u00eatre g\u00e9n\u00e9ral. Elle aide \u00e0 stimuler l\u2019app\u00e9tit, favoriser la digestion et tonifier le corps tout en apportant force et vitalit\u00e9.<\/p>","protected":false},"excerpt":{"rendered":"<section class=\"text-token-text-primary w-full focus:outline-none [--shadow-height:45px] has-data-writing-block:pointer-events-none has-data-writing-block:-mt-(--shadow-height) has-data-writing-block:pt-(--shadow-height) [&amp;:has([data-writing-block])&gt;*]:pointer-events-auto [content-visibility:auto] supports-[content-visibility:auto]:[contain-intrinsic-size:auto_100lvh] R6Vx5W_threadScrollVars scroll-mb-[calc(var(--scroll-root-safe-area-inset-bottom,0px)+var(--thread-response-height))] scroll-mt-[calc(var(--header-height)+min(200px,max(70px,20svh)))]\" dir=\"auto\" data-turn-id=\"request-WEB:03a9d27a-1f56-4a39-84d2-3827774bcef4-3\" data-testid=\"conversation-turn-8\" data-scroll-anchor=\"false\" data-turn=\"assistant\">\n<div class=\"text-base my-auto mx-auto pb-10 [--thread-content-margin:var(--thread-content-margin-xs,calc(var(--spacing)*4))] @w-sm\/main:[--thread-content-margin:var(--thread-content-margin-sm,calc(var(--spacing)*6))] @w-lg\/main:[--thread-content-margin:var(--thread-content-margin-lg,calc(var(--spacing)*16))] px-(--thread-content-margin)\">\n<div class=\"[--thread-content-max-width:40rem] @w-lg\/main:[--thread-content-max-width:48rem] mx-auto max-w-(--thread-content-max-width) flex-1 group\/turn-messages focus-visible:outline-hidden relative flex w-full min-w-0 flex-col agent-turn\">\n<div class=\"flex max-w-full flex-col gap-4 grow\">\n<div class=\"min-h-8 text-message relative flex w-full flex-col items-end gap-2 text-start break-words whitespace-normal outline-none keyboard-focused:focus-ring [.text-message+&amp;]:mt-1\" dir=\"auto\" tabindex=\"0\" data-message-author-role=\"assistant\" data-message-id=\"bce792df-72b3-4d1a-8d71-f5f634274f69\" data-message-model-slug=\"gpt-5-3\" data-turn-start-message=\"true\">\n<div class=\"flex w-full flex-col gap-1 empty:hidden\">\n<div class=\"markdown prose dark:prose-invert w-full wrap-break-word light markdown-new-styling\">\n<p data-start=\"396\" data-end=\"958\" data-is-last-node=\"\" data-is-only-node=\"\">L\u2019huile de fenugrec est une huile polyvalente aux propri\u00e9t\u00e9s nourrissantes et revitalisantes, utilis\u00e9e depuis longtemps pour ses nombreux bienfaits. Elle contribue \u00e0 renforcer les cheveux et \u00e0 stimuler leur croissance, tout en nourrissant la peau et en am\u00e9liorant son \u00e9lasticit\u00e9. Elle est \u00e9galement appr\u00e9ci\u00e9e pour ses effets sur le bien-\u00eatre g\u00e9n\u00e9ral, notamment pour stimuler l\u2019app\u00e9tit et soutenir la digestion. Gr\u00e2ce \u00e0 sa richesse en vitamines et en actifs naturels, elle aide \u00e0 redonner \u00e9nergie, \u00e9quilibre et vitalit\u00e9 au quotidien.<\/p>\n<\/div>\n<\/div>\n<\/div>\n<\/div>\n<div class=\"z-0 flex min-h-[46px] justify-start\"><\/div>\n<div class=\"mt-3 w-full empty:hidden\">\n<div class=\"text-center\"><\/div>\n<\/div>\n<\/div>\n<\/div>\n<\/section>\n<div class=\"pointer-events-none -mt-px h-px translate-y-[calc(var(--scroll-root-safe-area-inset-bottom)-14*var(--spacing))]\" aria-hidden=\"true\"><\/div>\n","protected":false},"featured_media":4073,"template":"","meta":[],"product_brand":[],"product_cat":[15,57],"product_tag":[],"class_list":{"0":"post-4071","1":"product","2":"type-product","3":"status-publish","4":"has-post-thumbnail","6":"product_cat-uncategorized","7":"product_cat-huiles-kounouz","9":"first","10":"instock","11":"shipping-taxable","12":"purchasable","13":"product-type-simple"},"yoast_head":"<!-- This site is optimized with the Yoast SEO plugin v27.0 - https:\/\/yoast.com\/product\/yoast-seo-wordpress\/ -->\n<title>Huile de Fenugrec - Vera nature<\/title>\n<meta name=\"robots\" content=\"index, follow, max-snippet:-1, max-image-preview:large, max-video-preview:-1\" \/>\n<link rel=\"canonical\" href=\"https:\/\/www.vera-nature.com\/en\/product\/huile-de-fenugrec\/\" \/>\n<meta property=\"og:locale\" content=\"en_GB\" \/>\n<meta property=\"og:type\" content=\"article\" \/>\n<meta property=\"og:title\" content=\"Huile de Fenugrec - Vera nature\" \/>\n<meta property=\"og:description\" content=\"L\u2019huile de fenugrec est une huile polyvalente aux propri\u00e9t\u00e9s nourrissantes et revitalisantes, utilis\u00e9e depuis longtemps pour ses nombreux bienfaits. Elle contribue \u00e0 renforcer les cheveux et \u00e0 stimuler leur croissance, tout en nourrissant la peau et en am\u00e9liorant son \u00e9lasticit\u00e9. Elle est \u00e9galement appr\u00e9ci\u00e9e pour ses effets sur le bien-\u00eatre g\u00e9n\u00e9ral, notamment pour stimuler l\u2019app\u00e9tit et soutenir la digestion. Gr\u00e2ce \u00e0 sa richesse en vitamines et en actifs naturels, elle aide \u00e0 redonner \u00e9nergie, \u00e9quilibre et vitalit\u00e9 au quotidien.\" \/>\n<meta property=\"og:url\" content=\"https:\/\/www.vera-nature.com\/en\/product\/huile-de-fenugrec\/\" \/>\n<meta property=\"og:site_name\" content=\"Vera nature\" \/>\n<meta property=\"article:modified_time\" content=\"2026-05-04T13:46:09+00:00\" \/>\n<meta property=\"og:image\" content=\"https:\/\/www.vera-nature.com\/wp-content\/uploads\/2026\/05\/huile-de-fenugrec-opie.webp\" \/>\n\t<meta property=\"og:image:width\" content=\"560\" \/>\n\t<meta property=\"og:image:height\" content=\"570\" \/>\n\t<meta property=\"og:image:type\" content=\"image\/webp\" \/>\n<meta name=\"twitter:card\" content=\"summary_large_image\" \/>\n<meta name=\"twitter:label1\" content=\"Estimated reading time\" \/>\n\t<meta name=\"twitter:data1\" content=\"1 minute\" \/>\n<script type=\"application\/ld+json\" class=\"yoast-schema-graph\">{\"@context\":\"https:\/\/schema.org\",\"@graph\":[{\"@type\":\"WebPage\",\"@id\":\"https:\/\/www.vera-nature.com\/product\/huile-de-fenugrec\/\",\"url\":\"https:\/\/www.vera-nature.com\/product\/huile-de-fenugrec\/\",\"name\":\"Huile de Fenugrec - Vera nature\",\"isPartOf\":{\"@id\":\"https:\/\/www.vera-nature.com\/#website\"},\"primaryImageOfPage\":{\"@id\":\"https:\/\/www.vera-nature.com\/product\/huile-de-fenugrec\/#primaryimage\"},\"image\":{\"@id\":\"https:\/\/www.vera-nature.com\/product\/huile-de-fenugrec\/#primaryimage\"},\"thumbnailUrl\":\"https:\/\/www.vera-nature.com\/wp-content\/uploads\/2026\/05\/huile-de-fenugrec-opie.webp\",\"datePublished\":\"2026-05-04T13:45:52+00:00\",\"dateModified\":\"2026-05-04T13:46:09+00:00\",\"breadcrumb\":{\"@id\":\"https:\/\/www.vera-nature.com\/product\/huile-de-fenugrec\/#breadcrumb\"},\"inLanguage\":\"en-GB\",\"potentialAction\":[{\"@type\":\"ReadAction\",\"target\":[\"https:\/\/www.vera-nature.com\/product\/huile-de-fenugrec\/\"]}]},{\"@type\":\"ImageObject\",\"inLanguage\":\"en-GB\",\"@id\":\"https:\/\/www.vera-nature.com\/product\/huile-de-fenugrec\/#primaryimage\",\"url\":\"https:\/\/www.vera-nature.com\/wp-content\/uploads\/2026\/05\/huile-de-fenugrec-opie.webp\",\"contentUrl\":\"https:\/\/www.vera-nature.com\/wp-content\/uploads\/2026\/05\/huile-de-fenugrec-opie.webp\",\"width\":560,\"height\":570},{\"@type\":\"BreadcrumbList\",\"@id\":\"https:\/\/www.vera-nature.com\/product\/huile-de-fenugrec\/#breadcrumb\",\"itemListElement\":[{\"@type\":\"ListItem\",\"position\":1,\"name\":\"Accueil\",\"item\":\"https:\/\/www.vera-nature.com\/\"},{\"@type\":\"ListItem\",\"position\":2,\"name\":\"Nos produits\",\"item\":\"https:\/\/www.vera-nature.com\/nos-produits\/\"},{\"@type\":\"ListItem\",\"position\":3,\"name\":\"Huile de Fenugrec\"}]},{\"@type\":\"WebSite\",\"@id\":\"https:\/\/www.vera-nature.com\/#website\",\"url\":\"https:\/\/www.vera-nature.com\/\",\"name\":\"Vera nature\",\"description\":\"\",\"publisher\":{\"@id\":\"https:\/\/www.vera-nature.com\/#organization\"},\"potentialAction\":[{\"@type\":\"SearchAction\",\"target\":{\"@type\":\"EntryPoint\",\"urlTemplate\":\"https:\/\/www.vera-nature.com\/?s={search_term_string}\"},\"query-input\":{\"@type\":\"PropertyValueSpecification\",\"valueRequired\":true,\"valueName\":\"search_term_string\"}}],\"inLanguage\":\"en-GB\"},{\"@type\":\"Organization\",\"@id\":\"https:\/\/www.vera-nature.com\/#organization\",\"name\":\"Vera nature\",\"url\":\"https:\/\/www.vera-nature.com\/\",\"logo\":{\"@type\":\"ImageObject\",\"inLanguage\":\"en-GB\",\"@id\":\"https:\/\/www.vera-nature.com\/#\/schema\/logo\/image\/\",\"url\":\"https:\/\/www.vera-nature.com\/wp-content\/uploads\/2023\/02\/logo_vernature.png\",\"contentUrl\":\"https:\/\/www.vera-nature.com\/wp-content\/uploads\/2023\/02\/logo_vernature.png\",\"width\":235,\"height\":88,\"caption\":\"Vera nature\"},\"image\":{\"@id\":\"https:\/\/www.vera-nature.com\/#\/schema\/logo\/image\/\"}}]}<\/script>\n<!-- \/ Yoast SEO plugin. -->","yoast_head_json":{"title":"Huile de Fenugrec - Vera nature","robots":{"index":"index","follow":"follow","max-snippet":"max-snippet:-1","max-image-preview":"max-image-preview:large","max-video-preview":"max-video-preview:-1"},"canonical":"https:\/\/www.vera-nature.com\/en\/product\/huile-de-fenugrec\/","og_locale":"en_GB","og_type":"article","og_title":"Huile de Fenugrec - Vera nature","og_description":"L\u2019huile de fenugrec est une huile polyvalente aux propri\u00e9t\u00e9s nourrissantes et revitalisantes, utilis\u00e9e depuis longtemps pour ses nombreux bienfaits. Elle contribue \u00e0 renforcer les cheveux et \u00e0 stimuler leur croissance, tout en nourrissant la peau et en am\u00e9liorant son \u00e9lasticit\u00e9. Elle est \u00e9galement appr\u00e9ci\u00e9e pour ses effets sur le bien-\u00eatre g\u00e9n\u00e9ral, notamment pour stimuler l\u2019app\u00e9tit et soutenir la digestion. Gr\u00e2ce \u00e0 sa richesse en vitamines et en actifs naturels, elle aide \u00e0 redonner \u00e9nergie, \u00e9quilibre et vitalit\u00e9 au quotidien.","og_url":"https:\/\/www.vera-nature.com\/en\/product\/huile-de-fenugrec\/","og_site_name":"Vera nature","article_modified_time":"2026-05-04T13:46:09+00:00","og_image":[{"width":560,"height":570,"url":"https:\/\/www.vera-nature.com\/wp-content\/uploads\/2026\/05\/huile-de-fenugrec-opie.webp","type":"image\/webp"}],"twitter_card":"summary_large_image","twitter_misc":{"Estimated reading time":"1 minute"},"schema":{"@context":"https:\/\/schema.org","@graph":[{"@type":"WebPage","@id":"https:\/\/www.vera-nature.com\/product\/huile-de-fenugrec\/","url":"https:\/\/www.vera-nature.com\/product\/huile-de-fenugrec\/","name":"Huile de Fenugrec - Vera nature","isPartOf":{"@id":"https:\/\/www.vera-nature.com\/#website"},"primaryImageOfPage":{"@id":"https:\/\/www.vera-nature.com\/product\/huile-de-fenugrec\/#primaryimage"},"image":{"@id":"https:\/\/www.vera-nature.com\/product\/huile-de-fenugrec\/#primaryimage"},"thumbnailUrl":"https:\/\/www.vera-nature.com\/wp-content\/uploads\/2026\/05\/huile-de-fenugrec-opie.webp","datePublished":"2026-05-04T13:45:52+00:00","dateModified":"2026-05-04T13:46:09+00:00","breadcrumb":{"@id":"https:\/\/www.vera-nature.com\/product\/huile-de-fenugrec\/#breadcrumb"},"inLanguage":"en-GB","potentialAction":[{"@type":"ReadAction","target":["https:\/\/www.vera-nature.com\/product\/huile-de-fenugrec\/"]}]},{"@type":"ImageObject","inLanguage":"en-GB","@id":"https:\/\/www.vera-nature.com\/product\/huile-de-fenugrec\/#primaryimage","url":"https:\/\/www.vera-nature.com\/wp-content\/uploads\/2026\/05\/huile-de-fenugrec-opie.webp","contentUrl":"https:\/\/www.vera-nature.com\/wp-content\/uploads\/2026\/05\/huile-de-fenugrec-opie.webp","width":560,"height":570},{"@type":"BreadcrumbList","@id":"https:\/\/www.vera-nature.com\/product\/huile-de-fenugrec\/#breadcrumb","itemListElement":[{"@type":"ListItem","position":1,"name":"Accueil","item":"https:\/\/www.vera-nature.com\/"},{"@type":"ListItem","position":2,"name":"Nos produits","item":"https:\/\/www.vera-nature.com\/nos-produits\/"},{"@type":"ListItem","position":3,"name":"Huile de Fenugrec"}]},{"@type":"WebSite","@id":"https:\/\/www.vera-nature.com\/#website","url":"https:\/\/www.vera-nature.com\/","name":"Vera nature","description":"","publisher":{"@id":"https:\/\/www.vera-nature.com\/#organization"},"potentialAction":[{"@type":"SearchAction","target":{"@type":"EntryPoint","urlTemplate":"https:\/\/www.vera-nature.com\/?s={search_term_string}"},"query-input":{"@type":"PropertyValueSpecification","valueRequired":true,"valueName":"search_term_string"}}],"inLanguage":"en-GB"},{"@type":"Organization","@id":"https:\/\/www.vera-nature.com\/#organization","name":"Vera nature","url":"https:\/\/www.vera-nature.com\/","logo":{"@type":"ImageObject","inLanguage":"en-GB","@id":"https:\/\/www.vera-nature.com\/#\/schema\/logo\/image\/","url":"https:\/\/www.vera-nature.com\/wp-content\/uploads\/2023\/02\/logo_vernature.png","contentUrl":"https:\/\/www.vera-nature.com\/wp-content\/uploads\/2023\/02\/logo_vernature.png","width":235,"height":88,"caption":"Vera nature"},"image":{"@id":"https:\/\/www.vera-nature.com\/#\/schema\/logo\/image\/"}}]}},"_links":{"self":[{"href":"https:\/\/www.vera-nature.com\/en\/wp-json\/wp\/v2\/product\/4071","targetHints":{"allow":["GET"]}}],"collection":[{"href":"https:\/\/www.vera-nature.com\/en\/wp-json\/wp\/v2\/product"}],"about":[{"href":"https:\/\/www.vera-nature.com\/en\/wp-json\/wp\/v2\/types\/product"}],"wp:featuredmedia":[{"embeddable":true,"href":"https:\/\/www.vera-nature.com\/en\/wp-json\/wp\/v2\/media\/4073"}],"wp:attachment":[{"href":"https:\/\/www.vera-nature.com\/en\/wp-json\/wp\/v2\/media?parent=4071"}],"wp:term":[{"taxonomy":"product_brand","embeddable":true,"href":"https:\/\/www.vera-nature.com\/en\/wp-json\/wp\/v2\/product_brand?post=4071"},{"taxonomy":"product_cat","embeddable":true,"href":"https:\/\/www.vera-nature.com\/en\/wp-json\/wp\/v2\/product_cat?post=4071"},{"taxonomy":"product_tag","embeddable":true,"href":"https:\/\/www.vera-nature.com\/en\/wp-json\/wp\/v2\/product_tag?post=4071"}],"curies":[{"name":"wp","href":"https:\/\/api.w.org\/{rel}","templated":true}]}}