{"id":4074,"date":"2026-05-04T15:56:38","date_gmt":"2026-05-04T13:56:38","guid":{"rendered":"https:\/\/www.vera-nature.com\/?post_type=product&#038;p=4074"},"modified":"2026-05-04T15:56:38","modified_gmt":"2026-05-04T13:56:38","slug":"huile-dail","status":"publish","type":"product","link":"https:\/\/www.vera-nature.com\/en\/product\/huile-dail\/","title":{"rendered":"Huile d\u2019Ail"},"content":{"rendered":"<p>L\u2019huile d\u2019ail est reconnue pour ses propri\u00e9t\u00e9s purifiantes et fortifiantes, id\u00e9ales pour renforcer l\u2019organisme et soutenir le syst\u00e8me immunitaire. Elle aide \u00e9galement \u00e0 stimuler la circulation sanguine et \u00e0 apporter vitalit\u00e9 et \u00e9nergie au quotidien.<\/p>","protected":false},"excerpt":{"rendered":"<p>L\u2019huile d\u2019ail est une huile naturelle aux multiples bienfaits, utilis\u00e9e pour ses vertus protectrices et revitalisantes. Riche en compos\u00e9s actifs, elle contribue \u00e0 renforcer les d\u00e9fenses naturelles et \u00e0 favoriser une bonne circulation sanguine. Elle est aussi appr\u00e9ci\u00e9e pour ses propri\u00e9t\u00e9s purifiantes, aidant \u00e0 assainir la peau et \u00e0 soutenir le bien-\u00eatre g\u00e9n\u00e9ral. Utilis\u00e9e r\u00e9guli\u00e8rement, elle offre un soutien naturel pour maintenir l\u2019\u00e9quilibre, la vitalit\u00e9 et la sant\u00e9 globale.<\/p>","protected":false},"featured_media":4075,"template":"","meta":[],"product_brand":[],"product_cat":[57],"product_tag":[],"class_list":{"0":"post-4074","1":"product","2":"type-product","3":"status-publish","4":"has-post-thumbnail","6":"product_cat-huiles-kounouz","8":"first","9":"instock","10":"shipping-taxable","11":"purchasable","12":"product-type-simple"},"yoast_head":"<!-- This site is optimized with the Yoast SEO plugin v27.0 - https:\/\/yoast.com\/product\/yoast-seo-wordpress\/ -->\n<title>Huile d\u2019Ail - Vera nature<\/title>\n<meta name=\"robots\" content=\"index, follow, max-snippet:-1, max-image-preview:large, max-video-preview:-1\" \/>\n<link rel=\"canonical\" href=\"https:\/\/www.vera-nature.com\/en\/product\/huile-dail\/\" \/>\n<meta property=\"og:locale\" content=\"en_GB\" \/>\n<meta property=\"og:type\" content=\"article\" \/>\n<meta property=\"og:title\" content=\"Huile d\u2019Ail - Vera nature\" \/>\n<meta property=\"og:description\" content=\"L\u2019huile d\u2019ail est une huile naturelle aux multiples bienfaits, utilis\u00e9e pour ses vertus protectrices et revitalisantes. Riche en compos\u00e9s actifs, elle contribue \u00e0 renforcer les d\u00e9fenses naturelles et \u00e0 favoriser une bonne circulation sanguine. Elle est aussi appr\u00e9ci\u00e9e pour ses propri\u00e9t\u00e9s purifiantes, aidant \u00e0 assainir la peau et \u00e0 soutenir le bien-\u00eatre g\u00e9n\u00e9ral. Utilis\u00e9e r\u00e9guli\u00e8rement, elle offre un soutien naturel pour maintenir l\u2019\u00e9quilibre, la vitalit\u00e9 et la sant\u00e9 globale.\" \/>\n<meta property=\"og:url\" content=\"https:\/\/www.vera-nature.com\/en\/product\/huile-dail\/\" \/>\n<meta property=\"og:site_name\" content=\"Vera nature\" \/>\n<meta property=\"og:image\" content=\"https:\/\/www.vera-nature.com\/wp-content\/uploads\/2026\/05\/huile-dail-copie.webp\" \/>\n\t<meta property=\"og:image:width\" content=\"560\" \/>\n\t<meta property=\"og:image:height\" content=\"570\" \/>\n\t<meta property=\"og:image:type\" content=\"image\/webp\" \/>\n<meta name=\"twitter:card\" content=\"summary_large_image\" \/>\n<meta name=\"twitter:label1\" content=\"Estimated reading time\" \/>\n\t<meta name=\"twitter:data1\" content=\"1 minute\" \/>\n<script type=\"application\/ld+json\" class=\"yoast-schema-graph\">{\"@context\":\"https:\/\/schema.org\",\"@graph\":[{\"@type\":\"WebPage\",\"@id\":\"https:\/\/www.vera-nature.com\/product\/huile-dail\/\",\"url\":\"https:\/\/www.vera-nature.com\/product\/huile-dail\/\",\"name\":\"Huile d\u2019Ail - Vera nature\",\"isPartOf\":{\"@id\":\"https:\/\/www.vera-nature.com\/#website\"},\"primaryImageOfPage\":{\"@id\":\"https:\/\/www.vera-nature.com\/product\/huile-dail\/#primaryimage\"},\"image\":{\"@id\":\"https:\/\/www.vera-nature.com\/product\/huile-dail\/#primaryimage\"},\"thumbnailUrl\":\"https:\/\/www.vera-nature.com\/wp-content\/uploads\/2026\/05\/huile-dail-copie.webp\",\"datePublished\":\"2026-05-04T13:56:38+00:00\",\"breadcrumb\":{\"@id\":\"https:\/\/www.vera-nature.com\/product\/huile-dail\/#breadcrumb\"},\"inLanguage\":\"en-GB\",\"potentialAction\":[{\"@type\":\"ReadAction\",\"target\":[\"https:\/\/www.vera-nature.com\/product\/huile-dail\/\"]}]},{\"@type\":\"ImageObject\",\"inLanguage\":\"en-GB\",\"@id\":\"https:\/\/www.vera-nature.com\/product\/huile-dail\/#primaryimage\",\"url\":\"https:\/\/www.vera-nature.com\/wp-content\/uploads\/2026\/05\/huile-dail-copie.webp\",\"contentUrl\":\"https:\/\/www.vera-nature.com\/wp-content\/uploads\/2026\/05\/huile-dail-copie.webp\",\"width\":560,\"height\":570},{\"@type\":\"BreadcrumbList\",\"@id\":\"https:\/\/www.vera-nature.com\/product\/huile-dail\/#breadcrumb\",\"itemListElement\":[{\"@type\":\"ListItem\",\"position\":1,\"name\":\"Accueil\",\"item\":\"https:\/\/www.vera-nature.com\/\"},{\"@type\":\"ListItem\",\"position\":2,\"name\":\"Nos produits\",\"item\":\"https:\/\/www.vera-nature.com\/nos-produits\/\"},{\"@type\":\"ListItem\",\"position\":3,\"name\":\"Huile d\u2019Ail\"}]},{\"@type\":\"WebSite\",\"@id\":\"https:\/\/www.vera-nature.com\/#website\",\"url\":\"https:\/\/www.vera-nature.com\/\",\"name\":\"Vera nature\",\"description\":\"\",\"publisher\":{\"@id\":\"https:\/\/www.vera-nature.com\/#organization\"},\"potentialAction\":[{\"@type\":\"SearchAction\",\"target\":{\"@type\":\"EntryPoint\",\"urlTemplate\":\"https:\/\/www.vera-nature.com\/?s={search_term_string}\"},\"query-input\":{\"@type\":\"PropertyValueSpecification\",\"valueRequired\":true,\"valueName\":\"search_term_string\"}}],\"inLanguage\":\"en-GB\"},{\"@type\":\"Organization\",\"@id\":\"https:\/\/www.vera-nature.com\/#organization\",\"name\":\"Vera nature\",\"url\":\"https:\/\/www.vera-nature.com\/\",\"logo\":{\"@type\":\"ImageObject\",\"inLanguage\":\"en-GB\",\"@id\":\"https:\/\/www.vera-nature.com\/#\/schema\/logo\/image\/\",\"url\":\"https:\/\/www.vera-nature.com\/wp-content\/uploads\/2023\/02\/logo_vernature.png\",\"contentUrl\":\"https:\/\/www.vera-nature.com\/wp-content\/uploads\/2023\/02\/logo_vernature.png\",\"width\":235,\"height\":88,\"caption\":\"Vera nature\"},\"image\":{\"@id\":\"https:\/\/www.vera-nature.com\/#\/schema\/logo\/image\/\"}}]}<\/script>\n<!-- \/ Yoast SEO plugin. -->","yoast_head_json":{"title":"Huile d\u2019Ail - Vera nature","robots":{"index":"index","follow":"follow","max-snippet":"max-snippet:-1","max-image-preview":"max-image-preview:large","max-video-preview":"max-video-preview:-1"},"canonical":"https:\/\/www.vera-nature.com\/en\/product\/huile-dail\/","og_locale":"en_GB","og_type":"article","og_title":"Huile d\u2019Ail - Vera nature","og_description":"L\u2019huile d\u2019ail est une huile naturelle aux multiples bienfaits, utilis\u00e9e pour ses vertus protectrices et revitalisantes. Riche en compos\u00e9s actifs, elle contribue \u00e0 renforcer les d\u00e9fenses naturelles et \u00e0 favoriser une bonne circulation sanguine. Elle est aussi appr\u00e9ci\u00e9e pour ses propri\u00e9t\u00e9s purifiantes, aidant \u00e0 assainir la peau et \u00e0 soutenir le bien-\u00eatre g\u00e9n\u00e9ral. Utilis\u00e9e r\u00e9guli\u00e8rement, elle offre un soutien naturel pour maintenir l\u2019\u00e9quilibre, la vitalit\u00e9 et la sant\u00e9 globale.","og_url":"https:\/\/www.vera-nature.com\/en\/product\/huile-dail\/","og_site_name":"Vera nature","og_image":[{"width":560,"height":570,"url":"https:\/\/www.vera-nature.com\/wp-content\/uploads\/2026\/05\/huile-dail-copie.webp","type":"image\/webp"}],"twitter_card":"summary_large_image","twitter_misc":{"Estimated reading time":"1 minute"},"schema":{"@context":"https:\/\/schema.org","@graph":[{"@type":"WebPage","@id":"https:\/\/www.vera-nature.com\/product\/huile-dail\/","url":"https:\/\/www.vera-nature.com\/product\/huile-dail\/","name":"Huile d\u2019Ail - Vera nature","isPartOf":{"@id":"https:\/\/www.vera-nature.com\/#website"},"primaryImageOfPage":{"@id":"https:\/\/www.vera-nature.com\/product\/huile-dail\/#primaryimage"},"image":{"@id":"https:\/\/www.vera-nature.com\/product\/huile-dail\/#primaryimage"},"thumbnailUrl":"https:\/\/www.vera-nature.com\/wp-content\/uploads\/2026\/05\/huile-dail-copie.webp","datePublished":"2026-05-04T13:56:38+00:00","breadcrumb":{"@id":"https:\/\/www.vera-nature.com\/product\/huile-dail\/#breadcrumb"},"inLanguage":"en-GB","potentialAction":[{"@type":"ReadAction","target":["https:\/\/www.vera-nature.com\/product\/huile-dail\/"]}]},{"@type":"ImageObject","inLanguage":"en-GB","@id":"https:\/\/www.vera-nature.com\/product\/huile-dail\/#primaryimage","url":"https:\/\/www.vera-nature.com\/wp-content\/uploads\/2026\/05\/huile-dail-copie.webp","contentUrl":"https:\/\/www.vera-nature.com\/wp-content\/uploads\/2026\/05\/huile-dail-copie.webp","width":560,"height":570},{"@type":"BreadcrumbList","@id":"https:\/\/www.vera-nature.com\/product\/huile-dail\/#breadcrumb","itemListElement":[{"@type":"ListItem","position":1,"name":"Accueil","item":"https:\/\/www.vera-nature.com\/"},{"@type":"ListItem","position":2,"name":"Nos produits","item":"https:\/\/www.vera-nature.com\/nos-produits\/"},{"@type":"ListItem","position":3,"name":"Huile d\u2019Ail"}]},{"@type":"WebSite","@id":"https:\/\/www.vera-nature.com\/#website","url":"https:\/\/www.vera-nature.com\/","name":"Vera nature","description":"","publisher":{"@id":"https:\/\/www.vera-nature.com\/#organization"},"potentialAction":[{"@type":"SearchAction","target":{"@type":"EntryPoint","urlTemplate":"https:\/\/www.vera-nature.com\/?s={search_term_string}"},"query-input":{"@type":"PropertyValueSpecification","valueRequired":true,"valueName":"search_term_string"}}],"inLanguage":"en-GB"},{"@type":"Organization","@id":"https:\/\/www.vera-nature.com\/#organization","name":"Vera nature","url":"https:\/\/www.vera-nature.com\/","logo":{"@type":"ImageObject","inLanguage":"en-GB","@id":"https:\/\/www.vera-nature.com\/#\/schema\/logo\/image\/","url":"https:\/\/www.vera-nature.com\/wp-content\/uploads\/2023\/02\/logo_vernature.png","contentUrl":"https:\/\/www.vera-nature.com\/wp-content\/uploads\/2023\/02\/logo_vernature.png","width":235,"height":88,"caption":"Vera nature"},"image":{"@id":"https:\/\/www.vera-nature.com\/#\/schema\/logo\/image\/"}}]}},"_links":{"self":[{"href":"https:\/\/www.vera-nature.com\/en\/wp-json\/wp\/v2\/product\/4074","targetHints":{"allow":["GET"]}}],"collection":[{"href":"https:\/\/www.vera-nature.com\/en\/wp-json\/wp\/v2\/product"}],"about":[{"href":"https:\/\/www.vera-nature.com\/en\/wp-json\/wp\/v2\/types\/product"}],"wp:featuredmedia":[{"embeddable":true,"href":"https:\/\/www.vera-nature.com\/en\/wp-json\/wp\/v2\/media\/4075"}],"wp:attachment":[{"href":"https:\/\/www.vera-nature.com\/en\/wp-json\/wp\/v2\/media?parent=4074"}],"wp:term":[{"taxonomy":"product_brand","embeddable":true,"href":"https:\/\/www.vera-nature.com\/en\/wp-json\/wp\/v2\/product_brand?post=4074"},{"taxonomy":"product_cat","embeddable":true,"href":"https:\/\/www.vera-nature.com\/en\/wp-json\/wp\/v2\/product_cat?post=4074"},{"taxonomy":"product_tag","embeddable":true,"href":"https:\/\/www.vera-nature.com\/en\/wp-json\/wp\/v2\/product_tag?post=4074"}],"curies":[{"name":"wp","href":"https:\/\/api.w.org\/{rel}","templated":true}]}}